{"id":15,"date":"2013-11-27T18:07:02","date_gmt":"2013-11-27T21:07:02","guid":{"rendered":"http:\/\/eventos.cmm.uchile.cl\/conca60\/?page_id=15"},"modified":"2015-01-20T05:00:39","modified_gmt":"2015-01-20T08:00:39","slug":"speakers","status":"publish","type":"page","link":"https:\/\/eventos.cmm.uchile.cl\/conca60\/speakers\/","title":{"rendered":"Speakers"},"content":{"rendered":"<p>By clicking the name of the speaker you will see the presentation concerned.<\/p>\n<table border=\"0\" width=\"518\" cellspacing=\"0\" cellpadding=\"0\">\n<tbody>\n<tr>\n<td width=\"132\" height=\"15\">Name<\/td>\n<td width=\"321\">Institution<\/td>\n<td width=\"65\">Country<\/td>\n<\/tr>\n<tr>\n<td height=\"15\"><a href=\"http:\/\/www.bcamath.org\/documentos_public\/archivos\/actividades_cientificas\/presentation_juan_asenjo.pdf\" target=\"_blank\">Juan Asenjo<\/a><\/td>\n<td>Universidad de Chile<\/td>\n<td>Chile<\/td>\n<\/tr>\n<tr>\n<td height=\"15\">Jean-Michel Coron<\/td>\n<td>University Pierre et Marie Curie<\/td>\n<td>France<\/td>\n<\/tr>\n<tr>\n<td height=\"15\"><a href=\"http:\/\/www.bcamath.org\/documentos_public\/archivos\/actividades_cientificas\/presentation_dambrine.pdf\" target=\"_blank\">Marc Dambrine<\/a><\/td>\n<td>Universit\u00e9 de Pau et des Pays de l&#8217;Adour<\/td>\n<td>France<\/td>\n<\/tr>\n<tr>\n<td height=\"15\"><a href=\"http:\/\/www.bcamath.org\/documentos_public\/archivos\/actividades_cientificas\/presentation_miguel_escobedo.pdf\" target=\"_blank\">Miguel Escobedo<\/a><\/td>\n<td>Universidad del Pa\u00eds Vasco, EHU-UPV<\/td>\n<td>Spain<\/td>\n<\/tr>\n<tr>\n<td height=\"15\"><a href=\"http:\/\/www.bcamath.org\/documentos_public\/archivos\/actividades_cientificas\/presentation_lions.pdf\" target=\"_blank\">Pierre-Louis Lions<\/a><\/td>\n<td>Coll\u00e8ge de France\/\u00c9cole polytechnique<\/td>\n<td>France<\/td>\n<\/tr>\n<tr>\n<td height=\"15\"><a href=\"http:\/\/www.bcamath.org\/documentos_public\/archivos\/actividades_cientificas\/presentation_maday.pdf\" target=\"_blank\">Yvon Maday<\/a><\/td>\n<td>University Pierre et Marie Curie<\/td>\n<td>France<\/td>\n<\/tr>\n<tr>\n<td height=\"15\"><a href=\"http:\/\/http:\/\/www.bcamath.org\/documentos_public\/archivos\/actividades_cientificas\/presentation_francois_murat.pdf\" target=\"_blank\">Fran\u00e7ois Murat<\/a><\/td>\n<td>University Pierre et Marie Curie<\/td>\n<td>France<\/td>\n<\/tr>\n<tr>\n<td height=\"15\">Axel Osses<\/td>\n<td>Universidad de Chile<\/td>\n<td>Chile<\/td>\n<\/tr>\n<tr>\n<td height=\"15\"><a href=\"http:\/\/www.bcamath.org\/documentos_public\/archivos\/actividades_cientificas\/presentation_eugenia_perez.pdf\" target=\"_blank\">Mar\u00eda Eugenia P\u00e9rez<\/a><\/td>\n<td>Universidad de Cantabria<\/td>\n<td>Spain<\/td>\n<\/tr>\n<tr>\n<td height=\"15\"><a href=\"http:\/\/www.bcamath.org\/documentos_public\/archivos\/actividades_cientificas\/presentation_annie_raoult.pdf\">Annie Raoult<\/td>\n<td>Universit\u00e9 Paris Descartes<\/td>\n<td>France<\/td>\n<\/tr>\n<tr>\n<td height=\"15\"><a href=\"http:\/\/http:\/\/www.bcamath.org\/documentos_public\/archivos\/actividades_cientificas\/Talk-LoredanaBalilescu.pdf\" target=\"_blank\">Loredana B\u0103lilescu<\/a><\/td>\n<td>University of Pite\u015fti<\/td>\n<td>Romania<\/td>\n<\/tr>\n<tr>\n<td height=\"15\">Marius Tucsnak<\/td>\n<td>Universit\u00e9 de Lorraine<\/td>\n<td>France<\/td>\n<\/tr>\n<tr>\n<td height=\"15\">Muthusamy Vanninathan<\/td>\n<td>Tata Institute of Fundamental Research<\/td>\n<td>India<\/td>\n<\/tr>\n<\/tbody>\n<\/table>\n<p><em><strong><br \/>\n<\/strong><\/em><\/p>\n","protected":false},"excerpt":{"rendered":"<p>By clicking the name of the speaker you will see the presentation concerned. Name Institution Country Juan Asenjo Universidad de Chile Chile Jean-Michel Coron University Pierre et Marie Curie France Marc Dambrine Universit\u00e9 de Pau et des Pays de l&#8217;Adour France Miguel Escobedo Universidad del Pa\u00eds Vasco, EHU-UPV Spain Pierre-Louis Lions Coll\u00e8ge de France\/\u00c9cole polytechnique &hellip; <a href=\"https:\/\/eventos.cmm.uchile.cl\/conca60\/speakers\/\" class=\"more-link\">Continue reading <span class=\"screen-reader-text\">Speakers<\/span> <span class=\"meta-nav\">&rarr;<\/span><\/a><\/p>\n","protected":false},"author":2,"featured_media":0,"parent":0,"menu_order":1,"comment_status":"closed","ping_status":"closed","template":"","meta":{"inline_featured_image":false,"footnotes":""},"class_list":["post-15","page","type-page","status-publish","hentry"],"_links":{"self":[{"href":"https:\/\/eventos.cmm.uchile.cl\/conca60\/wp-json\/wp\/v2\/pages\/15","targetHints":{"allow":["GET"]}}],"collection":[{"href":"https:\/\/eventos.cmm.uchile.cl\/conca60\/wp-json\/wp\/v2\/pages"}],"about":[{"href":"https:\/\/eventos.cmm.uchile.cl\/conca60\/wp-json\/wp\/v2\/types\/page"}],"author":[{"embeddable":true,"href":"https:\/\/eventos.cmm.uchile.cl\/conca60\/wp-json\/wp\/v2\/users\/2"}],"replies":[{"embeddable":true,"href":"https:\/\/eventos.cmm.uchile.cl\/conca60\/wp-json\/wp\/v2\/comments?post=15"}],"version-history":[{"count":15,"href":"https:\/\/eventos.cmm.uchile.cl\/conca60\/wp-json\/wp\/v2\/pages\/15\/revisions"}],"predecessor-version":[{"id":334,"href":"https:\/\/eventos.cmm.uchile.cl\/conca60\/wp-json\/wp\/v2\/pages\/15\/revisions\/334"}],"wp:attachment":[{"href":"https:\/\/eventos.cmm.uchile.cl\/conca60\/wp-json\/wp\/v2\/media?parent=15"}],"curies":[{"name":"wp","href":"https:\/\/api.w.org\/{rel}","templated":true}]}}