{"id":21,"date":"2013-11-27T18:10:49","date_gmt":"2013-11-27T21:10:49","guid":{"rendered":"http:\/\/eventos.cmm.uchile.cl\/conca60\/?page_id=21"},"modified":"2014-12-13T05:31:30","modified_gmt":"2014-12-13T08:31:30","slug":"sponsors","status":"publish","type":"page","link":"https:\/\/eventos.cmm.uchile.cl\/conca60\/sponsors\/","title":{"rendered":"Sponsors"},"content":{"rendered":"<table>\n<tbody>\n<tr>\n<td style=\"border: 0;text-align: center;padding-bottom: 0\"><a href=\"http:\/\/www.cmm.uchile.cl\/\"><img loading=\"lazy\" decoding=\"async\" class=\"alignnone size-full wp-image-71\" src=\"http:\/\/eventos.cmm.uchile.cl\/conca60\/wp-content\/uploads\/sites\/10\/2013\/11\/conca60_logos_web_cmm.png\" alt=\"conca60_logos_web_cmm\" width=\"150\" height=\"82\" \/><\/a><\/td>\n<td style=\"border: 0;font-size: small;line-height: 2.42ex\">CMM<br \/>\nCenter for Mathematical Modeling<\/td>\n<\/tr>\n<tr>\n<td style=\"border: 0;text-align: center;padding-bottom: 0\"><a href=\"http:\/\/www.bcamath.org\/\"><img loading=\"lazy\" decoding=\"async\" class=\"alignnone size-full wp-image-72\" src=\"http:\/\/eventos.cmm.uchile.cl\/conca60\/wp-content\/uploads\/sites\/10\/2013\/11\/conca60_logos_web_bcam.png\" alt=\"conca60_logos_web_bcam\" width=\"150\" height=\"82\" \/><\/a><\/td>\n<td style=\"border: 0;font-size: small;line-height: 2.42ex\">BCAM<br \/>\nBasque Center for Applied Mathematics<\/td>\n<\/tr>\n<tr>\n<td style=\"border: 0;text-align: center;padding-bottom: 0\"><a href=\"http:\/\/erc.europa.eu\/\"><img loading=\"lazy\" decoding=\"async\" class=\"alignnone size-full wp-image-73\" src=\"http:\/\/eventos.cmm.uchile.cl\/conca60\/wp-content\/uploads\/sites\/10\/2013\/11\/conca60_logos_web_erc.png\" alt=\"conca60_logos_web_erc\" width=\"150\" height=\"82\" \/><\/a><\/td>\n<td style=\"border: 0;font-size: small;line-height: 2.42ex\">ERC<br \/>\nEuropean Research Council<\/td>\n<\/tr>\n<tr>\n<td style=\"border: 0;text-align: center;padding-bottom: 0\"><a href=\"http:\/\/www.conicyt.cl\/\"><img loading=\"lazy\" decoding=\"async\" class=\"alignnone size-full wp-image-74\" src=\"http:\/\/eventos.cmm.uchile.cl\/conca60\/wp-content\/uploads\/sites\/10\/2013\/11\/conca60_logos_web_conicyt.png\" alt=\"conca60_logos_web_conicyt\" width=\"150\" height=\"82\" \/><\/a><\/td>\n<td style=\"border: 0;font-size: small;line-height: 2.42ex\">CONICYT<br \/>\nComisi\u00f3n Nacional de Investigaci\u00f3n Cient\u00edfica y Tecnol\u00f3gica<\/td>\n<\/tr>\n<tr>\n<td style=\"border: 0;text-align: center;padding-bottom: 0\"><a href=\"http:\/\/www.cnrs.fr\/\"><img loading=\"lazy\" decoding=\"async\" class=\"alignnone size-full wp-image-75\" src=\"http:\/\/eventos.cmm.uchile.cl\/conca60\/wp-content\/uploads\/sites\/10\/2013\/11\/conca60_logos_web_cnrs.png\" alt=\"conca60_logos_web_cnrs\" width=\"150\" height=\"82\" \/><\/a><\/td>\n<td style=\"border: 0;font-size: small;line-height: 2.42ex\">CNRS<br \/>\nCentre national de la recherche scientifique<\/td>\n<\/tr>\n<tr>\n<td style=\"border: 0;text-align: center;padding-bottom: 0\"><a href=\"http:\/\/www.icmat.es\/\"><img loading=\"lazy\" decoding=\"async\" class=\"alignnone size-full wp-image-76\" src=\"http:\/\/eventos.cmm.uchile.cl\/conca60\/wp-content\/uploads\/sites\/10\/2013\/11\/conca60_logos_web_icmat.png\" alt=\"conca60_logos_web_icmat\" width=\"150\" height=\"82\" \/><\/a><\/td>\n<td style=\"border: 0;font-size: small;line-height: 2.42ex\">ICMAT<br \/>\nInstituto de Ciencias Matem\u00e1ticas<\/td>\n<\/tr>\n<tr>\n<td style=\"border: 0;text-align: center;padding-bottom: 0\"><a href=\"http:\/\/www.dim.uchile.cl\/\"><img loading=\"lazy\" decoding=\"async\" class=\"alignnone size-full wp-image-77\" src=\"http:\/\/eventos.cmm.uchile.cl\/conca60\/wp-content\/uploads\/sites\/10\/2013\/11\/conca60_logos_web_dim.png\" alt=\"conca60_logos_web_dim\" width=\"150\" height=\"82\" \/><\/a><\/td>\n<td style=\"border: 0;font-size: small;line-height: 2.42ex\">Department of Mathematical Engineering,<br \/>\nUniversidad de Chile<\/td>\n<\/tr>\n<tr>\n<td style=\"border: 0;text-align: center;padding-bottom: 0\"><a href=\"http:\/\/smai.emath.fr\/?lang=en\"><img loading=\"lazy\" decoding=\"async\" class=\"alignnone size-full wp-image-78\" src=\"http:\/\/eventos.cmm.uchile.cl\/conca60\/wp-content\/uploads\/sites\/10\/2013\/11\/conca60_logos_web_smai.png\" alt=\"conca60_logos_web_smai\" width=\"150\" height=\"82\" \/><\/a><\/td>\n<td style=\"border: 0;font-size: small;line-height: 2.42ex\">SMAI<br \/>\nSoci\u00e9t\u00e9 de Math\u00e9matiques Appliqu\u00e9es et Industrielles<\/td>\n<\/tr>\n<tr>\n<td style=\"border: 0;text-align: center;padding-bottom: 0\"><a href=\"http:\/\/www.rsme.es\/\"><img loading=\"lazy\" decoding=\"async\" class=\"alignnone size-full wp-image-128\" src=\"http:\/\/eventos.cmm.uchile.cl\/conca60\/wp-content\/uploads\/sites\/10\/2013\/11\/conca60_logos_web_rsme.png\" alt=\"conca60_logos_web_rsme\" width=\"150\" height=\"82\" \/><\/a><\/td>\n<td style=\"border: 0;font-size: small;line-height: 2.42ex\">RSME<br \/>\nReal Sociedad Matem\u00e1tica Espa\u00f1ola<\/td>\n<\/tr>\n<tr>\n<td style=\"border: 0;text-align: center;padding-bottom: 0\"><\/td>\n<td style=\"border: 0;font-size: small;line-height: 2.42ex\"><\/td>\n<\/tr>\n<tr>\n<td style=\"border: 0;text-align: center;padding-bottom: 0\"><a href=\"https:\/\/www.ceremade.dauphine.fr\/~glass\/GDRE\/\"><img loading=\"lazy\" decoding=\"async\" class=\"alignnone size-full wp-image-131\" src=\"http:\/\/eventos.cmm.uchile.cl\/conca60\/wp-content\/uploads\/sites\/10\/2013\/11\/conca60_logos_web_gdre02.png\" alt=\"conca60_logos_web_gdre02\" width=\"150\" height=\"82\" \/><\/a><\/td>\n<td style=\"border: 0;font-size: small;line-height: 2.42ex\">GDRE CONEDP<br \/>\nControl of Partial Differential Equations<\/td>\n<\/tr>\n<tr>\n<td style=\"border: 0;text-align: center;padding-bottom: 0\"><a href=\"http:\/\/www.icode-institute.fr\/\"><img loading=\"lazy\" decoding=\"async\" class=\"alignnone size-full wp-image-132\" src=\"http:\/\/eventos.cmm.uchile.cl\/conca60\/wp-content\/uploads\/sites\/10\/2013\/11\/conca60_logos_web_icode.png\" alt=\"conca60_logos_web_icode\" width=\"150\" height=\"82\" \/><\/a><\/td>\n<td style=\"border: 0;font-size: small;line-height: 2.42ex\">iCODE<br \/>\nInstitute for Control and Decision of Paris Saclay (France)<\/td>\n<\/tr>\n<tr>\n<td style=\"border: 0;text-align: center;padding-bottom: 0\"><a href=\"http:\/\/www.polytechnique.edu\/\"><img loading=\"lazy\" decoding=\"async\" class=\"alignnone size-full wp-image-133\" src=\"http:\/\/eventos.cmm.uchile.cl\/conca60\/wp-content\/uploads\/sites\/10\/2013\/11\/conca60_logos_web_epolytech.png\" alt=\"conca60_logos_web_epolytech\" width=\"150\" height=\"61\" \/><\/a><\/td>\n<td style=\"border: 0;font-size: small;line-height: 2.42ex\">\u00c9cole polytechnique<\/td>\n<\/tr>\n<tr>\n<td style=\"border: 0;text-align: center;padding-bottom: 0\"><a href=\"http:\/\/www.euskadi.net\/\"><img loading=\"lazy\" decoding=\"async\" class=\"alignnone size-full wp-image-134\" src=\"http:\/\/eventos.cmm.uchile.cl\/conca60\/wp-content\/uploads\/sites\/10\/2013\/11\/conca60_logos_web_euskojaurlaritza.png\" alt=\"conca60_logos_web_euskojaurlaritza\" width=\"150\" height=\"82\" \/><\/a><\/td>\n<td style=\"border: 0;font-size: small;line-height: 2.42ex\">Eusko Jaurlaritza \u2013 Gobierno Vasco<\/td>\n<\/tr>\n<tr>\n<td style=\"border: 0;text-align: center;padding-bottom: 0\"><a href=\"http:\/\/www.academia-ciencias.cl\/\"><img loading=\"lazy\" decoding=\"async\" class=\"alignnone size-full wp-image-181\" src=\"http:\/\/eventos.cmm.uchile.cl\/conca60\/wp-content\/uploads\/sites\/10\/2013\/11\/conca60_logos_web_academiaciencias.png\" alt=\"conca60_logos_web_academiaciencias\" width=\"150\" height=\"82\" \/><\/a><\/td>\n<td style=\"border: 0;font-size: small;line-height: 2.42ex\">Academia Chilena de Ciencias<\/td>\n<\/tr>\n<tr>\n<td style=\"border: 0;text-align: center;padding-bottom: 0\"><a href=\"http:\/\/w3.mi.parisdescartes.fr\/map5\/\"><img loading=\"lazy\" decoding=\"async\" class=\"alignnone size-full wp-image-181\" src=\"http:\/\/eventos.cmm.uchile.cl\/conca60\/wp-content\/uploads\/sites\/10\/2014\/11\/map5.jpg\" alt=\"conca60_logos_web_academiaciencias\" width=\"150\" height=\"82\" \/><\/a><\/td>\n<td style=\"border: 0;font-size: small;line-height: 2.42ex\">Laboratoire MAP5, Universit\u00e9 Paris Descartes<\/td>\n<\/tr>\n<\/tbody>\n<\/table>\n","protected":false},"excerpt":{"rendered":"<p>CMM Center for Mathematical Modeling BCAM Basque Center for Applied Mathematics ERC European Research Council CONICYT Comisi\u00f3n Nacional de Investigaci\u00f3n Cient\u00edfica y Tecnol\u00f3gica CNRS Centre national de la recherche scientifique ICMAT Instituto de Ciencias Matem\u00e1ticas Department of Mathematical Engineering, Universidad de Chile SMAI Soci\u00e9t\u00e9 de Math\u00e9matiques Appliqu\u00e9es et Industrielles RSME Real Sociedad Matem\u00e1tica Espa\u00f1ola GDRE &hellip; <a href=\"https:\/\/eventos.cmm.uchile.cl\/conca60\/sponsors\/\" class=\"more-link\">Continue reading <span class=\"screen-reader-text\">Sponsors<\/span> <span class=\"meta-nav\">&rarr;<\/span><\/a><\/p>\n","protected":false},"author":2,"featured_media":0,"parent":0,"menu_order":8,"comment_status":"closed","ping_status":"closed","template":"","meta":{"inline_featured_image":false,"footnotes":""},"class_list":["post-21","page","type-page","status-publish","hentry"],"_links":{"self":[{"href":"https:\/\/eventos.cmm.uchile.cl\/conca60\/wp-json\/wp\/v2\/pages\/21","targetHints":{"allow":["GET"]}}],"collection":[{"href":"https:\/\/eventos.cmm.uchile.cl\/conca60\/wp-json\/wp\/v2\/pages"}],"about":[{"href":"https:\/\/eventos.cmm.uchile.cl\/conca60\/wp-json\/wp\/v2\/types\/page"}],"author":[{"embeddable":true,"href":"https:\/\/eventos.cmm.uchile.cl\/conca60\/wp-json\/wp\/v2\/users\/2"}],"replies":[{"embeddable":true,"href":"https:\/\/eventos.cmm.uchile.cl\/conca60\/wp-json\/wp\/v2\/comments?post=21"}],"version-history":[{"count":7,"href":"https:\/\/eventos.cmm.uchile.cl\/conca60\/wp-json\/wp\/v2\/pages\/21\/revisions"}],"predecessor-version":[{"id":293,"href":"https:\/\/eventos.cmm.uchile.cl\/conca60\/wp-json\/wp\/v2\/pages\/21\/revisions\/293"}],"wp:attachment":[{"href":"https:\/\/eventos.cmm.uchile.cl\/conca60\/wp-json\/wp\/v2\/media?parent=21"}],"curies":[{"name":"wp","href":"https:\/\/api.w.org\/{rel}","templated":true}]}}