{"id":89,"date":"2014-06-09T20:54:03","date_gmt":"2014-06-10T00:54:03","guid":{"rendered":"http:\/\/eventos.cmm.uchile.cl\/conca60\/?page_id=89"},"modified":"2014-12-12T08:41:24","modified_gmt":"2014-12-12T11:41:24","slug":"participants","status":"publish","type":"page","link":"https:\/\/eventos.cmm.uchile.cl\/conca60\/participants\/","title":{"rendered":"Participants"},"content":{"rendered":"<p><strong>REGISTERED PARTICIPANTS:<\/strong><\/p>\n<table border=\"1\">\n<tbody>\n<tr>\n<td>AHUES BLANCHAIT, Mario Paul<\/td>\n<td><i>Institut Camille Jourdan, Universit\u00e9 de Lyon<\/i><\/td>\n<td>France<\/td>\n<\/tr>\n<tr>\n<td>AIT YAHIA, Mohamed M.L\u2019Hannafi<\/td>\n<td><i>Lab.Amnedp, Facult\u00e9 Math\u00e9matiques U.USTBH<\/i><\/td>\n<td>Algeria<\/td>\n<\/tr>\n<tr>\n<td>ALLAIRE, Gr\u00e9goire<\/td>\n<td><i>\u00c9cole Politechnique Paris<\/i><\/td>\n<td>France<\/td>\n<\/tr>\n<tr>\n<td>AMROUCHE, Ch\u00e9rif<\/td>\n<td><i>Universit\u00e9 de Pau et des Pays de l\u2019Adour<\/i><\/td>\n<td>France<\/td>\n<\/tr>\n<tr>\n<td>ASENJO, Juanjo<\/td>\n<td><i>Academia Chilena de Ciencias<\/i><\/td>\n<td>Chile<\/td>\n<\/tr>\n<tr>\n<td>BAFFICO, Leonardo<\/td>\n<td><i>Universit\u00e9 de Caen<\/i><\/td>\n<td>France<\/td>\n<\/tr>\n<tr>\n<td>BALILESCU, Loredana<\/td>\n<td><i>University of Pitesti<\/i><\/td>\n<td>Romania<\/td>\n<\/tr>\n<tr>\n<td>BENABIDALLAH, Abdelkader<\/td>\n<td><i>Facult\u00e9 Math\u00e9matiques USTBH<\/i><\/td>\n<td>Algeria<\/td>\n<\/tr>\n<tr>\n<td>BICCARI, Umberto<\/td>\n<td><i>BCAM<\/i><\/td>\n<td>Spain<\/td>\n<\/tr>\n<tr>\n<td>BINFA, Lorena<\/td>\n<td><i>Facultad de Medicina-Universidad de Chile<\/i><\/td>\n<td>Chile<\/td>\n<\/tr>\n<tr>\n<td>BONNETIER, Eric<\/td>\n<td><i>Universit\u00e9 Joseph Fourier, Grenoble<\/i><\/td>\n<td>France<\/td>\n<\/tr>\n<tr>\n<td>BOUHADJI, Mohamed<\/td>\n<td><i>&#8212;<\/i><\/td>\n<td>Algeria<\/td>\n<\/tr>\n<tr>\n<td>BOURGERON, Thibault<\/td>\n<td><i>Universit\u00e9 Paris 6<br \/>\n<\/i><\/td>\n<td>France<\/td>\n<\/tr>\n<tr>\n<td>BUNOIU, Renata<\/td>\n<td><i>Universit\u00e9 de Lorraine<\/i><\/td>\n<td>France<\/td>\n<\/tr>\n<tr>\n<td>CAICEDO, Miguel Andres<\/td>\n<td><i>University of Cincinnati<\/i><\/td>\n<td>USA<\/td>\n<\/tr>\n<tr>\n<td>CAUBET, Fabien<\/td>\n<td><i>Institut de Math\u00e9matiques de Toulouse<\/i><\/td>\n<td>France<\/td>\n<\/tr>\n<tr>\n<td>CARDONE, Giuseppe<\/td>\n<td><i>University of Sannio (Benevento)<\/i><\/td>\n<td>Italia<\/td>\n<\/tr>\n<tr>\n<td>CASADO-DIAZ, Juan<\/td>\n<td><i>Universidad de Sevilla<\/i><\/td>\n<td>Spain<\/td>\n<\/tr>\n<tr>\n<td>CASTRO, Carlos<\/td>\n<td><i>Universidad Polit\u00e9cnica de Madrid<\/i><\/td>\n<td>Spain<\/td>\n<\/tr>\n<tr>\n<td>CERDA, Patricio<\/td>\n<td><i>PUC<\/i><\/td>\n<td>Chile<\/td>\n<\/tr>\n<tr>\n<td>CONCA, B\u00e1rbara<\/td>\n<td><\/td>\n<td>Chile<\/td>\n<\/tr>\n<tr>\n<td>CONCA BINFA, Mario<\/td>\n<td><\/td>\n<td>Chile<\/td>\n<\/tr>\n<tr>\n<td>CONCA, Mario<\/td>\n<td><\/td>\n<td>Chile<\/td>\n<\/tr>\n<tr>\n<td>CONCA, Maite<\/td>\n<td><\/td>\n<td>Chile<\/td>\n<\/tr>\n<tr>\n<td>CONCA, Carlos<\/td>\n<td><i>Universidad de Chile<\/i><\/td>\n<td>Chile<\/td>\n<\/tr>\n<tr>\n<td>CORON, Jean-Michel<\/td>\n<td><i>Universit\u00e9 Pierre et Marie Curie<\/i><\/td>\n<td>France<\/td>\n<\/tr>\n<tr>\n<td>CORTES, Enrique<\/td>\n<td><i>BCAM<\/i><\/td>\n<td>Spain<\/td>\n<\/tr>\n<tr>\n<td>CUMSILLE ATALA, Patricio<\/td>\n<td><i>Universidad del Bio Bio<\/i><\/td>\n<td>Chile<\/td>\n<\/tr>\n<tr>\n<td>CHAVES-SILVA, Felipe<\/td>\n<td><i>Universit\u00e9 de Nice Sophia-Antipolis<\/i><\/td>\n<td>France<\/td>\n<\/tr>\n<tr>\n<td>DAMBRINE, Marc<\/td>\n<td><i>Universit\u00e9 de Pau et des Pays de l&#8217;Adour<\/i><\/td>\n<td>France<\/td>\n<\/tr>\n<tr>\n<td>DE BUHAN, Maya<\/td>\n<td><i>CNRS-Universit\u00e9 Paris Descartes<\/i><\/td>\n<td>France<\/td>\n<\/tr>\n<tr>\n<td>DE GOURNAY, Frederic<\/td>\n<td><i>Universit\u00e9 Toulouse<\/i><\/td>\n<td>France<\/td>\n<\/tr>\n<tr>\n<td>ECHEVARRIA CALVO, Enrique<\/td>\n<td><\/td>\n<td>Spain<\/td>\n<\/tr>\n<tr>\n<td>ESCAURIAZA, Luis<\/td>\n<td><i>Universidad del Pa\u00eds Vasco UPV\/EHU<\/i><\/td>\n<td>Spain<\/td>\n<\/tr>\n<tr>\n<td>ESCOBEDO, Miguel<\/td>\n<td><i>Universidad del Pa\u00eds Vasco UPV\/EHU<\/i><\/td>\n<td>Spain<\/td>\n<\/tr>\n<tr>\n<td>FRIZ ROA, Luis Alberto<\/td>\n<td><i>Universidad del Bio-Bio<\/i><\/td>\n<td>Chile<\/td>\n<\/tr>\n<tr>\n<td>GARC\u00cdA HUIDOBRO, Mart\u00edn<\/td>\n<td><\/td>\n<td>Chile<\/td>\n<\/tr>\n<tr>\n<td>GODOY, Mat\u00edas<\/td>\n<td><i>Universidad de Chile<\/i><\/td>\n<td>Chile<\/td>\n<\/tr>\n<tr>\n<td>G\u00d3MEZ, Delfina<\/td>\n<td><i>Universidad de Cantabria<\/i><\/td>\n<td>Spain<\/td>\n<\/tr>\n<tr>\n<td>GUPTA, Sapana<\/td>\n<td><i>CIT Raipur<\/i><\/td>\n<td>India<\/td>\n<\/tr>\n<tr>\n<td>HIND, Al Baba<\/td>\n<td><i>Universit\u00e9 Pau<\/i><\/td>\n<td>France<\/td>\n<\/tr>\n<tr>\n<td>HORSIN, Thierry<\/td>\n<td><i>CNAM<\/i><\/td>\n<td>France<\/td>\n<\/tr>\n<tr>\n<td>IB\u00c1\u00d1EZ, Aitziber<\/td>\n<td><i>BCAM<\/i><\/td>\n<td>Spain<\/td>\n<\/tr>\n<tr>\n<td>IYIOLA, Olaniyi Samuel<\/td>\n<td><i>King Fahd University of Petroleum and Minerals<\/i><\/td>\n<td>Arabia Saudi<\/td>\n<\/tr>\n<tr>\n<td>JENA, Vinod<\/td>\n<td><i>ICFAI University Raipur<\/i><\/td>\n<td>India<\/td>\n<\/tr>\n<tr>\n<td>LECAROS, Rodrigo<\/td>\n<td><i>CMM-Universidad de Chile<\/i><\/td>\n<td>Chile<\/td>\n<\/tr>\n<tr>\n<td>LIONS, Pierre-Louis<\/td>\n<td><i>Coll\u00e8ge de Paris<\/i><\/td>\n<td>France<\/td>\n<\/tr>\n<tr>\n<td>LOPEZ, Juan Carlos<\/td>\n<td><i>CMM-Universidad de Chile<\/i><\/td>\n<td>Chile<\/td>\n<\/tr>\n<tr>\n<td>LUNA-LAYNEZ, Manuel<\/td>\n<td><i>Universidad de Sevilla<\/i><\/td>\n<td>Spain<\/td>\n<\/tr>\n<tr>\n<td>MADAY, Yvon<\/td>\n<td><i>Laboratoire JLL,U.Pierre et Marie Curie,IUF and Brown U.<\/i><\/td>\n<td>France<\/td>\n<\/tr>\n<tr>\n<td>MERCADO, Alberto<\/td>\n<td><i>Universidad T\u00e9cnica Federico Santa Mar\u00eda<\/i><\/td>\n<td>Chile<\/td>\n<\/tr>\n<tr>\n<td>MEZCUA MORENO, Cristobal<\/td>\n<td><\/td>\n<td>Spain<\/td>\n<\/tr>\n<tr>\n<td>MEZCUA RUFIAN, Miguel<\/td>\n<td><\/td>\n<td>Spain<\/td>\n<\/tr>\n<tr>\n<td>MEZCUA RUFIAN, Carlos<\/td>\n<td><\/td>\n<td>Spain<\/td>\n<\/tr>\n<tr>\n<td>MONTANER GARC\u00cdA, Santiago<\/td>\n<td><i>Universidad del Pa\u00eds Vasco UPV\/EHU<\/i><\/td>\n<td>Spain<\/td>\n<\/tr>\n<tr>\n<td>MORALES, \u00c1lvaro<\/td>\n<td><\/td>\n<td>Chile<\/td>\n<\/tr>\n<tr>\n<td>MORALES, Mario<\/td>\n<td><i>BCAM<\/i><\/td>\n<td>Spain<\/td>\n<\/tr>\n<tr>\n<td>MURAT, Fran\u00e7ois<\/td>\n<td><i>Universit\u00e9 Pierre et Marie Curie <\/i><\/td>\n<td>France<\/td>\n<\/tr>\n<tr>\n<td>ORIVE, Rafael<\/td>\n<td><i>Universidad Aut\u00f3noma de Madrid<\/i><\/td>\n<td>Spain<\/td>\n<\/tr>\n<tr>\n<td>ORTEGA, Jaime<\/td>\n<td><i>CMM-Universidad de Chile<\/i><\/td>\n<td>Chile<\/td>\n<\/tr>\n<tr>\n<td>OSSES, Axel<\/td>\n<td><i>Universidad de Chile<\/i><\/td>\n<td>Chile<\/td>\n<\/tr>\n<tr>\n<td>PEREZ, Mar\u00eda Eugenia<\/td>\n<td><i>Universidad de Cantabria<\/i><\/td>\n<td>Spain<\/td>\n<\/tr>\n<tr>\n<td>PIZZICHILLO, Fabio<\/td>\n<td><i>BCAM<\/i><\/td>\n<td>Spain<\/td>\n<\/tr>\n<tr>\n<td>POZO, Alejandro<\/td>\n<td><i>BCAM<\/i><\/td>\n<td>Spain<\/td>\n<\/tr>\n<tr>\n<td>PUEL, Jean Pierre<\/td>\n<td><i>Universit\u00e9 de Versailles<\/i><\/td>\n<td>France<\/td>\n<\/tr>\n<tr>\n<td>RAOULT, Annie<\/td>\n<td><i>Universit\u00e8 Paris Descartes<\/i><\/td>\n<td>France<\/td>\n<\/tr>\n<tr>\n<td>RUFIAN LIZANA, Mar\u00eda Teresa<\/td>\n<td><\/td>\n<td>Spain<\/td>\n<\/tr>\n<tr>\n<td>RUFIAN, Antonio<\/td>\n<td><i>Universidad de Sevilla<\/i><\/td>\n<td>Spain<\/td>\n<\/tr>\n<tr>\n<td>RUFIAN, Dolores<\/td>\n<td><\/td>\n<td>Chile<\/td>\n<\/tr>\n<tr>\n<td>SALIHA, Hichar<\/td>\n<td>Universit\u00e9 Kasdi Merbah Ouargia<\/td>\n<td>Algeria<\/td>\n<\/tr>\n<tr>\n<td>SAN MARTIN, Macarena<\/td>\n<td><\/td>\n<td>Chile<\/td>\n<\/tr>\n<tr>\n<td>SCHWINDT, Erica<\/td>\n<td>Universit\u00e9 d&#8217;Orleans<\/td>\n<td>France<\/td>\n<\/tr>\n<tr>\n<td>SHAHRIARI SHOURABI, Mostafa<\/td>\n<td><i>BCAM<\/i><\/td>\n<td>Spain<\/td>\n<\/tr>\n<tr>\n<td>SOLANO PALMA, Viviana<\/td>\n<td><i>Universidad de Chile<\/i><\/td>\n<td>Chile<\/td>\n<\/tr>\n<tr>\n<td>TIMOFTE, Claudia<\/td>\n<td><i>University of Bucharest<\/i><\/td>\n<td>Romania<\/td>\n<\/tr>\n<tr>\n<td>TAKAHASHI, Takeo<\/td>\n<td><i>Institut Elie Cartan de Lorraine<\/i><\/td>\n<td>France<\/td>\n<\/tr>\n<tr>\n<td>TRAN, Binh-Minh<\/td>\n<td><i>BCAM<\/i><\/td>\n<td>Spain<\/td>\n<\/tr>\n<tr>\n<td>TUCSNAK, Marius<\/td>\n<td><i>Universit\u00e9 de Looraine<\/i><\/td>\n<td>France<\/td>\n<\/tr>\n<tr>\n<td>VANNINATHAN, Muthusamy<\/td>\n<td><i>TIFR-CAM<\/i><\/td>\n<td>India<\/td>\n<\/tr>\n<tr>\n<td>YAAKOUBI, Nejib<\/td>\n<td><i>University of Sfax<\/i><\/td>\n<td>Tunisie<\/td>\n<\/tr>\n<tr>\n<td>ZAMORANO, Sebastian<\/td>\n<td><i>Universidad de Chile<\/i><\/td>\n<td>Chile<\/td>\n<\/tr>\n<tr>\n<td>ZUAZUA, Enrique<\/td>\n<td><i>IKERBASQUE-BCAM<\/i><\/td>\n<td>Spain<\/td>\n<\/tr>\n<\/tbody>\n<\/table>\n","protected":false},"excerpt":{"rendered":"<p>REGISTERED PARTICIPANTS: AHUES BLANCHAIT, Mario Paul Institut Camille Jourdan, Universit\u00e9 de Lyon France AIT YAHIA, Mohamed M.L\u2019Hannafi Lab.Amnedp, Facult\u00e9 Math\u00e9matiques U.USTBH Algeria ALLAIRE, Gr\u00e9goire \u00c9cole Politechnique Paris France AMROUCHE, Ch\u00e9rif Universit\u00e9 de Pau et des Pays de l\u2019Adour France ASENJO, Juanjo Academia Chilena de Ciencias Chile BAFFICO, Leonardo Universit\u00e9 de Caen France BALILESCU, Loredana University &hellip; <a href=\"https:\/\/eventos.cmm.uchile.cl\/conca60\/participants\/\" class=\"more-link\">Continue reading <span class=\"screen-reader-text\">Participants<\/span> <span class=\"meta-nav\">&rarr;<\/span><\/a><\/p>\n","protected":false},"author":2,"featured_media":0,"parent":0,"menu_order":6,"comment_status":"closed","ping_status":"closed","template":"","meta":{"inline_featured_image":false,"footnotes":""},"class_list":["post-89","page","type-page","status-publish","hentry"],"_links":{"self":[{"href":"https:\/\/eventos.cmm.uchile.cl\/conca60\/wp-json\/wp\/v2\/pages\/89","targetHints":{"allow":["GET"]}}],"collection":[{"href":"https:\/\/eventos.cmm.uchile.cl\/conca60\/wp-json\/wp\/v2\/pages"}],"about":[{"href":"https:\/\/eventos.cmm.uchile.cl\/conca60\/wp-json\/wp\/v2\/types\/page"}],"author":[{"embeddable":true,"href":"https:\/\/eventos.cmm.uchile.cl\/conca60\/wp-json\/wp\/v2\/users\/2"}],"replies":[{"embeddable":true,"href":"https:\/\/eventos.cmm.uchile.cl\/conca60\/wp-json\/wp\/v2\/comments?post=89"}],"version-history":[{"count":54,"href":"https:\/\/eventos.cmm.uchile.cl\/conca60\/wp-json\/wp\/v2\/pages\/89\/revisions"}],"predecessor-version":[{"id":283,"href":"https:\/\/eventos.cmm.uchile.cl\/conca60\/wp-json\/wp\/v2\/pages\/89\/revisions\/283"}],"wp:attachment":[{"href":"https:\/\/eventos.cmm.uchile.cl\/conca60\/wp-json\/wp\/v2\/media?parent=89"}],"curies":[{"name":"wp","href":"https:\/\/api.w.org\/{rel}","templated":true}]}}