{"id":256,"date":"2023-09-06T13:09:58","date_gmt":"2023-09-06T16:09:58","guid":{"rendered":"https:\/\/eventos.cmm.uchile.cl\/escuelappe2024\/?page_id=256"},"modified":"2025-11-24T11:19:20","modified_gmt":"2025-11-24T14:19:20","slug":"speakers","status":"publish","type":"page","link":"https:\/\/eventos.cmm.uchile.cl\/cpp2025\/speakers\/","title":{"rendered":"Participants"},"content":{"rendered":"<h2><strong>Participants<\/strong><\/h2>\n<p>The list will be actualised as we receive more confirmations.<\/p>\n<table>\n<tbody>\n<tr>\n<th>Name<\/th>\n<th>Institution<\/th>\n<\/tr>\n<tr>\n<td>Abarca, Gisela<\/td>\n<td>Universidad de Chile<\/td>\n<\/tr>\n<tr>\n<td>Aizenman, Michael<\/td>\n<td>Princeton<\/td>\n<\/tr>\n<tr>\n<td>Alcalde L\u00f3pez, Tom\u00e1s<\/td>\n<td>TU Vienna<\/td>\n<\/tr>\n<tr>\n<td>Ang, Morris<\/td>\n<td>University of California, San Diego<\/td>\n<\/tr>\n<tr>\n<td>Araya, Pablo<\/td>\n<td>Universidad de Chile<\/td>\n<\/tr>\n<tr>\n<td>Aru, Juhan<\/td>\n<td>\u00c9cole Polytechnique F\u00e9d\u00e9rale de Laussane<\/td>\n<\/tr>\n<tr>\n<td>Bordereu, Phil\u00e9mon<\/td>\n<td>EPFL<\/td>\n<\/tr>\n<tr>\n<td>Bou-Rabee, Ahmed<\/td>\n<td>University of Pennsylvania<\/td>\n<\/tr>\n<tr>\n<td>Boursier, Jeanne<\/td>\n<td>University of Columbia<\/td>\n<\/tr>\n<tr>\n<td>Cahen, Paul<\/td>\n<td>Universit\u00e9 Lyon1<\/td>\n<\/tr>\n<tr>\n<td>Chiriani, Leandro<\/td>\n<td>Universidade de S\u00e3o Paulo<\/td>\n<\/tr>\n<tr>\n<td>Cid, Damian<\/td>\n<td>Universidad de Chile<\/td>\n<\/tr>\n<tr>\n<td>D&#8217;alimonte, Lucas<\/td>\n<td>LPSM, Sorbonne Universit\u00e8<\/td>\n<\/tr>\n<tr>\n<td>van Engelburg, Diederik<\/td>\n<td>TU Wien<\/td>\n<\/tr>\n<tr>\n<td>Espinosa, Felipe<\/td>\n<td>University of M\u00fcnster<\/td>\n<\/tr>\n<tr>\n<td>Felipe, David<\/td>\n<td>Universidad de Chile<\/td>\n<\/tr>\n<tr>\n<td>Fleaux Mu\u00f1oz, Juan Esteban<\/td>\n<td>Universidad Cat\u00f3lica de Chile<\/td>\n<\/tr>\n<tr>\n<td>Fontbona, Joaquin<\/td>\n<td>Universidad de Chile<\/td>\n<\/tr>\n<tr>\n<td>Garban, Christophe<\/td>\n<td>Universit\u00e9 Lyon 1<\/td>\n<\/tr>\n<tr>\n<td>Gilbert, Agust\u00edn<\/td>\n<td>Universidad Cat\u00f3lica de Chile<\/td>\n<\/tr>\n<tr>\n<td>Glazman, Alexander<\/td>\n<td>University of Innsbruck<\/td>\n<\/tr>\n<tr>\n<td>Gonz\u00e1les, Natalia<\/td>\n<td>Universidad de Chile<\/td>\n<\/tr>\n<tr>\n<td>Harel, Matan<\/td>\n<td>Northeastern University<\/td>\n<\/tr>\n<tr>\n<td>Heeney, Lorca<\/td>\n<td>University of Vienna<\/td>\n<\/tr>\n<tr>\n<td>Helmuth, Tyler<\/td>\n<td>University of Durham<\/td>\n<\/tr>\n<tr>\n<td>Junnila, Janne<\/td>\n<td>KTH<\/td>\n<\/tr>\n<tr>\n<td>Korzhenkova, Aleksandra<\/td>\n<td>EPFL<\/td>\n<\/tr>\n<tr>\n<td>Lacoin, Hubert<\/td>\n<td>IMPA<\/td>\n<\/tr>\n<tr>\n<td>Lamas, Santiago<\/td>\n<td>Universidad de Chile<\/td>\n<\/tr>\n<tr>\n<td>Lammer, Piet<\/td>\n<td>Sorbonne Universit\u00e9\/ CNRS<\/td>\n<\/tr>\n<tr>\n<td>Laslier, Benoit<\/td>\n<td>Universit\u00e9 de Paris<\/td>\n<\/tr>\n<tr>\n<td>Lebl\u00e9, Thomas<\/td>\n<td>Paris V<\/td>\n<\/tr>\n<tr>\n<td>Lis, Marcin<\/td>\n<td>Vienna University of Technology<\/td>\n<\/tr>\n<tr>\n<td>L\u00f3pez, Claudio<\/td>\n<td>Universidad de Chile<\/td>\n<\/tr>\n<tr>\n<td>L\u00f3pez, Pablo<\/td>\n<td>UCLA<\/td>\n<\/tr>\n<tr>\n<td>Lubetzky, Eyal<\/td>\n<td>Courant Institute of Mathematical Sciences<\/td>\n<\/tr>\n<tr>\n<td>Machuca, Fernando<\/td>\n<td>Universidad Cat\u00f3lica de Chile<\/td>\n<\/tr>\n<tr>\n<td>Mahfouf, R\u00e9my<\/td>\n<td>University of Geneva<\/td>\n<\/tr>\n<tr>\n<td>Malacan, Adrien<\/td>\n<td>Chalmers Univeristy of Technology<\/td>\n<\/tr>\n<tr>\n<td>Mart\u00ednez, Carlos<\/td>\n<td>University of Bonn<\/td>\n<\/tr>\n<tr>\n<td>Mitsche, Dieter<\/td>\n<td>Universidad Cat\u00f3lica de Chile<\/td>\n<\/tr>\n<tr>\n<td>de Montgolfier, Nathan<\/td>\n<td>Universit\u00e9 Lyon 1<\/td>\n<\/tr>\n<tr>\n<td>Morgado, Matias<\/td>\n<td>Universidad Cat\u00f3lica de Chile<\/td>\n<\/tr>\n<tr>\n<td>Ott, Sebastien<\/td>\n<td>EPFL<\/td>\n<\/tr>\n<tr>\n<td>Pal\u00f6, Malin<\/td>\n<td>Chalmers Univeristy of Technology<\/td>\n<\/tr>\n<tr>\n<td>Peled, Ron<\/td>\n<td>University of Maryland \/ Tel Aviv University<\/td>\n<\/tr>\n<tr>\n<td>Powell, Ellen<\/td>\n<td>University of Durham<\/td>\n<\/tr>\n<tr>\n<td>Remenik, Daniel<\/td>\n<td>Universidad de Chile<\/td>\n<\/tr>\n<tr>\n<td>Ryan, Kieran<\/td>\n<td>TU Vienna<\/td>\n<\/tr>\n<tr>\n<td>Rhodes, R\u00e9mi<\/td>\n<td>Aix-Marseille Universit\u00e9<\/td>\n<\/tr>\n<tr>\n<td>Rojo, Antonio<\/td>\n<td>Universidad de Chile<\/td>\n<\/tr>\n<tr>\n<td>Schoug, Lukas<\/td>\n<td>KTH<\/td>\n<\/tr>\n<tr>\n<td>Salinas Betancur, Fernando<\/td>\n<td>Universidad Cat\u00f3lica de Chile<\/td>\n<\/tr>\n<tr>\n<td>Saglietti, Santiago<\/td>\n<td>Universidad Cat\u00f3lica de Chile<\/td>\n<\/tr>\n<tr>\n<td>Segura, Juan Jose<\/td>\n<td>UNAB<\/td>\n<\/tr>\n<tr>\n<td>Sep\u00falveda, Avelio<\/td>\n<td>Universidad de Chile<\/td>\n<\/tr>\n<tr>\n<td>Severo, Franco<\/td>\n<td>Universit\u00e9 Lyon 1<\/td>\n<\/tr>\n<tr>\n<td>Upadhya, Adithya<\/td>\n<td>Northwestern University<\/td>\n<\/tr>\n<tr>\n<td>V\u00e1squez, Francisco<\/td>\n<td>Universidad de Chile<\/td>\n<\/tr>\n<tr>\n<td>Xia, Aoteng<\/td>\n<td>University of K\u00f6ln<\/td>\n<\/tr>\n<tr>\n<td>Zhu, Chunhui<\/td>\n<td>Universidad de Chile<\/td>\n<\/tr>\n<\/tbody>\n<\/table>\n","protected":false},"excerpt":{"rendered":"<p>Participants The list will be actualised as we receive more confirmations. Name Institution Abarca, Gisela Universidad de Chile Aizenman, Michael Princeton Alcalde L\u00f3pez, Tom\u00e1s TU Vienna Ang, Morris University of California, San Diego Araya, Pablo Universidad de Chile Aru, Juhan \u00c9cole Polytechnique F\u00e9d\u00e9rale de Laussane Bordereu, Phil\u00e9mon EPFL Bou-Rabee, Ahmed University of Pennsylvania Boursier, Jeanne &hellip; <a href=\"https:\/\/eventos.cmm.uchile.cl\/cpp2025\/speakers\/\" class=\"more-link\">Continue reading <span class=\"screen-reader-text\">Participants<\/span> <span class=\"meta-nav\">&rarr;<\/span><\/a><\/p>\n","protected":false},"author":2,"featured_media":0,"parent":0,"menu_order":2,"comment_status":"closed","ping_status":"closed","template":"","meta":{"inline_featured_image":false,"footnotes":""},"class_list":["post-256","page","type-page","status-publish","hentry"],"_links":{"self":[{"href":"https:\/\/eventos.cmm.uchile.cl\/cpp2025\/wp-json\/wp\/v2\/pages\/256","targetHints":{"allow":["GET"]}}],"collection":[{"href":"https:\/\/eventos.cmm.uchile.cl\/cpp2025\/wp-json\/wp\/v2\/pages"}],"about":[{"href":"https:\/\/eventos.cmm.uchile.cl\/cpp2025\/wp-json\/wp\/v2\/types\/page"}],"author":[{"embeddable":true,"href":"https:\/\/eventos.cmm.uchile.cl\/cpp2025\/wp-json\/wp\/v2\/users\/2"}],"replies":[{"embeddable":true,"href":"https:\/\/eventos.cmm.uchile.cl\/cpp2025\/wp-json\/wp\/v2\/comments?post=256"}],"version-history":[{"count":64,"href":"https:\/\/eventos.cmm.uchile.cl\/cpp2025\/wp-json\/wp\/v2\/pages\/256\/revisions"}],"predecessor-version":[{"id":505,"href":"https:\/\/eventos.cmm.uchile.cl\/cpp2025\/wp-json\/wp\/v2\/pages\/256\/revisions\/505"}],"wp:attachment":[{"href":"https:\/\/eventos.cmm.uchile.cl\/cpp2025\/wp-json\/wp\/v2\/media?parent=256"}],"curies":[{"name":"wp","href":"https:\/\/api.w.org\/{rel}","templated":true}]}}