{"id":16,"date":"2014-12-30T17:48:50","date_gmt":"2014-12-30T20:48:50","guid":{"rendered":"http:\/\/eventos.cmm.uchile.cl\/escuelappe2015\/?page_id=16"},"modified":"2022-12-12T18:40:37","modified_gmt":"2022-12-12T21:40:37","slug":"programa","status":"publish","type":"page","link":"https:\/\/eventos.cmm.uchile.cl\/datosestado\/programa\/","title":{"rendered":"Programa"},"content":{"rendered":"<p>&nbsp;<\/p>\n<table>\n<tbody>\n<tr>\n<td>hora<\/td>\n<td><\/td>\n<\/tr>\n<tr>\n<td>12:00<\/td>\n<td>Bienvenida<\/td>\n<\/tr>\n<tr>\n<td>12:05<\/td>\n<td><strong>Heidi Berner<\/strong><br \/>\nCoordinadora de Modernizaci\u00f3n del Estado, Ministerio de Hacienda<br \/>\n<em>Modernizaci\u00f3n del Estado: Institucionalidad y Agenda<\/em><\/td>\n<\/tr>\n<tr>\n<td>12:25<\/td>\n<td><strong>Jos\u00e9 Inostroza<\/strong><br \/>\nJefe Divisi\u00f3n Gobierno Digital, Ministerio Secretaria General de la Presidencia<br \/>\n<em>Datos para mejores servicios y un Estado m\u00e1s \u00e1gil y proactivo<\/em><\/td>\n<\/tr>\n<tr>\n<td>12:45<\/td>\n<td><strong>Alejandro Jofr\u00e9<\/strong><br \/>\nInvestigador del Centro de Modelamiento Matem\u00e1tico, Universidad de Chile<br \/>\n<em>Datos y Estado: Experiencia CMM y nuevas oportunidades<\/em><\/td>\n<\/tr>\n<tr>\n<td>13:05<\/td>\n<td>Coffee break<\/td>\n<\/tr>\n<tr>\n<td>13:45<\/td>\n<td>Cierre<\/td>\n<\/tr>\n<\/tbody>\n<\/table>\n<h2>Expositores<\/h2>\n<h3>Heidi Berner<br \/>\nCoordinadora de Modernizaci\u00f3n del Estado<\/h3>\n<p>Heidi Berner es Mag\u00edster en Administraci\u00f3n P\u00fablica de la Kennedy School of Government, Harvard University e ingeniera comercial, menci\u00f3n econom\u00eda, de la Universidad de Chile. Previo a asumir sus funciones en el ministerio de Hacienda fue vicerrectora de Asuntos Econ\u00f3micos y Gesti\u00f3n Institucional de la misma Universidad de Chile, donde todav\u00eda es profesora adjunta del Departamento de Econom\u00eda. Previamente, entre agosto 2018 y mayo 2020, directora ejecutiva del Decanato de la Facultad de Econom\u00eda y Negocios (FEN) de esta casa de estudios. Anteriormente, entre marzo de 2014 y marzo de 2018, fue Subsecretaria de Evaluaci\u00f3n Social del Ministerio de Desarrollo Social, liderando la actualizaci\u00f3n de la medici\u00f3n de pobreza por ingresos y la introducci\u00f3n de la pobreza multidimensional. Entre abril de 2010 y marzo de 2014 fue directora acad\u00e9mica del Diploma en Gesti\u00f3n Estrat\u00e9gica Gubernamental, Local y de Presupuesto en la Universidad de Chile. En 2001 asumi\u00f3 como directora ejecutiva del Centro de Postgrados del Departamento de Econom\u00eda de la Universidad de Chile. Previamente, ya hab\u00eda trabajado en el Ministerio de Hacienda. Entre noviembre de 2006 y marzo 2010 fue jefa de la Divisi\u00f3n de Control de Gesti\u00f3n de la Direcci\u00f3n de Presupuestos y entre julio 2001 y octubre 2006 fue la coordinadora de evaluaciones de impacto de la misma Divisi\u00f3n.<\/p>\n<h3>Jos\u00e9 Inostroza<br \/>\nJefe Divisi\u00f3n Gobierno Digital<\/h3>\n<p>Abogado de la Universidad de Chile y Mag\u00edster en Gesti\u00f3n y Pol\u00edticas P\u00fablicas, de Ingenier\u00eda Industrial, de la U. de Chile. Fue investigador y consultor asociado al Centro de Sistemas P\u00fablicos (CSP) en Ingenier\u00eda Industrial U. de Chile. Fundador y primer director del Programa de Modernizaci\u00f3n del Sector P\u00fablico del Ministerio de Hacienda de Chile (2015-2018), actual Secretar\u00eda de Modernizaci\u00f3n, desde donde contribuy\u00f3 al desarrollo de pol\u00edticas de modernizaci\u00f3n y transformaci\u00f3n digital como: Ley de Transformaci\u00f3n Digital (21.180) y Laboratorio Gobierno en Innovaci\u00f3n P\u00fablica, entre otras. Es profesor <em>part time<\/em> de la Universidad de Chile, Alberto Hurtado, de Concepci\u00f3n, y visitante de la Cat\u00f3lica del Per\u00fa. Posee diversas publicaciones acad\u00e9micas, cap\u00edtulos de libro, de extensi\u00f3n y columnas.<\/p>\n<h3>Alejandro Jofr\u00e9<br \/>\nCentro de Modelamiento Matem\u00e1tico<\/h3>\n<p>El profesor Jofr\u00e9 fue Prorrector de la Universidad de Chile hasta junio pasado. Actualmente es Investigador del <a href=\"https:\/\/www.cmm.uchile.cl\/\" target=\"_blank\" rel=\"noopener\">Centro de Modelamiento Matem\u00e1tico (CMM)<\/a> y Profesor titular en el Departamento de Ingenier\u00eda Matem\u00e1tica de la Universidad de Chile. Obtuvo el doctorado y Habilitaci\u00f3n en Matem\u00e1ticas Aplicadas en Francia en los a\u00f1os 90, Postdoctorado en la Universidad de California. Ha sido profesor en las Universidades de Paris 1-Sorbonne y California Davis, y profesor invitado en varias universidades de EE. UU. y Europa. Ha liderado proyectos industriales y de investigaci\u00f3n en optimizaci\u00f3n, data-an\u00e1lisis, planificaci\u00f3n y geomec\u00e1nica en miner\u00eda, log\u00edstica y riesgo en miner\u00eda, tarificaci\u00f3n de precios en energ\u00eda, comportamiento del sistema el\u00e9ctrico, mercados energ\u00e9ticos, an\u00e1lisis de riesgos de sistemas, telecomunicaciones y fijaci\u00f3n de precios del agua, producci\u00f3n sostenible de recursos naturales como el cobre y forestal. Tambi\u00e9n ha dirigido una docena de tesis doctorales. El Prof. Jofr\u00e9 fue director del Centro de Modelamiento Matem\u00e1tico de la U. de Chile (CMM) de 2011 a 2017. Alejandro es editor asociado de varias revistas y series de libros en matem\u00e1ticas e ingenier\u00eda. Actualmente es miembro del directorio del Centro para la Resiliencia ante los Desastres Naturales y miembro del directorio del Centro Nacional de Pilotaje en Miner\u00eda. Tambi\u00e9n forma parte del Comit\u00e9 Asesor del Centro de Energ\u00eda de la Universidad de Chile.<\/p>\n","protected":false},"excerpt":{"rendered":"<p>&nbsp; hora 12:00 Bienvenida 12:05 Heidi Berner Coordinadora de Modernizaci\u00f3n del Estado, Ministerio de Hacienda Modernizaci\u00f3n del Estado: Institucionalidad y Agenda 12:25 Jos\u00e9 Inostroza Jefe Divisi\u00f3n Gobierno Digital, Ministerio Secretaria General de la Presidencia Datos para mejores servicios y un Estado m\u00e1s \u00e1gil y proactivo 12:45 Alejandro Jofr\u00e9 Investigador del Centro de Modelamiento Matem\u00e1tico, Universidad &hellip; <a href=\"https:\/\/eventos.cmm.uchile.cl\/datosestado\/programa\/\" class=\"more-link\">Seguir leyendo <span class=\"screen-reader-text\">Programa<\/span> <span class=\"meta-nav\">&rarr;<\/span><\/a><\/p>\n","protected":false},"author":14,"featured_media":0,"parent":0,"menu_order":1,"comment_status":"closed","ping_status":"closed","template":"","meta":{"inline_featured_image":false,"footnotes":""},"class_list":["post-16","page","type-page","status-publish","hentry"],"_links":{"self":[{"href":"https:\/\/eventos.cmm.uchile.cl\/datosestado\/wp-json\/wp\/v2\/pages\/16","targetHints":{"allow":["GET"]}}],"collection":[{"href":"https:\/\/eventos.cmm.uchile.cl\/datosestado\/wp-json\/wp\/v2\/pages"}],"about":[{"href":"https:\/\/eventos.cmm.uchile.cl\/datosestado\/wp-json\/wp\/v2\/types\/page"}],"author":[{"embeddable":true,"href":"https:\/\/eventos.cmm.uchile.cl\/datosestado\/wp-json\/wp\/v2\/users\/14"}],"replies":[{"embeddable":true,"href":"https:\/\/eventos.cmm.uchile.cl\/datosestado\/wp-json\/wp\/v2\/comments?post=16"}],"version-history":[{"count":54,"href":"https:\/\/eventos.cmm.uchile.cl\/datosestado\/wp-json\/wp\/v2\/pages\/16\/revisions"}],"predecessor-version":[{"id":278,"href":"https:\/\/eventos.cmm.uchile.cl\/datosestado\/wp-json\/wp\/v2\/pages\/16\/revisions\/278"}],"wp:attachment":[{"href":"https:\/\/eventos.cmm.uchile.cl\/datosestado\/wp-json\/wp\/v2\/media?parent=16"}],"curies":[{"name":"wp","href":"https:\/\/api.w.org\/{rel}","templated":true}]}}