{"id":10,"date":"2015-08-14T01:45:48","date_gmt":"2015-08-14T01:45:48","guid":{"rendered":"http:\/\/eventos.cmm.uchile.cl\/discretas2016\/?page_id=10"},"modified":"2015-08-20T17:15:09","modified_gmt":"2015-08-20T17:15:09","slug":"escuelas-anteriores","status":"publish","type":"page","link":"https:\/\/eventos.cmm.uchile.cl\/discretas2016\/escuelas-anteriores\/","title":{"rendered":"Escuelas anteriores"},"content":{"rendered":"<p>Esta es la und\u00e9cima versi\u00f3n de una exitosa serie de escuelas que ha ido creciendo en el tiempo gracias a la entusiasta participaci\u00f3n de estudiantes de Chile y de diversos pa\u00edses latinoamericanos.<\/p>\n<p>M\u00e1s detalles sobre versiones previas\u00a0 se encuentran disponibles en:<\/p>\n<ul>\n<li><a href=\"http:\/\/www.dim.uchile.cl\/~redes\/escuela06.htm\" target=\"_blank\">I Escuela<\/a><\/li>\n<li><a href=\"http:\/\/www.dim.uchile.cl\/~redes\/escuela07.htm\" target=\"_blank\">II Escuela<\/a><\/li>\n<li><a href=\"http:\/\/www.dim.uchile.cl\/~redes\/escuela08.htm\" target=\"_blank\">III Escuela<\/a><\/li>\n<li><a href=\"http:\/\/www.discretas2009.cmm.uchile.cl\/\" target=\"_blank\">IV Escuela<\/a><\/li>\n<li><a href=\"http:\/\/www.discretas2010.cmm.uchile.cl\/\" target=\"_blank\">V Escuela<\/a><\/li>\n<li><a href=\"http:\/\/discretas2011.cmm.uchile.cl\/\">VI Escuela<\/a><\/li>\n<li><a href=\"http:\/\/discretas2012.cmm.uchile.cl\/\">VII Escuela<\/a><\/li>\n<li><a href=\"http:\/\/discretas2013.cmm.uchile.cl\/\">VIII Escuela<\/a><\/li>\n<li><a href=\"http:\/\/discretas2014.cmm.uchile.cl\/\">IX Escuela<\/a><\/li>\n<li>\u00a0<a href=\"http:\/\/www.discretas2015.cmm.uchile.cl\/\" target=\"_blank\">X Escuela<\/a><\/li>\n<\/ul>\n<p>&nbsp;<\/p>\n","protected":false},"excerpt":{"rendered":"<p>Esta es la und\u00e9cima versi\u00f3n de una exitosa serie de escuelas que ha ido creciendo en el tiempo gracias a la entusiasta participaci\u00f3n de estudiantes de Chile y de diversos pa\u00edses latinoamericanos. M\u00e1s detalles sobre versiones previas\u00a0 se encuentran disponibles en: I Escuela II Escuela III Escuela IV Escuela V Escuela VI Escuela VII Escuela &hellip; <a href=\"https:\/\/eventos.cmm.uchile.cl\/discretas2016\/escuelas-anteriores\/\" class=\"more-link\">Continue reading <span class=\"screen-reader-text\">Escuelas anteriores<\/span> <span class=\"meta-nav\">&rarr;<\/span><\/a><\/p>\n","protected":false},"author":31,"featured_media":0,"parent":0,"menu_order":3,"comment_status":"closed","ping_status":"open","template":"","meta":{"inline_featured_image":false,"footnotes":""},"class_list":["post-10","page","type-page","status-publish","hentry"],"_links":{"self":[{"href":"https:\/\/eventos.cmm.uchile.cl\/discretas2016\/wp-json\/wp\/v2\/pages\/10","targetHints":{"allow":["GET"]}}],"collection":[{"href":"https:\/\/eventos.cmm.uchile.cl\/discretas2016\/wp-json\/wp\/v2\/pages"}],"about":[{"href":"https:\/\/eventos.cmm.uchile.cl\/discretas2016\/wp-json\/wp\/v2\/types\/page"}],"author":[{"embeddable":true,"href":"https:\/\/eventos.cmm.uchile.cl\/discretas2016\/wp-json\/wp\/v2\/users\/31"}],"replies":[{"embeddable":true,"href":"https:\/\/eventos.cmm.uchile.cl\/discretas2016\/wp-json\/wp\/v2\/comments?post=10"}],"version-history":[{"count":1,"href":"https:\/\/eventos.cmm.uchile.cl\/discretas2016\/wp-json\/wp\/v2\/pages\/10\/revisions"}],"predecessor-version":[{"id":11,"href":"https:\/\/eventos.cmm.uchile.cl\/discretas2016\/wp-json\/wp\/v2\/pages\/10\/revisions\/11"}],"wp:attachment":[{"href":"https:\/\/eventos.cmm.uchile.cl\/discretas2016\/wp-json\/wp\/v2\/media?parent=10"}],"curies":[{"name":"wp","href":"https:\/\/api.w.org\/{rel}","templated":true}]}}