{"id":2,"date":"2015-08-13T15:07:26","date_gmt":"2015-08-13T15:07:26","guid":{"rendered":"http:\/\/eventos.cmm.uchile.cl\/discretas2016\/?page_id=2"},"modified":"2015-09-02T19:14:54","modified_gmt":"2015-09-02T19:14:54","slug":"escuela","status":"publish","type":"page","link":"https:\/\/eventos.cmm.uchile.cl\/discretas2016\/escuela\/","title":{"rendered":"Escuela"},"content":{"rendered":"<h2>XI Escuela de Verano en Matem\u00e1ticas Discretas<\/h2>\n<h3>Valparaiso,\u00a04 a 8 de Enero 2016.<\/h3>\n<p>La Escuela est\u00e1 dirigida a alumnos de matem\u00e1ticas, ciencias e ingenier\u00eda que se interesen en algoritmos, combinatoria, optimizaci\u00f3n, y sus diversas aplicaciones en redes, sistemas distribuidos, y teor\u00eda de juegos. Los cursos estar\u00e1n orientados tanto a estudiantes de postgrado como a estudiantes finalizando el pregrado.<\/p>\n<h2>\u00a0Cursos<\/h2>\n<p>En esta ocasi\u00f3n se realizar\u00e1n los siguientes 3 cursos (<strong>en ingl\u00e9s<\/strong>).<\/p>\n<p><a href=\"http:\/\/eventos.cmm.uchile.cl\/discretas2016\/wp-content\/uploads\/sites\/26\/2015\/08\/conlond.jpg\"><img loading=\"lazy\" decoding=\"async\" class=\"alignleft wp-image-36\" src=\"http:\/\/eventos.cmm.uchile.cl\/discretas2016\/wp-content\/uploads\/sites\/26\/2015\/08\/conlond.jpg\" alt=\"conlond\" width=\"150\" height=\"150\" srcset=\"https:\/\/eventos.cmm.uchile.cl\/discretas2016\/wp-content\/uploads\/sites\/26\/2015\/08\/conlond.jpg 250w, https:\/\/eventos.cmm.uchile.cl\/discretas2016\/wp-content\/uploads\/sites\/26\/2015\/08\/conlond-150x150.jpg 150w\" sizes=\"auto, (max-width: 150px) 100vw, 150px\" \/><\/a><\/p>\n<p><a href=\"http:\/\/people.maths.ox.ac.uk\/conlond\/\" target=\"_blank\">David Conlon<\/a><br \/>\nOxford University, England<br \/>\n<strong>\u201cPseudorandom Graphs\u201d<\/strong><br \/>\n<br style=\"clear: both\" \/><\/p>\n<hr \/>\n<p><a href=\"http:\/\/eventos.cmm.uchile.cl\/discretas2016\/wp-content\/uploads\/sites\/26\/2015\/08\/gc0v.jpg\"><img loading=\"lazy\" decoding=\"async\" class=\"alignleft wp-image-37 size-thumbnail\" src=\"http:\/\/eventos.cmm.uchile.cl\/discretas2016\/wp-content\/uploads\/sites\/26\/2015\/08\/gc0v-150x150.jpg\" alt=\"gc0v\" width=\"150\" height=\"150\" \/><\/a><br \/>\n<a href=\"https:\/\/www.math.cmu.edu\/math\/faculty\/Cornuejols\" target=\"_blank\">Gerard Cornuejols<\/a><br \/>\nCarnegie Mellon University, USA<br \/>\n<strong>\u201cCutting planes in integer programming\u201d<\/strong><br \/>\n<br style=\"clear: both\" \/><\/p>\n<hr \/>\n<p><a href=\"http:\/\/eventos.cmm.uchile.cl\/discretas2016\/wp-content\/uploads\/sites\/26\/2015\/08\/Tardos.Eva_.Aug2005.nb_.jpg\"><br \/>\n<img loading=\"lazy\" decoding=\"async\" class=\"alignleft wp-image-38 size-thumbnail\" src=\"http:\/\/eventos.cmm.uchile.cl\/discretas2016\/wp-content\/uploads\/sites\/26\/2015\/08\/Tardos.Eva_.Aug2005.nb_-150x150.jpg\" alt=\"Tardos.Eva.Aug2005.nb\" width=\"150\" height=\"150\" \/><\/a><br \/>\n<a href=\"http:\/\/www.cs.cornell.edu\/~eva\/\" target=\"_blank\">\u00c9va Tardos<\/a><br \/>\nCornell University, USA<br \/>\n<strong>\u201cAlgorithmic Game Theory\u201d<\/strong><\/p>\n<p>&nbsp;<\/p>\n<p>&nbsp;<\/p>\n<h3>Comit\u00e9 Organizador:<\/h3>\n<ul>\n<li>Daniel Espinoza (chair), Universidad de Chile<\/li>\n<li>Jos\u00e9 Soto, Universidad de Chile<\/li>\n<li>Jos\u00e9 Zamora, Universidad Andr\u00e9s Bello<\/li>\n<\/ul>\n<h3>Auspiciadores:<\/h3>\n<p><a href=\"http:\/\/www.cmm.uchile.cl\"><img loading=\"lazy\" decoding=\"async\" class=\"alignnone\" src=\"http:\/\/discretas2014.cmm.uchile.cl\/images\/logo_cmm.png\" alt=\"CMM\" width=\"118\" height=\"103\" \/><\/a>\u00a0 \u00a0 \u00a0 \u00a0 \u00a0 \u00a0 \u00a0 \u00a0 \u00a0<a href=\"http:\/\/www.iniciativamilenio.cl\/\"><img loading=\"lazy\" decoding=\"async\" class=\"alignnone\" src=\"http:\/\/www.discretas2015.cmm.uchile.cl\/images\/LogoMilenio.jpg\" alt=\"\" width=\"158\" height=\"110\" \/><\/a>\u00a0 \u00a0 \u00a0 \u00a0 \u00a0 \u00a0\u00a0<a href=\"http:\/\/acgo.dii.uchile.cl\/\"><img loading=\"lazy\" decoding=\"async\" class=\"alignnone\" src=\"http:\/\/www.discretas2015.cmm.uchile.cl\/images\/logoMilenio.jpeg\" alt=\"\" width=\"97\" height=\"131\" \/><\/a><\/p>\n<p>&nbsp;<\/p>\n","protected":false},"excerpt":{"rendered":"<p>XI Escuela de Verano en Matem\u00e1ticas Discretas Valparaiso,\u00a04 a 8 de Enero 2016. La Escuela est\u00e1 dirigida a alumnos de matem\u00e1ticas, ciencias e ingenier\u00eda que se interesen en algoritmos, combinatoria, optimizaci\u00f3n, y sus diversas aplicaciones en redes, sistemas distribuidos, y teor\u00eda de juegos. Los cursos estar\u00e1n orientados tanto a estudiantes de postgrado como a estudiantes &hellip; <a href=\"https:\/\/eventos.cmm.uchile.cl\/discretas2016\/escuela\/\" class=\"more-link\">Continue reading <span class=\"screen-reader-text\">Escuela<\/span> <span class=\"meta-nav\">&rarr;<\/span><\/a><\/p>\n","protected":false},"author":31,"featured_media":0,"parent":0,"menu_order":1,"comment_status":"closed","ping_status":"closed","template":"","meta":{"inline_featured_image":false,"footnotes":""},"class_list":["post-2","page","type-page","status-publish","hentry"],"_links":{"self":[{"href":"https:\/\/eventos.cmm.uchile.cl\/discretas2016\/wp-json\/wp\/v2\/pages\/2","targetHints":{"allow":["GET"]}}],"collection":[{"href":"https:\/\/eventos.cmm.uchile.cl\/discretas2016\/wp-json\/wp\/v2\/pages"}],"about":[{"href":"https:\/\/eventos.cmm.uchile.cl\/discretas2016\/wp-json\/wp\/v2\/types\/page"}],"author":[{"embeddable":true,"href":"https:\/\/eventos.cmm.uchile.cl\/discretas2016\/wp-json\/wp\/v2\/users\/31"}],"replies":[{"embeddable":true,"href":"https:\/\/eventos.cmm.uchile.cl\/discretas2016\/wp-json\/wp\/v2\/comments?post=2"}],"version-history":[{"count":17,"href":"https:\/\/eventos.cmm.uchile.cl\/discretas2016\/wp-json\/wp\/v2\/pages\/2\/revisions"}],"predecessor-version":[{"id":6,"href":"https:\/\/eventos.cmm.uchile.cl\/discretas2016\/wp-json\/wp\/v2\/pages\/2\/revisions\/6"}],"wp:attachment":[{"href":"https:\/\/eventos.cmm.uchile.cl\/discretas2016\/wp-json\/wp\/v2\/media?parent=2"}],"curies":[{"name":"wp","href":"https:\/\/api.w.org\/{rel}","templated":true}]}}