{"id":8,"date":"2015-08-14T01:43:25","date_gmt":"2015-08-14T01:43:25","guid":{"rendered":"http:\/\/eventos.cmm.uchile.cl\/discretas2016\/?page_id=8"},"modified":"2015-09-02T19:16:51","modified_gmt":"2015-09-02T19:16:51","slug":"lugar","status":"publish","type":"page","link":"https:\/\/eventos.cmm.uchile.cl\/discretas2016\/lugar\/","title":{"rendered":"Lugar"},"content":{"rendered":"<p><a href=\"http:\/\/www.iscv.cl\/\">Instituto de Sistemas Complejos de Valpara\u00edso<\/a> (ISCV)<br \/>\nSubida Artiller\u00eda 470 (Costado Museo Naval)<br \/>\nCerro Artiller\u00eda &#8211; <a href=\"http:\/\/www.ciudaddevalparaiso.cl\/inicio\/index.php\">Valpara\u00edso<\/a>, Chile.<\/p>\n<p><a href=\"http:\/\/eventos.cmm.uchile.cl\/discretas2016\/wp-content\/uploads\/sites\/26\/2015\/08\/Panoramica_Valparaiso.jpg\"><img loading=\"lazy\" decoding=\"async\" class=\"alignnone size-large wp-image-72\" src=\"http:\/\/eventos.cmm.uchile.cl\/discretas2016\/wp-content\/uploads\/sites\/26\/2015\/08\/Panoramica_Valparaiso-1024x336.jpg\" alt=\"Panoramica_Valparaiso\" width=\"604\" height=\"198\" srcset=\"https:\/\/eventos.cmm.uchile.cl\/discretas2016\/wp-content\/uploads\/sites\/26\/2015\/08\/Panoramica_Valparaiso-1024x336.jpg 1024w, https:\/\/eventos.cmm.uchile.cl\/discretas2016\/wp-content\/uploads\/sites\/26\/2015\/08\/Panoramica_Valparaiso-300x98.jpg 300w\" sizes=\"auto, (max-width: 604px) 100vw, 604px\" \/><\/a>La Escuela se lleva a cabo en el Instituto de Sistemas Complejos de Valpara\u00edso (ISCV).<\/p>\n\n<!-- iframe plugin v.6.0 wordpress.org\/plugins\/iframe\/ -->\n<iframe loading=\"lazy\" src=\"https:\/\/www.google.com\/maps\/d\/embed?mid=zwGWOuPmQnjM.kf8ELL0ia24Y\" width=\"640\" height=\"480\" 0=\"allowfullscreen\" scrolling=\"yes\" class=\"iframe-class\" frameborder=\"0\"><\/iframe>\n\n<p><strong>Acerca del ISCV:<\/strong> El Instituto de Sistemas Complejos de Valpara\u00edso (ISCV) es un centro para la investigaci\u00f3n y difusi\u00f3n de los Sistemas Complejos cuyo objetivo es el desarrollo de conocimiento de punta, formulaci\u00f3n de nuevos paradigmas, y promoci\u00f3n de discusiones cient\u00edficas abiertas entre investigadores, visitantes, y estudiantes, as\u00ed como su difusi\u00f3n tanto en el sector productivo como el p\u00fablico general.<\/p>\n<p>El ISCV es una corporaci\u00f3n privada sin fines de lucro, fundada el 2004, inclusiva y acojedora, que coloca a disposici\u00f3n de la comunidad\u00a0 infraestructura en un ambiente cient\u00edfico que promueve la cooperaci\u00f3n y la interacci\u00f3n entre sus participantes. Lo anterior, en un espacio con una vista panor\u00e1mica privilegiada de la bah\u00eda y de los cerros de la ciudad-puerto cuyo casco hist\u00f3rico fuese declarado Patrimonio de la Humanidad por la Unesco el a\u00f1o 2003.<\/p>\n","protected":false},"excerpt":{"rendered":"<p>Instituto de Sistemas Complejos de Valpara\u00edso (ISCV) Subida Artiller\u00eda 470 (Costado Museo Naval) Cerro Artiller\u00eda &#8211; Valpara\u00edso, Chile. La Escuela se lleva a cabo en el Instituto de Sistemas Complejos de Valpara\u00edso (ISCV). Acerca del ISCV: El Instituto de Sistemas Complejos de Valpara\u00edso (ISCV) es un centro para la investigaci\u00f3n y difusi\u00f3n de los Sistemas &hellip; <a href=\"https:\/\/eventos.cmm.uchile.cl\/discretas2016\/lugar\/\" class=\"more-link\">Continue reading <span class=\"screen-reader-text\">Lugar<\/span> <span class=\"meta-nav\">&rarr;<\/span><\/a><\/p>\n","protected":false},"author":31,"featured_media":0,"parent":0,"menu_order":2,"comment_status":"closed","ping_status":"open","template":"","meta":{"inline_featured_image":false,"footnotes":""},"class_list":["post-8","page","type-page","status-publish","hentry"],"_links":{"self":[{"href":"https:\/\/eventos.cmm.uchile.cl\/discretas2016\/wp-json\/wp\/v2\/pages\/8","targetHints":{"allow":["GET"]}}],"collection":[{"href":"https:\/\/eventos.cmm.uchile.cl\/discretas2016\/wp-json\/wp\/v2\/pages"}],"about":[{"href":"https:\/\/eventos.cmm.uchile.cl\/discretas2016\/wp-json\/wp\/v2\/types\/page"}],"author":[{"embeddable":true,"href":"https:\/\/eventos.cmm.uchile.cl\/discretas2016\/wp-json\/wp\/v2\/users\/31"}],"replies":[{"embeddable":true,"href":"https:\/\/eventos.cmm.uchile.cl\/discretas2016\/wp-json\/wp\/v2\/comments?post=8"}],"version-history":[{"count":21,"href":"https:\/\/eventos.cmm.uchile.cl\/discretas2016\/wp-json\/wp\/v2\/pages\/8\/revisions"}],"predecessor-version":[{"id":95,"href":"https:\/\/eventos.cmm.uchile.cl\/discretas2016\/wp-json\/wp\/v2\/pages\/8\/revisions\/95"}],"wp:attachment":[{"href":"https:\/\/eventos.cmm.uchile.cl\/discretas2016\/wp-json\/wp\/v2\/media?parent=8"}],"curies":[{"name":"wp","href":"https:\/\/api.w.org\/{rel}","templated":true}]}}