{"id":26,"date":"2016-09-08T13:44:42","date_gmt":"2016-09-08T16:44:42","guid":{"rendered":"http:\/\/eventos.cmm.uchile.cl\/discretas2017\/?page_id=26"},"modified":"2016-09-27T10:31:52","modified_gmt":"2016-09-27T13:31:52","slug":"escuelas-anteriores","status":"publish","type":"page","link":"https:\/\/eventos.cmm.uchile.cl\/discretas2017\/escuelas-anteriores\/","title":{"rendered":"Escuelas anteriores"},"content":{"rendered":"<p>Esta es la duod\u00e9cima versi\u00f3n de una exitosa serie de escuelas que ha ido creciendo en el tiempo gracias a la entusiasta participaci\u00f3n de estudiantes de Chile y de diversos pa\u00edses latinoamericanos.<\/p>\n<p>M\u00e1s detalles sobre versiones previas se encuentran disponibles en:<\/p>\n<ul>\n<li><a href=\"http:\/\/www.dim.uchile.cl\/~redes\/escuela06.htm\" target=\"_blank\">I Escuela<\/a><\/li>\n<li><a href=\"http:\/\/www.dim.uchile.cl\/~redes\/escuela07.htm\" target=\"_blank\">II Escuela<\/a><\/li>\n<li><a href=\"http:\/\/www.dim.uchile.cl\/~redes\/escuela08.htm\" target=\"_blank\">III Escuela<\/a><\/li>\n<li><a href=\"http:\/\/www.discretas2009.cmm.uchile.cl\/\" target=\"_blank\">IV Escuela<\/a><\/li>\n<li><a href=\"http:\/\/www.discretas2010.cmm.uchile.cl\/\" target=\"_blank\">V Escuela<\/a><\/li>\n<li><a href=\"http:\/\/discretas2011.cmm.uchile.cl\/\">VI Escuela<\/a><\/li>\n<li><a href=\"http:\/\/discretas2012.cmm.uchile.cl\/\">VII Escuela<\/a><\/li>\n<li><a href=\"http:\/\/discretas2013.cmm.uchile.cl\/\">VIII Escuela<\/a><\/li>\n<li><a href=\"http:\/\/discretas2014.cmm.uchile.cl\/\">IX Escuela<\/a><\/li>\n<li><a href=\"http:\/\/www.discretas2015.cmm.uchile.cl\/\" target=\"_blank\">X Escuela<\/a><\/li>\n<li><a href=\"http:\/\/eventos.cmm.uchile.cl\/discretas2016\" target=\"_blank\">XI Escuela<\/a><\/li>\n<\/ul>\n","protected":false},"excerpt":{"rendered":"<p>Esta es la duod\u00e9cima versi\u00f3n de una exitosa serie de escuelas que ha ido creciendo en el tiempo gracias a la entusiasta participaci\u00f3n de estudiantes de Chile y de diversos pa\u00edses latinoamericanos. M\u00e1s detalles sobre versiones previas se encuentran disponibles en: I Escuela II Escuela III Escuela IV Escuela V Escuela VI Escuela VII Escuela &hellip; <a href=\"https:\/\/eventos.cmm.uchile.cl\/discretas2017\/escuelas-anteriores\/\" class=\"more-link\">Seguir leyendo <span class=\"screen-reader-text\">Escuelas anteriores<\/span> <span class=\"meta-nav\">&rarr;<\/span><\/a><\/p>\n","protected":false},"author":31,"featured_media":0,"parent":0,"menu_order":2,"comment_status":"closed","ping_status":"closed","template":"","meta":{"inline_featured_image":false,"footnotes":""},"class_list":["post-26","page","type-page","status-publish","hentry"],"_links":{"self":[{"href":"https:\/\/eventos.cmm.uchile.cl\/discretas2017\/wp-json\/wp\/v2\/pages\/26","targetHints":{"allow":["GET"]}}],"collection":[{"href":"https:\/\/eventos.cmm.uchile.cl\/discretas2017\/wp-json\/wp\/v2\/pages"}],"about":[{"href":"https:\/\/eventos.cmm.uchile.cl\/discretas2017\/wp-json\/wp\/v2\/types\/page"}],"author":[{"embeddable":true,"href":"https:\/\/eventos.cmm.uchile.cl\/discretas2017\/wp-json\/wp\/v2\/users\/31"}],"replies":[{"embeddable":true,"href":"https:\/\/eventos.cmm.uchile.cl\/discretas2017\/wp-json\/wp\/v2\/comments?post=26"}],"version-history":[{"count":2,"href":"https:\/\/eventos.cmm.uchile.cl\/discretas2017\/wp-json\/wp\/v2\/pages\/26\/revisions"}],"predecessor-version":[{"id":50,"href":"https:\/\/eventos.cmm.uchile.cl\/discretas2017\/wp-json\/wp\/v2\/pages\/26\/revisions\/50"}],"wp:attachment":[{"href":"https:\/\/eventos.cmm.uchile.cl\/discretas2017\/wp-json\/wp\/v2\/media?parent=26"}],"curies":[{"name":"wp","href":"https:\/\/api.w.org\/{rel}","templated":true}]}}