{"id":28,"date":"2016-09-22T16:16:31","date_gmt":"2016-09-22T19:16:31","guid":{"rendered":"http:\/\/eventos.cmm.uchile.cl\/discretas2017\/?page_id=28"},"modified":"2016-11-14T13:50:33","modified_gmt":"2016-11-14T16:50:33","slug":"postulaciones","status":"publish","type":"page","link":"https:\/\/eventos.cmm.uchile.cl\/discretas2017\/postulaciones\/","title":{"rendered":"Postulaciones"},"content":{"rendered":"<h2>Becas de estad\u00eda<\/h2>\n<p>La organizaci\u00f3n entregar\u00e1 becas para gastos de estad\u00edas. Los alumnos becados que no residan en Valpara\u00edso recibir\u00e1n financiamiento para cubrir sus gastos de estad\u00eda. Cada beca asciende a <strong>$170.000 (ciento setenta mil pesos Chilenos)<\/strong>, de los cuales deben descontarse $30.000 por concepto de inscripci\u00f3n en la Escuela.<\/p>\n<p>Los alumnos becados residentes en Valpara\u00edso recibir\u00e1n una beca de $40.000 (cuarenta\u00a0mil pesos) m\u00e1s los gastos de inscripci\u00f3n.<\/p>\n<h2>Proceso de postulaci\u00f3n<\/h2>\n<p>Los estudiantes interesados en postular deben llenar el <strong><span style=\"color: red\">FORMULARIO<\/span><\/strong> al final de la p\u00e1gina adjuntando una <strong>referencia<\/strong>, un <strong>CV<\/strong> y la concentraci\u00f3n de notas obtenidas en sus respectivas carreras. Las fechas l\u00edmites para postular son las siguientes:<\/p>\n<ul>\n<li><big><strong>Estudiantes NO residentes en Chile: <span style=\"color: #ff0000\">19 de Octubre<\/span><span style=\"color: red\"><br \/>\n<\/span><\/strong><\/big><strong>Nota<\/strong>:<br \/>\nLos alumnos aceptados deber\u00e1n certificar a m\u00e1s tardar el d\u00eda <b>19 de Noviembre<\/b><br \/>\nque cuentan con el financiamiento para cubrir sus gastos de traslado hacia Valpara\u00edso.<\/li>\n<li><strong><big>Estudiantes residentes en Chile: <span style=\"color: #ff0000\">6 de Noviembre<\/span><\/big><\/strong><\/li>\n<\/ul>\n<p>No se aceptar\u00e1n postulaciones fuera de plazo.<br \/>\nHabr\u00e1 un proceso de selecci\u00f3n en base a pertinencia, m\u00e9ritos, y en consideraci\u00f3n a la<br \/>\ninfraestructura disponible para la realizaci\u00f3n de la Escuela.<\/p>\n<p>La fecha estimada de respuesta es de aproximadamente 10 d\u00edas una vez cerradas las postulaciones.<\/p>\n<h2><\/h2>\n<h2><span style=\"color: #ff0000\">Las Postulaciones est\u00e1n cerradas. Los alumnos seleccionados han sido notificados.<\/span><\/h2>\n","protected":false},"excerpt":{"rendered":"<p>Becas de estad\u00eda La organizaci\u00f3n entregar\u00e1 becas para gastos de estad\u00edas. Los alumnos becados que no residan en Valpara\u00edso recibir\u00e1n financiamiento para cubrir sus gastos de estad\u00eda. Cada beca asciende a $170.000 (ciento setenta mil pesos Chilenos), de los cuales deben descontarse $30.000 por concepto de inscripci\u00f3n en la Escuela. Los alumnos becados residentes en &hellip; <a href=\"https:\/\/eventos.cmm.uchile.cl\/discretas2017\/postulaciones\/\" class=\"more-link\">Seguir leyendo <span class=\"screen-reader-text\">Postulaciones<\/span> <span class=\"meta-nav\">&rarr;<\/span><\/a><\/p>\n","protected":false},"author":31,"featured_media":0,"parent":0,"menu_order":0,"comment_status":"closed","ping_status":"closed","template":"","meta":{"inline_featured_image":false,"footnotes":""},"class_list":["post-28","page","type-page","status-publish","hentry"],"_links":{"self":[{"href":"https:\/\/eventos.cmm.uchile.cl\/discretas2017\/wp-json\/wp\/v2\/pages\/28","targetHints":{"allow":["GET"]}}],"collection":[{"href":"https:\/\/eventos.cmm.uchile.cl\/discretas2017\/wp-json\/wp\/v2\/pages"}],"about":[{"href":"https:\/\/eventos.cmm.uchile.cl\/discretas2017\/wp-json\/wp\/v2\/types\/page"}],"author":[{"embeddable":true,"href":"https:\/\/eventos.cmm.uchile.cl\/discretas2017\/wp-json\/wp\/v2\/users\/31"}],"replies":[{"embeddable":true,"href":"https:\/\/eventos.cmm.uchile.cl\/discretas2017\/wp-json\/wp\/v2\/comments?post=28"}],"version-history":[{"count":8,"href":"https:\/\/eventos.cmm.uchile.cl\/discretas2017\/wp-json\/wp\/v2\/pages\/28\/revisions"}],"predecessor-version":[{"id":67,"href":"https:\/\/eventos.cmm.uchile.cl\/discretas2017\/wp-json\/wp\/v2\/pages\/28\/revisions\/67"}],"wp:attachment":[{"href":"https:\/\/eventos.cmm.uchile.cl\/discretas2017\/wp-json\/wp\/v2\/media?parent=28"}],"curies":[{"name":"wp","href":"https:\/\/api.w.org\/{rel}","templated":true}]}}