{"id":14,"date":"2017-07-03T11:47:23","date_gmt":"2017-07-03T15:47:23","guid":{"rendered":"http:\/\/eventos.cmm.uchile.cl\/discretas2018\/?page_id=14"},"modified":"2017-11-20T12:26:11","modified_gmt":"2017-11-20T15:26:11","slug":"postulaciones","status":"publish","type":"page","link":"https:\/\/eventos.cmm.uchile.cl\/discretas2018\/postulaciones\/","title":{"rendered":"Postulaciones (Applications)"},"content":{"rendered":"<h2><span style=\"color: #ff0000\">Las Postulaciones est\u00e1n cerradas. Los alumnos seleccionados han sido notificados.<\/span><\/h2>\n<p>Information is available in Spanish and English.<br \/>\nInformaci\u00f3n disponible en ingl\u00e9s y espa\u00f1ol.<\/p>\n<hr \/>\n<h4>(espa\u00f1ol)<\/h4>\n<h2>Becas de estad\u00eda<\/h2>\n<p>La organizaci\u00f3n entregar\u00e1 becas para gastos de estad\u00edas. Los alumnos becados que no residan en Valpara\u00edso recibir\u00e1n financiamiento para cubrir sus gastos de estad\u00eda. Cada beca asciende a <strong>$170.000 (ciento setenta mil pesos Chilenos)<\/strong>, de los cuales deben descontarse $25.000 por concepto de inscripci\u00f3n en la Escuela.<\/p>\n<p>Los alumnos becados residentes en Valpara\u00edso recibir\u00e1n una beca de $40.000 (cuarenta mil pesos) m\u00e1s los gastos de inscripci\u00f3n.<\/p>\n<h2>Proceso de postulaci\u00f3n<\/h2>\n<p>Los estudiantes interesados en postular deben llenar el <strong><span style=\"color: red\">FORMULARIO<\/span><\/strong> al final de la p\u00e1gina adjuntando un <strong>CV<\/strong> y la concentraci\u00f3n de notas obtenidas en sus respectivas carreras. Las fechas l\u00edmites para postular es el <strong><span style=\"color: #ff0000\">27 de Octubre<\/span><\/strong>:<\/p>\n<p>Los estudiantes alumnos aceptados deber\u00e1n certificar a m\u00e1s tardar el d\u00eda <strong>23<\/strong><b> de Noviembre <\/b>que cuentan con el financiamiento para cubrir sus gastos de traslado hacia Valpara\u00edso.<big><\/big><\/p>\n<p>No se aceptar\u00e1n postulaciones fuera de plazo.<br \/>\nHabr\u00e1 un proceso de selecci\u00f3n en base a pertinencia, m\u00e9ritos, y en consideraci\u00f3n a la\u00a0infraestructura disponible para la realizaci\u00f3n de la Escuela.<\/p>\n<p>La fecha estimada de respuesta es de aproximadamente 10 d\u00edas una vez cerradas las postulaciones.<\/p>\n<h3>Formulario al final de la p\u00e1gina.<\/h3>\n<hr \/>\n<h4>(English)<\/h4>\n<h4><\/h4>\n<h2>Accommodation Scholarships<\/h2>\n<p>The school organizers will provide scholarships to cover living expenses<br \/>\nwhile attending the School.<\/p>\n<p>Students who do not reside in Valpara\u00edso will receive a scholarship of<br \/>\n<strong>$170,000 (one hundred and seventy thousand Chilean pesos)<\/strong>, of which<br \/>\n$25,000 must be deducted for registration fees at the School.<\/p>\n<p>Students residing in Valparaiso will receive a scholarship of $40,000<br \/>\n(forty thousand Chilean pesos) plus registration fees.<\/p>\n<h2>Application process<\/h2>\n<p>Students interested in applying should fill out the <span style=\"color: #ff0000\"><strong>FORM<\/strong><\/span> at the bottom<br \/>\nof the this page enclosing a CV and their grade<br \/>\ntranscripts from their home institution. The application deadline is<br \/>\n<strong><span style=\"color: #ff0000\">October 27<\/span><\/strong>, 2017.<\/p>\n<p>Students accepted must certify, by November 23rd, that they have secured<br \/>\nfunding to cover their transportation expenses to Valparaiso.<\/p>\n<p>Applications will not be accepted after the deadline. There will be a<br \/>\nselection process based on relevance, merit, and available<br \/>\nspace\/infrastructure.<\/p>\n<p>The estimated response date is approximately 10 days after the<br \/>\napplication deadline.<\/p>\n","protected":false},"excerpt":{"rendered":"<p>Las Postulaciones est\u00e1n cerradas. Los alumnos seleccionados han sido notificados. Information is available in Spanish and English. Informaci\u00f3n disponible en ingl\u00e9s y espa\u00f1ol. (espa\u00f1ol) Becas de estad\u00eda La organizaci\u00f3n entregar\u00e1 becas para gastos de estad\u00edas. Los alumnos becados que no residan en Valpara\u00edso recibir\u00e1n financiamiento para cubrir sus gastos de estad\u00eda. Cada beca asciende a &hellip; <a href=\"https:\/\/eventos.cmm.uchile.cl\/discretas2018\/postulaciones\/\" class=\"more-link\">Contin\u00fae leyendo <span class=\"screen-reader-text\">Postulaciones (Applications)<\/span> <span class=\"meta-nav\">&rarr;<\/span><\/a><\/p>\n","protected":false},"author":2,"featured_media":0,"parent":0,"menu_order":3,"comment_status":"closed","ping_status":"closed","template":"","meta":{"inline_featured_image":false,"footnotes":""},"class_list":["post-14","page","type-page","status-publish","hentry"],"_links":{"self":[{"href":"https:\/\/eventos.cmm.uchile.cl\/discretas2018\/wp-json\/wp\/v2\/pages\/14","targetHints":{"allow":["GET"]}}],"collection":[{"href":"https:\/\/eventos.cmm.uchile.cl\/discretas2018\/wp-json\/wp\/v2\/pages"}],"about":[{"href":"https:\/\/eventos.cmm.uchile.cl\/discretas2018\/wp-json\/wp\/v2\/types\/page"}],"author":[{"embeddable":true,"href":"https:\/\/eventos.cmm.uchile.cl\/discretas2018\/wp-json\/wp\/v2\/users\/2"}],"replies":[{"embeddable":true,"href":"https:\/\/eventos.cmm.uchile.cl\/discretas2018\/wp-json\/wp\/v2\/comments?post=14"}],"version-history":[{"count":13,"href":"https:\/\/eventos.cmm.uchile.cl\/discretas2018\/wp-json\/wp\/v2\/pages\/14\/revisions"}],"predecessor-version":[{"id":132,"href":"https:\/\/eventos.cmm.uchile.cl\/discretas2018\/wp-json\/wp\/v2\/pages\/14\/revisions\/132"}],"wp:attachment":[{"href":"https:\/\/eventos.cmm.uchile.cl\/discretas2018\/wp-json\/wp\/v2\/media?parent=14"}],"curies":[{"name":"wp","href":"https:\/\/api.w.org\/{rel}","templated":true}]}}