{"id":71,"date":"2018-07-22T17:27:00","date_gmt":"2018-07-22T17:27:00","guid":{"rendered":"http:\/\/eventos.cmm.uchile.cl\/discretas2019\/?page_id=71"},"modified":"2018-11-23T01:27:17","modified_gmt":"2018-11-23T01:27:17","slug":"postulaciones","status":"publish","type":"page","link":"https:\/\/eventos.cmm.uchile.cl\/discretas2019\/postulaciones\/","title":{"rendered":"Postulaciones"},"content":{"rendered":"<hr \/>\n<h2>Las Postulaciones est\u00e1n cerradas.<\/h2>\n<hr \/>\n<h2><b>Becas de estad\u00eda<\/b><\/h2>\n<div>La organizaci\u00f3n entregar\u00e1 becas para gastos de estad\u00edas. Los alumnos becados que no residan en Valparaiso recibir\u00e1n financiamiento para cubrir sus gastos de estad\u00eda. El monto de la beca var\u00eda, pero es suficiente para un alojamiento modesto en Valpara\u00edso (se estima una beca aproximada de $150.000 pesos chilenos). De esta beca, se\u00a0deben descontar\u00a0<b>$25.000<\/b>\u00a0por concepto de inscripci\u00f3n en la Escuela.<\/div>\n<h2><b>Proceso de\u00a0<span class=\"il\">postulaci\u00f3n<\/span><\/b><\/h2>\n<div>Los estudiantes interesados en\u00a0<span class=\"il\">postular<\/span>\u00a0deben llenar el\u00a0<b>FORMULARIO al\u00a0<\/b>final de la p\u00e1gina incluyendo el nombre de un profesor para referencias, y adjuntando un\u00a0<b>CV\u00a0<\/b>\u00a0y la\u00a0<b>concentraci\u00f3n de notas\u00a0<\/b>obtenidas en sus respectivas carreras.<\/div>\n<div><\/div>\n<div>La fecha l\u00edmite para\u00a0<span class=\"il\">postular<\/span>\u00a0es el\u00a0<b>28 de Septiembre.<\/b><\/div>\n<div>Adem\u00e1s, los estudiantes alumnos aceptados\u00a0provenientes de fuera de Chile\u00a0deber\u00e1n certificar a m\u00e1s tardar el d\u00eda\u00a0<b>1 de Noviembre\u00a0<\/b>que cuentan con el financiamiento para cubrir sus gastos de traslado hacia Valpara\u00edso.<\/div>\n<div><\/div>\n<div>No se aceptar\u00e1n\u00a0<span class=\"il\">postulaciones<\/span>\u00a0fuera de plazo.<\/div>\n<div>Habr\u00e1 un proceso de selecci\u00f3n en base a pertinencia, m\u00e9ritos, y en consideraci\u00f3n a la infraestructura disponible para la realizaci\u00f3n de la Escuela.<\/div>\n<div>La fecha estimada de respuesta es de aproximadamente 10 d\u00edas una vez cerradas las\u00a0<span class=\"il\">postulaciones<\/span>.<\/div>\n<p>&nbsp;<\/p>\n","protected":false},"excerpt":{"rendered":"<p>Las Postulaciones est\u00e1n cerradas. Becas de estad\u00eda La organizaci\u00f3n entregar\u00e1 becas para gastos de estad\u00edas. Los alumnos becados que no residan en Valparaiso recibir\u00e1n financiamiento para cubrir sus gastos de estad\u00eda. El monto de la beca var\u00eda, pero es suficiente para un alojamiento modesto en Valpara\u00edso (se estima una beca aproximada de $150.000 pesos chilenos). &hellip; <a href=\"https:\/\/eventos.cmm.uchile.cl\/discretas2019\/postulaciones\/\" class=\"more-link\">Contin\u00fae leyendo <span class=\"screen-reader-text\">Postulaciones<\/span> <span class=\"meta-nav\">&rarr;<\/span><\/a><\/p>\n","protected":false},"author":55,"featured_media":0,"parent":0,"menu_order":6,"comment_status":"closed","ping_status":"closed","template":"","meta":{"inline_featured_image":false,"footnotes":""},"class_list":["post-71","page","type-page","status-publish","hentry"],"_links":{"self":[{"href":"https:\/\/eventos.cmm.uchile.cl\/discretas2019\/wp-json\/wp\/v2\/pages\/71","targetHints":{"allow":["GET"]}}],"collection":[{"href":"https:\/\/eventos.cmm.uchile.cl\/discretas2019\/wp-json\/wp\/v2\/pages"}],"about":[{"href":"https:\/\/eventos.cmm.uchile.cl\/discretas2019\/wp-json\/wp\/v2\/types\/page"}],"author":[{"embeddable":true,"href":"https:\/\/eventos.cmm.uchile.cl\/discretas2019\/wp-json\/wp\/v2\/users\/55"}],"replies":[{"embeddable":true,"href":"https:\/\/eventos.cmm.uchile.cl\/discretas2019\/wp-json\/wp\/v2\/comments?post=71"}],"version-history":[{"count":39,"href":"https:\/\/eventos.cmm.uchile.cl\/discretas2019\/wp-json\/wp\/v2\/pages\/71\/revisions"}],"predecessor-version":[{"id":171,"href":"https:\/\/eventos.cmm.uchile.cl\/discretas2019\/wp-json\/wp\/v2\/pages\/71\/revisions\/171"}],"wp:attachment":[{"href":"https:\/\/eventos.cmm.uchile.cl\/discretas2019\/wp-json\/wp\/v2\/media?parent=71"}],"curies":[{"name":"wp","href":"https:\/\/api.w.org\/{rel}","templated":true}]}}