{"id":8,"date":"2018-05-17T21:11:00","date_gmt":"2018-05-17T21:11:00","guid":{"rendered":"http:\/\/eventos.cmm.uchile.cl\/discretas2019\/?page_id=8"},"modified":"2018-11-23T01:24:52","modified_gmt":"2018-11-23T01:24:52","slug":"escuela","status":"publish","type":"page","link":"https:\/\/eventos.cmm.uchile.cl\/discretas2019\/","title":{"rendered":"Escuela"},"content":{"rendered":"<p>La Escuela est\u00e1 dirigida a alumnos de matem\u00e1ticas, ciencias e ingenier\u00eda que se interesen en algoritmos, combinatoria, optimizaci\u00f3n, y sus diversas aplicaciones en redes, sistemas distribuidos, y teor\u00eda de juegos. Los cursos estar\u00e1n orientados tanto a estudiantes de postgrado como a estudiantes finalizando el pregrado.<\/p>\n<p style=\"text-align: left\">Este a\u00f1o los cursos ser\u00e1n:<\/p>\n<p style=\"text-align: center\"><img loading=\"lazy\" decoding=\"async\" class=\"alignnone size-medium wp-image-31\" src=\"http:\/\/eventos.cmm.uchile.cl\/discretas2019\/wp-content\/uploads\/sites\/62\/2018\/07\/bubeck-300x236.jpg\" alt=\"\" width=\"300\" height=\"236\" srcset=\"https:\/\/eventos.cmm.uchile.cl\/discretas2019\/wp-content\/uploads\/sites\/62\/2018\/07\/bubeck-300x236.jpg 300w, https:\/\/eventos.cmm.uchile.cl\/discretas2019\/wp-content\/uploads\/sites\/62\/2018\/07\/bubeck-768x605.jpg 768w, https:\/\/eventos.cmm.uchile.cl\/discretas2019\/wp-content\/uploads\/sites\/62\/2018\/07\/bubeck-1024x806.jpg 1024w\" sizes=\"auto, (max-width: 300px) 100vw, 300px\" \/><br \/>\n<strong>&#8220;Metrical Task Systems and k-Server via Convex Optimization\u201d<\/strong><br \/>\n<a href=\"http:\/\/sbubeck.com\/\">S\u00e9bastien Bubeck<\/a><br \/>\nMicrosoft Research, USA<\/p>\n<p>&nbsp;<\/p>\n<p style=\"text-align: center\"><img loading=\"lazy\" decoding=\"async\" class=\"size-medium wp-image-30\" src=\"http:\/\/eventos.cmm.uchile.cl\/discretas2019\/wp-content\/uploads\/sites\/62\/2018\/07\/Fomin-212x300.jpg\" alt=\"\" width=\"212\" height=\"300\" srcset=\"https:\/\/eventos.cmm.uchile.cl\/discretas2019\/wp-content\/uploads\/sites\/62\/2018\/07\/Fomin-212x300.jpg 212w, https:\/\/eventos.cmm.uchile.cl\/discretas2019\/wp-content\/uploads\/sites\/62\/2018\/07\/Fomin.jpg 565w\" sizes=\"auto, (max-width: 212px) 100vw, 212px\" \/><br \/>\n<strong>&#8220;Introduction to Parameterized Algorithms&#8221;<\/strong><br \/>\n<a href=\"http:\/\/www.ii.uib.no\/~fomin\/#\">Fedor V. Fomin<\/a><br \/>\nUniversity of Bergen, Norway<\/p>\n<p>&nbsp;<\/p>\n<p style=\"text-align: center\"><img loading=\"lazy\" decoding=\"async\" class=\"alignnone size-medium wp-image-32\" src=\"http:\/\/eventos.cmm.uchile.cl\/discretas2019\/wp-content\/uploads\/sites\/62\/2018\/07\/papadimitriou-196x300.jpg\" alt=\"\" width=\"196\" height=\"300\" srcset=\"https:\/\/eventos.cmm.uchile.cl\/discretas2019\/wp-content\/uploads\/sites\/62\/2018\/07\/papadimitriou-196x300.jpg 196w, https:\/\/eventos.cmm.uchile.cl\/discretas2019\/wp-content\/uploads\/sites\/62\/2018\/07\/papadimitriou-768x1178.jpg 768w, https:\/\/eventos.cmm.uchile.cl\/discretas2019\/wp-content\/uploads\/sites\/62\/2018\/07\/papadimitriou-668x1024.jpg 668w, https:\/\/eventos.cmm.uchile.cl\/discretas2019\/wp-content\/uploads\/sites\/62\/2018\/07\/papadimitriou.jpg 1754w\" sizes=\"auto, (max-width: 196px) 100vw, 196px\" \/><br \/>\n<strong>&#8220;Computational Problems in the Study of the Brain\u201d<\/strong><br \/>\n<a href=\"http:\/\/people.eecs.berkeley.edu\/~christos\/\">Christos Papadimitriou<\/a><br \/>\nColumbia University, USA<\/p>\n<h3 style=\"text-align: center\"><\/h3>\n<p>&nbsp;<\/p>\n<h3 style=\"text-align: center\"><\/h3>\n<h3>Comit\u00e9 Organizador<\/h3>\n<ul>\n<li>Mart\u00edn Matamala, DIM &amp; CMM, Universidad de Chile<\/li>\n<li>Pedro Montealegre, Universidad Adolfo Ib\u00e1nez<\/li>\n<li>Iv\u00e1n Rapaport (Chair), DIM &amp; CMM, Universidad de Chile<\/li>\n<li>Jos\u00e9 Soto, DIM &amp; CMM, Universidad de Chile<\/li>\n<li>Jos\u00e9 Verschae, Universidad de O&#8217;Higgins<\/li>\n<\/ul>\n<h3>Patrocina<br \/>\n<a href=\"http:\/\/www.cmm.uchile.cl\/\"><img loading=\"lazy\" decoding=\"async\" class=\"alignnone wp-image-58\" src=\"http:\/\/eventos.cmm.uchile.cl\/discretas2019\/wp-content\/uploads\/sites\/62\/2018\/05\/logo_cmm_rgb02.png\" alt=\"logo_cmm_rgb02\" width=\"113\" height=\"100\" \/><\/a><\/h3>\n","protected":false},"excerpt":{"rendered":"<p>La Escuela est\u00e1 dirigida a alumnos de matem\u00e1ticas, ciencias e ingenier\u00eda que se interesen en algoritmos, combinatoria, optimizaci\u00f3n, y sus diversas aplicaciones en redes, sistemas distribuidos, y teor\u00eda de juegos. Los cursos estar\u00e1n orientados tanto a estudiantes de postgrado como a estudiantes finalizando el pregrado. Este a\u00f1o los cursos ser\u00e1n: &#8220;Metrical Task Systems and k-Server &hellip; <a href=\"https:\/\/eventos.cmm.uchile.cl\/discretas2019\/\" class=\"more-link\">Contin\u00fae leyendo <span class=\"screen-reader-text\">Escuela<\/span> <span class=\"meta-nav\">&rarr;<\/span><\/a><\/p>\n","protected":false},"author":2,"featured_media":0,"parent":0,"menu_order":1,"comment_status":"closed","ping_status":"closed","template":"","meta":{"inline_featured_image":false,"footnotes":""},"class_list":["post-8","page","type-page","status-publish","hentry"],"_links":{"self":[{"href":"https:\/\/eventos.cmm.uchile.cl\/discretas2019\/wp-json\/wp\/v2\/pages\/8","targetHints":{"allow":["GET"]}}],"collection":[{"href":"https:\/\/eventos.cmm.uchile.cl\/discretas2019\/wp-json\/wp\/v2\/pages"}],"about":[{"href":"https:\/\/eventos.cmm.uchile.cl\/discretas2019\/wp-json\/wp\/v2\/types\/page"}],"author":[{"embeddable":true,"href":"https:\/\/eventos.cmm.uchile.cl\/discretas2019\/wp-json\/wp\/v2\/users\/2"}],"replies":[{"embeddable":true,"href":"https:\/\/eventos.cmm.uchile.cl\/discretas2019\/wp-json\/wp\/v2\/comments?post=8"}],"version-history":[{"count":17,"href":"https:\/\/eventos.cmm.uchile.cl\/discretas2019\/wp-json\/wp\/v2\/pages\/8\/revisions"}],"predecessor-version":[{"id":131,"href":"https:\/\/eventos.cmm.uchile.cl\/discretas2019\/wp-json\/wp\/v2\/pages\/8\/revisions\/131"}],"wp:attachment":[{"href":"https:\/\/eventos.cmm.uchile.cl\/discretas2019\/wp-json\/wp\/v2\/media?parent=8"}],"curies":[{"name":"wp","href":"https:\/\/api.w.org\/{rel}","templated":true}]}}