{"id":454,"date":"2020-03-11T17:38:58","date_gmt":"2020-03-11T17:38:58","guid":{"rendered":"http:\/\/eventos.cmm.uchile.cl\/discretas2020\/?page_id=454"},"modified":"2021-01-25T14:17:55","modified_gmt":"2021-01-25T14:17:55","slug":"distinciones","status":"publish","type":"page","link":"https:\/\/eventos.cmm.uchile.cl\/discretas2020\/distinciones\/","title":{"rendered":"Distinciones"},"content":{"rendered":"<p>En cada uno de los cursos de la escuela se asignaron problemas para que las y los estudiantes los fueran trabajando, resolviendo y redactando soluciones que voluntariamente pod\u00edan entregar para ser revisadas. Para cada curso se seleccion\u00f3 a un estudiante que se consider\u00f3 hab\u00eda trabajado m\u00e1s y mejor. Los estudiantes distinguidos fueron:<\/p>\n<ul>\n<li>Mar\u00eda Gracia Cornet (Universidad Nacional del Rosario, Universidad de Chile) en el curso <strong>\u201cEuclidean and hyperbolic models of random geometric graphs\u201d<\/strong><\/li>\n<li>Markus Schepers (University of Groningen, The Netherlands) en el curso<strong> \u201cSample complexity and uniform convergence for learning and data analysis\u201d<\/strong><\/li>\n<li>Santiago Armstrong (Pontificia Universidad Cat\u00f3lica de Chile, Chile) en el curso<strong> \u201cThe traveling salesman: Classical tools and recent Advances\u201d<\/strong><\/li>\n<\/ul>\n<p>\u00a1Un merecido reconocimiento y felicitaciones a las y los distinguidas\/os!<\/p>\n","protected":false},"excerpt":{"rendered":"<p>En cada uno de los cursos de la escuela se asignaron problemas para que las y los estudiantes los fueran trabajando, resolviendo y redactando soluciones que voluntariamente pod\u00edan entregar para ser revisadas. Para cada curso se seleccion\u00f3 a un estudiante que se consider\u00f3 hab\u00eda trabajado m\u00e1s y mejor. Los estudiantes distinguidos fueron: Mar\u00eda Gracia Cornet &hellip; <a href=\"https:\/\/eventos.cmm.uchile.cl\/discretas2020\/distinciones\/\" class=\"more-link\">Seguir leyendo <span class=\"screen-reader-text\">Distinciones<\/span> <span class=\"meta-nav\">&rarr;<\/span><\/a><\/p>\n","protected":false},"author":62,"featured_media":0,"parent":0,"menu_order":5,"comment_status":"closed","ping_status":"closed","template":"","meta":{"inline_featured_image":false,"footnotes":""},"class_list":["post-454","page","type-page","status-publish","hentry"],"_links":{"self":[{"href":"https:\/\/eventos.cmm.uchile.cl\/discretas2020\/wp-json\/wp\/v2\/pages\/454","targetHints":{"allow":["GET"]}}],"collection":[{"href":"https:\/\/eventos.cmm.uchile.cl\/discretas2020\/wp-json\/wp\/v2\/pages"}],"about":[{"href":"https:\/\/eventos.cmm.uchile.cl\/discretas2020\/wp-json\/wp\/v2\/types\/page"}],"author":[{"embeddable":true,"href":"https:\/\/eventos.cmm.uchile.cl\/discretas2020\/wp-json\/wp\/v2\/users\/62"}],"replies":[{"embeddable":true,"href":"https:\/\/eventos.cmm.uchile.cl\/discretas2020\/wp-json\/wp\/v2\/comments?post=454"}],"version-history":[{"count":4,"href":"https:\/\/eventos.cmm.uchile.cl\/discretas2020\/wp-json\/wp\/v2\/pages\/454\/revisions"}],"predecessor-version":[{"id":468,"href":"https:\/\/eventos.cmm.uchile.cl\/discretas2020\/wp-json\/wp\/v2\/pages\/454\/revisions\/468"}],"wp:attachment":[{"href":"https:\/\/eventos.cmm.uchile.cl\/discretas2020\/wp-json\/wp\/v2\/media?parent=454"}],"curies":[{"name":"wp","href":"https:\/\/api.w.org\/{rel}","templated":true}]}}