{"id":8,"date":"2018-05-17T21:11:00","date_gmt":"2018-05-17T21:11:00","guid":{"rendered":"http:\/\/eventos.cmm.uchile.cl\/discretas2020\/?page_id=8"},"modified":"2019-12-24T17:47:48","modified_gmt":"2019-12-24T17:47:48","slug":"escuela","status":"publish","type":"page","link":"https:\/\/eventos.cmm.uchile.cl\/discretas2020\/","title":{"rendered":"Escuela"},"content":{"rendered":"<p>&nbsp;<\/p>\n<p>La Escuela est\u00e1 dirigida a alumnos de matem\u00e1ticas, ciencias e ingenier\u00eda que se interesen en algoritmos, combinatoria, optimizaci\u00f3n, y sus diversas aplicaciones en redes, sistemas distribuidos, y teor\u00eda de juegos. Los cursos estar\u00e1n orientados tanto a estudiantes de postgrado como a estudiantes finalizando el pregrado.<\/p>\n<p style=\"text-align: left;\">Este a\u00f1o los cursos ser\u00e1n:<\/p>\n<p style=\"text-align: center;\"><img loading=\"lazy\" decoding=\"async\" class=\"alignnone wp-image-255\" src=\"http:\/\/eventos.cmm.uchile.cl\/discretas2020\/wp-content\/uploads\/sites\/79\/2019\/08\/dieter-mitsche.jpg\" alt=\"\" width=\"225\" height=\"300\" \/><br \/>\n<strong>\u00abEuclidean and hyperbolic models of random geometric graphs\u00bb<\/strong><br \/>\n<a>Dieter Mitsche<\/a><br \/>\nUniversit\u00e9 Jean Monnet, France<\/p>\n<p>&nbsp;<\/p>\n<p style=\"text-align: center;\"><img loading=\"lazy\" decoding=\"async\" class=\"alignnone wp-image-225 size-medium\" src=\"http:\/\/eventos.cmm.uchile.cl\/discretas2020\/wp-content\/uploads\/sites\/79\/2019\/07\/eli-235x300.jpg\" alt=\"\" width=\"235\" height=\"300\" srcset=\"https:\/\/eventos.cmm.uchile.cl\/discretas2020\/wp-content\/uploads\/sites\/79\/2019\/07\/eli-235x300.jpg 235w, https:\/\/eventos.cmm.uchile.cl\/discretas2020\/wp-content\/uploads\/sites\/79\/2019\/07\/eli.jpg 325w\" sizes=\"auto, (max-width: 235px) 100vw, 235px\" \/><br \/>\n<strong>\u00abSample complexity and uniform convergence for Learning and Data Analysis\u00bb<\/strong><br \/>\n<a href=\"http:\/\/cs.brown.edu\/people\/eupfal\/\">Eli Upfal<\/a><br \/>\nBrown University, USA<\/p>\n<p>&nbsp;<\/p>\n<p style=\"text-align: center;\"><img loading=\"lazy\" decoding=\"async\" class=\"alignnone wp-image-226 size-medium\" src=\"http:\/\/eventos.cmm.uchile.cl\/discretas2020\/wp-content\/uploads\/sites\/79\/2019\/07\/zuylen-225x300.jpg\" alt=\"\" width=\"225\" height=\"300\" srcset=\"https:\/\/eventos.cmm.uchile.cl\/discretas2020\/wp-content\/uploads\/sites\/79\/2019\/07\/zuylen-225x300.jpg 225w, https:\/\/eventos.cmm.uchile.cl\/discretas2020\/wp-content\/uploads\/sites\/79\/2019\/07\/zuylen.jpg 600w\" sizes=\"auto, (max-width: 225px) 100vw, 225px\" \/><br \/>\n<strong>\u00abThe Traveling Salesman: Classical Tools and Recent Advances<\/strong><strong>\u201d<\/strong><br \/>\n<a href=\"http:\/\/ankevanzuylen.com\/\">Anke van Zuylen<\/a><br \/>\nCollege of William &amp; Mary, USA<\/p>\n<h3 style=\"text-align: center;\"><\/h3>\n<h3>Comit\u00e9 Organizador<\/h3>\n<ul>\n<li><a href=\"http:\/\/www.mat.usach.cl\/index.php\/2012-12-19-12-50-19\/academicos\/367-han-hiep\">Hi\u1ec7p H\u00e0n<\/a>, U. de Santiago<\/li>\n<li><a href=\"http:\/\/www.dim.uchile.cl\/~mkwi\">Marcos Kiwi<\/a> (Chair), DIM &amp; CMM, U. de Chile<\/li>\n<li><a href=\"http:\/\/www.dim.uchile.cl\/~jsoto\/\">Jos\u00e9 A. Soto<\/a>, DIM &amp; CMM, U. de Chile<\/li>\n<li><a href=\"https:\/\/scholar.google.com\/citations?user=TGW-auAAAAAJ&amp;hl=fr\">Claudio Telha<\/a>, U. de los \u00c1ndes<\/li>\n<li><a href=\"https:\/\/sites.google.com\/view\/vverdugo\/\">Victor Verdugo<\/a>, U. de O&#8217;Higgins &amp; London School of Economics<\/li>\n<\/ul>\n<h3>Lugar<\/h3>\n<h3><a href=\"http:\/\/www.sistemascomplejos.cl\/\"><img loading=\"lazy\" decoding=\"async\" class=\"alignnone wp-image-279\" src=\"http:\/\/eventos.cmm.uchile.cl\/discretas2020\/wp-content\/uploads\/sites\/79\/2019\/08\/Logo-ISCV-1024x155.jpg\" alt=\"ISCV\" width=\"580\" height=\"88\" srcset=\"https:\/\/eventos.cmm.uchile.cl\/discretas2020\/wp-content\/uploads\/sites\/79\/2019\/08\/Logo-ISCV-1024x155.jpg 1024w, https:\/\/eventos.cmm.uchile.cl\/discretas2020\/wp-content\/uploads\/sites\/79\/2019\/08\/Logo-ISCV-300x45.jpg 300w, https:\/\/eventos.cmm.uchile.cl\/discretas2020\/wp-content\/uploads\/sites\/79\/2019\/08\/Logo-ISCV-768x116.jpg 768w\" sizes=\"auto, (max-width: 580px) 100vw, 580px\" \/><\/a><\/h3>\n<h3>Patrocina<br \/>\n<a href=\"http:\/\/www.cmm.uchile.cl\/\"><img loading=\"lazy\" decoding=\"async\" class=\"alignnone wp-image-58\" src=\"http:\/\/eventos.cmm.uchile.cl\/discretas2020\/wp-content\/uploads\/sites\/79\/2018\/05\/logo_cmm_rgb02.png\" alt=\"logo_cmm_rgb02\" width=\"113\" height=\"100\" \/><\/a><\/h3>\n","protected":false},"excerpt":{"rendered":"<p>&nbsp; La Escuela est\u00e1 dirigida a alumnos de matem\u00e1ticas, ciencias e ingenier\u00eda que se interesen en algoritmos, combinatoria, optimizaci\u00f3n, y sus diversas aplicaciones en redes, sistemas distribuidos, y teor\u00eda de juegos. Los cursos estar\u00e1n orientados tanto a estudiantes de postgrado como a estudiantes finalizando el pregrado. Este a\u00f1o los cursos ser\u00e1n: \u00abEuclidean and hyperbolic models &hellip; <a href=\"https:\/\/eventos.cmm.uchile.cl\/discretas2020\/\" class=\"more-link\">Seguir leyendo <span class=\"screen-reader-text\">Escuela<\/span> <span class=\"meta-nav\">&rarr;<\/span><\/a><\/p>\n","protected":false},"author":2,"featured_media":0,"parent":0,"menu_order":1,"comment_status":"closed","ping_status":"closed","template":"","meta":{"inline_featured_image":false,"footnotes":""},"class_list":["post-8","page","type-page","status-publish","hentry"],"_links":{"self":[{"href":"https:\/\/eventos.cmm.uchile.cl\/discretas2020\/wp-json\/wp\/v2\/pages\/8","targetHints":{"allow":["GET"]}}],"collection":[{"href":"https:\/\/eventos.cmm.uchile.cl\/discretas2020\/wp-json\/wp\/v2\/pages"}],"about":[{"href":"https:\/\/eventos.cmm.uchile.cl\/discretas2020\/wp-json\/wp\/v2\/types\/page"}],"author":[{"embeddable":true,"href":"https:\/\/eventos.cmm.uchile.cl\/discretas2020\/wp-json\/wp\/v2\/users\/2"}],"replies":[{"embeddable":true,"href":"https:\/\/eventos.cmm.uchile.cl\/discretas2020\/wp-json\/wp\/v2\/comments?post=8"}],"version-history":[{"count":45,"href":"https:\/\/eventos.cmm.uchile.cl\/discretas2020\/wp-json\/wp\/v2\/pages\/8\/revisions"}],"predecessor-version":[{"id":369,"href":"https:\/\/eventos.cmm.uchile.cl\/discretas2020\/wp-json\/wp\/v2\/pages\/8\/revisions\/369"}],"wp:attachment":[{"href":"https:\/\/eventos.cmm.uchile.cl\/discretas2020\/wp-json\/wp\/v2\/media?parent=8"}],"curies":[{"name":"wp","href":"https:\/\/api.w.org\/{rel}","templated":true}]}}