{"id":12,"date":"2018-05-17T21:29:16","date_gmt":"2018-05-17T21:29:16","guid":{"rendered":"http:\/\/eventos.cmm.uchile.cl\/discretas2020\/?page_id=12"},"modified":"2020-09-16T02:08:22","modified_gmt":"2020-09-16T02:08:22","slug":"lugar","status":"publish","type":"page","link":"https:\/\/eventos.cmm.uchile.cl\/discretas2021\/lugar\/","title":{"rendered":"Lugar"},"content":{"rendered":"<p>La escuela completa se realizar\u00e1 <em>on-line.\u00a0<\/em>Los cursos y charla ser har\u00e1n a trav\u00e9s de <a href=\"https:\/\/zoom.us\/\">Zoom<\/a>. Se dispondr\u00e1 de acceso a <a href=\"https:\/\/gather.town\/\">Gather.town<\/a> para actividades sociales, espacios para trabajar en grupo y esparcimiento.<\/p>\n<p>&nbsp;<\/p>\n","protected":false},"excerpt":{"rendered":"<p>La escuela completa se realizar\u00e1 on-line.\u00a0Los cursos y charla ser har\u00e1n a trav\u00e9s de Zoom. Se dispondr\u00e1 de acceso a Gather.town para actividades sociales, espacios para trabajar en grupo y esparcimiento. &nbsp;<\/p>\n","protected":false},"author":2,"featured_media":0,"parent":0,"menu_order":5,"comment_status":"closed","ping_status":"closed","template":"","meta":{"inline_featured_image":false,"footnotes":""},"class_list":["post-12","page","type-page","status-publish","hentry"],"_links":{"self":[{"href":"https:\/\/eventos.cmm.uchile.cl\/discretas2021\/wp-json\/wp\/v2\/pages\/12","targetHints":{"allow":["GET"]}}],"collection":[{"href":"https:\/\/eventos.cmm.uchile.cl\/discretas2021\/wp-json\/wp\/v2\/pages"}],"about":[{"href":"https:\/\/eventos.cmm.uchile.cl\/discretas2021\/wp-json\/wp\/v2\/types\/page"}],"author":[{"embeddable":true,"href":"https:\/\/eventos.cmm.uchile.cl\/discretas2021\/wp-json\/wp\/v2\/users\/2"}],"replies":[{"embeddable":true,"href":"https:\/\/eventos.cmm.uchile.cl\/discretas2021\/wp-json\/wp\/v2\/comments?post=12"}],"version-history":[{"count":2,"href":"https:\/\/eventos.cmm.uchile.cl\/discretas2021\/wp-json\/wp\/v2\/pages\/12\/revisions"}],"predecessor-version":[{"id":477,"href":"https:\/\/eventos.cmm.uchile.cl\/discretas2021\/wp-json\/wp\/v2\/pages\/12\/revisions\/477"}],"wp:attachment":[{"href":"https:\/\/eventos.cmm.uchile.cl\/discretas2021\/wp-json\/wp\/v2\/media?parent=12"}],"curies":[{"name":"wp","href":"https:\/\/api.w.org\/{rel}","templated":true}]}}