{"id":40,"date":"2018-07-21T12:38:55","date_gmt":"2018-07-21T12:38:55","guid":{"rendered":"http:\/\/eventos.cmm.uchile.cl\/discretas2020\/?page_id=40"},"modified":"2020-09-08T02:15:45","modified_gmt":"2020-09-08T02:15:45","slug":"escuelas-anteriores","status":"publish","type":"page","link":"https:\/\/eventos.cmm.uchile.cl\/discretas2021\/escuelas-anteriores\/","title":{"rendered":"Escuelas Anteriores"},"content":{"rendered":"<p>Esta es la decimocuarta versi\u00f3n de una exitosa serie de escuelas que ha ido creciendo en el tiempo gracias a la entusiasta participaci\u00f3n de estudiantes de Chile y de diversos pa\u00edses latinoamericanos.<\/p>\n<p>M\u00e1s detalles sobre versiones previas se encuentran disponibles en:<\/p>\n<ul>\n<li><a href=\"http:\/\/www.dim.uchile.cl\/~redes\/escuela06.htm\" target=\"_blank\" rel=\"noopener noreferrer\">I Escuela<\/a><\/li>\n<li><a href=\"http:\/\/www.dim.uchile.cl\/~redes\/escuela07.htm\" target=\"_blank\" rel=\"noopener noreferrer\">II Escuela<\/a><\/li>\n<li><a href=\"http:\/\/www.dim.uchile.cl\/~redes\/escuela08.htm\" target=\"_blank\" rel=\"noopener noreferrer\">III Escuela<\/a><\/li>\n<li><a href=\"http:\/\/www.discretas2009.cmm.uchile.cl\/\" target=\"_blank\" rel=\"noopener noreferrer\">IV Escuela<\/a><\/li>\n<li><a href=\"http:\/\/www.discretas2010.cmm.uchile.cl\/\" target=\"_blank\" rel=\"noopener noreferrer\">V Escuela<\/a><\/li>\n<li><a href=\"http:\/\/discretas2011.cmm.uchile.cl\/\">VI Escuela<\/a><\/li>\n<li><a href=\"http:\/\/discretas2012.cmm.uchile.cl\/\">VII Escuela<\/a><\/li>\n<li><a href=\"http:\/\/discretas2013.cmm.uchile.cl\/\">VIII Escuela<\/a><\/li>\n<li><a href=\"http:\/\/discretas2014.cmm.uchile.cl\/\">IX Escuela<\/a><\/li>\n<li><a href=\"http:\/\/www.discretas2015.cmm.uchile.cl\/\" target=\"_blank\" rel=\"noopener noreferrer\">X Escuela<\/a><\/li>\n<li><a href=\"http:\/\/eventos.cmm.uchile.cl\/discretas2016\" target=\"_blank\" rel=\"noopener noreferrer\">XI Escuela<\/a><\/li>\n<li><a href=\"http:\/\/eventos.cmm.uchile.cl\/discretas2017\/\">XII Escuela<\/a><\/li>\n<li><a href=\"http:\/\/eventos.cmm.uchile.cl\/discretas2018\/\">XIII Escuela<\/a><\/li>\n<li><a href=\"http:\/\/eventos.cmm.uchile.cl\/discretas2019\/\">XIV Escuela<\/a><\/li>\n<li><a href=\"http:\/\/eventos.cmm.uchile.cl\/discretas2019\/\">XV Escuela<\/a><\/li>\n<\/ul>\n","protected":false},"excerpt":{"rendered":"<p>Esta es la decimocuarta versi\u00f3n de una exitosa serie de escuelas que ha ido creciendo en el tiempo gracias a la entusiasta participaci\u00f3n de estudiantes de Chile y de diversos pa\u00edses latinoamericanos. M\u00e1s detalles sobre versiones previas se encuentran disponibles en: I Escuela II Escuela III Escuela IV Escuela V Escuela VI Escuela VII Escuela &hellip; <a href=\"https:\/\/eventos.cmm.uchile.cl\/discretas2021\/escuelas-anteriores\/\" class=\"more-link\">Contin\u00fae leyendo <span class=\"screen-reader-text\">Escuelas Anteriores<\/span> <span class=\"meta-nav\">&rarr;<\/span><\/a><\/p>\n","protected":false},"author":55,"featured_media":0,"parent":0,"menu_order":7,"comment_status":"closed","ping_status":"closed","template":"","meta":{"inline_featured_image":false,"footnotes":""},"class_list":["post-40","page","type-page","status-publish","hentry"],"_links":{"self":[{"href":"https:\/\/eventos.cmm.uchile.cl\/discretas2021\/wp-json\/wp\/v2\/pages\/40","targetHints":{"allow":["GET"]}}],"collection":[{"href":"https:\/\/eventos.cmm.uchile.cl\/discretas2021\/wp-json\/wp\/v2\/pages"}],"about":[{"href":"https:\/\/eventos.cmm.uchile.cl\/discretas2021\/wp-json\/wp\/v2\/types\/page"}],"author":[{"embeddable":true,"href":"https:\/\/eventos.cmm.uchile.cl\/discretas2021\/wp-json\/wp\/v2\/users\/55"}],"replies":[{"embeddable":true,"href":"https:\/\/eventos.cmm.uchile.cl\/discretas2021\/wp-json\/wp\/v2\/comments?post=40"}],"version-history":[{"count":6,"href":"https:\/\/eventos.cmm.uchile.cl\/discretas2021\/wp-json\/wp\/v2\/pages\/40\/revisions"}],"predecessor-version":[{"id":463,"href":"https:\/\/eventos.cmm.uchile.cl\/discretas2021\/wp-json\/wp\/v2\/pages\/40\/revisions\/463"}],"wp:attachment":[{"href":"https:\/\/eventos.cmm.uchile.cl\/discretas2021\/wp-json\/wp\/v2\/media?parent=40"}],"curies":[{"name":"wp","href":"https:\/\/api.w.org\/{rel}","templated":true}]}}