{"id":8,"date":"2018-05-17T21:11:00","date_gmt":"2018-05-17T21:11:00","guid":{"rendered":"http:\/\/eventos.cmm.uchile.cl\/discretas2020\/?page_id=8"},"modified":"2021-01-25T14:07:37","modified_gmt":"2021-01-25T14:07:37","slug":"escuela","status":"publish","type":"page","link":"https:\/\/eventos.cmm.uchile.cl\/discretas2021\/","title":{"rendered":"Escuela"},"content":{"rendered":"<p>La Escuela est\u00e1 dirigida a alumnos de matem\u00e1ticas, ciencias e ingenier\u00eda que se interesen en algoritmos, combinatoria, optimizaci\u00f3n, y sus diversas aplicaciones en investigaci\u00f3n de operaciones, redes, sistemas distribuidos, aprendizaje de m\u00e1quinas, y teor\u00eda de juegos. Los cursos estar\u00e1n orientados tanto a estudiantes de postgrado como a estudiantes finalizando el pregrado.<\/p>\n<p style=\"text-align: left;\">Este a\u00f1o los cursos ser\u00e1n:<\/p>\n<p style=\"text-align: center;\"><img loading=\"lazy\" decoding=\"async\" class=\"alignnone wp-image-542 size-full\" src=\"https:\/\/eventos.cmm.uchile.cl\/discretas2021\/wp-content\/uploads\/sites\/102\/2020\/09\/escuelaGupta3.jpg\" alt=\"\" width=\"200\" height=\"245\" \/><br \/>\n<strong>&#8220;Approximation Algorithms for Stochastic Combinatorial Optimization&#8221;<\/strong><br \/>\n<a href=\"https:\/\/csd.cmu.edu\/people\/faculty\/anupam-gupta\">Anupam Gupta<\/a><br \/>\nCarnegie Melon University, USA<\/p>\n<p>&nbsp;<\/p>\n<p style=\"text-align: center;\"><img loading=\"lazy\" decoding=\"async\" class=\"alignnone wp-image-527 size-full\" src=\"https:\/\/eventos.cmm.uchile.cl\/discretas2021\/wp-content\/uploads\/sites\/102\/2020\/09\/escuelaLigett2.jpg\" alt=\"\" width=\"200\" height=\"242\" \/><br \/>\n<strong>&#8220;Introduction to Differential Privacy&#8221;<\/strong><br \/>\n<a href=\"https:\/\/www.cs.huji.ac.il\/~katrina\/\">Katrina Ligett<\/a><br \/>\nHebrew University, Israel<\/p>\n<p>&nbsp;<\/p>\n<p style=\"text-align: center;\"><img loading=\"lazy\" decoding=\"async\" class=\"alignnone wp-image-528 size-full\" src=\"https:\/\/eventos.cmm.uchile.cl\/discretas2021\/wp-content\/uploads\/sites\/102\/2020\/09\/escuelaMorris2.jpg\" alt=\"\" width=\"200\" height=\"240\" \/><br \/>\n<strong>&#8220;The Method of Hypergraph Containers<\/strong><strong>\u201d<\/strong><br \/>\n<a href=\"http:\/\/w3.impa.br\/~rob\/\">Rob Morris<\/a><br \/>\nIMPA, Brazil<\/p>\n<h3 style=\"text-align: center;\"><\/h3>\n<p>&nbsp;<\/p>\n<h3>Comit\u00e9 Organizador<\/h3>\n<ul>\n<li><a href=\"https:\/\/sites.google.com\/view\/cguzman\/\">Crist\u00f3bal Guzm\u00e1n<\/a>, Pontificia U. Cat\u00f3lica de Chile<\/li>\n<li><a href=\"http:\/\/www.dim.uchile.cl\/~mkwi\">Marcos Kiwi<\/a> DIM &amp; CMM, U. de Chile<\/li>\n<li><a href=\"http:\/\/www.dim.uchile.cl\/~rapaport\">Iv\u00e1n Rapaport<\/a>, DIM &amp; CMM, U. de Chile<\/li>\n<li><a href=\"https:\/\/sites.google.com\/view\/vverdugo\/\">Victor Verdugo<\/a>, U. de O&#8217;Higgins<\/li>\n<li><a href=\"https:\/\/sites.google.com\/site\/jverschae\/\">Jos\u00e9 Verschae<\/a> (Chair), Pontificia U. Cat\u00f3lica de Chile<\/li>\n<\/ul>\n<h3><\/h3>\n<h3>Auspician<br \/>\n<a href=\"http:\/\/www.uchile.cl\"><img loading=\"lazy\" decoding=\"async\" class=\"alignnone wp-image-524\" src=\"https:\/\/eventos.cmm.uchile.cl\/discretas2021\/wp-content\/uploads\/sites\/102\/2020\/09\/logoUchile.jpg\" alt=\"\" width=\"167\" height=\"100\" \/><\/a><br \/>\n<a href=\"http:\/\/www.uc.cl\"><img loading=\"lazy\" decoding=\"async\" class=\"alignnone wp-image-521\" src=\"https:\/\/eventos.cmm.uchile.cl\/discretas2021\/wp-content\/uploads\/sites\/102\/2020\/09\/logoPUC-300x169.png\" alt=\"\" width=\"150\" height=\"84\" srcset=\"https:\/\/eventos.cmm.uchile.cl\/discretas2021\/wp-content\/uploads\/sites\/102\/2020\/09\/logoPUC-300x169.png 300w, https:\/\/eventos.cmm.uchile.cl\/discretas2021\/wp-content\/uploads\/sites\/102\/2020\/09\/logoPUC.png 373w\" sizes=\"auto, (max-width: 150px) 100vw, 150px\" \/><br \/>\n<\/a><a href=\"http:\/\/www.uoh.cl\"><img loading=\"lazy\" decoding=\"async\" class=\"alignnone wp-image-525\" src=\"https:\/\/eventos.cmm.uchile.cl\/discretas2021\/wp-content\/uploads\/sites\/102\/2020\/09\/udeohiggins-300x131.png\" alt=\"\" width=\"195\" height=\"85\" srcset=\"https:\/\/eventos.cmm.uchile.cl\/discretas2021\/wp-content\/uploads\/sites\/102\/2020\/09\/udeohiggins-300x131.png 300w, https:\/\/eventos.cmm.uchile.cl\/discretas2021\/wp-content\/uploads\/sites\/102\/2020\/09\/udeohiggins-604x266.png 604w, https:\/\/eventos.cmm.uchile.cl\/discretas2021\/wp-content\/uploads\/sites\/102\/2020\/09\/udeohiggins.png 610w\" sizes=\"auto, (max-width: 195px) 100vw, 195px\" \/><\/a><\/h3>\n<h3><\/h3>\n<h3>Patrocina<br \/>\n<a href=\"http:\/\/www.cmm.uchile.cl\/\"><img loading=\"lazy\" decoding=\"async\" class=\"alignnone wp-image-58\" src=\"http:\/\/eventos.cmm.uchile.cl\/discretas2020\/wp-content\/uploads\/sites\/79\/2018\/05\/logo_cmm_rgb02.png\" alt=\"logo_cmm_rgb02\" width=\"113\" height=\"100\" \/><\/a><\/h3>\n","protected":false},"excerpt":{"rendered":"<p>La Escuela est\u00e1 dirigida a alumnos de matem\u00e1ticas, ciencias e ingenier\u00eda que se interesen en algoritmos, combinatoria, optimizaci\u00f3n, y sus diversas aplicaciones en investigaci\u00f3n de operaciones, redes, sistemas distribuidos, aprendizaje de m\u00e1quinas, y teor\u00eda de juegos. Los cursos estar\u00e1n orientados tanto a estudiantes de postgrado como a estudiantes finalizando el pregrado. Este a\u00f1o los cursos &hellip; <a href=\"https:\/\/eventos.cmm.uchile.cl\/discretas2021\/\" class=\"more-link\">Contin\u00fae leyendo <span class=\"screen-reader-text\">Escuela<\/span> <span class=\"meta-nav\">&rarr;<\/span><\/a><\/p>\n","protected":false},"author":2,"featured_media":0,"parent":0,"menu_order":1,"comment_status":"closed","ping_status":"closed","template":"","meta":{"inline_featured_image":false,"footnotes":""},"class_list":["post-8","page","type-page","status-publish","hentry"],"_links":{"self":[{"href":"https:\/\/eventos.cmm.uchile.cl\/discretas2021\/wp-json\/wp\/v2\/pages\/8","targetHints":{"allow":["GET"]}}],"collection":[{"href":"https:\/\/eventos.cmm.uchile.cl\/discretas2021\/wp-json\/wp\/v2\/pages"}],"about":[{"href":"https:\/\/eventos.cmm.uchile.cl\/discretas2021\/wp-json\/wp\/v2\/types\/page"}],"author":[{"embeddable":true,"href":"https:\/\/eventos.cmm.uchile.cl\/discretas2021\/wp-json\/wp\/v2\/users\/2"}],"replies":[{"embeddable":true,"href":"https:\/\/eventos.cmm.uchile.cl\/discretas2021\/wp-json\/wp\/v2\/comments?post=8"}],"version-history":[{"count":66,"href":"https:\/\/eventos.cmm.uchile.cl\/discretas2021\/wp-json\/wp\/v2\/pages\/8\/revisions"}],"predecessor-version":[{"id":614,"href":"https:\/\/eventos.cmm.uchile.cl\/discretas2021\/wp-json\/wp\/v2\/pages\/8\/revisions\/614"}],"wp:attachment":[{"href":"https:\/\/eventos.cmm.uchile.cl\/discretas2021\/wp-json\/wp\/v2\/media?parent=8"}],"curies":[{"name":"wp","href":"https:\/\/api.w.org\/{rel}","templated":true}]}}