{"id":123,"date":"2022-12-03T01:01:09","date_gmt":"2022-12-03T01:01:09","guid":{"rendered":"https:\/\/eventos.cmm.uchile.cl\/discretas2023\/?page_id=123"},"modified":"2023-01-06T00:14:47","modified_gmt":"2023-01-06T00:14:47","slug":"participantes","status":"publish","type":"page","link":"https:\/\/eventos.cmm.uchile.cl\/discretas2023\/participantes\/","title":{"rendered":"Participantes"},"content":{"rendered":"<table border=\"0\" width=\"1033\" cellspacing=\"0\" cellpadding=\"0\">\n<colgroup>\n<col width=\"176\" \/>\n<col width=\"201\" \/>\n<col width=\"557\" \/>\n<col width=\"99\" \/><\/colgroup>\n<tbody>\n<tr>\n<td class=\"xl65\" width=\"176\" height=\"21\"><strong>APELLIDO<\/strong><\/td>\n<td class=\"xl65\" width=\"201\"><strong>NOMBRE<\/strong><\/td>\n<td class=\"xl65\" width=\"557\"><strong>INSTITUCI\u00d3N<\/strong><\/td>\n<td class=\"xl65\" width=\"99\"><strong>PA\u00cdS<\/strong><\/td>\n<\/tr>\n<tr>\n<td class=\"xl66\" height=\"21\">Acevedo<\/td>\n<td class=\"xl66\">Nicol\u00e1s<\/td>\n<td class=\"xl66\">Universidad de Chile<\/td>\n<td class=\"xl66\">Chile<\/td>\n<\/tr>\n<tr>\n<td class=\"xl66\" height=\"21\">Astete Elguin<\/td>\n<td class=\"xl66\">Raul<\/td>\n<td class=\"xl66\">Universidad de Concepci\u00f3n<\/td>\n<td class=\"xl66\">Chile<\/td>\n<\/tr>\n<tr>\n<td class=\"xl66\" height=\"21\">Az\u00f3car Carvajal<\/td>\n<td class=\"xl66\">Mat\u00edas<\/td>\n<td class=\"xl66\">Universidad de Chile<\/td>\n<td class=\"xl66\">Chile<\/td>\n<\/tr>\n<tr>\n<td class=\"xl66\" height=\"21\">Bandeira Monteiro Castillo<\/td>\n<td class=\"xl66\">Bruno<\/td>\n<td class=\"xl66\">Universidade Federal do Rio de Janeiro<\/td>\n<td class=\"xl66\">Brasil<\/td>\n<\/tr>\n<tr>\n<td class=\"xl66\" height=\"21\">Barriga Castillo<\/td>\n<td class=\"xl66\">Tamara Danelly<\/td>\n<td class=\"xl66\">Escuela Polit\u00e9cnica Nacional<\/td>\n<td class=\"xl66\">Ecuador<\/td>\n<\/tr>\n<tr>\n<td class=\"xl66\" height=\"21\">Bozo<\/td>\n<td class=\"xl66\">Carlos<\/td>\n<td class=\"xl66\">Universidad de O&#8217;Higgins<\/td>\n<td class=\"xl66\">Chile<\/td>\n<\/tr>\n<tr>\n<td class=\"xl66\" height=\"21\">Bravo<\/td>\n<td class=\"xl66\">Juan<\/td>\n<td class=\"xl66\">Universidad de Chile<\/td>\n<td class=\"xl66\">Chile<\/td>\n<\/tr>\n<tr>\n<td class=\"xl66\" height=\"21\">Carrasco<\/td>\n<td class=\"xl66\">Pablo<\/td>\n<td class=\"xl66\">Universidad de O&#8217;Higgins<\/td>\n<td class=\"xl66\">Chile<\/td>\n<\/tr>\n<tr>\n<td class=\"xl66\" height=\"21\">Cecchetto<\/td>\n<td class=\"xl66\">Federica<\/td>\n<td class=\"xl66\">ETH Zurich<\/td>\n<td class=\"xl66\">Switzerland<\/td>\n<\/tr>\n<tr>\n<td class=\"xl67\" height=\"21\">Concha<\/td>\n<td class=\"xl67\">Pablo<\/td>\n<td class=\"xl67\">Universidad Adolfo Ib\u00e1\u00f1ez<\/td>\n<td class=\"xl67\">Chile<\/td>\n<\/tr>\n<tr>\n<td class=\"xl66\" height=\"21\">Cort\u00e9s Rojas<\/td>\n<td class=\"xl66\">Pedro Pablo<\/td>\n<td class=\"xl66\">Universidad de Chile<\/td>\n<td class=\"xl66\">Chile<\/td>\n<\/tr>\n<tr>\n<td class=\"xl66\" height=\"21\">Cristi Espinosa<\/td>\n<td class=\"xl66\">Andres Ignacio<\/td>\n<td class=\"xl66\">Universidad de Chile<\/td>\n<td class=\"xl66\">Chile<\/td>\n<\/tr>\n<tr>\n<td class=\"xl66\" height=\"21\">Dawkins<\/td>\n<td class=\"xl66\">Aleyah<\/td>\n<td class=\"xl66\">George Mason University<\/td>\n<td class=\"xl66\">United States<\/td>\n<\/tr>\n<tr>\n<td class=\"xl67\" height=\"21\">Donoso Leiva<\/td>\n<td class=\"xl67\">Isabel Camila<\/td>\n<td class=\"xl67\">Universidad Adolfo Ib\u00e1\u00f1ez<\/td>\n<td class=\"xl67\">Chile<\/td>\n<\/tr>\n<tr>\n<td class=\"xl66\" height=\"21\">Echeverr\u00eda<\/td>\n<td class=\"xl66\">Henry<\/td>\n<td class=\"xl66\">Escuela Polit\u00e9cnica Nacional<\/td>\n<td class=\"xl66\">Ecuador<\/td>\n<\/tr>\n<tr>\n<td class=\"xl66\" height=\"21\">Ferreira de Azevedo<\/td>\n<td class=\"xl66\">Amanda<\/td>\n<td class=\"xl66\">Universidade Federal do Rio de Janeiro\/Programa de Engenharia de Sistemas e Computa\u00e7\u00e3o<\/td>\n<td class=\"xl66\">Brazil<\/td>\n<\/tr>\n<tr>\n<td class=\"xl66\" height=\"21\">Gargantini<\/td>\n<td class=\"xl66\">Ana Laura<\/td>\n<td class=\"xl66\">Universidad Nacional de Cuyo<\/td>\n<td class=\"xl66\">Argentina<\/td>\n<\/tr>\n<tr>\n<td class=\"xl66\" height=\"21\">Gorostiaga Prats<\/td>\n<td class=\"xl66\">Gabriel Mariano Pablo<\/td>\n<td class=\"xl66\">Universidad Nacional de Asunci\u00f3n<\/td>\n<td class=\"xl66\">Paraguay<\/td>\n<\/tr>\n<tr>\n<td class=\"xl66\" height=\"21\">Guachamin<\/td>\n<td class=\"xl66\">Esteban<\/td>\n<td class=\"xl66\">Escuela Polit\u00e9cnica Nacional<\/td>\n<td class=\"xl66\">Ecuador<\/td>\n<\/tr>\n<tr>\n<td class=\"xl66\" height=\"21\">Labarca S\u00e1nchez<\/td>\n<td class=\"xl66\">Antonia<\/td>\n<td class=\"xl66\">Universidad de Chile<\/td>\n<td class=\"xl66\">Chile<\/td>\n<\/tr>\n<tr>\n<td class=\"xl66\" height=\"21\">Le\u00f3n Pineda<\/td>\n<td class=\"xl66\">Moises Omar<\/td>\n<td class=\"xl66\">CINVESTAV IPN<\/td>\n<td class=\"xl66\">M\u00e9xico<\/td>\n<\/tr>\n<tr>\n<td class=\"xl66\" height=\"21\">Li<\/td>\n<td class=\"xl66\">Yilin<\/td>\n<td class=\"xl66\">University of Amsterdam<\/td>\n<td class=\"xl66\">Netherlands<\/td>\n<\/tr>\n<tr>\n<td class=\"xl66\" height=\"21\">Livanos<\/td>\n<td class=\"xl66\">Vasileios<\/td>\n<td class=\"xl66\">University of Illinois Urbana-Champaign (UIUC)<\/td>\n<td class=\"xl66\">USA<\/td>\n<\/tr>\n<tr>\n<td class=\"xl66\" height=\"21\">Lomenha Pereira<\/td>\n<td class=\"xl66\">Wanderson Douglas<\/td>\n<td class=\"xl66\">Universidade Federal do Rio de Janeiro\/Programa de Engenharia de Sistemas e Computa\u00e7\u00e3o<\/td>\n<td class=\"xl66\">Brazil<\/td>\n<\/tr>\n<tr>\n<td class=\"xl66\" height=\"21\">Maass Mart\u00ednez<\/td>\n<td class=\"xl66\">Javier<\/td>\n<td class=\"xl66\">Universidad de Chile<\/td>\n<td class=\"xl66\">Chile<\/td>\n<\/tr>\n<tr>\n<td class=\"xl66\" height=\"21\">Martiniello Romero<\/td>\n<td class=\"xl66\">Paolo Antonio<\/td>\n<td class=\"xl66\">Universidad de Chile<\/td>\n<td class=\"xl66\">Chile<\/td>\n<\/tr>\n<tr>\n<td class=\"xl66\" height=\"21\">Merino<\/td>\n<td class=\"xl66\">Arturo<\/td>\n<td class=\"xl66\">TU Berlin<\/td>\n<td class=\"xl66\">Alemania<\/td>\n<\/tr>\n<tr>\n<td class=\"xl66\" height=\"21\">Monteiro<\/td>\n<td class=\"xl66\">Bruno<\/td>\n<td class=\"xl66\">Universidade Federal do Rio de Janeiro<\/td>\n<td class=\"xl66\">Brasil<\/td>\n<\/tr>\n<tr>\n<td class=\"xl66\" height=\"21\">Mu\u00f1oz<\/td>\n<td class=\"xl66\">Clemente<\/td>\n<td class=\"xl66\">Universidad de los Andes<\/td>\n<td class=\"xl66\">Chile<\/td>\n<\/tr>\n<tr>\n<td class=\"xl66\" height=\"21\">Naquin<\/td>\n<td class=\"xl66\">\u00c9mile<\/td>\n<td class=\"xl66\">ENS de Lyon<\/td>\n<td class=\"xl66\">Chile<\/td>\n<\/tr>\n<tr>\n<td class=\"xl66\" height=\"21\">Paardekooper<\/td>\n<td class=\"xl66\">Victor<\/td>\n<td class=\"xl66\">Universit\u00e9 de Montr\u00e9al<\/td>\n<td class=\"xl66\">Canada<\/td>\n<\/tr>\n<tr>\n<td class=\"xl66\" height=\"21\">Ramos Lima Netto<\/td>\n<td class=\"xl66\">Bruno<\/td>\n<td class=\"xl66\">Universidade Federal do Rio de Janeiro &#8211; Programa de Engenharia de Sistemas e Computa\u00e7\u00e3o<\/td>\n<td class=\"xl66\">Brasil<\/td>\n<\/tr>\n<tr>\n<td class=\"xl66\" height=\"21\">Rodriguez Reveco<\/td>\n<td class=\"xl66\">Ricardo Ra\u00fal<\/td>\n<td class=\"xl66\">PUC-IMFD<\/td>\n<td class=\"xl66\">Chile<\/td>\n<\/tr>\n<tr>\n<td class=\"xl66\" height=\"21\">Rosano<\/td>\n<td class=\"xl66\">Valentina<\/td>\n<td class=\"xl66\">Universidad Nacional de Rosario<\/td>\n<td class=\"xl66\">Argentina<\/td>\n<\/tr>\n<tr>\n<td class=\"xl66\" height=\"21\">Rubio<\/td>\n<td class=\"xl66\">Benjamin<\/td>\n<td class=\"xl66\">Pontificia Universidad Cat\u00f3lica de Chile<\/td>\n<td class=\"xl66\">Chile<\/td>\n<\/tr>\n<tr>\n<td class=\"xl66\" height=\"21\">Salas Gonz\u00e1lez<\/td>\n<td class=\"xl66\">Raimer<\/td>\n<td class=\"xl66\">Centro de Investigaci\u00f3n y de Estudios Avanzados del IPN, (Cinvesta M\u00e9xico))<\/td>\n<td class=\"xl66\">M\u00e9xico<\/td>\n<\/tr>\n<tr>\n<td class=\"xl66\" height=\"21\">Segura L\u00f3pez<\/td>\n<td class=\"xl66\">Ignacia Carola<\/td>\n<td class=\"xl66\">Universidad de Chile<\/td>\n<td class=\"xl66\">Chile<\/td>\n<\/tr>\n<tr>\n<td class=\"xl67\" height=\"21\">Ubilla<\/td>\n<td class=\"xl67\">Pablo<\/td>\n<td class=\"xl66\">Universidad de Chile<\/td>\n<td class=\"xl67\">Chile<\/td>\n<\/tr>\n<tr>\n<td class=\"xl66\" height=\"21\">Ugalde<\/td>\n<td class=\"xl66\">Valentina<\/td>\n<td class=\"xl66\">Universidad de Santiago de Chile<\/td>\n<td class=\"xl66\">Chile<\/td>\n<\/tr>\n<tr>\n<td class=\"xl66\" height=\"21\">Utke<\/td>\n<td class=\"xl66\">Markus<\/td>\n<td class=\"xl66\">Technical University Berlin (Internship at Universidad de Chile)<\/td>\n<td class=\"xl66\">Alemania<\/td>\n<\/tr>\n<tr>\n<td class=\"xl66\" height=\"21\">Y\u00e9pez<\/td>\n<td class=\"xl66\">Mauricio<\/td>\n<td class=\"xl66\">Escuela Polit\u00e9cnica Nacional<\/td>\n<td class=\"xl66\">Ecuador<\/td>\n<\/tr>\n<tr>\n<td class=\"xl68\" height=\"21\">Rauch<\/td>\n<td class=\"xl67\">Johannes<\/td>\n<td class=\"xl67\">Ulm University<\/td>\n<td class=\"xl67\">Alemania<\/td>\n<\/tr>\n<tr>\n<td class=\"xl67\" height=\"21\">Reiken<\/td>\n<td class=\"xl67\">Niklas<\/td>\n<td class=\"xl67\">RWTH Aachen.<\/td>\n<td class=\"xl67\">Alemania<\/td>\n<\/tr>\n<\/tbody>\n<\/table>\n","protected":false},"excerpt":{"rendered":"<p>APELLIDO NOMBRE INSTITUCI\u00d3N PA\u00cdS Acevedo Nicol\u00e1s Universidad de Chile Chile Astete Elguin Raul Universidad de Concepci\u00f3n Chile Az\u00f3car Carvajal Mat\u00edas Universidad de Chile Chile Bandeira Monteiro Castillo Bruno Universidade Federal do Rio de Janeiro Brasil Barriga Castillo Tamara Danelly Escuela Polit\u00e9cnica Nacional Ecuador Bozo Carlos Universidad de O&#8217;Higgins Chile Bravo Juan Universidad de Chile Chile &hellip; <a href=\"https:\/\/eventos.cmm.uchile.cl\/discretas2023\/participantes\/\" class=\"more-link\">Contin\u00fae leyendo <span class=\"screen-reader-text\">Participantes<\/span> <span class=\"meta-nav\">&rarr;<\/span><\/a><\/p>\n","protected":false},"author":55,"featured_media":0,"parent":0,"menu_order":5,"comment_status":"closed","ping_status":"closed","template":"","meta":{"inline_featured_image":false,"footnotes":""},"class_list":["post-123","page","type-page","status-publish","hentry"],"_links":{"self":[{"href":"https:\/\/eventos.cmm.uchile.cl\/discretas2023\/wp-json\/wp\/v2\/pages\/123","targetHints":{"allow":["GET"]}}],"collection":[{"href":"https:\/\/eventos.cmm.uchile.cl\/discretas2023\/wp-json\/wp\/v2\/pages"}],"about":[{"href":"https:\/\/eventos.cmm.uchile.cl\/discretas2023\/wp-json\/wp\/v2\/types\/page"}],"author":[{"embeddable":true,"href":"https:\/\/eventos.cmm.uchile.cl\/discretas2023\/wp-json\/wp\/v2\/users\/55"}],"replies":[{"embeddable":true,"href":"https:\/\/eventos.cmm.uchile.cl\/discretas2023\/wp-json\/wp\/v2\/comments?post=123"}],"version-history":[{"count":7,"href":"https:\/\/eventos.cmm.uchile.cl\/discretas2023\/wp-json\/wp\/v2\/pages\/123\/revisions"}],"predecessor-version":[{"id":145,"href":"https:\/\/eventos.cmm.uchile.cl\/discretas2023\/wp-json\/wp\/v2\/pages\/123\/revisions\/145"}],"wp:attachment":[{"href":"https:\/\/eventos.cmm.uchile.cl\/discretas2023\/wp-json\/wp\/v2\/media?parent=123"}],"curies":[{"name":"wp","href":"https:\/\/api.w.org\/{rel}","templated":true}]}}