{"id":41,"date":"2022-07-19T16:27:28","date_gmt":"2022-07-19T16:27:28","guid":{"rendered":"https:\/\/eventos.cmm.uchile.cl\/discretas2023\/?page_id=41"},"modified":"2022-07-20T01:47:03","modified_gmt":"2022-07-20T01:47:03","slug":"lugar","status":"publish","type":"page","link":"https:\/\/eventos.cmm.uchile.cl\/discretas2023\/lugar\/","title":{"rendered":"Lugar"},"content":{"rendered":"<p><a href=\"http:\/\/www.iscv.cl\/\">Instituto de Sistemas Complejos de Valpara\u00edso<\/a>\u00a0(ISCV)<br \/>\nSubida Artiller\u00eda 470 (Costado Museo Naval)<br \/>\nCerro Artiller\u00eda \u2013\u00a0<a href=\"http:\/\/www.ciudaddevalparaiso.cl\/inicio\/index.php\">Valpara\u00edso<\/a>, Chile.<\/p>\n<p><img loading=\"lazy\" decoding=\"async\" class=\"aligncenter size-full wp-image-13\" src=\"http:\/\/eventos.cmm.uchile.cl\/discretas2019\/wp-content\/uploads\/sites\/62\/2018\/05\/panoramica_valparaiso_sm01.jpg\" alt=\"\" width=\"604\" height=\"200\" \/>La Escuela se lleva a cabo en el Instituto de Sistemas Complejos de Valpara\u00edso (ISCV).<\/p>\n<h4>Acerca del ISCV<\/h4>\n<p>El Instituto de Sistemas Complejos de Valpara\u00edso (ISCV) es un centro para la investigaci\u00f3n y difusi\u00f3n de los Sistemas Complejos cuyo objetivo es el desarrollo de conocimiento de punta, formulaci\u00f3n de nuevos paradigmas, y promoci\u00f3n de discusiones cient\u00edficas abiertas entre investigadores, visitantes, y estudiantes, as\u00ed como su difusi\u00f3n tanto en el sector productivo como el p\u00fablico general.<\/p>\n<p>El ISCV es una corporaci\u00f3n privada sin fines de lucro, fundada el 2004, inclusiva y acojedora, que coloca a disposici\u00f3n de la comunidad\u00a0 infraestructura en un ambiente cient\u00edfico que promueve la cooperaci\u00f3n y la interacci\u00f3n entre sus participantes. Lo anterior, en un espacio con una vista panor\u00e1mica privilegiada de la bah\u00eda y de los cerros de la ciudad-puerto cuyo casco hist\u00f3rico fuese declarado Patrimonio de la Humanidad por la Unesco el a\u00f1o 2003.<\/p>\n<h4>C\u00f3mo llegar<\/h4>\n<p><strong>Desde Vi\u00f1a del Mar<\/strong>\u00a0tomar micro\u00a0<strong>216<\/strong>\u00a0\u00f3\u00a0<strong>602<\/strong>\u00a0y bajarse en la intersecci\u00f3n de Avenida Playa Ancha con Gran Breta\u00f1a y bajar por Subida Artiller\u00eda en direcci\u00f3n al Paseo 21 de Mayo.<\/p>\n<p><strong>Desde Valpara\u00edso<\/strong>, tomar colectivo 3 rojo (Pac\u00edfico, Sanatorio, San Roque) que baja\u00a0por calle 12 de Febrero y circula por calle Blanco, pedir que lo dejen en la salida vehicular del Museo Naval. Tambi\u00e9n pueden tomar micro 510 que tambi\u00e9n circula por Blanco que lo dejar\u00e1 en la intersecci\u00f3n de Avenida Playa Ancha con Gran Breta\u00f1a y deber\u00e1 bajar caminando por Subida Artiller\u00eda en direcci\u00f3n al Paseo 21 de Mayo.<\/p>\n<p><strong>El ingreso al Instituto es a pie por la salida vehicular del Museo Naval, donde se encontrar\u00e1 con una guardia de marinos, e inmediatamente a mano izquierda ver\u00e1 la casona que alberga al centro ISCV.<\/strong><\/p>\n","protected":false},"excerpt":{"rendered":"<p>Instituto de Sistemas Complejos de Valpara\u00edso\u00a0(ISCV) Subida Artiller\u00eda 470 (Costado Museo Naval) Cerro Artiller\u00eda \u2013\u00a0Valpara\u00edso, Chile. La Escuela se lleva a cabo en el Instituto de Sistemas Complejos de Valpara\u00edso (ISCV). Acerca del ISCV El Instituto de Sistemas Complejos de Valpara\u00edso (ISCV) es un centro para la investigaci\u00f3n y difusi\u00f3n de los Sistemas Complejos cuyo &hellip; <a href=\"https:\/\/eventos.cmm.uchile.cl\/discretas2023\/lugar\/\" class=\"more-link\">Contin\u00fae leyendo <span class=\"screen-reader-text\">Lugar<\/span> <span class=\"meta-nav\">&rarr;<\/span><\/a><\/p>\n","protected":false},"author":55,"featured_media":0,"parent":0,"menu_order":6,"comment_status":"closed","ping_status":"closed","template":"","meta":{"inline_featured_image":false,"footnotes":""},"class_list":["post-41","page","type-page","status-publish","hentry"],"_links":{"self":[{"href":"https:\/\/eventos.cmm.uchile.cl\/discretas2023\/wp-json\/wp\/v2\/pages\/41","targetHints":{"allow":["GET"]}}],"collection":[{"href":"https:\/\/eventos.cmm.uchile.cl\/discretas2023\/wp-json\/wp\/v2\/pages"}],"about":[{"href":"https:\/\/eventos.cmm.uchile.cl\/discretas2023\/wp-json\/wp\/v2\/types\/page"}],"author":[{"embeddable":true,"href":"https:\/\/eventos.cmm.uchile.cl\/discretas2023\/wp-json\/wp\/v2\/users\/55"}],"replies":[{"embeddable":true,"href":"https:\/\/eventos.cmm.uchile.cl\/discretas2023\/wp-json\/wp\/v2\/comments?post=41"}],"version-history":[{"count":1,"href":"https:\/\/eventos.cmm.uchile.cl\/discretas2023\/wp-json\/wp\/v2\/pages\/41\/revisions"}],"predecessor-version":[{"id":42,"href":"https:\/\/eventos.cmm.uchile.cl\/discretas2023\/wp-json\/wp\/v2\/pages\/41\/revisions\/42"}],"wp:attachment":[{"href":"https:\/\/eventos.cmm.uchile.cl\/discretas2023\/wp-json\/wp\/v2\/media?parent=41"}],"curies":[{"name":"wp","href":"https:\/\/api.w.org\/{rel}","templated":true}]}}