{"id":123,"date":"2022-12-03T01:01:09","date_gmt":"2022-12-03T01:01:09","guid":{"rendered":"https:\/\/eventos.cmm.uchile.cl\/discretas2023\/?page_id=123"},"modified":"2024-01-15T00:23:42","modified_gmt":"2024-01-15T00:23:42","slug":"participantes","status":"publish","type":"page","link":"https:\/\/eventos.cmm.uchile.cl\/discretas2024\/participantes\/","title":{"rendered":"Participantes"},"content":{"rendered":"<p><img decoding=\"async\" src=\"https:\/\/eventos.cmm.uchile.cl\/discretas2024\/wp-content\/uploads\/sites\/172\/2024\/01\/image0.jpeg\" alt=\"Group photo \/ Foto grupal\" width=\"590\" class=\"alignnone size-medium wp-image-349\" srcset=\"https:\/\/eventos.cmm.uchile.cl\/discretas2024\/wp-content\/uploads\/sites\/172\/2024\/01\/image0.jpeg 640w, https:\/\/eventos.cmm.uchile.cl\/discretas2024\/wp-content\/uploads\/sites\/172\/2024\/01\/image0-300x225.jpeg 300w\" sizes=\"(max-width: 640px) 100vw, 640px\" \/><\/p>\n<table border=\"0\" width=\"1033\" cellspacing=\"0\" cellpadding=\"0\">\n<colgroup>\n<col width=\"176\" \/>\n<col width=\"201\" \/>\n<col width=\"557\" \/>\n<col width=\"99\" \/><\/colgroup>\n<tbody>\n<tr>\n<td class=\"xl65\" width=\"476\" height=\"21\"><strong>NOMBRE<\/strong><\/td>\n<td class=\"xl65\" width=\"557\"><strong>INSTITUCI\u00d3N<\/strong><\/td>\n<td class=\"xl65\" width=\"99\"><strong>PA\u00cdS<\/strong><\/td>\n<\/tr>\n<tr>\n<td class=\"xl66\" height=\"21\">Andrea Jim&eacute;nez<\/td>\n<td>U. de Valpara&iacute;so<\/td>\n<td class=\"xl66\">Chile<\/td>\n<\/tr>\n<tr>\n<td class=\"xl66\" height=\"21\">Andr&eacute;s Grac&iacute;a<\/td>\n<td>U. de Chile<\/td>\n<td class=\"xl66\">Chile<\/td>\n<\/tr>\n<tr>\n<td class=\"xl66\" height=\"21\">Andr&eacute;s Cristi<\/td>\n<td>EPFL \/ U. de Chile<\/td>\n<td class=\"xl66\">Chile\/Suiza<\/td>\n<\/tr>\n<tr>\n<td class=\"xl66\" height=\"21\">Antonia Labarca<\/td>\n<td class=\"xl66\">U. de Chile<\/td>\n<td class=\"xl66\">Chile<\/td>\n<\/tr>\n<tr>\n<td class=\"xl66\" height=\"21\">Arturas Jocas<\/td>\n<td class=\"xl66\">Berlin Mathematical School<\/td>\n<td class=\"xl66\">Alemania<\/td>\n<\/tr>\n<tr>\n<td class=\"xl66\" height=\"21\">Arturo Zapata<\/td>\n<td class=\"xl66\">U. de Concepci&oacute;n<\/td>\n<td class=\"xl66\">Chile<\/td>\n<\/tr>\n<tr>\n<td class=\"xl66\" height=\"21\">Axel Kolm<\/td>\n<td class=\"xl66\">U. de Chile<\/td>\n<td class=\"xl66\">Chile<\/td>\n<\/tr>\n<tr>\n<td class=\"xl66\" height=\"21\">Benjamin Jauregui <\/td>\n<td class=\"xl66\">U. de Chile<\/td>\n<td class=\"xl66\">Chile<\/td>\n<\/tr>\n<tr>\n<td class=\"xl66\" height=\"21\">Carlos Bozo<\/td>\n<td class=\"xl66\">U. de O&#8217;Higgins<\/td>\n<td class=\"xl66\">Chile<\/td>\n<\/tr>\n<tr>\n<td class=\"xl66\" height=\"21\">Caroline Silva<\/td>\n<td class=\"xl66\">Unicamp<\/td>\n<td class=\"xl66\">Brazil<\/td>\n<\/tr>\n<tr>\n<td class=\"xl66\" height=\"21\">Catalina Opazo<\/td>\n<td class=\"xl66\">U. de Concepci&oacute;n<\/td>\n<td class=\"xl66\">Chile<\/td>\n<\/tr>\n<tr>\n<td class=\"xl66\" height=\"21\">Claudio Telha<\/td>\n<td class=\"xl66\">U. de los Andes<\/td>\n<td class=\"xl66\">Chile<\/td>\n<\/tr>\n<tr>\n<td class=\"xl66\" height=\"21\">Cristian Palma<\/td>\n<td class=\"xl66\">U. de Chile<\/td>\n<td class=\"xl66\">Chile<\/td>\n<\/tr>\n<tr>\n<td class=\"xl66\" height=\"21\">Constanza Gacit\u00faa<\/td>\n<td class=\"xl66\">U. de Concepci\u00f3n<\/td>\n<td class=\"xl66\">Chile<\/td>\n<\/tr>\n<tr>\n<td class=\"xl66\" height=\"21\">David Cifuentes<\/td>\n<td class=\"xl66\">U. de Chile<\/td>\n<td class=\"xl66\">Chile<\/td>\n<\/tr>\n<tr>\n<td class=\"xl66\" height=\"21\">Daniel Quiroz<\/td>\n<td class=\"xl66\">U. de Valpara&iacute;so<\/td>\n<td class=\"xl66\">Chile<\/td>\n<\/tr>\n<tr>\n<td class=\"xl66\" height=\"21\">Elisa Dell&#8217;Arriva<\/td>\n<td class=\"xl66\">Unicamp<\/td>\n<td class=\"xl66\">Brazil<\/td>\n<\/tr>\n<tr>\n<td class=\"xl66\" height=\"21\">Enzo Gaban<\/td>\n<td class=\"xl66\">Unicamp<\/td>\n<td class=\"xl66\">Brazil<\/td>\n<\/tr>\n<tr>\n<td class=\"xl66\" height=\"21\">Fabian Badilla<\/td>\n<td class=\"xl66\">U. de Chile<\/td>\n<td class=\"xl66\">Chile<\/td>\n<\/tr>\n<tr>\n<td class=\"xl66\" height=\"21\">Francisco Mu\u00f1oz<\/td>\n<td class=\"xl66\">U. de Chile<\/td>\n<td class=\"xl66\">Chile<\/td>\n<\/tr>\n<tr>\n<td class=\"xl66\" height=\"21\">Franco Mart\u00ednez<\/td>\n<td class=\"xl66\">U. de O&#8217;Higgins<\/td>\n<td class=\"xl66\">Chile<\/td>\n<\/tr>\n<tr>\n<td class=\"xl66\" height=\"21\">Guillermo Gamboa<\/td>\n<td class=\"xl66\">Charles U. \/ U. de Chile<\/td>\n<td class=\"xl66\">Rep. Checa \/ Chile<\/td>\n<\/tr>\n<tr>\n<td class=\"xl66\" height=\"21\">Henry Echeverr\u00eda<\/td>\n<td class=\"xl66\">U. de Valpara\u00edso<\/td>\n<td class=\"xl66\">Chile<\/td>\n<\/tr>\n<tr>\n<td class=\"xl66\" height=\"21\">Ignacia Segura<\/td>\n<td class=\"xl66\">U. de Chile<\/td>\n<td class=\"xl66\">Chile<\/td>\n<\/tr>\n<tr>\n<td class=\"xl66\" height=\"21\">Iv&aacute;n Rapaport<\/td>\n<td class=\"xl66\">U. de Chile<\/td>\n<td class=\"xl66\">Chile<\/td>\n<\/tr>\n<tr>\n<td class=\"xl66\" height=\"21\">Jos&eacute; Soto<\/td>\n<td class=\"xl66\">U. de Chile<\/td>\n<td class=\"xl66\">Chile<\/td>\n<\/tr>\n<tr>\n<td class=\"xl66\" height=\"21\">Juan Pablo Bravo<\/td>\n<td class=\"xl66\">U. de Chile<\/td>\n<td class=\"xl66\">Chile<\/td>\n<\/tr>\n<tr>\n<td class=\"xl66\" height=\"21\">Juan Pablo Pe&ntilde;a<\/td>\n<td class=\"xl66\">U. de Chile<\/td>\n<td class=\"xl66\">Chile<\/td>\n<\/tr>\n<tr>\n<td class=\"xl66\" height=\"21\">Juan Rojas<\/td>\n<td class=\"xl66\">Pontificia U. Cat&oacute;lica de Chile<\/td>\n<td class=\"xl66\">Chile<\/td>\n<\/tr>\n<tr>\n<td class=\"xl66\" height=\"21\">Luc&iacute;a Moroni<\/td>\n<td class=\"xl66\">U. Nacional de Rosario<\/td>\n<td class=\"xl66\">Argentina<\/td>\n<\/tr>\n<tr>\n<td class=\"xl66\" height=\"21\">Manoj Belavadi<\/td>\n<td class=\"xl66\">Wilfrid Laurier U. <\/td>\n<td class=\"xl66\">Canada<\/td>\n<\/tr>\n<tr>\n<td class=\"xl66\" height=\"21\">Marcos Kiwi<\/td>\n<td class=\"xl66\">U. de Chile<\/td>\n<td class=\"xl66\">Chile<\/td>\n<\/tr>\n<tr>\n<td class=\"xl66\" height=\"21\">Mart\u00ed Jan\u00e9-Ballar\u00edn<\/td>\n<td class=\"xl66\">U. of Barcelona<\/td>\n<td class=\"xl66\">Espa&ntilde;a<\/td>\n<\/tr>\n<tr>\n<td class=\"xl66\" height=\"21\">Mart\u00edn Mu\u00f1oz<\/td>\n<td class=\"xl66\">Pontificia U. Cat&oacute;lica de Chile<\/td>\n<td class=\"xl66\">Chile<\/td>\n<\/tr>\n<tr>\n<td class=\"xl66\" height=\"21\">Mauricio Y\u00e9pez<\/td>\n<td class=\"xl66\">U. de Valpara\u00edso<\/td>\n<td class=\"xl66\">Chile<\/td>\n<\/tr>\n<tr>\n<td class=\"xl66\" height=\"21\">Milene Guti\u00e9rrez <\/td>\n<td class=\"xl66\">U. de Concepci&oacute;n <\/td>\n<td class=\"xl66\">Chile<\/td>\n<\/tr>\n<tr>\n<td class=\"xl66\" height=\"21\">Pedro Montealegre<\/td>\n<td class=\"xl66\">U. Adolfo Ib&acute;&ntilde;ez<\/td>\n<td class=\"xl66\">Chile<\/td>\n<\/tr>\n<tr>\n<td class=\"xl66\" height=\"21\">Raimundo Saona<\/td>\n<td class=\"xl66\">ISTA<\/td>\n<td class=\"xl66\">Austria<\/td>\n<\/tr>\n<tr>\n<td class=\"xl66\" height=\"21\">Ra\u00fal Astete<\/td>\n<td class=\"xl66\">U. de Concepci&oacute;n<\/td>\n<td class=\"xl66\">Chile<\/td>\n<\/tr>\n<tr>\n<td class=\"xl66\" height=\"21\">Roberto Oliva<\/td>\n<td class=\"xl66\">U. de O&#8217;Higgins<\/td>\n<td class=\"xl66\">Chile<\/td>\n<\/tr>\n<tr>\n<td class=\"xl66\" height=\"21\">Roc\u00edo Ladr\u00f3n de Guevara<\/td>\n<td class=\"xl66\">Pontificia U. Cat&oacute;lica de Chile<\/td>\n<td class=\"xl66\">Chile<\/td>\n<\/tr>\n<tr>\n<td class=\"xl66\" height=\"21\">Victor Verdugo<\/td>\n<td class=\"xl66\">U. O&#8217;Higgins<\/td>\n<td class=\"xl66\">Chile<\/td>\n<\/tr>\n<tr>\n<td class=\"xl66\" height=\"21\">Waldo Galv&eacute;z<\/td>\n<td class=\"xl66\">U. O&#8217;Higgins<\/td>\n<td class=\"xl66\">Chile<\/td>\n<\/tr>\n<\/tbody>\n<\/table>\n","protected":false},"excerpt":{"rendered":"<p>NOMBRE INSTITUCI\u00d3N PA\u00cdS Andrea Jim&eacute;nez U. de Valpara&iacute;so Chile Andr&eacute;s Grac&iacute;a U. de Chile Chile Andr&eacute;s Cristi EPFL \/ U. de Chile Chile\/Suiza Antonia Labarca U. de Chile Chile Arturas Jocas Berlin Mathematical School Alemania Arturo Zapata U. de Concepci&oacute;n Chile Axel Kolm U. de Chile Chile Benjamin Jauregui U. de Chile Chile Carlos Bozo &hellip; <a href=\"https:\/\/eventos.cmm.uchile.cl\/discretas2024\/participantes\/\" class=\"more-link\">Contin\u00fae leyendo <span class=\"screen-reader-text\">Participantes<\/span> <span class=\"meta-nav\">&rarr;<\/span><\/a><\/p>\n","protected":false},"author":55,"featured_media":0,"parent":0,"menu_order":5,"comment_status":"closed","ping_status":"closed","template":"","meta":{"inline_featured_image":false,"footnotes":""},"class_list":["post-123","page","type-page","status-publish","hentry"],"_links":{"self":[{"href":"https:\/\/eventos.cmm.uchile.cl\/discretas2024\/wp-json\/wp\/v2\/pages\/123","targetHints":{"allow":["GET"]}}],"collection":[{"href":"https:\/\/eventos.cmm.uchile.cl\/discretas2024\/wp-json\/wp\/v2\/pages"}],"about":[{"href":"https:\/\/eventos.cmm.uchile.cl\/discretas2024\/wp-json\/wp\/v2\/types\/page"}],"author":[{"embeddable":true,"href":"https:\/\/eventos.cmm.uchile.cl\/discretas2024\/wp-json\/wp\/v2\/users\/55"}],"replies":[{"embeddable":true,"href":"https:\/\/eventos.cmm.uchile.cl\/discretas2024\/wp-json\/wp\/v2\/comments?post=123"}],"version-history":[{"count":42,"href":"https:\/\/eventos.cmm.uchile.cl\/discretas2024\/wp-json\/wp\/v2\/pages\/123\/revisions"}],"predecessor-version":[{"id":354,"href":"https:\/\/eventos.cmm.uchile.cl\/discretas2024\/wp-json\/wp\/v2\/pages\/123\/revisions\/354"}],"wp:attachment":[{"href":"https:\/\/eventos.cmm.uchile.cl\/discretas2024\/wp-json\/wp\/v2\/media?parent=123"}],"curies":[{"name":"wp","href":"https:\/\/api.w.org\/{rel}","templated":true}]}}