{"id":123,"date":"2022-12-03T01:01:09","date_gmt":"2022-12-03T01:01:09","guid":{"rendered":"https:\/\/eventos.cmm.uchile.cl\/discretas2023\/?page_id=123"},"modified":"2025-01-27T11:12:45","modified_gmt":"2025-01-27T14:12:45","slug":"participantes","status":"publish","type":"page","link":"https:\/\/eventos.cmm.uchile.cl\/discretas2025\/participantes\/","title":{"rendered":"Participantes"},"content":{"rendered":"<p><img loading=\"lazy\" decoding=\"async\" class=\"wp-image-472 alignnone\" src=\"https:\/\/eventos.cmm.uchile.cl\/discretas2025\/wp-content\/uploads\/sites\/202\/2025\/01\/R-01-300x169.jpg\" alt=\"\" width=\"682\" height=\"384\" srcset=\"https:\/\/eventos.cmm.uchile.cl\/discretas2025\/wp-content\/uploads\/sites\/202\/2025\/01\/R-01-300x169.jpg 300w, https:\/\/eventos.cmm.uchile.cl\/discretas2025\/wp-content\/uploads\/sites\/202\/2025\/01\/R-01-1024x576.jpg 1024w, https:\/\/eventos.cmm.uchile.cl\/discretas2025\/wp-content\/uploads\/sites\/202\/2025\/01\/R-01-768x432.jpg 768w, https:\/\/eventos.cmm.uchile.cl\/discretas2025\/wp-content\/uploads\/sites\/202\/2025\/01\/R-01-1536x864.jpg 1536w, https:\/\/eventos.cmm.uchile.cl\/discretas2025\/wp-content\/uploads\/sites\/202\/2025\/01\/R-01-2048x1152.jpg 2048w\" sizes=\"auto, (max-width: 682px) 100vw, 682px\" \/><\/p>\n<table dir=\"ltr\" border=\"1\" cellspacing=\"0\" cellpadding=\"0\" data-sheets-root=\"1\" data-sheets-baot=\"1\">\n<colgroup>\n<col width=\"245\" \/>\n<col width=\"265\" \/><\/colgroup>\n<tbody>\n<tr>\n<td>Nombre<\/td>\n<td>Afiliaci\u00f3n<\/td>\n<\/tr>\n<tr>\n<td>Alejandro Garc\u00eda<\/td>\n<td>Universidad Adolfo Ib\u00e1\u00f1ez<\/td>\n<\/tr>\n<tr>\n<td>Alexander Kozachinskiy<\/td>\n<td>CENIA<\/td>\n<\/tr>\n<tr>\n<td>Alonso Espinoza<\/td>\n<td>Universidad Adolfo Ib\u00e1\u00f1ez<\/td>\n<\/tr>\n<tr>\n<td>Andr\u00e9s Moraga<\/td>\n<td>Pontificia Universidad Cat\u00f3lica de Chile<\/td>\n<\/tr>\n<tr>\n<td>Annette Lutz<\/td>\n<td>TU Darmstadt<\/td>\n<\/tr>\n<tr>\n<td>Antonia Labarca<\/td>\n<td>Universidad de Chile<\/td>\n<\/tr>\n<tr>\n<td>Ant\u00f4nio Barroso<\/td>\n<td>Universidade de S\u00e3o Paulo (USP)<\/td>\n<\/tr>\n<tr>\n<td>Arturo Merino<\/td>\n<td>Universidad de O&#8217;Higgins<\/td>\n<\/tr>\n<tr>\n<td>Benjam\u00edn J\u00e1uregui<\/td>\n<td>Universidad de Chile<\/td>\n<\/tr>\n<tr>\n<td>Bowen Li<\/td>\n<td>University of Illinois Urbana Champaign<\/td>\n<\/tr>\n<tr>\n<td>Bruno Braga<\/td>\n<td>Universidade de S\u00e3o Paulo (USP)<\/td>\n<\/tr>\n<tr>\n<td>Bruno Skarmeta<\/td>\n<td>Universidad de Chile<\/td>\n<\/tr>\n<tr>\n<td>Cinthya Vergara<\/td>\n<td>Universidad Adolfo Ib\u00e1\u00f1ez<\/td>\n<\/tr>\n<tr>\n<td>Constanza Gacit\u00faa<\/td>\n<td>Universidad de Concepci\u00f3n<\/td>\n<\/tr>\n<tr>\n<td>Crist\u00f3bal Reyes<\/td>\n<td>Universidad de Valpara\u00edso<\/td>\n<\/tr>\n<tr>\n<td>Cristofer Lizama<\/td>\n<td>Universidad Adolfo Ib\u00e1\u00f1ez<\/td>\n<\/tr>\n<tr>\n<td>Daniel Quiroz<\/td>\n<td>Universidad de Valpara\u00edso<\/td>\n<\/tr>\n<tr>\n<td>Diego P\u00e9rez<\/td>\n<td>Pontificia Universidad Cat\u00f3lica de Chile<\/td>\n<\/tr>\n<tr>\n<td>Eugenio Cruz<\/td>\n<td>Pontificia Universidad Cat\u00f3lica de Chile<\/td>\n<\/tr>\n<tr>\n<td>Ezequiel Calore<\/td>\n<td>Universidad Nacional de Rosario<\/td>\n<\/tr>\n<tr>\n<td>Felipe Caster<\/td>\n<td>Pontificia Universidad Cat\u00f3lica de Chile<\/td>\n<\/tr>\n<tr>\n<td>Felipe Chacana<\/td>\n<td>Universidad Adolfo Ib\u00e1\u00f1ez<\/td>\n<\/tr>\n<tr>\n<td>Gabriel Acu\u00f1a<\/td>\n<td>Universidad Adolfo Ib\u00e1\u00f1ez<\/td>\n<\/tr>\n<tr>\n<td>Gary Vidal<\/td>\n<td>Universidad de Chile<\/td>\n<\/tr>\n<tr>\n<td>Gaurav Kucheriya<\/td>\n<td>Charles University<\/td>\n<\/tr>\n<tr>\n<td>Gerardo Dos Ramos<\/td>\n<td>Universidad Adolfo Ib\u00e1\u00f1ez<\/td>\n<\/tr>\n<tr>\n<td>Guilherme Mota<\/td>\n<td>Universidade de S\u00e3o Paulo (USP)<\/td>\n<\/tr>\n<tr>\n<td>Gustavo Cornejo<\/td>\n<td>Pontificia Universidad Cat\u00f3lica de Chile<\/td>\n<\/tr>\n<tr>\n<td>Henry Echeverr\u00eda<\/td>\n<td>Universidad de Valpara\u00edso<\/td>\n<\/tr>\n<tr>\n<td>Isabel Donoso<\/td>\n<td>Universidad Adolfo Ib\u00e1\u00f1ez<\/td>\n<\/tr>\n<tr>\n<td>Javier Valenzuela<\/td>\n<td>Universidad de O&#8217;Higgins<\/td>\n<\/tr>\n<tr>\n<td>Jos\u00e9 Soza<\/td>\n<td>Pontificia Universidad Cat\u00f3lica de Chile<\/td>\n<\/tr>\n<tr>\n<td>Juan Pablo Pe\u00f1a<\/td>\n<td>Universidad de Chile<\/td>\n<\/tr>\n<tr>\n<td>Juan Rojas<\/td>\n<td>Pontificia Universidad Cat\u00f3lica de Chile<\/td>\n<\/tr>\n<tr>\n<td>Katharina Eickhoff<\/td>\n<td>RWTH Aachen University<\/td>\n<\/tr>\n<tr>\n<td>Lea Strubberg<\/td>\n<td>TU Berlin<\/td>\n<\/tr>\n<tr>\n<td>Leandro Raffo<\/td>\n<td>Universidad de Buenos Aires<\/td>\n<\/tr>\n<tr>\n<td>Lucas de Oliveira<\/td>\n<td>State University of Campinas<\/td>\n<\/tr>\n<tr>\n<td>Luiz Belisario<\/td>\n<td>Universidade Federal de Goi\u00e1s<\/td>\n<\/tr>\n<tr>\n<td>Lydia Mendoza<\/td>\n<td>Universidad de Chile<\/td>\n<\/tr>\n<tr>\n<td>Manuel Mu\u00f1oz<\/td>\n<td>Universidad de O&#8217;Higgins<\/td>\n<\/tr>\n<tr>\n<td>Marcos Kiwi<\/td>\n<td>Universidad de Chile<\/td>\n<\/tr>\n<tr>\n<td>Mat\u00edas Morgado<\/td>\n<td>Pontificia Universidad Cat\u00f3lica de Chile<\/td>\n<\/tr>\n<tr>\n<td>Mat\u00edas Ortiz<\/td>\n<td>Universidad de Chile<\/td>\n<\/tr>\n<tr>\n<td>Mat\u00edas P\u00e1vez<\/td>\n<td>Universidad de Chile<\/td>\n<\/tr>\n<tr>\n<td>Mat\u00edas Valenzuela<\/td>\n<td>Pontificia Universidad Cat\u00f3lica de Chile<\/td>\n<\/tr>\n<tr>\n<td>Mauricio Y\u00e9pez<\/td>\n<td>Universidad de Valpara\u00edso<\/td>\n<\/tr>\n<tr>\n<td>Milene Guti\u00e9rrez<\/td>\n<td>Universidad de Concepci\u00f3n<\/td>\n<\/tr>\n<tr>\n<td>Niklas Dahlmeier<\/td>\n<td>RWTH Aachen University<\/td>\n<\/tr>\n<tr>\n<td>Niklas Rieken<\/td>\n<td>RWTH Aachen University<\/td>\n<\/tr>\n<tr>\n<td>Pablo Gonz\u00e1lez<\/td>\n<td>Pontificia Universidad Cat\u00f3lica de Chile<\/td>\n<\/tr>\n<tr>\n<td>Paolo Martiniello<\/td>\n<td>Universidad de Chile<\/td>\n<\/tr>\n<tr>\n<td>Philipp Pabst<\/td>\n<td>RWTH Aachen University<\/td>\n<\/tr>\n<tr>\n<td>Ra\u00fal Astete Elguin<\/td>\n<td>Universidad de Concepci\u00f3n<\/td>\n<\/tr>\n<tr>\n<td>Ricardo Soto<\/td>\n<td>Pontificia Universidad Cat\u00f3lica de Chile<\/td>\n<\/tr>\n<tr>\n<td>Roberto Oliva<\/td>\n<td>Universidad de O&#8217;Higgins<\/td>\n<\/tr>\n<tr>\n<td>Sandro Roch<\/td>\n<td>TU Berlin<\/td>\n<\/tr>\n<tr>\n<td>Sebasti\u00e1n S\u00e1nchez<\/td>\n<td>Pontificia Universidad Cat\u00f3lica de Chile<\/td>\n<\/tr>\n<tr>\n<td>Silvia Di Gregorio<\/td>\n<td>University Sorbonne Paris Nord<\/td>\n<\/tr>\n<tr>\n<td>Sof\u00eda Err\u00e1zuriz<\/td>\n<td>Pontificia Universidad Cat\u00f3lica de Chile<\/td>\n<\/tr>\n<tr>\n<td>Svenja Griesbach<\/td>\n<td>Universidad de Chile<\/td>\n<\/tr>\n<tr>\n<td>Tabriz Popatia<\/td>\n<td>Universitat Polit\u00e8cnica de Catalunya<\/td>\n<\/tr>\n<tr>\n<td>Taruni Sai Sridhar<\/td>\n<td>Universidad de Chile<\/td>\n<\/tr>\n<tr>\n<td>Vasilis Livanos<\/td>\n<td>EPFL<\/td>\n<\/tr>\n<tr>\n<td>Vicente Opazo<\/td>\n<td>Pontificia Universidad Cat\u00f3lica de Chile<\/td>\n<\/tr>\n<tr>\n<td>Vicente Sandoval<\/td>\n<td>Universidad de Chile<\/td>\n<\/tr>\n<tr>\n<td>V\u00edctor Verdugo<\/td>\n<td>Pontificia Universidad Cat\u00f3lica de Chile<\/td>\n<\/tr>\n<tr>\n<td>Victoria Ferrari<\/td>\n<td>Universidad de Buenos Aires<\/td>\n<\/tr>\n<tr>\n<td>Victoria Labarca<\/td>\n<td>Universidad de Chile<\/td>\n<\/tr>\n<tr>\n<td>Yeniffer Mu\u00f1oz<\/td>\n<td>Universidad de Chile<\/td>\n<\/tr>\n<\/tbody>\n<\/table>\n","protected":false},"excerpt":{"rendered":"<p>Nombre Afiliaci\u00f3n Alejandro Garc\u00eda Universidad Adolfo Ib\u00e1\u00f1ez Alexander Kozachinskiy CENIA Alonso Espinoza Universidad Adolfo Ib\u00e1\u00f1ez Andr\u00e9s Moraga Pontificia Universidad Cat\u00f3lica de Chile Annette Lutz TU Darmstadt Antonia Labarca Universidad de Chile Ant\u00f4nio Barroso Universidade de S\u00e3o Paulo (USP) Arturo Merino Universidad de O&#8217;Higgins Benjam\u00edn J\u00e1uregui Universidad de Chile Bowen Li University of Illinois Urbana Champaign &hellip; <a href=\"https:\/\/eventos.cmm.uchile.cl\/discretas2025\/participantes\/\" class=\"more-link\">Seguir leyendo <span class=\"screen-reader-text\">Participantes<\/span> <span class=\"meta-nav\">&rarr;<\/span><\/a><\/p>\n","protected":false},"author":55,"featured_media":0,"parent":0,"menu_order":5,"comment_status":"closed","ping_status":"closed","template":"","meta":{"inline_featured_image":false,"footnotes":""},"class_list":["post-123","page","type-page","status-publish","hentry"],"_links":{"self":[{"href":"https:\/\/eventos.cmm.uchile.cl\/discretas2025\/wp-json\/wp\/v2\/pages\/123","targetHints":{"allow":["GET"]}}],"collection":[{"href":"https:\/\/eventos.cmm.uchile.cl\/discretas2025\/wp-json\/wp\/v2\/pages"}],"about":[{"href":"https:\/\/eventos.cmm.uchile.cl\/discretas2025\/wp-json\/wp\/v2\/types\/page"}],"author":[{"embeddable":true,"href":"https:\/\/eventos.cmm.uchile.cl\/discretas2025\/wp-json\/wp\/v2\/users\/55"}],"replies":[{"embeddable":true,"href":"https:\/\/eventos.cmm.uchile.cl\/discretas2025\/wp-json\/wp\/v2\/comments?post=123"}],"version-history":[{"count":53,"href":"https:\/\/eventos.cmm.uchile.cl\/discretas2025\/wp-json\/wp\/v2\/pages\/123\/revisions"}],"predecessor-version":[{"id":473,"href":"https:\/\/eventos.cmm.uchile.cl\/discretas2025\/wp-json\/wp\/v2\/pages\/123\/revisions\/473"}],"wp:attachment":[{"href":"https:\/\/eventos.cmm.uchile.cl\/discretas2025\/wp-json\/wp\/v2\/media?parent=123"}],"curies":[{"name":"wp","href":"https:\/\/api.w.org\/{rel}","templated":true}]}}