{"id":39,"date":"2022-07-19T16:24:11","date_gmt":"2022-07-19T16:24:11","guid":{"rendered":"https:\/\/eventos.cmm.uchile.cl\/discretas2023\/?page_id=39"},"modified":"2025-01-27T11:05:59","modified_gmt":"2025-01-27T14:05:59","slug":"distinciones","status":"publish","type":"page","link":"https:\/\/eventos.cmm.uchile.cl\/discretas2025\/distinciones\/","title":{"rendered":"Distinciones"},"content":{"rendered":"<div class=\"entry-content\">\n<p>En cada uno de los cursos de la escuela se asignan problemas para que las y los estudiantes trabajen, resuelvan y redacten soluciones, que luego voluntariamente pueden entregar para ser revisadas.<\/p>\n<p>En cada curso se seleccionar\u00e1 a la o el estudiante que haya trabajado m\u00e1s y mejor.<\/p>\n<\/div>\n<p>Estudiantes distinguidos:<\/p>\n<ul>\n<li style=\"list-style-type: none\">\n<ul>\n<li>Philipp Pabst (RWTH Aachen) en el curso: \u00a0<em>Algebraic Methods for Combinatorics.<\/em><\/li>\n<\/ul>\n<\/li>\n<\/ul>\n<figure><img loading=\"lazy\" decoding=\"async\" class=\"size-medium wp-image-468 aligncenter\" src=\"https:\/\/eventos.cmm.uchile.cl\/discretas2025\/wp-content\/uploads\/sites\/202\/2025\/01\/WhatsApp-Image-2025-01-13-at-6.00.03-PM-300x225.jpeg\" alt=\"\" width=\"300\" height=\"225\" srcset=\"https:\/\/eventos.cmm.uchile.cl\/discretas2025\/wp-content\/uploads\/sites\/202\/2025\/01\/WhatsApp-Image-2025-01-13-at-6.00.03-PM-300x225.jpeg 300w, https:\/\/eventos.cmm.uchile.cl\/discretas2025\/wp-content\/uploads\/sites\/202\/2025\/01\/WhatsApp-Image-2025-01-13-at-6.00.03-PM-1024x768.jpeg 1024w, https:\/\/eventos.cmm.uchile.cl\/discretas2025\/wp-content\/uploads\/sites\/202\/2025\/01\/WhatsApp-Image-2025-01-13-at-6.00.03-PM-768x576.jpeg 768w, https:\/\/eventos.cmm.uchile.cl\/discretas2025\/wp-content\/uploads\/sites\/202\/2025\/01\/WhatsApp-Image-2025-01-13-at-6.00.03-PM-1536x1152.jpeg 1536w, https:\/\/eventos.cmm.uchile.cl\/discretas2025\/wp-content\/uploads\/sites\/202\/2025\/01\/WhatsApp-Image-2025-01-13-at-6.00.03-PM.jpeg 1600w\" sizes=\"auto, (max-width: 300px) 100vw, 300px\" \/><br \/>\n<i>De izquierda a derecha: Natasha Morrison (profesora), Waldo G\u00e1lvez (Chair), Philipp Pabst (premiado).<\/i><\/figure>\n<ul>\n<li style=\"list-style-type: none\">\n<ul>\n<li>Vicente Opazo (PUC Chile) en el curso:<em> Straight Line Complexity of Linear Programs.<\/em><\/li>\n<\/ul>\n<\/li>\n<\/ul>\n<figure><img loading=\"lazy\" decoding=\"async\" class=\"size-medium wp-image-469 aligncenter\" src=\"https:\/\/eventos.cmm.uchile.cl\/discretas2025\/wp-content\/uploads\/sites\/202\/2025\/01\/WhatsApp-Image-2025-01-13-at-6.00.04-PM-300x225.jpeg\" alt=\"\" width=\"300\" height=\"225\" srcset=\"https:\/\/eventos.cmm.uchile.cl\/discretas2025\/wp-content\/uploads\/sites\/202\/2025\/01\/WhatsApp-Image-2025-01-13-at-6.00.04-PM-300x225.jpeg 300w, https:\/\/eventos.cmm.uchile.cl\/discretas2025\/wp-content\/uploads\/sites\/202\/2025\/01\/WhatsApp-Image-2025-01-13-at-6.00.04-PM-1024x768.jpeg 1024w, https:\/\/eventos.cmm.uchile.cl\/discretas2025\/wp-content\/uploads\/sites\/202\/2025\/01\/WhatsApp-Image-2025-01-13-at-6.00.04-PM-768x576.jpeg 768w, https:\/\/eventos.cmm.uchile.cl\/discretas2025\/wp-content\/uploads\/sites\/202\/2025\/01\/WhatsApp-Image-2025-01-13-at-6.00.04-PM-1536x1152.jpeg 1536w, https:\/\/eventos.cmm.uchile.cl\/discretas2025\/wp-content\/uploads\/sites\/202\/2025\/01\/WhatsApp-Image-2025-01-13-at-6.00.04-PM.jpeg 1600w\" sizes=\"auto, (max-width: 300px) 100vw, 300px\" \/><br \/>\n<i>De izquierda a derecha: Daniel Dadush (profesor), Vicente Opazo (premiado), Waldo G\u00e1lvez (Chair).<\/i><\/figure>\n<ul>\n<li style=\"list-style-type: none\">\n<ul>\n<li>Katharina Eickhoff (RWTH Aachen) en el curso: <em>Packing and Covering Problems in Matroids.<\/em><\/li>\n<\/ul>\n<\/li>\n<\/ul>\n<figure><img loading=\"lazy\" decoding=\"async\" class=\"size-medium wp-image-470 aligncenter\" src=\"https:\/\/eventos.cmm.uchile.cl\/discretas2025\/wp-content\/uploads\/sites\/202\/2025\/01\/WhatsApp-Image-2025-01-13-at-6.00.05-PM-300x225.jpeg\" alt=\"\" width=\"300\" height=\"225\" srcset=\"https:\/\/eventos.cmm.uchile.cl\/discretas2025\/wp-content\/uploads\/sites\/202\/2025\/01\/WhatsApp-Image-2025-01-13-at-6.00.05-PM-300x225.jpeg 300w, https:\/\/eventos.cmm.uchile.cl\/discretas2025\/wp-content\/uploads\/sites\/202\/2025\/01\/WhatsApp-Image-2025-01-13-at-6.00.05-PM-1024x768.jpeg 1024w, https:\/\/eventos.cmm.uchile.cl\/discretas2025\/wp-content\/uploads\/sites\/202\/2025\/01\/WhatsApp-Image-2025-01-13-at-6.00.05-PM-768x576.jpeg 768w, https:\/\/eventos.cmm.uchile.cl\/discretas2025\/wp-content\/uploads\/sites\/202\/2025\/01\/WhatsApp-Image-2025-01-13-at-6.00.05-PM-1536x1152.jpeg 1536w, https:\/\/eventos.cmm.uchile.cl\/discretas2025\/wp-content\/uploads\/sites\/202\/2025\/01\/WhatsApp-Image-2025-01-13-at-6.00.05-PM.jpeg 1600w\" sizes=\"auto, (max-width: 300px) 100vw, 300px\" \/><br \/>\n<i>De izquierda a derecha: Krist\u00f3f B\u00e9rczi (profesor), Waldo G\u00e1lvez (Chair), Katharina Eickhoff (premiada).<\/i><\/figure>\n<p>&nbsp;<\/p>\n<p style=\"text-align: center\">\u00a1Un merecido reconocimiento y felicitaciones a las\/los distinguidas\/os!<\/p>\n","protected":false},"excerpt":{"rendered":"<p>En cada uno de los cursos de la escuela se asignan problemas para que las y los estudiantes trabajen, resuelvan y redacten soluciones, que luego voluntariamente pueden entregar para ser revisadas. En cada curso se seleccionar\u00e1 a la o el estudiante que haya trabajado m\u00e1s y mejor. Estudiantes distinguidos: Philipp Pabst (RWTH Aachen) en el &hellip; <a href=\"https:\/\/eventos.cmm.uchile.cl\/discretas2025\/distinciones\/\" class=\"more-link\">Seguir leyendo <span class=\"screen-reader-text\">Distinciones<\/span> <span class=\"meta-nav\">&rarr;<\/span><\/a><\/p>\n","protected":false},"author":55,"featured_media":0,"parent":0,"menu_order":5,"comment_status":"closed","ping_status":"closed","template":"","meta":{"inline_featured_image":false,"footnotes":""},"class_list":["post-39","page","type-page","status-publish","hentry"],"_links":{"self":[{"href":"https:\/\/eventos.cmm.uchile.cl\/discretas2025\/wp-json\/wp\/v2\/pages\/39","targetHints":{"allow":["GET"]}}],"collection":[{"href":"https:\/\/eventos.cmm.uchile.cl\/discretas2025\/wp-json\/wp\/v2\/pages"}],"about":[{"href":"https:\/\/eventos.cmm.uchile.cl\/discretas2025\/wp-json\/wp\/v2\/types\/page"}],"author":[{"embeddable":true,"href":"https:\/\/eventos.cmm.uchile.cl\/discretas2025\/wp-json\/wp\/v2\/users\/55"}],"replies":[{"embeddable":true,"href":"https:\/\/eventos.cmm.uchile.cl\/discretas2025\/wp-json\/wp\/v2\/comments?post=39"}],"version-history":[{"count":21,"href":"https:\/\/eventos.cmm.uchile.cl\/discretas2025\/wp-json\/wp\/v2\/pages\/39\/revisions"}],"predecessor-version":[{"id":471,"href":"https:\/\/eventos.cmm.uchile.cl\/discretas2025\/wp-json\/wp\/v2\/pages\/39\/revisions\/471"}],"wp:attachment":[{"href":"https:\/\/eventos.cmm.uchile.cl\/discretas2025\/wp-json\/wp\/v2\/media?parent=39"}],"curies":[{"name":"wp","href":"https:\/\/api.w.org\/{rel}","templated":true}]}}