{"id":123,"date":"2022-12-03T01:01:09","date_gmt":"2022-12-03T01:01:09","guid":{"rendered":"https:\/\/eventos.cmm.uchile.cl\/discretas2023\/?page_id=123"},"modified":"2026-01-07T09:35:41","modified_gmt":"2026-01-07T12:35:41","slug":"participantes","status":"publish","type":"page","link":"https:\/\/eventos.cmm.uchile.cl\/discretas2026\/participantes\/","title":{"rendered":"Participantes"},"content":{"rendered":"<p><img loading=\"lazy\" decoding=\"async\" class=\"aligncenter size-full wp-image-605\" src=\"https:\/\/eventos.cmm.uchile.cl\/discretas2026\/wp-content\/uploads\/sites\/222\/2026\/01\/escuela_foto_2026-1.jpg\" alt=\"\" width=\"1280\" height=\"960\" srcset=\"https:\/\/eventos.cmm.uchile.cl\/discretas2026\/wp-content\/uploads\/sites\/222\/2026\/01\/escuela_foto_2026-1.jpg 1280w, https:\/\/eventos.cmm.uchile.cl\/discretas2026\/wp-content\/uploads\/sites\/222\/2026\/01\/escuela_foto_2026-1-300x225.jpg 300w, https:\/\/eventos.cmm.uchile.cl\/discretas2026\/wp-content\/uploads\/sites\/222\/2026\/01\/escuela_foto_2026-1-1024x768.jpg 1024w, https:\/\/eventos.cmm.uchile.cl\/discretas2026\/wp-content\/uploads\/sites\/222\/2026\/01\/escuela_foto_2026-1-768x576.jpg 768w\" sizes=\"auto, (max-width: 1280px) 100vw, 1280px\" \/><\/p>\n<table dir=\"ltr\" border=\"1\" cellspacing=\"0\" cellpadding=\"0\" data-sheets-root=\"1\" data-sheets-baot=\"1\">\n<colgroup>\n<col width=\"245\" \/>\n<col width=\"265\" \/><\/colgroup>\n<tbody>\n<tr>\n<td><strong>Nombre<\/strong><\/td>\n<td><strong>Afiliaci\u00f3n<\/strong><\/td>\n<td><strong>Pa\u00eds<\/strong><\/td>\n<\/tr>\n<tr>\n<td>Mat\u00edas Az\u00f3car<\/td>\n<td>University of Hamburg<\/td>\n<td>Alemania<\/td>\n<\/tr>\n<tr>\n<td>Luca Zanela<\/td>\n<td>Universidad de Buenos Aires<\/td>\n<td>Argentina<\/td>\n<\/tr>\n<tr>\n<td>Tatiana Sof\u00eda Parlanti<\/td>\n<td>Universidad Nacional de Cuyo<\/td>\n<td>Argentina<\/td>\n<\/tr>\n<tr>\n<td>Ana Laura Gargantini<\/td>\n<td>Universidad Nacional de Cuyo<\/td>\n<td>Argentina<\/td>\n<\/tr>\n<tr>\n<td>Paloma Mondino<\/td>\n<td>Universidad Nacional de Mar del Plata<\/td>\n<td>Argentina<\/td>\n<\/tr>\n<tr>\n<td>Luz Marianela Lusi<\/td>\n<td>Universidad Nacional de Mar del Plata<\/td>\n<td>Argentina<\/td>\n<\/tr>\n<tr>\n<td>Ludmila Zabala<\/td>\n<td>Universidad Nacional de R\u00edo Cuarto<\/td>\n<td>Argentina<\/td>\n<\/tr>\n<tr>\n<td>Agustina Victoria Ledezma<\/td>\n<td>Universidad Nacional de San Luis<\/td>\n<td>Argentina<\/td>\n<\/tr>\n<tr>\n<td>Mar\u00eda Valentina Soldera<\/td>\n<td>Universidad Nacional de San Luis<\/td>\n<td>Argentina<\/td>\n<\/tr>\n<tr>\n<td>Diego Martinez<\/td>\n<td>Universidad Nacional de San Luis<\/td>\n<td>Argentina<\/td>\n<\/tr>\n<tr>\n<td>Bruno Andrades<\/td>\n<td>IMPA<\/td>\n<td>Brasil<\/td>\n<\/tr>\n<tr>\n<td>Elisa Dell&#8217;Arriva<\/td>\n<td>Universidade de Campinas<\/td>\n<td>Brasil<\/td>\n<\/tr>\n<tr>\n<td>Yan Soares Couto<\/td>\n<td>Universidade de S\u00e3o Paulo (USP)<\/td>\n<td>Brasil<\/td>\n<\/tr>\n<tr>\n<td>C\u00e9sar Augusto dos Santos Bispo<\/td>\n<td>Universidade de S\u00e3o Paulo (USP)<\/td>\n<td>Brasil<\/td>\n<\/tr>\n<tr>\n<td>Lucas Sepeda<\/td>\n<td>Universidade de S\u00e3o Paulo (USP)<\/td>\n<td>Brasil<\/td>\n<\/tr>\n<tr>\n<td>Guilherme Vinicius Ferreira de Assis<\/td>\n<td>Universidade de S\u00e3o Paulo (USP)<\/td>\n<td>Brasil<\/td>\n<\/tr>\n<tr>\n<td>Marcelo Machado Lage<\/td>\n<td>Universidade de S\u00e3o Paulo (USP)<\/td>\n<td>Brasil<\/td>\n<\/tr>\n<tr>\n<td>Caroline Ap. de Paula Silva<\/td>\n<td>Universidade Estadual de Campinas (UNICAMP)<\/td>\n<td>Brasil<\/td>\n<\/tr>\n<tr>\n<td>Gabriel Sembenelli<\/td>\n<td>Universidade Federal do ABC<\/td>\n<td>Brasil<\/td>\n<\/tr>\n<tr>\n<td>Nicolas Melo Pedroso<\/td>\n<td>Universidade Federal do ABC<\/td>\n<td>Brasil<\/td>\n<\/tr>\n<tr>\n<td>Luiz Felipe Belis\u00e1rio Macedo<\/td>\n<td>Universidade Federal de Goi\u00e1s<\/td>\n<td>Brasil<\/td>\n<\/tr>\n<tr>\n<td>Ana Carolyne Pereira de Souza<\/td>\n<td>Universidade Federal de Goi\u00e1s<\/td>\n<td>Brasil<\/td>\n<\/tr>\n<tr>\n<td>Abias Lins Palheiros Vidal<\/td>\n<td>Universidade Federal Fluminense<\/td>\n<td>Brasil<\/td>\n<\/tr>\n<tr>\n<td>Benjamin Moore<\/td>\n<td>University of Manitoba<\/td>\n<td>Canad\u00e1<\/td>\n<\/tr>\n<tr>\n<td>Gianluca Badiambile<\/td>\n<td>Universit\u00e9 de Montr\u00e9al<\/td>\n<td>Canad\u00e1<\/td>\n<\/tr>\n<tr>\n<td>Juan Pe\u00f1a<\/td>\n<td>Universidad Andr\u00e9s Bello<\/td>\n<td>Chile<\/td>\n<\/tr>\n<tr>\n<td>Andr\u00e9s D\u00edaz<\/td>\n<td>Pontificia Universidad Cat\u00f3lica de Chile<\/td>\n<td>Chile<\/td>\n<\/tr>\n<tr>\n<td>Eugenio Cruz<\/td>\n<td>Pontificia Universidad Cat\u00f3lica de Chile<\/td>\n<td>Chile<\/td>\n<\/tr>\n<tr>\n<td>Felipe Caster<\/td>\n<td>Pontificia Universidad Cat\u00f3lica de Chile<\/td>\n<td>Chile<\/td>\n<\/tr>\n<tr>\n<td>Gabriel Miranda<\/td>\n<td>Pontificia Universidad Cat\u00f3lica de Chile<\/td>\n<td>Chile<\/td>\n<\/tr>\n<tr>\n<td>Ignacio Vergara<\/td>\n<td>Pontificia Universidad Cat\u00f3lica de Chile<\/td>\n<td>Chile<\/td>\n<\/tr>\n<tr>\n<td>Juan Pablo Flores<\/td>\n<td>Pontificia Universidad Cat\u00f3lica de Chile<\/td>\n<td>Chile<\/td>\n<\/tr>\n<tr>\n<td>Mat\u00edas Valenzuela<\/td>\n<td>Pontificia Universidad Cat\u00f3lica de Chile<\/td>\n<td>Chile<\/td>\n<\/tr>\n<tr>\n<td>Ra\u00fal Araneda<\/td>\n<td>Pontificia Universidad Cat\u00f3lica de Chile<\/td>\n<td>Chile<\/td>\n<\/tr>\n<tr>\n<td>Vicente Alfaro<\/td>\n<td>Pontificia Universidad Cat\u00f3lica de Chile<\/td>\n<td>Chile<\/td>\n<\/tr>\n<tr>\n<td>Javier Gatica<\/td>\n<td>Pontificia Universidad Cat\u00f3lica de Chile<\/td>\n<td>Chile<\/td>\n<\/tr>\n<tr>\n<td>Crist\u00f3bal Guzm\u00e1n<\/td>\n<td>Pontificia Universidad Cat\u00f3lica de Chile<\/td>\n<td>Chile<\/td>\n<\/tr>\n<tr>\n<td>Eduardo Carrasco<\/td>\n<td>Universidad Adolfo Iba\u00f1ez<\/td>\n<td>Chile<\/td>\n<\/tr>\n<tr>\n<td>Rory Cristian Cordero<\/td>\n<td>Universidad Adolfo Iba\u00f1ez<\/td>\n<td>Chile<\/td>\n<\/tr>\n<tr>\n<td>Crist\u00f3bal Reyes<\/td>\n<td>Universidad Adolfo Ib\u00e1\u00f1ez<\/td>\n<td>Chile<\/td>\n<\/tr>\n<tr>\n<td>Abigail Medina<\/td>\n<td>Universidad Adolfo Ib\u00e1\u00f1ez<\/td>\n<td>Chile<\/td>\n<\/tr>\n<tr>\n<td>Cinthya Vergara<\/td>\n<td>Universidad Adolfo Ib\u00e1\u00f1ez<\/td>\n<td>Chile<\/td>\n<\/tr>\n<tr>\n<td>Pedro Montealegre<\/td>\n<td>Universidad Adolfo Ib\u00e1\u00f1ez<\/td>\n<td>Chile<\/td>\n<\/tr>\n<tr>\n<td>Carlos Cuevas<\/td>\n<td>Universidad de Atacama<\/td>\n<td>Chile<\/td>\n<\/tr>\n<tr>\n<td>Antonia Labarca<\/td>\n<td>Universidad de Chile<\/td>\n<td>Chile<\/td>\n<\/tr>\n<tr>\n<td>Bruno Skarmeta<\/td>\n<td>Universidad de Chile<\/td>\n<td>Chile<\/td>\n<\/tr>\n<tr>\n<td>Domingo Ruiz<\/td>\n<td>Universidad de Chile<\/td>\n<td>Chile<\/td>\n<\/tr>\n<tr>\n<td>Jorge Valenzuela<\/td>\n<td>Universidad de Chile<\/td>\n<td>Chile<\/td>\n<\/tr>\n<tr>\n<td>Luciano Villarroel<\/td>\n<td>Universidad de Chile<\/td>\n<td>Chile<\/td>\n<\/tr>\n<tr>\n<td>Michelle Contreras<\/td>\n<td>Universidad de Chile<\/td>\n<td>Chile<\/td>\n<\/tr>\n<tr>\n<td>Paolo Martiniello<\/td>\n<td>Universidad de Chile<\/td>\n<td>Chile<\/td>\n<\/tr>\n<tr>\n<td>Vicente Sandoval<\/td>\n<td>Universidad de Chile<\/td>\n<td>Chile<\/td>\n<\/tr>\n<tr>\n<td>Matias Ortiz<\/td>\n<td>Universidad de Chile<\/td>\n<td>Chile<\/td>\n<\/tr>\n<tr>\n<td>Alex Kri Mornhinweg<\/td>\n<td>Universidad de Chile<\/td>\n<td>Chile<\/td>\n<\/tr>\n<tr>\n<td>Francisco Castro<\/td>\n<td>Universidad de Chile<\/td>\n<td>Chile<\/td>\n<\/tr>\n<tr>\n<td>Gisela Abarca<\/td>\n<td>Universidad de Chile<\/td>\n<td>Chile<\/td>\n<\/tr>\n<tr>\n<td>Cristi\u00e1n Aliaga<\/td>\n<td>Universidad de Chile<\/td>\n<td>Chile<\/td>\n<\/tr>\n<tr>\n<td>Jos\u00e9 Soto<\/td>\n<td>Universidad de Chile<\/td>\n<td>Chile<\/td>\n<\/tr>\n<tr>\n<td>Marcos Kiwi<\/td>\n<td>Universidad de Chile<\/td>\n<td>Chile<\/td>\n<\/tr>\n<tr>\n<td>Iv\u00e1n Rapaport<\/td>\n<td>Universidad de Chile<\/td>\n<td>Chile<\/td>\n<\/tr>\n<tr>\n<td>Mirabel Mendoza<\/td>\n<td>Centro de Modelamiento Matem\u00e1tico (CMM) Universidad de Chile<\/td>\n<td>Chile<\/td>\n<\/tr>\n<tr>\n<td>Vasilis Livanos<\/td>\n<td>Centro de Modelamiento Matem\u00e1tico (CMM) Universidad de Chile<\/td>\n<td>Chile<\/td>\n<\/tr>\n<tr>\n<td>Pablo Opazo<\/td>\n<td>Universidad de Concepci\u00f3n<\/td>\n<td>Chile<\/td>\n<\/tr>\n<tr>\n<td>Claudio Telha<\/td>\n<td>Universidad de los Andes<\/td>\n<td>Chile<\/td>\n<\/tr>\n<tr>\n<td>Arturo Merino<\/td>\n<td>Universidad de O&#8217;Higgins<\/td>\n<td>Chile<\/td>\n<\/tr>\n<tr>\n<td>Camilo Mart\u00ednez<\/td>\n<td>Universidad de Valpara\u00edso<\/td>\n<td>Chile<\/td>\n<\/tr>\n<tr>\n<td>Lucas Araya<\/td>\n<td>Universidad de Valpara\u00edso<\/td>\n<td>Chile<\/td>\n<\/tr>\n<tr>\n<td>Nicol\u00e1s Vidal<\/td>\n<td>Universidad de Valpara\u00edso<\/td>\n<td>Chile<\/td>\n<\/tr>\n<tr>\n<td>Yazm\u00edn Barahona<\/td>\n<td>Universidad de Valpara\u00edso<\/td>\n<td>Chile<\/td>\n<\/tr>\n<tr>\n<td>Andrea Jim\u00e9nez<\/td>\n<td>Universidad de Valpara\u00edso<\/td>\n<td>Chile<\/td>\n<\/tr>\n<tr>\n<td>Daniel Quiroz<\/td>\n<td>Universidad de Valpara\u00edso<\/td>\n<td>Chile<\/td>\n<\/tr>\n<tr>\n<td>Ant\u00f4nio Barroso<\/td>\n<td>Polytechnic University of Catalonia<\/td>\n<td>Espa\u00f1a<\/td>\n<\/tr>\n<tr>\n<td>Jelani Nelson<\/td>\n<td>University of California, Berkeley<\/td>\n<td>Estados Unidos<\/td>\n<\/tr>\n<tr>\n<td>Zi-Xia Song<\/td>\n<td>University of Central Florida<\/td>\n<td>Estados Unidos<\/td>\n<\/tr>\n<tr>\n<td>Shaddin Dughmi<\/td>\n<td>University of Southern California<\/td>\n<td>Estados Unidos<\/td>\n<\/tr>\n<tr>\n<td>Na&#8217;ama Nevo<\/td>\n<td>Northeastern University<\/td>\n<td>Estados Unidos<\/td>\n<\/tr>\n<tr>\n<td>Javier Marinkovic<\/td>\n<td>University of Maryland, College Park<\/td>\n<td>Estados Unidos<\/td>\n<\/tr>\n<tr>\n<td>Pierre Fraigniaud<\/td>\n<td>CNRS and Universit\u00e9 Paris Cit\u00e9<\/td>\n<td>Francia<\/td>\n<\/tr>\n<tr>\n<td>Nathana\u00ebl Hassler<\/td>\n<td>Universit\u00e9 Bourgogne Europe<\/td>\n<td>Francia<\/td>\n<\/tr>\n<tr>\n<td>Melanie Cortez<\/td>\n<td>Universidad de Ingenier\u00eda y Tecnolog\u00eda (UTEC)<\/td>\n<td>Per\u00fa<\/td>\n<\/tr>\n<tr>\n<td>Virginia Puente<\/td>\n<td>Universidad de Ingenier\u00eda y Tecnolog\u00eda (UTEC)<\/td>\n<td>Per\u00fa<\/td>\n<\/tr>\n<tr>\n<td>Camila Z\u00e1rate<\/td>\n<td>University of Birmingham<\/td>\n<td>Reino Unido<\/td>\n<\/tr>\n<tr>\n<td>Konstantinos Lakis<\/td>\n<td>ETH Zurich<\/td>\n<td>Suiza<\/td>\n<\/tr>\n<tr>\n<td>Andr\u00e9s Cristi<\/td>\n<td>EPFL<\/td>\n<td>Suiza<\/td>\n<\/tr>\n<\/tbody>\n<\/table>\n","protected":false},"excerpt":{"rendered":"<p>Nombre Afiliaci\u00f3n Pa\u00eds Mat\u00edas Az\u00f3car University of Hamburg Alemania Luca Zanela Universidad de Buenos Aires Argentina Tatiana Sof\u00eda Parlanti Universidad Nacional de Cuyo Argentina Ana Laura Gargantini Universidad Nacional de Cuyo Argentina Paloma Mondino Universidad Nacional de Mar del Plata Argentina Luz Marianela Lusi Universidad Nacional de Mar del Plata Argentina Ludmila Zabala Universidad Nacional &hellip; <a href=\"https:\/\/eventos.cmm.uchile.cl\/discretas2026\/participantes\/\" class=\"more-link\">Seguir leyendo <span class=\"screen-reader-text\">Participantes<\/span> <span class=\"meta-nav\">&rarr;<\/span><\/a><\/p>\n","protected":false},"author":55,"featured_media":0,"parent":0,"menu_order":5,"comment_status":"closed","ping_status":"closed","template":"","meta":{"inline_featured_image":false,"footnotes":""},"class_list":["post-123","page","type-page","status-publish","hentry"],"_links":{"self":[{"href":"https:\/\/eventos.cmm.uchile.cl\/discretas2026\/wp-json\/wp\/v2\/pages\/123","targetHints":{"allow":["GET"]}}],"collection":[{"href":"https:\/\/eventos.cmm.uchile.cl\/discretas2026\/wp-json\/wp\/v2\/pages"}],"about":[{"href":"https:\/\/eventos.cmm.uchile.cl\/discretas2026\/wp-json\/wp\/v2\/types\/page"}],"author":[{"embeddable":true,"href":"https:\/\/eventos.cmm.uchile.cl\/discretas2026\/wp-json\/wp\/v2\/users\/55"}],"replies":[{"embeddable":true,"href":"https:\/\/eventos.cmm.uchile.cl\/discretas2026\/wp-json\/wp\/v2\/comments?post=123"}],"version-history":[{"count":88,"href":"https:\/\/eventos.cmm.uchile.cl\/discretas2026\/wp-json\/wp\/v2\/pages\/123\/revisions"}],"predecessor-version":[{"id":606,"href":"https:\/\/eventos.cmm.uchile.cl\/discretas2026\/wp-json\/wp\/v2\/pages\/123\/revisions\/606"}],"wp:attachment":[{"href":"https:\/\/eventos.cmm.uchile.cl\/discretas2026\/wp-json\/wp\/v2\/media?parent=123"}],"curies":[{"name":"wp","href":"https:\/\/api.w.org\/{rel}","templated":true}]}}