{"id":30,"date":"2023-07-28T16:12:19","date_gmt":"2023-07-28T16:12:19","guid":{"rendered":"https:\/\/eventos.cmm.uchile.cl\/discretas2023\/?page_id=30"},"modified":"2026-01-02T15:36:18","modified_gmt":"2026-01-02T18:36:18","slug":"escuela","status":"publish","type":"page","link":"https:\/\/eventos.cmm.uchile.cl\/discretas2026\/","title":{"rendered":"Escuela"},"content":{"rendered":"<p>La Escuela est\u00e1 dirigida a estudiantes de matem\u00e1ticas, ciencias e ingenier\u00eda que se interesen en algoritmos, combinatoria, optimizaci\u00f3n,\u00a0 teor\u00eda de grafos y sus diversas aplicaciones en investigaci\u00f3n de operaciones, redes, sistemas distribuidos\u00a0 y teor\u00eda de juegos. Los cursos estar\u00e1n orientados tanto a estudiantes de postgrado como a estudiantes finalizando el pregrado.<\/p>\n<p>The School is aimed at mathematics, science, and engineering students interested in algorithms, combinatorics, optimization, graph theory and their various applications in operations research, networks, distributed systems, and game theory. The courses will be oriented to both graduate students and students finishing their undergraduate degrees.<\/p>\n<h3>Expositores \/ Lecturers<\/h3>\n<p>Este a\u00f1o los cursos ser\u00e1n dictados por\/ this year\u2019s lecturers are:<\/p>\n<p style=\"text-align: center\"><img loading=\"lazy\" decoding=\"async\" class=\"alignnone wp-image-547 size-medium\" src=\"https:\/\/eventos.cmm.uchile.cl\/discretas2026\/wp-content\/uploads\/sites\/222\/2025\/11\/shaddin-240x300-1-240x300.jpg\" alt=\"\" width=\"240\" height=\"300\" srcset=\"https:\/\/eventos.cmm.uchile.cl\/discretas2026\/wp-content\/uploads\/sites\/222\/2025\/11\/shaddin-240x300-1-240x300.jpg 240w, https:\/\/eventos.cmm.uchile.cl\/discretas2026\/wp-content\/uploads\/sites\/222\/2025\/11\/shaddin-240x300-1.jpg 706w\" sizes=\"auto, (max-width: 240px) 100vw, 240px\" \/><br \/>\n<strong>Shaddin Dughmi<\/strong> (University of Southern California)<\/p>\n<p style=\"text-align: center\"><img loading=\"lazy\" decoding=\"async\" class=\"wp-image-504 size-medium\" src=\"https:\/\/eventos.cmm.uchile.cl\/discretas2026\/wp-content\/uploads\/sites\/222\/2025\/07\/Jelani-Nelson-240x300.jpg\" alt=\"\" width=\"240\" height=\"300\" srcset=\"https:\/\/eventos.cmm.uchile.cl\/discretas2026\/wp-content\/uploads\/sites\/222\/2025\/07\/Jelani-Nelson-240x300.jpg 240w, https:\/\/eventos.cmm.uchile.cl\/discretas2026\/wp-content\/uploads\/sites\/222\/2025\/07\/Jelani-Nelson.jpg 400w\" sizes=\"auto, (max-width: 240px) 100vw, 240px\" \/><br \/>\n<strong>Jelani Nelson<\/strong> (University of California, Berkeley)<\/p>\n<p style=\"text-align: center\"><img loading=\"lazy\" decoding=\"async\" class=\"alignnone wp-image-505 size-medium\" src=\"https:\/\/eventos.cmm.uchile.cl\/discretas2026\/wp-content\/uploads\/sites\/222\/2025\/07\/Zixia-Song-241x300.jpg\" alt=\"\" width=\"241\" height=\"300\" srcset=\"https:\/\/eventos.cmm.uchile.cl\/discretas2026\/wp-content\/uploads\/sites\/222\/2025\/07\/Zixia-Song-241x300.jpg 241w, https:\/\/eventos.cmm.uchile.cl\/discretas2026\/wp-content\/uploads\/sites\/222\/2025\/07\/Zixia-Song.jpg 304w\" sizes=\"auto, (max-width: 241px) 100vw, 241px\" \/><br \/>\n<strong>Zi-Xia Song<\/strong> (University of Central Florida)<\/p>\n<h3><\/h3>\n<h3>Comit\u00e9 Organizador \/ Organizing Committee<\/h3>\n<ul>\n<li><a href=\"https:\/\/sites.google.com\/view\/cguzman\/\">Crist\u00f3bal Guzm\u00e1n<\/a> (Chair), Pontificia Universidad Cat\u00f3lica de Chile,<\/li>\n<li><a href=\"https:\/\/ingemat.uv.cl\/es\/instituto\/academicos?view=article&amp;id=22\">Andrea Jim\u00e9nez<\/a>, Universidad de Valpara\u00edso,<\/li>\n<li><a href=\"https:\/\/ingenieria.uai.cl\/profesor\/pedro-montealegre\/\">Pedro Montealegre<\/a>, Universidad Adolfo Ib\u00e1\u00f1ez,<\/li>\n<li><a href=\"https:\/\/www.dim.uchile.cl\/~rapaport\/\">Ivan Rapaport<\/a>, Universidad de Chile,<\/li>\n<li><a href=\"https:\/\/sites.google.com\/view\/ctelha\">Claudio Telha<\/a>, Universidad de Los Andes.<\/li>\n<\/ul>\n<p>&nbsp;<\/p>\n<p>&nbsp;<\/p>\n<p><img loading=\"lazy\" decoding=\"async\" class=\"alignnone wp-image-446\" src=\"https:\/\/eventos.cmm.uchile.cl\/discretas2026\/wp-content\/uploads\/sites\/222\/2024\/12\/cmm25-300x214.png\" alt=\"\" width=\"190\" height=\"136\" srcset=\"https:\/\/eventos.cmm.uchile.cl\/discretas2026\/wp-content\/uploads\/sites\/222\/2024\/12\/cmm25-300x214.png 300w, https:\/\/eventos.cmm.uchile.cl\/discretas2026\/wp-content\/uploads\/sites\/222\/2024\/12\/cmm25-1024x731.png 1024w, https:\/\/eventos.cmm.uchile.cl\/discretas2026\/wp-content\/uploads\/sites\/222\/2024\/12\/cmm25-768x549.png 768w, https:\/\/eventos.cmm.uchile.cl\/discretas2026\/wp-content\/uploads\/sites\/222\/2024\/12\/cmm25.png 1050w\" sizes=\"auto, (max-width: 190px) 100vw, 190px\" \/>\u00a0 \u00a0 \u00a0 \u00a0 \u00a0 \u00a0 \u00a0 <img loading=\"lazy\" decoding=\"async\" class=\"alignnone wp-image-51\" src=\"https:\/\/eventos.cmm.uchile.cl\/discretas2026\/wp-content\/uploads\/sites\/222\/2022\/07\/uchile_color_h.png\" alt=\"\" width=\"212\" height=\"98\" \/>\u00a0 \u00a0 <img loading=\"lazy\" decoding=\"async\" class=\"alignnone wp-image-395\" src=\"https:\/\/eventos.cmm.uchile.cl\/discretas2026\/wp-content\/uploads\/sites\/222\/2024\/09\/PUCLogo-300x173.png\" alt=\"\" width=\"203\" height=\"117\" srcset=\"https:\/\/eventos.cmm.uchile.cl\/discretas2026\/wp-content\/uploads\/sites\/222\/2024\/09\/PUCLogo-300x173.png 300w, https:\/\/eventos.cmm.uchile.cl\/discretas2026\/wp-content\/uploads\/sites\/222\/2024\/09\/PUCLogo-1024x590.png 1024w, https:\/\/eventos.cmm.uchile.cl\/discretas2026\/wp-content\/uploads\/sites\/222\/2024\/09\/PUCLogo-768x443.png 768w, https:\/\/eventos.cmm.uchile.cl\/discretas2026\/wp-content\/uploads\/sites\/222\/2024\/09\/PUCLogo.png 1280w\" sizes=\"auto, (max-width: 203px) 100vw, 203px\" \/>\u00a0 \u00a0 \u00a0 \u00a0 \u00a0 <img loading=\"lazy\" decoding=\"async\" class=\"alignnone wp-image-55\" src=\"https:\/\/eventos.cmm.uchile.cl\/discretas2026\/wp-content\/uploads\/sites\/222\/2022\/07\/logo-300x112.png\" alt=\"\" width=\"217\" height=\"81\" srcset=\"https:\/\/eventos.cmm.uchile.cl\/discretas2026\/wp-content\/uploads\/sites\/222\/2022\/07\/logo-300x112.png 300w, https:\/\/eventos.cmm.uchile.cl\/discretas2026\/wp-content\/uploads\/sites\/222\/2022\/07\/logo.png 368w\" sizes=\"auto, (max-width: 217px) 100vw, 217px\" \/><img loading=\"lazy\" decoding=\"async\" class=\"alignnone size-full wp-image-447\" src=\"https:\/\/eventos.cmm.uchile.cl\/discretas2026\/wp-content\/uploads\/sites\/222\/2024\/12\/sigact.png\" alt=\"\" width=\"228\" height=\"142\" \/><\/p>\n","protected":false},"excerpt":{"rendered":"<p>La Escuela est\u00e1 dirigida a estudiantes de matem\u00e1ticas, ciencias e ingenier\u00eda que se interesen en algoritmos, combinatoria, optimizaci\u00f3n,\u00a0 teor\u00eda de grafos y sus diversas aplicaciones en investigaci\u00f3n de operaciones, redes, sistemas distribuidos\u00a0 y teor\u00eda de juegos. Los cursos estar\u00e1n orientados tanto a estudiantes de postgrado como a estudiantes finalizando el pregrado. The School is aimed &hellip; <a href=\"https:\/\/eventos.cmm.uchile.cl\/discretas2026\/\" class=\"more-link\">Seguir leyendo <span class=\"screen-reader-text\">Escuela<\/span> <span class=\"meta-nav\">&rarr;<\/span><\/a><\/p>\n","protected":false},"author":55,"featured_media":0,"parent":0,"menu_order":1,"comment_status":"closed","ping_status":"closed","template":"","meta":{"inline_featured_image":false,"footnotes":""},"class_list":["post-30","page","type-page","status-publish","hentry"],"_links":{"self":[{"href":"https:\/\/eventos.cmm.uchile.cl\/discretas2026\/wp-json\/wp\/v2\/pages\/30","targetHints":{"allow":["GET"]}}],"collection":[{"href":"https:\/\/eventos.cmm.uchile.cl\/discretas2026\/wp-json\/wp\/v2\/pages"}],"about":[{"href":"https:\/\/eventos.cmm.uchile.cl\/discretas2026\/wp-json\/wp\/v2\/types\/page"}],"author":[{"embeddable":true,"href":"https:\/\/eventos.cmm.uchile.cl\/discretas2026\/wp-json\/wp\/v2\/users\/55"}],"replies":[{"embeddable":true,"href":"https:\/\/eventos.cmm.uchile.cl\/discretas2026\/wp-json\/wp\/v2\/comments?post=30"}],"version-history":[{"count":54,"href":"https:\/\/eventos.cmm.uchile.cl\/discretas2026\/wp-json\/wp\/v2\/pages\/30\/revisions"}],"predecessor-version":[{"id":595,"href":"https:\/\/eventos.cmm.uchile.cl\/discretas2026\/wp-json\/wp\/v2\/pages\/30\/revisions\/595"}],"wp:attachment":[{"href":"https:\/\/eventos.cmm.uchile.cl\/discretas2026\/wp-json\/wp\/v2\/media?parent=30"}],"curies":[{"name":"wp","href":"https:\/\/api.w.org\/{rel}","templated":true}]}}