{"id":41,"date":"2022-07-19T16:27:28","date_gmt":"2022-07-19T16:27:28","guid":{"rendered":"https:\/\/eventos.cmm.uchile.cl\/discretas2023\/?page_id=41"},"modified":"2026-01-02T14:49:48","modified_gmt":"2026-01-02T17:49:48","slug":"informacionlocal","status":"publish","type":"page","link":"https:\/\/eventos.cmm.uchile.cl\/discretas2026\/informacionlocal\/","title":{"rendered":"Informaci\u00f3n Local"},"content":{"rendered":"<p><a href=\"https:\/\/www.uai.cl\/campus\/campus-vina-del-mar\">Universidad Adolfo Ib\u00e1\u00f1ez, Campus Vi\u00f1a del Mar<\/a><br \/>\nPadre Hurtado 750<br \/>\nVi\u00f1a del Mar, Chile<\/p>\n<p><img loading=\"lazy\" decoding=\"async\" class=\"alignnone size-full wp-image-417\" src=\"https:\/\/eventos.cmm.uchile.cl\/discretas2026\/wp-content\/uploads\/sites\/222\/2024\/09\/uai_vinadelmar_02.jpg\" alt=\"\" width=\"604\" height=\"280\" srcset=\"https:\/\/eventos.cmm.uchile.cl\/discretas2026\/wp-content\/uploads\/sites\/222\/2024\/09\/uai_vinadelmar_02.jpg 604w, https:\/\/eventos.cmm.uchile.cl\/discretas2026\/wp-content\/uploads\/sites\/222\/2024\/09\/uai_vinadelmar_02-300x139.jpg 300w\" sizes=\"auto, (max-width: 604px) 100vw, 604px\" \/><\/p>\n<p>La Escuela se llevar\u00e1 a cabo en Universidad Adolfo Ib\u00e1\u00f1ez, Campus Vi\u00f1a del Mar.<\/p>\n<h4><strong>Acerca del campus UAI Vi\u00f1a del Mar<\/strong><\/h4>\n<p>El campus Vi\u00f1a del Mar se encuentra ubicado en Los altos del Sporting Club. Caracterizado por su impresionante vista al mar, se compone de seis edificios, en donde se desarrollan todas las actividades de nuestra escuela.<\/p>\n<div class=\"su-gmap su-u-responsive-media-yes\"><iframe loading=\"lazy\" width=\"600\" height=\"400\" src=\"\/\/maps.google.com\/maps?q=Adolfo%20Ib%C3%A1%C3%B1ez%20University%20-%20Campus%20Vi%C3%B1a%20del%20Mar&amp;output=embed\" title=\"\"><\/iframe><\/div>\n<h4><strong>C\u00f3mo llegar<\/strong><\/h4>\n<p>Para llegar al Campus Vi\u00f1a del Mar de la UAI, la Escuela dispondr\u00e1 de un bus de acercamiento para los participantes. El bus de acercamiento saldr\u00e1 en las ma\u00f1anas desde el Novotel Vi\u00f1a del Mar hacia la UAI, y retornar\u00e1 al final de la jornada al mismo lugar. El punto de salida espec\u00edfico ser\u00e1 comunicado oportunamente.<\/p>\n<p>A las y los participantes interesados en utilizar el bus de acercamiento, les recomendamos hospedarse en las cercan\u00edas del Novotel.<br \/>\n<div class=\"su-gmap su-u-responsive-media-yes\"><iframe loading=\"lazy\" width=\"600\" height=\"400\" src=\"\/\/maps.google.com\/maps?q=Novotel%20Vi%C3%B1a%20del%20Mar&amp;output=embed\" title=\"\"><\/iframe><\/div>\n<h4><strong>Sala de clases<\/strong><\/h4>\n<p>Todos los cursos se dictar\u00e1n en la sala <strong>A202 del Edificio A:<\/strong><br \/>\n<img loading=\"lazy\" decoding=\"async\" class=\"alignnone wp-image-459\" src=\"https:\/\/eventos.cmm.uchile.cl\/discretas2026\/wp-content\/uploads\/sites\/222\/2025\/01\/campus-vina-300x204.jpg\" alt=\"\" width=\"479\" height=\"326\" srcset=\"https:\/\/eventos.cmm.uchile.cl\/discretas2026\/wp-content\/uploads\/sites\/222\/2025\/01\/campus-vina-300x204.jpg 300w, https:\/\/eventos.cmm.uchile.cl\/discretas2026\/wp-content\/uploads\/sites\/222\/2025\/01\/campus-vina-768x522.jpg 768w, https:\/\/eventos.cmm.uchile.cl\/discretas2026\/wp-content\/uploads\/sites\/222\/2025\/01\/campus-vina.jpg 832w\" sizes=\"auto, (max-width: 479px) 100vw, 479px\" \/><\/p>\n<p>Para m\u00e1s informaci\u00f3n sobre c\u00f3mo moverse en el campus, visitar <a href=\"https:\/\/alumno.uai.cl\/vina-del-mar\/campus\/\">https:\/\/alumno.uai.cl\/vina-del-mar\/campus\/<\/a><\/p>\n","protected":false},"excerpt":{"rendered":"<p>Universidad Adolfo Ib\u00e1\u00f1ez, Campus Vi\u00f1a del Mar Padre Hurtado 750 Vi\u00f1a del Mar, Chile La Escuela se llevar\u00e1 a cabo en Universidad Adolfo Ib\u00e1\u00f1ez, Campus Vi\u00f1a del Mar. Acerca del campus UAI Vi\u00f1a del Mar El campus Vi\u00f1a del Mar se encuentra ubicado en Los altos del Sporting Club. Caracterizado por su impresionante vista al &hellip; <a href=\"https:\/\/eventos.cmm.uchile.cl\/discretas2026\/informacionlocal\/\" class=\"more-link\">Seguir leyendo <span class=\"screen-reader-text\">Informaci\u00f3n Local<\/span> <span class=\"meta-nav\">&rarr;<\/span><\/a><\/p>\n","protected":false},"author":55,"featured_media":0,"parent":0,"menu_order":6,"comment_status":"closed","ping_status":"closed","template":"","meta":{"inline_featured_image":false,"footnotes":""},"class_list":["post-41","page","type-page","status-publish","hentry"],"_links":{"self":[{"href":"https:\/\/eventos.cmm.uchile.cl\/discretas2026\/wp-json\/wp\/v2\/pages\/41","targetHints":{"allow":["GET"]}}],"collection":[{"href":"https:\/\/eventos.cmm.uchile.cl\/discretas2026\/wp-json\/wp\/v2\/pages"}],"about":[{"href":"https:\/\/eventos.cmm.uchile.cl\/discretas2026\/wp-json\/wp\/v2\/types\/page"}],"author":[{"embeddable":true,"href":"https:\/\/eventos.cmm.uchile.cl\/discretas2026\/wp-json\/wp\/v2\/users\/55"}],"replies":[{"embeddable":true,"href":"https:\/\/eventos.cmm.uchile.cl\/discretas2026\/wp-json\/wp\/v2\/comments?post=41"}],"version-history":[{"count":21,"href":"https:\/\/eventos.cmm.uchile.cl\/discretas2026\/wp-json\/wp\/v2\/pages\/41\/revisions"}],"predecessor-version":[{"id":591,"href":"https:\/\/eventos.cmm.uchile.cl\/discretas2026\/wp-json\/wp\/v2\/pages\/41\/revisions\/591"}],"wp:attachment":[{"href":"https:\/\/eventos.cmm.uchile.cl\/discretas2026\/wp-json\/wp\/v2\/media?parent=41"}],"curies":[{"name":"wp","href":"https:\/\/api.w.org\/{rel}","templated":true}]}}