{"id":752,"date":"2021-04-11T23:44:52","date_gmt":"2021-04-12T03:44:52","guid":{"rendered":"http:\/\/eventos.cmm.uchile.cl\/emalcachile2021\/?page_id=752"},"modified":"2021-11-22T11:11:47","modified_gmt":"2021-11-22T14:11:47","slug":"como-postular","status":"publish","type":"page","link":"https:\/\/eventos.cmm.uchile.cl\/emalcachile2021\/como-postular\/","title":{"rendered":"\u00bfC\u00f3mo Postular?"},"content":{"rendered":"<p>Para postular a esta escuela deben hacerlo antes del <strong>15 de Noviembre de 2021<\/strong> a trav\u00e9s del siguiente formulario.<\/p>\n<p>Los resultados ser\u00e1n publicados antes del 15 de diciembre de 2021.<\/p>\n<h3>Formulario de postulaci\u00f3n<\/h3>\n<div class=\"su-box su-box-style-default\" id=\"\" style=\"border-color:#8e0000;border-radius:3px;max-width:none\"><div class=\"su-box-title\" style=\"background-color:#C1272D;color:#FFFFFF;border-top-left-radius:1px;border-top-right-radius:1px\">Postulaciones cerradas<\/div><div class=\"su-box-content su-u-clearfix su-u-trim\" style=\"border-bottom-left-radius:1px;border-bottom-right-radius:1px\">El plazo para postular a esta Escuela ya concluy\u00f3. Gracias por su inter\u00e9s en esta actividad. Para otras consultas puede contactar al coordinador de Emalca Virtual Chile, prof. Alejandro Maass (amaass@dim.uchile.cl)<\/div><\/div>\n","protected":false},"excerpt":{"rendered":"<p>Para postular a esta escuela deben hacerlo antes del 15 de Noviembre de 2021 a trav\u00e9s del siguiente formulario. Los resultados ser\u00e1n publicados antes del 15 de diciembre de 2021. Formulario de postulaci\u00f3n<\/p>\n","protected":false},"author":38,"featured_media":0,"parent":0,"menu_order":3,"comment_status":"closed","ping_status":"closed","template":"","meta":{"inline_featured_image":false,"footnotes":""},"class_list":["post-752","page","type-page","status-publish","hentry"],"_links":{"self":[{"href":"https:\/\/eventos.cmm.uchile.cl\/emalcachile2021\/wp-json\/wp\/v2\/pages\/752","targetHints":{"allow":["GET"]}}],"collection":[{"href":"https:\/\/eventos.cmm.uchile.cl\/emalcachile2021\/wp-json\/wp\/v2\/pages"}],"about":[{"href":"https:\/\/eventos.cmm.uchile.cl\/emalcachile2021\/wp-json\/wp\/v2\/types\/page"}],"author":[{"embeddable":true,"href":"https:\/\/eventos.cmm.uchile.cl\/emalcachile2021\/wp-json\/wp\/v2\/users\/38"}],"replies":[{"embeddable":true,"href":"https:\/\/eventos.cmm.uchile.cl\/emalcachile2021\/wp-json\/wp\/v2\/comments?post=752"}],"version-history":[{"count":17,"href":"https:\/\/eventos.cmm.uchile.cl\/emalcachile2021\/wp-json\/wp\/v2\/pages\/752\/revisions"}],"predecessor-version":[{"id":1017,"href":"https:\/\/eventos.cmm.uchile.cl\/emalcachile2021\/wp-json\/wp\/v2\/pages\/752\/revisions\/1017"}],"wp:attachment":[{"href":"https:\/\/eventos.cmm.uchile.cl\/emalcachile2021\/wp-json\/wp\/v2\/media?parent=752"}],"curies":[{"name":"wp","href":"https:\/\/api.w.org\/{rel}","templated":true}]}}