{"id":8,"date":"2020-04-30T20:38:57","date_gmt":"2020-05-01T00:38:57","guid":{"rendered":"http:\/\/eventos.cmm.uchile.cl\/sdynamics2020\/?page_id=8"},"modified":"2021-10-26T21:11:20","modified_gmt":"2021-10-27T00:11:20","slug":"inicio","status":"publish","type":"page","link":"https:\/\/eventos.cmm.uchile.cl\/emalcachile2021\/","title":{"rendered":""},"content":{"rendered":"<h2 style=\"text-align: left;\"><strong>Escuela Emalca Virtual Chile:<br \/>\n\u201cMatem\u00e1ticas y sus Aplicaciones\u201d<\/strong><\/h2>\n<h3>10-21 Enero de 2022<\/h3>\n<p><strong>Lugar e instituci\u00f3n:<\/strong> Online, organizada por el <a href=\"https:\/\/www.cmm.uchile.cl\/\" target=\"_blank\" rel=\"noopener\">Centro de Modelamiento Matem\u00e1tico (CMM)<\/a>, Universidad de Chile, Santiago \u2013 Chile.<\/p>\n<p>La Uni\u00f3n Matem\u00e1tica de Am\u00e9rica Latina y el Caribe (Umalca) invita a participar en la Escuela de Matem\u00e1tica de Am\u00e9rica Latina y del Caribe, en su versi\u00f3n <strong>Emalca Virtual Chile,<\/strong> a realizarse <strong>entre el 10 y 21 de enero de 2022<\/strong>. La escuela se llevar\u00e1 a cabo de forma virtual v\u00eda Zoom, y es organizada por el <a href=\"https:\/\/www.cmm.uchile.cl\/\" target=\"_blank\" rel=\"noopener\">Centro de Modelamiento Matem\u00e1tico (CMM)<\/a> de la Universidad de Chile.<\/p>\n<p>El plazo de postulaci\u00f3n es hasta el <strong>15 de Noviembre de 2021<\/strong>.<\/p>\n<div class=\"su-button-center\"><a href=\"https:\/\/eventos.cmm.uchile.cl\/emalcachile2021\/como-postular\/\" class=\"su-button su-button-style-flat\" style=\"color:#FFFFFF;background-color:#C1272D;border-color:#9b2024;border-radius:7px\" target=\"_self\"><span style=\"color:#FFFFFF;padding:7px 20px;font-size:16px;line-height:24px;border-color:#d4686c;border-radius:7px;text-shadow:none\"><i class=\"sui sui-wpforms\" style=\"font-size:16px;color:#FFFFFF\"><\/i> Postular<\/span><\/a><\/div>\n<h3>Objetivos:<\/h3>\n<p>El objetivo de esta escuela es introducir a estudiantes \u2013con una formaci\u00f3n equivalente a una licenciatura en matem\u00e1ticas\u2013 diferentes temas relevantes de las matem\u00e1ticas aplicadas modernas. Esto es, a temas en an\u00e1lisis num\u00e9rico de EDPs, mec\u00e1nica matem\u00e1tica, optimizaci\u00f3n y algor\u00edtmica. Desde ellos se buscar\u00e1 tambi\u00e9n explorar el mundo de lo estoc\u00e1stico.<\/p>\n<p>Los\/las estudiantes, a trav\u00e9s de conferencias invitadas, podr\u00e1n ver aplicaciones reales de las matem\u00e1ticas en diversas ciencias (astronom\u00eda, biolog\u00eda, ciencias del clima, etc.) y en el \u00e1mbito industrial o p\u00fablico (salud, manejo de incendios, ciencia de materiales, etc.). El\/la estudiante, al finalizar esta escuela, tendr\u00e1 un panorama de estos temas que lo\/la acercar\u00e1n a diversas matem\u00e1ticas o maneras de hacer matem\u00e1ticas para resolver problemas reales.<\/p>\n<h3>Estructura de la escuela:<\/h3>\n<p>La Escuela consistir\u00e1 en 2 cursos semanales de 4 sesiones de 1,5 horas cada una. Cada curso ser\u00e1 dictado por un\/a investigador\/a activo\/a de su \u00e1rea, quien ser\u00e1 acompa\u00f1ado por un\/a ayudante (estudiante de doctorado o mag\u00edster) para apoyar a sus estudiantes con clases pr\u00e1cticas. La evaluaci\u00f3n de cada curso consistir\u00e1 en un examen o tarea final, consistente en 1 pregunta de desarrollo del \u00e1rea respectiva. Cada profesor\/a decidir\u00e1 si la respuesta es individual o en grupo. Las\/los 5 mejores alumnas\/os del curso recibir\u00e1n un ejemplar del libro <em>Teor\u00eda de la Medida<\/em> (del autor Jaime San Mart\u00edn) de regalo.<\/p>\n<p>La escuela tendr\u00e1 una serie de 3 charlas semanales dedicadas a las aplicaciones de las matem\u00e1ticas en otras ciencias y el mundo real, y habr\u00e1 sesiones para presentar los programas de postgrado de las universidades participantes.<\/p>\n<p>Luego de registrarse y ser aceptado\/a como alumno\/a de la escuela, recibir\u00e1 un link para participar en las diferentes actividades.<\/p>\n<p><strong>Organiza:<\/strong> <a href=\"https:\/\/www.cmm.uchile.cl\/\" target=\"_blank\" rel=\"noopener\">Centro de Modelamiento Matem\u00e1tico (CMM)<\/a><\/p>\n<p><strong>Contacto:<\/strong> Alejandro Maass (amaass@dim.uchile.cl)<\/p>\n<p>&nbsp;<\/p>\n<p><img decoding=\"async\" class=\"alignnone size-full wp-image-988\" src=\"https:\/\/eventos.cmm.uchile.cl\/emalcachile2021\/wp-content\/uploads\/sites\/124\/2021\/09\/emalca_chile_2022_patrocinadores_01.png\" alt=\"Patrocinadores\" width=\"100%\" srcset=\"https:\/\/eventos.cmm.uchile.cl\/emalcachile2021\/wp-content\/uploads\/sites\/124\/2021\/09\/emalca_chile_2022_patrocinadores_01.png 1208w, https:\/\/eventos.cmm.uchile.cl\/emalcachile2021\/wp-content\/uploads\/sites\/124\/2021\/09\/emalca_chile_2022_patrocinadores_01-300x79.png 300w, https:\/\/eventos.cmm.uchile.cl\/emalcachile2021\/wp-content\/uploads\/sites\/124\/2021\/09\/emalca_chile_2022_patrocinadores_01-1024x271.png 1024w, https:\/\/eventos.cmm.uchile.cl\/emalcachile2021\/wp-content\/uploads\/sites\/124\/2021\/09\/emalca_chile_2022_patrocinadores_01-768x203.png 768w\" sizes=\"(max-width: 1208px) 100vw, 1208px\" \/><\/p>\n","protected":false},"excerpt":{"rendered":"<p>Escuela Emalca Virtual Chile: \u201cMatem\u00e1ticas y sus Aplicaciones\u201d 10-21 Enero de 2022 Lugar e instituci\u00f3n: Online, organizada por el Centro de Modelamiento Matem\u00e1tico (CMM), Universidad de Chile, Santiago \u2013 Chile. La Uni\u00f3n Matem\u00e1tica de Am\u00e9rica Latina y el Caribe (Umalca) invita a participar en la Escuela de Matem\u00e1tica de Am\u00e9rica Latina y del Caribe, en &hellip; <a href=\"https:\/\/eventos.cmm.uchile.cl\/emalcachile2021\/\" class=\"more-link\">Seguir leyendo <span class=\"screen-reader-text\"><\/span> <span class=\"meta-nav\">&rarr;<\/span><\/a><\/p>\n","protected":false},"author":2,"featured_media":0,"parent":0,"menu_order":0,"comment_status":"closed","ping_status":"closed","template":"","meta":{"inline_featured_image":false,"footnotes":""},"class_list":["post-8","page","type-page","status-publish","hentry"],"_links":{"self":[{"href":"https:\/\/eventos.cmm.uchile.cl\/emalcachile2021\/wp-json\/wp\/v2\/pages\/8","targetHints":{"allow":["GET"]}}],"collection":[{"href":"https:\/\/eventos.cmm.uchile.cl\/emalcachile2021\/wp-json\/wp\/v2\/pages"}],"about":[{"href":"https:\/\/eventos.cmm.uchile.cl\/emalcachile2021\/wp-json\/wp\/v2\/types\/page"}],"author":[{"embeddable":true,"href":"https:\/\/eventos.cmm.uchile.cl\/emalcachile2021\/wp-json\/wp\/v2\/users\/2"}],"replies":[{"embeddable":true,"href":"https:\/\/eventos.cmm.uchile.cl\/emalcachile2021\/wp-json\/wp\/v2\/comments?post=8"}],"version-history":[{"count":85,"href":"https:\/\/eventos.cmm.uchile.cl\/emalcachile2021\/wp-json\/wp\/v2\/pages\/8\/revisions"}],"predecessor-version":[{"id":1011,"href":"https:\/\/eventos.cmm.uchile.cl\/emalcachile2021\/wp-json\/wp\/v2\/pages\/8\/revisions\/1011"}],"wp:attachment":[{"href":"https:\/\/eventos.cmm.uchile.cl\/emalcachile2021\/wp-json\/wp\/v2\/media?parent=8"}],"curies":[{"name":"wp","href":"https:\/\/api.w.org\/{rel}","templated":true}]}}