{"id":18,"date":"2022-11-08T11:28:27","date_gmt":"2022-11-08T14:28:27","guid":{"rendered":"https:\/\/eventos.cmm.uchile.cl\/allaire2022\/?page_id=18"},"modified":"2023-12-15T13:16:22","modified_gmt":"2023-12-15T16:16:22","slug":"acerca","status":"publish","type":"page","link":"https:\/\/eventos.cmm.uchile.cl\/emi2024\/acerca\/","title":{"rendered":"Acerca"},"content":{"rendered":"<h2>Escuela<\/h2>\n<p>El objetivo de esta escuela es acercar a la comunidad a los m\u00e9todos iterativos scalables, con un enfoque moderno en base a software que se usa actualmente no solo en investigaci\u00f3n, si no que tambi\u00e9n en la industria. Esperamos que quienes vayan a la escuela salgan con una idea clara de cuales son las principales dificultades para resolver de manera escalable problemas el\u00edpticos y multif\u00edsica, y que tengan las herramientas para enfrentar estos problemas en sus respectivos trabajos.<\/p>\n<p>\u2014<\/p>\n<p>Para c\u00f3mputo usaremos <a href=\"https:\/\/colab.google\/\" target=\"_blank\" rel=\"noopener\">Google Colab<\/a>. Como software, usaremos la librer\u00eda <a href=\"https:\/\/ngsolve.org\" target=\"_blank\" rel=\"noopener\">NGSolve<\/a>, y las instrucciones m\u00e1s detalladas para bajarla son:<\/p>\n<ul>\n<li>Instalaci\u00f3n local para uso en serial:<br \/>\n<a href=\"https:\/\/ngsolve.org\/downloads\">https:\/\/ngsolve.org\/downloads<\/a><\/li>\n<li>Instalaci\u00f3n local para uso en paralelo (Linux\/Windows\/Mac):<br \/>\n<a href=\"https:\/\/docu.ngsolve.org\/latest\/install\/install_sources.html\">https:\/\/docu.ngsolve.org\/latest\/install\/install_sources.html<\/a><\/li>\n<\/ul>\n<p>&nbsp;<\/p>\n<h2 id=\"bertoglio\">Prof. Nicol\u00e1s A. Barnafi<\/h2>\n<h5>Centro de Modelamiento Matem\u00e1tico &#8211; U. de Chile<\/h5>\n<h2><img loading=\"lazy\" decoding=\"async\" class=\"persona alignright wp-image-160\" src=\"https:\/\/eventos.cmm.uchile.cl\/emi2024\/wp-content\/uploads\/sites\/180\/2023\/11\/barnafi_01.jpg\" alt=\"Nicol\u00e1s Barnafi\" width=\"200\" height=\"200\" srcset=\"https:\/\/eventos.cmm.uchile.cl\/emi2024\/wp-content\/uploads\/sites\/180\/2023\/11\/barnafi_01.jpg 260w, https:\/\/eventos.cmm.uchile.cl\/emi2024\/wp-content\/uploads\/sites\/180\/2023\/11\/barnafi_01-150x150.jpg 150w\" sizes=\"auto, (max-width: 200px) 100vw, 200px\" \/><\/h2>\n<ul>\n<li>Ingeniero Civil Industrial, diploma en Matem\u00e1tica, UC<\/li>\n<li>Mag\u00edster en Ciencias de la Ingenier\u00eda, UC<\/li>\n<li>Doctor en M\u00e9todos y modelos matem\u00e1ticos para la Ingenier\u00eda, Politecnico di Milano<\/li>\n<li>CMM-CNRS Chair of Excellence for Young Researchers<\/li>\n<\/ul>\n<p><strong>Campo\/disciplina:<\/strong> An\u00e1lisis Num\u00e9rico \/ Numerical Analysis, HPC.<\/p>\n<p><a href=\"https:\/\/scholar.google.com\/citations?user=qTr3xQ0AAAAJ\" target=\"_blank\" rel=\"noopener\"><span class=\"simple-icon-googlescholar\" style=\"fill:#4285F4; height:1.2rem; width:1.2rem;\"><svg role=\"img\" xmlns=\"http:\/\/www.w3.org\/2000\/svg\" viewBox=\"0 0 24 24\"><title>Google Scholar<\/title><path d=\"M5.242 13.769L0 9.5 12 0l12 9.5-5.242 4.269C17.548 11.249 14.978 9.5 12 9.5c-2.977 0-5.548 1.748-6.758 4.269zM12 10a7 7 0 1 0 0 14 7 7 0 0 0 0-14z\" \/><\/svg><\/span><\/a> <a href=\"https:\/\/www.researchgate.net\/profile\/Nicolas-Barnafi\" target=\"_blank\" rel=\"noopener\"><span class=\"simple-icon-researchgate\" style=\"fill:#00CCBB; height:1.2rem; width:1.2rem;\"><svg role=\"img\" xmlns=\"http:\/\/www.w3.org\/2000\/svg\" viewBox=\"0 0 24 24\"><title>ResearchGate<\/title><path d=\"M19.586 0c-.818 0-1.508.19-2.073.565-.563.377-.97.936-1.213 1.68a3.193 3.193 0 0 0-.112.437 8.365 8.365 0 0 0-.078.53 9 9 0 0 0-.05.727c-.01.282-.013.621-.013 1.016a31.121 31.123 0 0 0 .014 1.017 9 9 0 0 0 .05.727 7.946 7.946 0 0 0 .077.53h-.005a3.334 3.334 0 0 0 .113.438c.245.743.65 1.303 1.214 1.68.565.376 1.256.564 2.075.564.8 0 1.536-.213 2.105-.603.57-.39.94-.916 1.175-1.65.076-.235.135-.558.177-.93a10.9 10.9 0 0 0 .043-1.207v-.82c0-.095-.047-.142-.14-.142h-3.064c-.094 0-.14.047-.14.141v.956c0 .094.046.14.14.14h1.666c.056 0 .084.03.084.086 0 .36 0 .62-.036.865-.038.244-.1.447-.147.606-.108.385-.348.664-.638.876-.29.212-.738.35-1.227.35-.545 0-.901-.15-1.21-.353-.306-.203-.517-.454-.67-.915a3.136 3.136 0 0 1-.147-.762 17.366 17.367 0 0 1-.034-.656c-.01-.26-.014-.572-.014-.939a26.401 26.403 0 0 1 .014-.938 15.821 15.822 0 0 1 .035-.656 3.19 3.19 0 0 1 .148-.76 1.89 1.89 0 0 1 .742-1.01c.344-.244.593-.352 1.137-.352.508 0 .815.096 1.144.303.33.207.528.492.764.925.047.094.111.118.198.07l1.044-.43c.075-.048.09-.115.042-.199a3.549 3.549 0 0 0-.466-.742 3 3 0 0 0-.679-.607 3.313 3.313 0 0 0-.903-.41A4.068 4.068 0 0 0 19.586 0zM8.217 5.836c-1.69 0-3.036.086-4.297.086-1.146 0-2.291 0-3.007-.029v.831l1.088.2c.744.144 1.174.488 1.174 2.264v11.288c0 1.777-.43 2.12-1.174 2.263l-1.088.2v.832c.773-.029 2.12-.086 3.465-.086 1.29 0 2.951.057 3.667.086v-.831l-1.49-.2c-.773-.115-1.174-.487-1.174-2.264v-4.784c.688.057 1.29.057 2.206.057 1.748 3.123 3.41 5.472 4.355 6.56.86 1.032 2.177 1.691 3.839 1.691.487 0 1.003-.086 1.318-.23v-.744c-1.031 0-2.063-.716-2.808-1.518-1.26-1.376-2.95-3.582-4.355-6.074 2.32-.545 4.04-2.722 4.04-4.9 0-3.208-2.492-4.698-5.758-4.698zm-.515 1.29c2.406 0 3.839 1.26 3.839 3.552 0 2.263-1.547 3.782-4.097 3.782-.974 0-1.404-.03-2.063-.086v-7.19c.66-.059 1.547-.059 2.32-.059z\" \/><\/svg><\/span><\/a> <a href=\"https:\/\/www.linkedin.com\/in\/nicol%C3%A1s-barnafi\/\" target=\"_blank\" rel=\"noopener\"><span class=\"simple-icon-linkedin\" style=\"fill:#0A66C2; height:1.2rem; width:1.2rem;\"><svg role=\"img\" viewBox=\"0 0 24 24\" xmlns=\"http:\/\/www.w3.org\/2000\/svg\"><title>LinkedIn<\/title><path d=\"M20.447 20.452h-3.554v-5.569c0-1.328-.027-3.037-1.852-3.037-1.853 0-2.136 1.445-2.136 2.939v5.667H9.351V9h3.414v1.561h.046c.477-.9 1.637-1.85 3.37-1.85 3.601 0 4.267 2.37 4.267 5.455v6.286zM5.337 7.433c-1.144 0-2.063-.926-2.063-2.065 0-1.138.92-2.063 2.063-2.063 1.14 0 2.064.925 2.064 2.063 0 1.139-.925 2.065-2.064 2.065zm1.782 13.019H3.555V9h3.564v11.452zM22.225 0H1.771C.792 0 0 .774 0 1.729v20.542C0 23.227.792 24 1.771 24h20.451C23.2 24 24 23.227 24 22.271V1.729C24 .774 23.2 0 22.222 0h.003z\" \/><\/svg><\/span><\/a><\/p>\n<p>&nbsp;<\/p>\n<h2 id=\"bertoglio\">Prof. Manuel A. S\u00e1nchez<\/h2>\n<h5>Instituto de Ingenier\u00eda Matem\u00e1tica y Computacional &#8211; UC<\/h5>\n<h2><img loading=\"lazy\" decoding=\"async\" class=\"persona size-full wp-image-159 alignright\" src=\"https:\/\/eventos.cmm.uchile.cl\/emi2024\/wp-content\/uploads\/sites\/180\/2023\/11\/sanchez_01.jpg\" alt=\"Manuel S\u00e1nchez\" width=\"200\" height=\"200\" srcset=\"https:\/\/eventos.cmm.uchile.cl\/emi2024\/wp-content\/uploads\/sites\/180\/2023\/11\/sanchez_01.jpg 260w, https:\/\/eventos.cmm.uchile.cl\/emi2024\/wp-content\/uploads\/sites\/180\/2023\/11\/sanchez_01-150x150.jpg 150w\" sizes=\"auto, (max-width: 200px) 100vw, 200px\" \/><\/h2>\n<ul>\n<li>Licenciado en Ciencias de la Ingenier\u00eda Matem\u00e1tica, Universidad de Concepci\u00f3n<\/li>\n<li>Ingeniero Civil Matem\u00e1tico, Universidad de Concepci\u00f3n<\/li>\n<li>M.Sc. in Applied Mathematics , Brown University<\/li>\n<li>Ph.D. in Applied Mathematics, Brown University<\/li>\n<li>Profesor asistente IMC UC<\/li>\n<\/ul>\n<p><strong>Campo\/disciplina:<\/strong> An\u00e1lisis Num\u00e9rico \/ Numerical Analysis and Scientific Computing. Numerical Solutions of Partial Differential Equations.<\/p>\n<p><a href=\"https:\/\/scholar.google.com\/citations?user=AzEGKS8AAAAJ\" target=\"_blank\" rel=\"noopener\"><span class=\"simple-icon-googlescholar\" style=\"fill:#4285F4; height:1.2rem; width:1.2rem;\"><svg role=\"img\" xmlns=\"http:\/\/www.w3.org\/2000\/svg\" viewBox=\"0 0 24 24\"><title>Google Scholar<\/title><path d=\"M5.242 13.769L0 9.5 12 0l12 9.5-5.242 4.269C17.548 11.249 14.978 9.5 12 9.5c-2.977 0-5.548 1.748-6.758 4.269zM12 10a7 7 0 1 0 0 14 7 7 0 0 0 0-14z\" \/><\/svg><\/span><\/a> <a href=\"https:\/\/www.researchgate.net\/profile\/Manuel-Sanchez-81\" target=\"_blank\" rel=\"noopener\"><span class=\"simple-icon-researchgate\" style=\"fill:#00CCBB; height:1.2rem; width:1.2rem;\"><svg role=\"img\" xmlns=\"http:\/\/www.w3.org\/2000\/svg\" viewBox=\"0 0 24 24\"><title>ResearchGate<\/title><path d=\"M19.586 0c-.818 0-1.508.19-2.073.565-.563.377-.97.936-1.213 1.68a3.193 3.193 0 0 0-.112.437 8.365 8.365 0 0 0-.078.53 9 9 0 0 0-.05.727c-.01.282-.013.621-.013 1.016a31.121 31.123 0 0 0 .014 1.017 9 9 0 0 0 .05.727 7.946 7.946 0 0 0 .077.53h-.005a3.334 3.334 0 0 0 .113.438c.245.743.65 1.303 1.214 1.68.565.376 1.256.564 2.075.564.8 0 1.536-.213 2.105-.603.57-.39.94-.916 1.175-1.65.076-.235.135-.558.177-.93a10.9 10.9 0 0 0 .043-1.207v-.82c0-.095-.047-.142-.14-.142h-3.064c-.094 0-.14.047-.14.141v.956c0 .094.046.14.14.14h1.666c.056 0 .084.03.084.086 0 .36 0 .62-.036.865-.038.244-.1.447-.147.606-.108.385-.348.664-.638.876-.29.212-.738.35-1.227.35-.545 0-.901-.15-1.21-.353-.306-.203-.517-.454-.67-.915a3.136 3.136 0 0 1-.147-.762 17.366 17.367 0 0 1-.034-.656c-.01-.26-.014-.572-.014-.939a26.401 26.403 0 0 1 .014-.938 15.821 15.822 0 0 1 .035-.656 3.19 3.19 0 0 1 .148-.76 1.89 1.89 0 0 1 .742-1.01c.344-.244.593-.352 1.137-.352.508 0 .815.096 1.144.303.33.207.528.492.764.925.047.094.111.118.198.07l1.044-.43c.075-.048.09-.115.042-.199a3.549 3.549 0 0 0-.466-.742 3 3 0 0 0-.679-.607 3.313 3.313 0 0 0-.903-.41A4.068 4.068 0 0 0 19.586 0zM8.217 5.836c-1.69 0-3.036.086-4.297.086-1.146 0-2.291 0-3.007-.029v.831l1.088.2c.744.144 1.174.488 1.174 2.264v11.288c0 1.777-.43 2.12-1.174 2.263l-1.088.2v.832c.773-.029 2.12-.086 3.465-.086 1.29 0 2.951.057 3.667.086v-.831l-1.49-.2c-.773-.115-1.174-.487-1.174-2.264v-4.784c.688.057 1.29.057 2.206.057 1.748 3.123 3.41 5.472 4.355 6.56.86 1.032 2.177 1.691 3.839 1.691.487 0 1.003-.086 1.318-.23v-.744c-1.031 0-2.063-.716-2.808-1.518-1.26-1.376-2.95-3.582-4.355-6.074 2.32-.545 4.04-2.722 4.04-4.9 0-3.208-2.492-4.698-5.758-4.698zm-.515 1.29c2.406 0 3.839 1.26 3.839 3.552 0 2.263-1.547 3.782-4.097 3.782-.974 0-1.404-.03-2.063-.086v-7.19c.66-.059 1.547-.059 2.32-.059z\" \/><\/svg><\/span><\/a> <a href=\"https:\/\/www.linkedin.com\/in\/sanchez-manuel-60555886\/\" target=\"_blank\" rel=\"noopener\"><span class=\"simple-icon-linkedin\" style=\"fill:#0A66C2; height:1.2rem; width:1.2rem;\"><svg role=\"img\" viewBox=\"0 0 24 24\" xmlns=\"http:\/\/www.w3.org\/2000\/svg\"><title>LinkedIn<\/title><path d=\"M20.447 20.452h-3.554v-5.569c0-1.328-.027-3.037-1.852-3.037-1.853 0-2.136 1.445-2.136 2.939v5.667H9.351V9h3.414v1.561h.046c.477-.9 1.637-1.85 3.37-1.85 3.601 0 4.267 2.37 4.267 5.455v6.286zM5.337 7.433c-1.144 0-2.063-.926-2.063-2.065 0-1.138.92-2.063 2.063-2.063 1.14 0 2.064.925 2.064 2.063 0 1.139-.925 2.065-2.064 2.065zm1.782 13.019H3.555V9h3.564v11.452zM22.225 0H1.771C.792 0 0 .774 0 1.729v20.542C0 23.227.792 24 1.771 24h20.451C23.2 24 24 23.227 24 22.271V1.729C24 .774 23.2 0 22.222 0h.003z\" \/><\/svg><\/span><\/a><\/p>\n","protected":false},"excerpt":{"rendered":"<p>Escuela El objetivo de esta escuela es acercar a la comunidad a los m\u00e9todos iterativos scalables, con un enfoque moderno en base a software que se usa actualmente no solo en investigaci\u00f3n, si no que tambi\u00e9n en la industria. Esperamos que quienes vayan a la escuela salgan con una idea clara de cuales son las &hellip; <a href=\"https:\/\/eventos.cmm.uchile.cl\/emi2024\/acerca\/\" class=\"more-link\">Seguir leyendo <span class=\"screen-reader-text\">Acerca<\/span> <span class=\"meta-nav\">&rarr;<\/span><\/a><\/p>\n","protected":false},"author":2,"featured_media":0,"parent":0,"menu_order":1,"comment_status":"closed","ping_status":"closed","template":"","meta":{"inline_featured_image":false,"footnotes":""},"class_list":["post-18","page","type-page","status-publish","hentry"],"_links":{"self":[{"href":"https:\/\/eventos.cmm.uchile.cl\/emi2024\/wp-json\/wp\/v2\/pages\/18","targetHints":{"allow":["GET"]}}],"collection":[{"href":"https:\/\/eventos.cmm.uchile.cl\/emi2024\/wp-json\/wp\/v2\/pages"}],"about":[{"href":"https:\/\/eventos.cmm.uchile.cl\/emi2024\/wp-json\/wp\/v2\/types\/page"}],"author":[{"embeddable":true,"href":"https:\/\/eventos.cmm.uchile.cl\/emi2024\/wp-json\/wp\/v2\/users\/2"}],"replies":[{"embeddable":true,"href":"https:\/\/eventos.cmm.uchile.cl\/emi2024\/wp-json\/wp\/v2\/comments?post=18"}],"version-history":[{"count":26,"href":"https:\/\/eventos.cmm.uchile.cl\/emi2024\/wp-json\/wp\/v2\/pages\/18\/revisions"}],"predecessor-version":[{"id":183,"href":"https:\/\/eventos.cmm.uchile.cl\/emi2024\/wp-json\/wp\/v2\/pages\/18\/revisions\/183"}],"wp:attachment":[{"href":"https:\/\/eventos.cmm.uchile.cl\/emi2024\/wp-json\/wp\/v2\/media?parent=18"}],"curies":[{"name":"wp","href":"https:\/\/api.w.org\/{rel}","templated":true}]}}