{"id":28,"date":"2022-11-08T12:28:50","date_gmt":"2022-11-08T15:28:50","guid":{"rendered":"https:\/\/eventos.cmm.uchile.cl\/allaire2022\/?page_id=28"},"modified":"2024-01-03T19:45:55","modified_gmt":"2024-01-03T22:45:55","slug":"programa","status":"publish","type":"page","link":"https:\/\/eventos.cmm.uchile.cl\/emi2024\/programa\/","title":{"rendered":"Programa"},"content":{"rendered":"<p>Evento de dos d\u00edas, a llevarse a cabo el jueves 4 y viernes 5 de enero de 2024.<\/p>\n<p><strong>D\u00eda 1 \u2013 Jueves 4<\/strong><\/p>\n<ul>\n<li>09:30 &#8211; 11:00: Bienvenida + Introducci\u00f3n<\/li>\n<li>11:00 &#8211; 11:30: Coffee break<\/li>\n<li>11:30 &#8211; 13:00: M\u00e9todos Iterativos<\/li>\n<li>13:00 &#8211; 14:30: Libre<\/li>\n<li>14:30 &#8211; 16:00: M\u00e9todos de Krylov I<\/li>\n<li>16:00 &#8211; 16:30: Coffee break<\/li>\n<li>16:30 &#8211; 18:00: M\u00e9todos de Krylov II<\/li>\n<\/ul>\n<p><strong>D\u00eda 2 \u2013 Viernes 5<\/strong><\/p>\n<ul>\n<li>09:30 &#8211; 11:00: Precondicionadores<\/li>\n<li>11:00 &#8211; 11:30: Coffee break<\/li>\n<li>11:30 &#8211; 13:00: Precondicionadores optimales<\/li>\n<li>13:00 &#8211; 14:30: Libre<\/li>\n<li>14:30 &#8211; 16:00: Problemas avanzados<\/li>\n<li>16:00 &#8211; 16:30: Coffee break<\/li>\n<li>16:30 &#8211; 18:00: Trabajo libre<\/li>\n<\/ul>\n","protected":false},"excerpt":{"rendered":"<p>Evento de dos d\u00edas, a llevarse a cabo el jueves 4 y viernes 5 de enero de 2024. D\u00eda 1 \u2013 Jueves 4 09:30 &#8211; 11:00: Bienvenida + Introducci\u00f3n 11:00 &#8211; 11:30: Coffee break 11:30 &#8211; 13:00: M\u00e9todos Iterativos 13:00 &#8211; 14:30: Libre 14:30 &#8211; 16:00: M\u00e9todos de Krylov I 16:00 &#8211; 16:30: Coffee break &hellip; <a href=\"https:\/\/eventos.cmm.uchile.cl\/emi2024\/programa\/\" class=\"more-link\">Seguir leyendo <span class=\"screen-reader-text\">Programa<\/span> <span class=\"meta-nav\">&rarr;<\/span><\/a><\/p>\n","protected":false},"author":2,"featured_media":0,"parent":0,"menu_order":2,"comment_status":"closed","ping_status":"closed","template":"","meta":{"inline_featured_image":false,"footnotes":""},"class_list":["post-28","page","type-page","status-publish","hentry"],"_links":{"self":[{"href":"https:\/\/eventos.cmm.uchile.cl\/emi2024\/wp-json\/wp\/v2\/pages\/28","targetHints":{"allow":["GET"]}}],"collection":[{"href":"https:\/\/eventos.cmm.uchile.cl\/emi2024\/wp-json\/wp\/v2\/pages"}],"about":[{"href":"https:\/\/eventos.cmm.uchile.cl\/emi2024\/wp-json\/wp\/v2\/types\/page"}],"author":[{"embeddable":true,"href":"https:\/\/eventos.cmm.uchile.cl\/emi2024\/wp-json\/wp\/v2\/users\/2"}],"replies":[{"embeddable":true,"href":"https:\/\/eventos.cmm.uchile.cl\/emi2024\/wp-json\/wp\/v2\/comments?post=28"}],"version-history":[{"count":18,"href":"https:\/\/eventos.cmm.uchile.cl\/emi2024\/wp-json\/wp\/v2\/pages\/28\/revisions"}],"predecessor-version":[{"id":213,"href":"https:\/\/eventos.cmm.uchile.cl\/emi2024\/wp-json\/wp\/v2\/pages\/28\/revisions\/213"}],"wp:attachment":[{"href":"https:\/\/eventos.cmm.uchile.cl\/emi2024\/wp-json\/wp\/v2\/media?parent=28"}],"curies":[{"name":"wp","href":"https:\/\/api.w.org\/{rel}","templated":true}]}}