{"id":20,"date":"2018-08-01T10:58:45","date_gmt":"2018-08-01T14:58:45","guid":{"rendered":"http:\/\/eventos.cmm.uchile.cl\/emic2018\/?page_id=20"},"modified":"2018-10-05T09:21:06","modified_gmt":"2018-10-05T12:21:06","slug":"programa","status":"publish","type":"page","link":"https:\/\/eventos.cmm.uchile.cl\/emic2018\/programa\/","title":{"rendered":"Programa"},"content":{"rendered":"<p><strong>Mi\u00e9rcoles 3 de octubre \u00a0\u00a0<\/strong><\/p>\n<p>09:00 &#8211; 09:30\u00a0\u00a0 Inscripci\u00f3n:\u00a0Hall de entrada de Beauchef 851<\/p>\n<p><strong>Chair: Joaqu\u00edn Fontbona<\/strong><\/p>\n<p>Auditorio Enrique d&#8217;Etigny, Beauchef 851<\/p>\n<p>09:30 &#8211; 09:45\u00a0\u00a0 Bienvenida<\/p>\n<p><strong>09:45 &#8211; 10:30\u00a0\u00a0 \u201c15 a\u00f1os de Sports Scheduling en Chile y Argentina\u201d, Guillermo Dur\u00e1n, UBA, Argentina<\/strong><\/p>\n<p>10:30 &#8211; 11:00\u00a0 Caf\u00e9 \u00a0(Cafeter\u00eda del Auditorio Enrique d&#8217;Etigny)<\/p>\n<p>11:00 &#8211; 11:25\u00a0\u00a0 \u201cModelo integrado de equilibrio conjunto de transporte privado y sistemas log\u00edsticos urbanos\u201d,<strong> Vanesa\u00a0Vansteenkiste<\/strong>, Universidad Nacional de Rosario, Argentina<\/p>\n<p>11:25 &#8211; 11:50\u00a0\u00a0\u00a0 \u201cConfianza, castigo y precios de equilibrio en la cadena de suministro\u201d, <strong>Miguel Heredia<\/strong>, TNM: Tecnol\u00f3gico Nacional de M\u00e9xico , M\u00e9xico<\/p>\n<p>11:50 &#8211; 12:15\u00a0\u00a0\u00a0 \u201cUn modelo matem\u00e1tico para el problema de escalamiento de m\u00e9dicos de hospitales y cl\u00ednicas en Porto Alegre\u201d, <strong>Alberto Kummer<\/strong>, Universidade Federal do Rio Grande do Sul, Brasil<\/p>\n<p>12:15 &#8211; 12:40\u00a0\u00a0 \u201cModelo de negocio para el agente agregador de veh\u00edculos el\u00e9ctricos con participaci\u00f3n en el mercado el\u00e9ctrico\u201d, <strong>Semaria Ruiz<\/strong>, Universidad Nacional de Colombia<\/p>\n<p>12:40 &#8211; 14:30\u00a0\u00a0 ALMUERZO (Cafeter\u00eda del Auditorio Enrique d&#8217;Etigny)<\/p>\n<p><strong>Chair: Iv\u00e1n Rapaport<\/strong><\/p>\n<p><strong>14:30 &#8211; 15:15<\/strong>\u00a0<strong>\u201cModelos de programaci\u00f3n entera para el enrutamiento mixto de veh\u00edculos y encuestadores en el Instituto Nacional de Estad\u00edsticas y Censos del Ecuador\u201d, Luis Miguel Torres, Escuela Polit\u00e9cnica Nacional, Quito, Ecuador<\/strong><\/p>\n<p>15:15 &#8211; 15:40\u00a0 \u201cEnfoques de resoluci\u00f3n para el ruteo y scheduling de camiones en la industria forestal\u201d, <strong>Maximiliano Bord\u00f3n<\/strong>, INGAR, UTN-CONICET, Argentina<\/p>\n<p>15:40\u00a0 &#8211; 16:05 \u201cControl \u00f3ptimo de enfermedades en poblaciones privadas de libertad\u201d, <strong>Diego Vicencio<\/strong>, UTFSM, Chile.<\/p>\n<p>16:05 \u2013 16:45 \u00a0Caf\u00e9 (Cafeter\u00eda del Auditorio Enrique d&#8217;Etigny)<\/p>\n<p><strong>16:45 &#8211; 17:30\u00a0 \u201cCoordinaci\u00f3n de recursos de energ\u00eda distribuidos para brindar soporte de tensi\u00f3n a redes el\u00e9ctricas de transmisi\u00f3n\u201d, Gustavo Valverde, ETH Z\u00fcrich, Suiza<\/strong><\/p>\n<p>17:30 &#8211; 17:55\u00a0 \u201cPlanificaci\u00f3n t\u00e1ctica de redes de distribuci\u00f3n farmac\u00e9utica en Brasil\u201d, <strong>Aura Mar\u00eda Jalal<\/strong>, Universidade Federal de Sao Carlos, Brasil<\/p>\n<p>17:55 &#8211; 18:20 \u00abOptimizaci\u00f3n de tama\u00f1o de flota, frecuencias y capacidades de veh\u00edculos considerando per\u00edodos punta y fuera de punta en transporte p\u00fablico\u00bb, \u00a0<strong>Andr\u00e9s Fielbaum<\/strong>, Universidad de Chile, Chile.<\/p>\n<p><strong>\u00a0<\/strong>18:20 -19:00 \u00a0Caf\u00e9 de Cierre (Cafeter\u00eda del Auditorio Enrique d&#8217;Etigny)<\/p>\n<p>\u2014\u2014\u2014\u2014\u2014\u2014\u2014\u2014\u2014\u2014\u2014\u2014\u2014\u2014\u2014\u2014\u2014\u2014\u2014\u2014\u2014\u2014\u2014<\/p>\n<p><strong>Jueves 4 de octubre<\/strong><\/p>\n<p><strong>Chair: Rodrigo Palma\u00a0<\/strong><\/p>\n<p>Sala B04<\/p>\n<p><strong>09:00 &#8211;\u00a0 09:45 \u201cProtein geometry: academic and industrial problems\u201d, Carlile Lavor, UNICAMP, Brasil<\/strong><\/p>\n<p>09:45 &#8211; 10:15\u00a0Caf\u00e9 (salida de la sala B04)<\/p>\n<p>10:15 &#8211; 10:40\u00a0\u00a0 \u201cUna formulaci\u00f3n matem\u00e1tica para problemas integrados de localizaci\u00f3n y ruteo de veh\u00edculos en la gesti\u00f3n de la cadena log\u00edstica de los residuos s\u00f3lidos urbanos\u201d, <strong>Diego Rossit<\/strong>, Universidad Nacional del Sur, CONICEF, Argentina<\/p>\n<p>10:40 &#8211; 11:05\u00a0\u00a0 \u201cEstimador de Horvitz-Thompson bajo informaci\u00f3n parcial, con aplicaci\u00f3n a la distribuci\u00f3n de grados en una red\u00bb, <strong>Alejandro Izaguirre,<\/strong>\u00a0Universidad de San Andr\u00e9s, Argentina<\/p>\n<p>11:05 &#8211; 11:30\u00a0\u00a0 \u201cM\u00e9todos de optimizaci\u00f3n para estimar matrices origen-destino\u201d, <strong>Victoria Ch\u00e1vez<\/strong>, UAM, M\u00e9xico<\/p>\n<p>11:30 &#8211; 11:55\u00a0\u00a0 \u201cUn operador multidireccional para detectar contornos en im\u00e1genes con ruido multiplicativo\u201d, <strong>M\u00f3nica Acevedo<\/strong>, Universidad Cat\u00f3lica del Maule, Chile<\/p>\n<p>11:55 &#8211; 12:20\u00a0 \u201cM\u00e9todos\u00a0 H(div)-conformes para ecuaciones de doble difusi\u00f3n en medios porosos\u201d, <strong>Paul M\u00e9ndez<\/strong>, Universidad de Concepci\u00f3n, Chile<\/p>\n<p>12:20 &#8211; 14:30\u00a0\u00a0 ALMUERZO (piso -3 de Beauchef 851)<\/p>\n<p><strong>Chair: H\u00e9ctor Ram\u00edrez<\/strong><\/p>\n<p>Sala B04<\/p>\n<p><strong>14:30 &#8211; 15:15\u00a0 \u201cProblemas de optimizaci\u00f3n en espacios de dimensi\u00f3n infinita y EDPs\u201d, Daniel Hern\u00e1ndez-Hern\u00e1ndez, CIMAT, Guanajuato, M\u00e9xico<\/strong><\/p>\n<p>15:15 &#8211; 15:40\u00a0 \u201cExistencia de una soluci\u00f3n d\u00e9bil para un problema de interacci\u00f3n fluido-estructura\u201d, <strong>Benjam\u00edn Obando<\/strong>, Universidad de Chile<\/p>\n<p>15:40 &#8211; 16:05\u00a0 \u201cUn algoritmo para maximizar la producci\u00f3n de biog\u00e1s en un quimiostato\u201d, <strong>Antoine Haddon<\/strong>, Universidad de Chile, Universidad de Montpelier, Francia<\/p>\n<p>16:05 &#8211; 16:30\u00a0 \u201cOptimizaci\u00f3n binivel del par\u00e1metro de regularizaci\u00f3n con dependencia espacial del modelo de variaci\u00f3n total generalizada para el filtrado de ruido en im\u00e1genes\u201d, <strong>Maribel Herrera<\/strong>, Escuela Polit\u00e9cnica Nacional de Quito, Ecuador<\/p>\n<p><strong>16:30 &#8211; 17:15\u00a0 \u201cDin\u00e1mica de la pol\u00edtica ambiental\u201d, Adriana Piazza, UAI, Chile<\/strong><\/p>\n<p><strong>\u00a017:30 &#8211; 18:45 Posters:\u00a0<\/strong><\/p>\n<p>(piso -3 de Beauchef 851)<\/p>\n<p>Modelos de optimizaci\u00f3n binivel para problemas de localizaci\u00f3n de m\u00faltiples productos,\u00a0<strong>Sebasti\u00e1n D\u00e1vila,\u00a0<\/strong>Universidad de Chile<\/p>\n<p>Implementaci\u00f3n de una heur\u00edstica para la programaci\u00f3n autom\u00e1tica de horarios de una escuela secundaria,\u00a0<strong>Nazareno Faillace<\/strong>, Universidad de Buenos Aires, Argentina<\/p>\n<p>Asignaciones descentralizadas, la importancia del compromiso y paciencia de los agentes,\u00a0<strong>Nadia Gui\u00f1azu<\/strong>, Universidad Nacional de San Luis, Argentina<\/p>\n<p>Un nuevo m\u00e9todo de soluci\u00f3n exacto para el problema Stochastic Fixed Charge Multicommodity Flow,\u00a0<strong>Cristian Ram\u00edrez<\/strong>, UAI, Chile<\/p>\n<p>Monitoreo basado en un modelo de tiempo real de redes de tr\u00e1fico urbano usando informaci\u00f3n colaborativa,\u00a0<strong>Christian Roviro<\/strong>, Universidad Nacional, Colombia<\/p>\n<p>Costo de bienestar provocado por la incertidumbre acerca del modelo en una peque\u00f1a econom\u00eda abierta,\u00a0<strong>Jocelyn Tapia<\/strong>,\u00a0PUC, Chile<\/p>\n<p>Un modelo din\u00e1mico para determinar el gasto p\u00fablico \u00f3ptimo para reducir los niveles de silicosis en la poblaci\u00f3n ligada a la miner\u00eda del carb\u00f3n,\u00a0<strong>Santiago Torres<\/strong>, \u00a0Universidad de los Andes, Colombia<\/p>\n<p>18:30 C\u00f3ctel (piso -3 de Beauchef 851)<\/p>\n<p>\u2014\u2014\u2014\u2014\u2014\u2014\u2014\u2014\u2014\u2014\u2014\u2014\u2014\u2014\u2014\u2014\u2014\u2014\u2014\u2014\u2014\u2014\u2014<\/p>\n<p><strong>Viernes 5 de octubre<\/strong><\/p>\n<p><strong>Chair: Matteo Triossi<\/strong><\/p>\n<p>Sala B04<\/p>\n<p><strong>09:00 &#8211;\u00a0 09:45 \u201cDurmiendo con el enemigo: conexiones pol\u00edticas y riesgo empresarial\u201d, Christian Ruzzier, Universidad de San Andr\u00e9s,\u00a0 Argentina<\/strong><\/p>\n<p>09:45 &#8211; 10:15\u00a0Caf\u00e9 (salida de la sala B04)<\/p>\n<p>10:15 &#8211; 10:40\u00a0\u00a0\u201cPrueba de estrategia y estabilidad de coalici\u00f3n en problemas de asignaci\u00f3n con externalidades\u201d, <strong>Mar\u00eda Fonseca<\/strong>, Unversidad de Chile<\/p>\n<p>10:40 &#8211; 11:05\u00a0\u00a0 \u201cUn modelo de m\u00faltiples etapas para el manejo de energ\u00eda en micro-redes con fuentes renovables y almacenamiento\u201d, <strong>Sebasti\u00e1n Arp\u00f3n<\/strong>, UAI, Chile<\/p>\n<p>11:05 &#8211; 11:30\u00a0\u00a0 \u201cLos incentivos econ\u00f3micos del sistema de impuestos y transferencias intergeneracionales\u201d, <strong>Florencia Amabile<\/strong>, Universidad de la Rep\u00fablica, Uruguay<\/p>\n<p>11:30 &#8211; 11:55\u00a0\u00a0 \u201cModelo de elecci\u00f3n de ruta en transporte p\u00fablico\u201d, <strong>Jacqueline Arriagada<\/strong>, Universidad de Chile<\/p>\n<p>11:55 &#8211; 12:20\u00a0\u00a0\u201cUn modelo de dos etapas para planificar la inversi\u00f3n en energ\u00eda bajo incertidumbre\u201d,<strong> Felipe Atenas<\/strong>, Universidad de Chile<\/p>\n<p>12:20 &#8211; 14:30\u00a0\u00a0 ALMUERZO (piso -3 de Beauchef 851)<\/p>\n<p><strong>Chair: Iv\u00e1n Rapaport<\/strong><\/p>\n<p>Sala B04<\/p>\n<p><strong>14:30 &#8211; 15:15\u00a0 \u201cAplicaciones de inteligencia artificial en el mayor conjunto de ex\u00e1menes de laboratorio del mundo para la predicci\u00f3n de enfermedades\u00bb, Fernando Schwartz, Prognos AI, NY, Estados Unidos<\/strong><\/p>\n<p><strong>\u00a015:15 &#8211; 16:45 Posters\u00a0<\/strong>(piso -3 de Beauchef 851)<\/p>\n<p>Estimaci\u00f3n de estados cerebrales usando un modelo escondido de semi Markov,\u00a0<strong>David Araya,<\/strong>\u00a0Universidad de Valpara\u00edso, Chile<\/p>\n<p>Reconstrucci\u00f3n de im\u00e1genes satelitales multitemporales contaminadas por nubes,\u00a0<strong>Jacqueline Atoche<\/strong>,\u00a0Instituto de Matem\u00e1tica y Ciencias Afines, Per\u00fa<\/p>\n<p>Implementaci\u00f3n de SDDP utilizando transformaciones no-lineales para modelar la estructura de autocorrelaci\u00f3n en el lado derecho de las restricciones. Caso de estudio: operaci\u00f3n \u00f3ptima de un sistema de embalses con incertidumbre en los afluentes,\u00a0<strong>Felipe Cordera<\/strong>,\u00a0Universidad de Chile<\/p>\n<p>Enfoques de programaci\u00f3n estoc\u00e1stica a la estrategia de planificaci\u00f3n energ\u00e9tica bajo incertidumbre,\u00a0<strong>Esnil Guevara<\/strong>,\u00a0UAI, Chile<\/p>\n<p>Modelo de enrutamiento de inventario teniendo en cuenta la escasez y el costo social en situaciones de desastre,\u00a0<strong>Diana Guzm\u00e1n<\/strong>,\u00a0Universidad de La Sabana, Colombia<\/p>\n<p>Dise\u00f1o de pol\u00edticas de prevenci\u00f3n del dengue usando un modelo de dos parches,\u00a0<strong>Daniel Lasluisa<\/strong>,\u00a0Universidad del Valle, Colombia<\/p>\n<p>Caracterizaci\u00f3n del perfil \u00f3ptimo del problema de planificaci\u00f3n minera a tajo abierto en el caso continuo,\u00a0<strong>Emilio Molina<\/strong>,\u00a0Universidad de Chile<\/p>\n<p>16:45 &#8211; 17:30 Caf\u00e9 de Cierre\u00a0(piso -3 de Beauchef 851)<\/p>\n","protected":false},"excerpt":{"rendered":"<p>Mi\u00e9rcoles 3 de octubre \u00a0\u00a0 09:00 &#8211; 09:30\u00a0\u00a0 Inscripci\u00f3n:\u00a0Hall de entrada de Beauchef 851 Chair: Joaqu\u00edn Fontbona Auditorio Enrique d&#8217;Etigny, Beauchef 851 09:30 &#8211; 09:45\u00a0\u00a0 Bienvenida 09:45 &#8211; 10:30\u00a0\u00a0 \u201c15 a\u00f1os de Sports Scheduling en Chile y Argentina\u201d, Guillermo Dur\u00e1n, UBA, Argentina 10:30 &#8211; 11:00\u00a0 Caf\u00e9 \u00a0(Cafeter\u00eda del Auditorio Enrique d&#8217;Etigny) 11:00 &#8211; 11:25\u00a0\u00a0 \u201cModelo &hellip; <a href=\"https:\/\/eventos.cmm.uchile.cl\/emic2018\/programa\/\" class=\"more-link\">Seguir leyendo <span class=\"screen-reader-text\">Programa<\/span> <span class=\"meta-nav\">&rarr;<\/span><\/a><\/p>\n","protected":false},"author":2,"featured_media":0,"parent":0,"menu_order":2,"comment_status":"closed","ping_status":"closed","template":"","meta":{"inline_featured_image":false,"footnotes":""},"class_list":["post-20","page","type-page","status-publish","hentry"],"_links":{"self":[{"href":"https:\/\/eventos.cmm.uchile.cl\/emic2018\/wp-json\/wp\/v2\/pages\/20","targetHints":{"allow":["GET"]}}],"collection":[{"href":"https:\/\/eventos.cmm.uchile.cl\/emic2018\/wp-json\/wp\/v2\/pages"}],"about":[{"href":"https:\/\/eventos.cmm.uchile.cl\/emic2018\/wp-json\/wp\/v2\/types\/page"}],"author":[{"embeddable":true,"href":"https:\/\/eventos.cmm.uchile.cl\/emic2018\/wp-json\/wp\/v2\/users\/2"}],"replies":[{"embeddable":true,"href":"https:\/\/eventos.cmm.uchile.cl\/emic2018\/wp-json\/wp\/v2\/comments?post=20"}],"version-history":[{"count":25,"href":"https:\/\/eventos.cmm.uchile.cl\/emic2018\/wp-json\/wp\/v2\/pages\/20\/revisions"}],"predecessor-version":[{"id":123,"href":"https:\/\/eventos.cmm.uchile.cl\/emic2018\/wp-json\/wp\/v2\/pages\/20\/revisions\/123"}],"wp:attachment":[{"href":"https:\/\/eventos.cmm.uchile.cl\/emic2018\/wp-json\/wp\/v2\/media?parent=20"}],"curies":[{"name":"wp","href":"https:\/\/api.w.org\/{rel}","templated":true}]}}