{"id":6,"date":"2018-07-31T16:34:28","date_gmt":"2018-07-31T16:34:28","guid":{"rendered":"http:\/\/eventos.cmm.uchile.cl\/emic2018\/?page_id=6"},"modified":"2018-09-28T18:36:46","modified_gmt":"2018-09-28T21:36:46","slug":"emic-2018","status":"publish","type":"page","link":"https:\/\/eventos.cmm.uchile.cl\/emic2018\/","title":{"rendered":"EMIC 2018"},"content":{"rendered":"<p>El <a href=\"http:\/\/www.dim.uchile.cl\/postgrado\/110209\/doctorado\" target=\"_blank\" rel=\"noopener\">Doctorado en Modelamiento Matem\u00e1tico<\/a> y el <a href=\"http:\/\/www.dsiuchile.cl\/\" target=\"_blank\" rel=\"noopener\">Doctorado en Sistemas de Ingenier\u00eda<\/a> de la Facultad de Ciencias F\u00edsicas y Matem\u00e1ticas de la Universidad de Chile convocan al primer <strong>Encuentro Latinoamericano de Estudiantes de Doctorado en Modelamiento, Ingenier\u00eda y Ciencias, EMIC 2018<\/strong>, a desarrollarse los d\u00edas 3, 4 y 5 de octubre de 2018 en la <a href=\"http:\/\/ingenieria.uchile.cl\/\" target=\"_blank\" rel=\"noopener\">Facultad de Ciencias F\u00edsicas y Matem\u00e1ticas<\/a> de la Universidad de Chile, Santiago, Chile.<\/p>\n<h3><strong>Descripci\u00f3n del EMIC 2018:<\/strong><\/h3>\n<p>El objetivo del encuentro es fortalecer las redes de investigaci\u00f3n a nivel de programas de doctorado en Latinoam\u00e9rica y crear nuevas interacciones cient\u00edficas en tem\u00e1ticas vinculadas con las cultivadas por los programas organizadores, constituyendo una oportunidad para que doctorantes de diferentes universidades latinoamericanas den a conocer el trabajo que realizan.<\/p>\n<p>A modo de ejemplo, son temas de inter\u00e9s para el encuentro: problemas de modelaci\u00f3n matem\u00e1tica en \u00e1reas de ingenier\u00eda tales como energ\u00eda, transporte, salud, <em>data science<\/em>, miner\u00eda, desastres naturales, mercado laboral, redes sociales y, de manera m\u00e1s general, aplicaciones de modelos matem\u00e1ticos, a problemas provenientes de sectores productivos, tecnol\u00f3gicos o sociales.<\/p>\n<h3><strong>Fechas importantes:<\/strong><\/h3>\n<ul>\n<li><strong>EMIC 2018:<\/strong> 3, 4 y 5 de octubre de 2018.<\/li>\n<li><strong>Cierre registro en l\u00ednea:<\/strong> lunes 1 de octubre 14 hs.<\/li>\n<\/ul>\n<p>Consultas a: <a href=\"mailto:emic_2018@dim.uchile.cl\">emic_2018@dim.uchile.cl<\/a><\/p>\n<h3><strong>Comit\u00e9 organizador:<\/strong><\/h3>\n<ul>\n<li>Natacha Astromujoff\u00a0(DIM, U. de Chile)<\/li>\n<li>Joaqu\u00edn Fontbona (DIM, U. de Chile)<\/li>\n<li>Fernanda Melis\u00a0(DII, U. de Chile)<\/li>\n<li>Rodrigo Palma\u00a0(DIE, U. de Chile)<\/li>\n<li>H\u00e9ctor Ram\u00edrez\u00a0(DIM, U. de Chile)<\/li>\n<li>Iv\u00e1n Rapaport, <em>Chair.<\/em> (DIM, U. de Chile)<\/li>\n<li>Matteo Triossi\u00a0(DII, U. de Chile)<\/li>\n<\/ul>\n<p><strong>Financiamiento:<\/strong> Proyecto UCH-1566 \u201cConsolidaci\u00f3n de la Internacionalizaci\u00f3n e Investigaci\u00f3n Interdisciplinaria en el Doctorado en Ciencias de la Ingenier\u00eda Menci\u00f3n Modelaci\u00f3n Matem\u00e1tica y el Doctorado en Sistemas de Ingenier\u00eda\u201d.<\/p>\n<p>&nbsp;<\/p>\n<table style=\"border: none !important\" border=\"0\" width=\"100%\" cellspacing=\"0\" cellpadding=\"0\">\n<tbody>\n<tr style=\"padding: 0;height: 100px;border: none !important\">\n<td style=\"padding: 0 0 0 10px;width: 34%;height: 100px;text-align: center;border: none !important\" bgcolor=\"#fff\" width=\"34%\"><a href=\"http:\/\/www.dim.uchile.cl\/postgrado\/110209\/doctorado\" target=\"_blank\" rel=\"nofollow noopener\"><img loading=\"lazy\" decoding=\"async\" style=\"padding: 0;margin: 0\" src=\"http:\/\/eventos.cmm.uchile.cl\/emic2018\/wp-content\/uploads\/sites\/65\/2018\/08\/emic_org_dcimm_04.png\" alt=\"DCIMM\" width=\"240\" height=\"100\" \/><\/a><\/td>\n<td style=\"padding: 0;width: 33%;height: 100px;text-align: center;border: none !important\" bgcolor=\"#fff\" width=\"33%\"><a href=\"http:\/\/www.cmm.uchile.cl\/\" target=\"_blank\" rel=\"nofollow noopener\"><img loading=\"lazy\" decoding=\"async\" style=\"padding: 0;margin: 0\" src=\"http:\/\/eventos.cmm.uchile.cl\/emic2018\/wp-content\/uploads\/sites\/65\/2018\/08\/emic_org_cmm_01.png\" alt=\"CMM\" width=\"80\" height=\"100\" \/><\/a><\/td>\n<td style=\"padding: 0 10px 0 0;width: 33%;height: 100px;text-align: right;border: none !important\" bgcolor=\"#fff\" width=\"33%\"><a href=\"http:\/\/www.dsiuchile.cl\/\" target=\"_blank\" rel=\"nofollow noopener\"><img loading=\"lazy\" decoding=\"async\" style=\"padding: 0;margin: 0\" src=\"http:\/\/eventos.cmm.uchile.cl\/emic2018\/wp-content\/uploads\/sites\/65\/2018\/08\/emic_org_dsi_04.png\" alt=\"DSI\" width=\"180\" height=\"100\" \/><\/a><\/td>\n<\/tr>\n<\/tbody>\n<\/table>\n","protected":false},"excerpt":{"rendered":"<p>El Doctorado en Modelamiento Matem\u00e1tico y el Doctorado en Sistemas de Ingenier\u00eda de la Facultad de Ciencias F\u00edsicas y Matem\u00e1ticas de la Universidad de Chile convocan al primer Encuentro Latinoamericano de Estudiantes de Doctorado en Modelamiento, Ingenier\u00eda y Ciencias, EMIC 2018, a desarrollarse los d\u00edas 3, 4 y 5 de octubre de 2018 en la &hellip; <a href=\"https:\/\/eventos.cmm.uchile.cl\/emic2018\/\" class=\"more-link\">Seguir leyendo <span class=\"screen-reader-text\">EMIC 2018<\/span> <span class=\"meta-nav\">&rarr;<\/span><\/a><\/p>\n","protected":false},"author":2,"featured_media":0,"parent":0,"menu_order":0,"comment_status":"closed","ping_status":"closed","template":"","meta":{"inline_featured_image":false,"footnotes":""},"class_list":["post-6","page","type-page","status-publish","hentry"],"_links":{"self":[{"href":"https:\/\/eventos.cmm.uchile.cl\/emic2018\/wp-json\/wp\/v2\/pages\/6","targetHints":{"allow":["GET"]}}],"collection":[{"href":"https:\/\/eventos.cmm.uchile.cl\/emic2018\/wp-json\/wp\/v2\/pages"}],"about":[{"href":"https:\/\/eventos.cmm.uchile.cl\/emic2018\/wp-json\/wp\/v2\/types\/page"}],"author":[{"embeddable":true,"href":"https:\/\/eventos.cmm.uchile.cl\/emic2018\/wp-json\/wp\/v2\/users\/2"}],"replies":[{"embeddable":true,"href":"https:\/\/eventos.cmm.uchile.cl\/emic2018\/wp-json\/wp\/v2\/comments?post=6"}],"version-history":[{"count":33,"href":"https:\/\/eventos.cmm.uchile.cl\/emic2018\/wp-json\/wp\/v2\/pages\/6\/revisions"}],"predecessor-version":[{"id":111,"href":"https:\/\/eventos.cmm.uchile.cl\/emic2018\/wp-json\/wp\/v2\/pages\/6\/revisions\/111"}],"wp:attachment":[{"href":"https:\/\/eventos.cmm.uchile.cl\/emic2018\/wp-json\/wp\/v2\/media?parent=6"}],"curies":[{"name":"wp","href":"https:\/\/api.w.org\/{rel}","templated":true}]}}