{"id":66,"date":"2018-08-24T11:08:15","date_gmt":"2018-08-24T14:08:15","guid":{"rendered":"http:\/\/eventos.cmm.uchile.cl\/emic2018\/?page_id=66"},"modified":"2018-10-01T14:45:03","modified_gmt":"2018-10-01T17:45:03","slug":"invitados","status":"publish","type":"page","link":"https:\/\/eventos.cmm.uchile.cl\/emic2018\/invitados\/","title":{"rendered":"Invitados"},"content":{"rendered":"<p>Adem\u00e1s de presentaciones orales y posters de alumnos asistentes, habr\u00e1 conferencias plenarias dictadas por los siguientes acad\u00e9micos y profesionales invitados:<\/p>\n<p>\u00ab15 a\u00f1os de Sports Scheduling en Chile y Argentina\u201d.<br \/>\n<strong>Guillermo Dur\u00e1n.<\/strong><br \/>\nUniversidad de Buenos Aires, Argentina.<br \/>\n<a href=\"http:\/\/mate.dm.uba.ar\/~gduran\/\" target=\"_blank\" rel=\"noopener\">http:\/\/mate.dm.uba.ar\/~gduran\/<\/a><\/p>\n<p>\u00abProblemas de optimizaci\u00f3n en espacios de dimensi\u00f3n infinita y EDPs\u00bb.<br \/>\n<strong>Daniel Hern\u00e1ndez-Hern\u00e1ndez.<\/strong><br \/>\nCIMAT, Guanajuato, M\u00e9xico.<br \/>\n<a href=\"https:\/\/www.cimat.mx\/~dher\/\" target=\"_blank\" rel=\"noopener\">https:\/\/www.cimat.mx\/~dher\/<\/a><\/p>\n<p>\u00abProtein Geometry: Academic and Industrial Problems\u201d.<br \/>\n<strong>Carlile Lavor.<\/strong><br \/>\nUniversidad de Campinas, Brasil.<br \/>\n<a href=\"http:\/\/buscatextual.cnpq.br\/buscatextual\/visualizacv.do?id=K4769074D9\" target=\"_blank\" rel=\"noopener\">https:\/\/www.researchgate.net\/profile\/Carlile_Lavor<\/a><\/p>\n<p>\u00abDin\u00e1mica de la pol\u00edtica ambiental\u00bb.<br \/>\n<strong>Adriana Piazza.<\/strong><br \/>\nUniversidad Adolfo Ib\u00e1\u00f1ez, Chile.<br \/>\n<a href=\"https:\/\/negocios.uai.cl\/profesor\/adriana-piazza\" target=\"_blank\" rel=\"noopener\">https:\/\/negocios.uai.cl\/profesor\/adriana-piazza<\/a><\/p>\n<p>\u00abDurmiendo con el enemigo: Conexiones pol\u00edticas y riesgo empresarial\u201d.<br \/>\n<strong>Christian \u00a0Ruzzier.<\/strong><br \/>\nUniversidad de San Andr\u00e9s, Argentina.<br \/>\n<a href=\"http:\/\/sites.google.com\/site\/christianruzzier\/\" target=\"_blank\" rel=\"noopener\">http:\/\/sites.google.com\/site\/christianruzzier\/<\/a><\/p>\n<p>\u201cAplicaciones de inteligencia artificial en el mayor conjunto de ex\u00e1menes de laboratorio del mundo para la predicci\u00f3n de enfermedades\u00bb.<br \/>\n<strong>Fernando \u00a0Schwartz.<\/strong><br \/>\nChief Data Scientist, Prognos AI, NY, USA.<br \/>\n<a href=\"http:\/\/www.prognos.ai\/people\/fernando-schwartz\" target=\"_blank\" rel=\"noopener\">http:\/\/www.prognos.ai\/people\/fernando-schwartz<\/a><\/p>\n<p>\u201cModelos de programaci\u00f3n entera para el enrutamiento mixto de veh\u00edculos y encuestadores en el Instituto Nacional de Estad\u00edsticas y Censos del Ecuador\u201d.<br \/>\n<strong>Luis Miguel Torres.<\/strong><br \/>\nEscuela Polit\u00e9cnica Nacional, Quito, Ecuador.<br \/>\n<a href=\"http:\/\/www.math.epn.edu.ec\/~ltorres\/\" target=\"_blank\" rel=\"noopener\">http:\/\/www.math.epn.edu.ec\/~ltorres\/<\/a><\/p>\n<p>\u201cCoordinaci\u00f3n de recursos de energ\u00eda distribuidos para brindar soporte de tensi\u00f3n a redes el\u00e9ctricas de transmisi\u00f3n\u201d.<br \/>\n<strong>Gustavo Valverde.<\/strong><br \/>\nETH Z\u00fcrich, Suiza.<\/p>\n","protected":false},"excerpt":{"rendered":"<p>Adem\u00e1s de presentaciones orales y posters de alumnos asistentes, habr\u00e1 conferencias plenarias dictadas por los siguientes acad\u00e9micos y profesionales invitados: \u00ab15 a\u00f1os de Sports Scheduling en Chile y Argentina\u201d. Guillermo Dur\u00e1n. Universidad de Buenos Aires, Argentina. http:\/\/mate.dm.uba.ar\/~gduran\/ \u00abProblemas de optimizaci\u00f3n en espacios de dimensi\u00f3n infinita y EDPs\u00bb. Daniel Hern\u00e1ndez-Hern\u00e1ndez. CIMAT, Guanajuato, M\u00e9xico. https:\/\/www.cimat.mx\/~dher\/ \u00abProtein Geometry: &hellip; <a href=\"https:\/\/eventos.cmm.uchile.cl\/emic2018\/invitados\/\" class=\"more-link\">Seguir leyendo <span class=\"screen-reader-text\">Invitados<\/span> <span class=\"meta-nav\">&rarr;<\/span><\/a><\/p>\n","protected":false},"author":2,"featured_media":0,"parent":0,"menu_order":1,"comment_status":"closed","ping_status":"closed","template":"","meta":{"inline_featured_image":false,"footnotes":""},"class_list":["post-66","page","type-page","status-publish","hentry"],"_links":{"self":[{"href":"https:\/\/eventos.cmm.uchile.cl\/emic2018\/wp-json\/wp\/v2\/pages\/66","targetHints":{"allow":["GET"]}}],"collection":[{"href":"https:\/\/eventos.cmm.uchile.cl\/emic2018\/wp-json\/wp\/v2\/pages"}],"about":[{"href":"https:\/\/eventos.cmm.uchile.cl\/emic2018\/wp-json\/wp\/v2\/types\/page"}],"author":[{"embeddable":true,"href":"https:\/\/eventos.cmm.uchile.cl\/emic2018\/wp-json\/wp\/v2\/users\/2"}],"replies":[{"embeddable":true,"href":"https:\/\/eventos.cmm.uchile.cl\/emic2018\/wp-json\/wp\/v2\/comments?post=66"}],"version-history":[{"count":15,"href":"https:\/\/eventos.cmm.uchile.cl\/emic2018\/wp-json\/wp\/v2\/pages\/66\/revisions"}],"predecessor-version":[{"id":120,"href":"https:\/\/eventos.cmm.uchile.cl\/emic2018\/wp-json\/wp\/v2\/pages\/66\/revisions\/120"}],"wp:attachment":[{"href":"https:\/\/eventos.cmm.uchile.cl\/emic2018\/wp-json\/wp\/v2\/media?parent=66"}],"curies":[{"name":"wp","href":"https:\/\/api.w.org\/{rel}","templated":true}]}}