{"id":20,"date":"2018-08-01T10:58:45","date_gmt":"2018-08-01T14:58:45","guid":{"rendered":"http:\/\/eventos.cmm.uchile.cl\/emic2023\/?page_id=20"},"modified":"2023-05-30T15:21:55","modified_gmt":"2023-05-30T19:21:55","slug":"programa","status":"publish","type":"page","link":"https:\/\/eventos.cmm.uchile.cl\/emic2023\/programa\/","title":{"rendered":"Programa"},"content":{"rendered":"<div class=\"su-button-center\"><a href=\"https:\/\/eventos.cmm.uchile.cl\/emic2023\/wp-content\/uploads\/sites\/152\/2023\/05\/emic2023_programa_03.pdf\" class=\"su-button su-button-style-flat\" style=\"color:#FFFFFF;background-color:#b33;border-color:#962929;border-radius:9px\" target=\"_blank\" rel=\"noopener noreferrer\"><span style=\"color:#FFFFFF;padding:8px 24px;font-size:18px;line-height:27px;border-color:#d07171;border-radius:9px;text-shadow:none\"><i class=\"sui sui-file-pdf-o\" style=\"font-size:18px;color:#FFFFFF\"><\/i> Descargar programa (PDF)<\/span><\/a><\/div>\n<p>&nbsp;<\/p>\n<h2 style=\"font-weight: 400;\"><strong>Lunes 29 de mayo<\/strong><\/h2>\n<p>09:00 \u2013 09:30 Inscripci\u00f3n: Auditorio D\u2019Etigny Beauchef 851<\/p>\n<p>Auditorio Enrique d\u2019Etigny, Beauchef 851<\/p>\n<p>09:30 \u2013 09:45 Inscripci\u00f3n.<\/p>\n<p>09:30 \u2013 09:45 Bienvenida Director del departamento, Claudio Mu\u00f1oz.<\/p>\n<div class=\"su-divider su-divider-style-default\" style=\"margin:15px 0;border-width:3px;border-color:#EC332E\"><\/div>\n<p><strong>Chair: Rayssa Caju<\/strong><\/p>\n<p>Auditorio Enrique d\u2019Etigny, Beauchef 851<\/p>\n<p><strong>09:45 \u2013 10:30 Julio Rossi, Universidad de Buenos Aires, Facultad de Ciencias Exactas y Naturales, Buenos Aires, Argentina.<\/strong><\/p>\n<p>\u2018<em>Convexidad desde un punto de vista de ecuaciones diferenciales<\/em>\u2019<\/p>\n<p>Resumen: en esta charla vamos a introducir diversas nociones de convexidad que interpolan entre convexidad cl\u00e1sica y quasiconvexidad. Estas nociones tambi\u00e9n tienen un an\u00e1logo fraccionario. Para estos tipos de convexidad caracterizamos la envolvente convexa dentro de un dominio de un dato de borde en terminos de ser soluci\u00f3n de una ecuaci\u00f3n diferencial.<\/p>\n<p>10:30 \u2013 11:00 Caf\u00e9 (Cafeter\u00eda del Auditorio Enrique d\u2019Etigny)<\/p>\n<p>11:00 \u2013 11:25 Jos\u00e9 Beltr\u00e1n, doctorando Universidad de Iowa (Dpt. Ciencias Matem\u00e1ticas), <em>\u2018Global Lipschitz Continuous Solutions for a p-system with linear damping\u2019<\/em><\/p>\n<p>11:25 \u2013 12:10 <strong>Gabrielle Nornberg, Universidad de Chile, Facultad de Ciencias F\u00edsicas y Matem\u00e1ticas.<\/strong><\/p>\n<p>\u2018Soluciones radiales para sistemas de Lane-Emden en anillos\u2019<\/p>\n<p>Resumen: En esta charla conversamos sobre algunos resultados recientes sobre la existencia de soluciones radiales positivas definidas en anillos para sistemas de tipo Lane-Emden involucrados por operadores extremales de Pucci.<\/p>\n<p>12:10 \u2013 14:00 ALMUERZO<\/p>\n<p>(Estudiantes con presentaci\u00f3n o p\u00f3sters: (Cafeter\u00eda del Auditorio Enrique d\u2019Etigny)<\/p>\n<div class=\"su-divider su-divider-style-default\" style=\"margin:15px 0;border-width:3px;border-color:#EC332E\"><a href=\"#\" style=\"color:#999999\">\u2303 Ir arriba<\/a><\/div>\n<p><strong>Chair: Sebasti\u00e1n Donoso<\/strong><\/p>\n<p>Auditorio Enrique d\u2019Etigny, Beauchef 851<\/p>\n<p>14:00 &#8211; 14:25 Diana Gutierrez, Pontificia Universidad Javeriana, Colombia, Bogot\u00e1. <em>\u2018Submodularity and combinatorial representations for the multicommodity network design problema.\u2019<\/em><\/p>\n<p>14:25 &#8211; 14:50 Jhoan Duque Pontificia Universidad Javeriana, Colombia, Cali. <em>\u2018Dise\u00f1o de una Mate-heur\u00edstica para resolver el Flexible Job Shop Scheduling Problem con Sequence-Dependent Setup Times.\u2019<\/em><\/p>\n<p>14:50 &#8211; 15:15 Mar\u00eda Guti\u00e9rrez Padilla, Pontificia Universidad Javeriana, Colombia, Cali. <em>\u2018Una Nueva Medida de Robustez Basada en la Entrop\u00eda para la Soluci\u00f3n del Problema de Programaci\u00f3n de Actividades con Recursos Restringidos y Duraciones Estoc\u00e1sticas.<\/em>\u2019<\/p>\n<div class=\"su-divider su-divider-style-default\" style=\"margin:15px 0;border-width:3px;border-color:#EC332E\"><a href=\"#\" style=\"color:#999999\">\u2303 Ir arriba<\/a><\/div>\n<p><strong>Chair: Marcos Kiwi<\/strong><\/p>\n<p>Auditorio Enrique d\u2019Etigny, Beauchef 851<\/p>\n<p><strong>15:15 &#8211; 16:00 Cristina Fernandes, Universidade S\u00e3o Paulo, San Pablo, Brasil.<\/strong><\/p>\n<p>\u2018Approximation algorithms for clustering problems\u2019<\/p>\n<p>Abstract:<br \/>\nClustering problems play a central role in the area of approximation algorithms. In this talk, we will review the main techniques used to approach these problems and give a brief survey on the best results known for them.<\/p>\n<div class=\"su-divider su-divider-style-default\" style=\"margin:15px 0;border-width:3px;border-color:#EC332E\"><a href=\"#\" style=\"color:#999999\">\u2303 Ir arriba<\/a><\/div>\n<p><strong>16:00 \u2013 17:30 C\u00f3ctel y Posters <\/strong><\/p>\n<p><strong>(Cafeter\u00eda del Auditorio Enrique d\u2019Etigny)<\/strong><\/p>\n<p><strong>P\u00f3sters:<\/strong><\/p>\n<ul>\n<li>Manuel Hern\u00e1ndez, Universidad Aut\u00f3noma de M\u00e9xico: <em>\u2018Modelaci\u00f3n de circuitos gen\u00e9ticos estoc\u00e1sticos a partir de ecuaciones diferenciales con una funci\u00f3n de Hill estoc\u00e1stica.\u2019<\/em><\/li>\n<li>Daisy Puin, Universidad de la Sabana: <em>\u2018A data-driven approach to classify critical Medicine inventories: Colombian Clinical Case\u2019<\/em><\/li>\n<li>Carlos Ferreira-Vanegas, Universidad del Norte (Dpt. Ing. Industrial): <em>\u2018Maximizing ambulance coverage for road crash responses: A comparative study\u2019<\/em><\/li>\n<li>Yamit Yalanda, DIM, U. de Chile: <em>\u2018M\u00e1ximo restringido de puentes brownianos no intersectantes.\u2019<\/em><\/li>\n<li>Hugo Maturana, DIM, U. de Chile: <em>\u2018Condiciones necesarias para teselar grupos promediables finitamente generados\u2019<\/em><\/li>\n<\/ul>\n<div class=\"su-divider su-divider-style-default\" style=\"margin:15px 0;border-width:5px;border-color:#EC332E\"><a href=\"#\" style=\"color:#999999\">\u2303 Ir arriba<\/a><\/div>\n<h2><strong>Martes 30 de mayo<\/strong><\/h2>\n<p>Auditorio Enrique d\u2019Etigny, Beauchef 851<\/p>\n<p><strong>Chair: Jos\u00e9 Soto<\/strong><\/p>\n<p><strong>09:00 \u2013 09:45 David Salas, Universidad de O&#8217;Higgins, Rancagua, Chile.<\/strong><\/p>\n<p><a href=\"https:\/\/eventos.cmm.uchile.cl\/emic2023\/wp-content\/uploads\/sites\/152\/2023\/05\/abstract_EMIC.pdf\" target=\"_blank\" rel=\"noopener\">Resumen<\/a><\/p>\n<p>09:45 \u2013 10:15 Caf\u00e9<\/p>\n<p>10:15 \u2013 10:40 Jaime Andr\u00e9s G\u00f3mez, Pontificia Universidad Cat\u00f3lica de Chile: <em>\u2018Medidas invariantes para subshifts de Toeplitz sobre grupos no promediables\u2019<\/em><\/p>\n<p>10:40 \u2013 11:05 Paula Castro, Escuela Polit\u00e9cnica Nacional, Ecuador <em>\u2018Analysis of 4d-variational Data Assimilation Problems in Low Regularity Spaces\u2019<\/em><\/p>\n<p>11:05 \u2013 11:30 Cristi\u00e1n Sarmiento, Universidad Nacional de Colombia. <em>\u2018Sobre grupoides transitivos y la cohomolog\u00eda de Bredon de G-CW complejos\u2019<\/em><\/p>\n<p><img loading=\"lazy\" decoding=\"async\" class=\"aligncenter size-full wp-image-196\" src=\"https:\/\/eventos.cmm.uchile.cl\/emic2023\/wp-content\/uploads\/sites\/152\/2023\/05\/emic2023_mujeres_stem_charla_01.png\" alt=\"Charla Mujeres en STEM\" width=\"604\" height=\"210\" srcset=\"https:\/\/eventos.cmm.uchile.cl\/emic2023\/wp-content\/uploads\/sites\/152\/2023\/05\/emic2023_mujeres_stem_charla_01.png 604w, https:\/\/eventos.cmm.uchile.cl\/emic2023\/wp-content\/uploads\/sites\/152\/2023\/05\/emic2023_mujeres_stem_charla_01-300x104.png 300w\" sizes=\"auto, (max-width: 604px) 100vw, 604px\" \/><\/p>\n<p>11:30-12:15. <strong>Mar\u00eda Isabel Cortez, Pontificia Universidad Cat\u00f3lica de Chile.<\/strong><\/p>\n<p>\u2018Desde el activismo, la investigaci\u00f3n y la gesti\u00f3n: Perspectiva de g\u00e9nero en STEM\u2019<\/p>\n<p>12:15 \u2013 14:00 ALMUERZO<\/p>\n<p>Estudiantes con presentaci\u00f3n o p\u00f3sters: Cafeter\u00eda del Auditorio Enrique d\u2019Etigny.<\/p>\n<div class=\"su-divider su-divider-style-default\" style=\"margin:15px 0;border-width:3px;border-color:#EC332E\"><a href=\"#\" style=\"color:#999999\">\u2303 Ir arriba<\/a><\/div>\n<p><strong>Chair: Hanne Van Den Bosch<\/strong><\/p>\n<p><img loading=\"lazy\" decoding=\"async\" class=\"aligncenter size-full wp-image-197\" src=\"https:\/\/eventos.cmm.uchile.cl\/emic2023\/wp-content\/uploads\/sites\/152\/2023\/05\/emic2023_mujeres_stem_panel_01.png\" alt=\"Panel Mujeres en STEM\" width=\"604\" height=\"183\" srcset=\"https:\/\/eventos.cmm.uchile.cl\/emic2023\/wp-content\/uploads\/sites\/152\/2023\/05\/emic2023_mujeres_stem_panel_01.png 604w, https:\/\/eventos.cmm.uchile.cl\/emic2023\/wp-content\/uploads\/sites\/152\/2023\/05\/emic2023_mujeres_stem_panel_01-300x91.png 300w\" sizes=\"auto, (max-width: 604px) 100vw, 604px\" \/><\/p>\n<p>Sala z\u00f3calo del Hall Sur. Beauchef 850.<\/p>\n<p>14:00 \u2013 16:00 Panel Mujeres en STEM<\/p>\n<p>16:00 \u2013 16:30: Caf\u00e9, Cafeter\u00eda del Auditorio Enrique d\u2019Etigny.<\/p>\n<p>16:30 &#8211; 17:30 \u00a0Sat\u00e9lite: Coloquio del Departamento de Ingenier\u00eda Matem\u00e1tica:<\/p>\n<p><strong>Rafael Benguria<\/strong>, Instituto de F\u00edsica de la Pontificia Universidad Cat\u00f3lica de Chile.<\/p>\n<p>Desigualdades isoperim\u00e9tricas y sus aplicaciones a problemas de autovalores en f\u00edsica.<\/p>\n<div class=\"su-divider su-divider-style-default\" style=\"margin:15px 0;border-width:5px;border-color:#EC332E\"><a href=\"#\" style=\"color:#999999\">\u2303 Ir arriba<\/a><\/div>\n<h2><strong>Mi\u00e9rcoles 31 de mayo<\/strong><\/h2>\n<p><strong>Chair: Marcos Kiwi<\/strong><\/p>\n<p>Auditorio Enrique d\u2019Etigny.<\/p>\n<p><strong>09:00 \u2013 09:45 Jos\u00e9 Verschae, Pontificia Universidad Cat\u00f3lica de Chile.<\/strong><\/p>\n<p><em>\u2018Generating Symmetry Breaking Inequalities for Optimization Problems.\u2019<\/em><\/p>\n<p>Abstract: When solving integer linear programs (ILPs), it is common to face problems subject to symmetries. Usual IP techniques struggle with highly symmetric instances if they are not addressed appropriately. Breaking symmetries is arguably the most straightforward way of speeding up such methods for symmetric ILPs. However, there might be several non-equivalent ways of breaking symmetries, so it is relevant to understand the geometric properties of different constructions and their algorithmic implications.<\/p>\n<p>In this talk, I will introduce the subject and give the necessary mathematical background. Then I will show how the theory of vector orderings relates to symmetry breaking techniques and how this connection conceptually simplifies the constructions found in the literature. We will be able to characterize all constructions of minimal symmetry breaking sets (that is, fundamental domains) that arise from vector orderings. Finally, we will apply this theory to abelian groups and show that there is only a finite number of fundamental domains of this type arising for these groups. We will finish with several conjectures and open questions.<\/p>\n<p>This is joint work with Matias Villagra, Leonard von Niederh\u00e4usern and Alexander Kozachinskyi.<\/p>\n<p>09:45 \u2013 10:15 Caf\u00e9, Caf\u00e9 del auditorio D&#8217;Etigny.<\/p>\n<p>10:15 \u2013 10:40 Claudia Soto, Egresada del Doctorado en Modelaci\u00f3n Matem\u00e1tica, DIM, <em>\u2018Inner Moreau envelope of non-smooth conic chance constrained optimization problems\u2019<\/em><\/p>\n<p>10:40 \u2013 11:05 Carlos Salazar, Universidad Pontificia Bolivariana. <em>\u2018El efecto de las Capacidades Tecnol\u00f3gicas de Innovaci\u00f3n en las estructuras de red de I+D en un contexto de competici\u00f3n.\u2019<\/em><\/p>\n<p>11:05 \u2013 11:30 John G\u00f3mez, Universidad T\u00e9cnica Federico Santa Maria, <em>\u2018Correlation integral for stationary Gaussian time series\u2019<\/em><\/p>\n<div class=\"su-divider su-divider-style-default\" style=\"margin:15px 0;border-width:3px;border-color:#EC332E\"><a href=\"#\" style=\"color:#999999\">\u2303 Ir arriba<\/a><\/div>\n<p><strong>Chair: Joaquin Fontbona<\/strong><\/p>\n<p><strong>11:30 \u2013 12:15 Clara Fittipaldi, Facultad de Ciencias, Universidad Nacional Aut\u00f3noma de M\u00e9xico, Ciudad de M\u00e9xico, M\u00e9xico.<\/strong><\/p>\n<p>\u2018Comportamiento a largo plazo de un modelo epidemiol\u00f3gico estoc\u00e1stico.\u2019<\/p>\n<p>Resumen: En esta charla consideraremos un modelo epidemiol\u00f3gico unidimensional generalizado caracterizado por una ecuaci\u00f3n diferencial estoc\u00e1stica. Usando t\u00e9cnicas de cambio de variable, discutiremos condiciones sobre los par\u00e1metros para estudiar el comportamiento a largo plazo de la poblaci\u00f3n, en particular conocer en qu\u00e9 caso podemos asegurar extinci\u00f3n, persistencia, existencia de una distribuci\u00f3n estacionaria, etc. Trabajo conjunto con Alejandra Christen (UV) y Diego Rial (UBA).<\/p>\n<p>12:20 \u2013 14:00 ALMUERZO<\/p>\n<p>Estudiantes con presentaci\u00f3n o p\u00f3sters: Cafeter\u00eda del Auditorio Enrique d\u2019Etigny<\/p>\n<div class=\"su-divider su-divider-style-default\" style=\"margin:15px 0;border-width:3px;border-color:#EC332E\"><a href=\"#\" style=\"color:#999999\">\u2303 Ir arriba<\/a><\/div>\n<p>14:00-14:25 Daniel Lasluisa, DIM, <em>\u2018Multidimensional analysis for the techno-economic study of the CSP plant\u2019<\/em><\/p>\n<p>14:25-14:50 Diana Narv\u00e1ez, Egresada del Doctorado en Modelaci\u00f3n Matem\u00e1tica, <em>\u2018Perturbed Degenerate State-dependent sweeping processes with convex and non-convex sets\u2019<\/em><\/p>\n<p>14:50-15:15 Juan Jos\u00e9 Maul\u00e9n, DIM. <em>\u2018Inertial Krasnoselskii-Mann iterations\u2019<\/em><\/p>\n<p>15:15-15:40 Pablo Mu\u00f1oz, Universidad T\u00e9cnica Federico Santa Maria. <em>\u2018An\u00e1lisis de bifurcaciones en un modelo din\u00e1mico de redes neuronales biol\u00f3gicas excitatorias\u2013inhibitorias bajo sinapsis electroqu\u00edmica.\u2019<\/em><\/p>\n<p>15:40-16:10 caf\u00e9, Cafeter\u00eda del Auditorio Enrique d\u2019Etigny.<\/p>\n<p><strong>16:10 \u2013 16:55 Adriana Piazza, Universidad de Chile, Facultad de Econom\u00eda y Negocios.<\/strong><\/p>\n<p><em>\u2018Optimizaci\u00f3n en Econom\u00eda Forestal\u2019<\/em><\/p>\n<p>Resumen: Hemos explotado los bosques durante siglos. Sin embargo, las primeras formulaciones considerando modelos vectoriales que permiten un enfoque anal\u00edtico del problema del manejo \u00f3ptimo de los bosques surge reci\u00e9n en la d\u00e9cada de 1980.<\/p>\n<p>En esta charla mostrar\u00e9 los principales resultados te\u00f3ricos que se han desarrollado hasta la fecha, intentar\u00e9 ilustrar las dificultades t\u00e9cnicas que se presentan, y mostrar los problemas que a\u00fan permanecen abiertos.<\/p>\n<p>16:55 \u2013 17:05 Cierre.<\/p>\n<p>En construcci\u00f3n.<\/p>\n<div class=\"su-divider su-divider-style-default\" style=\"margin:15px 0;border-width:5px;border-color:#EC332E\"><a href=\"#\" style=\"color:#999999\">\u2303 Ir arriba<\/a><\/div>\n","protected":false},"excerpt":{"rendered":"<p>&nbsp; Lunes 29 de mayo 09:00 \u2013 09:30 Inscripci\u00f3n: Auditorio D\u2019Etigny Beauchef 851 Auditorio Enrique d\u2019Etigny, Beauchef 851 09:30 \u2013 09:45 Inscripci\u00f3n. 09:30 \u2013 09:45 Bienvenida Director del departamento, Claudio Mu\u00f1oz. Chair: Rayssa Caju Auditorio Enrique d\u2019Etigny, Beauchef 851 09:45 \u2013 10:30 Julio Rossi, Universidad de Buenos Aires, Facultad de Ciencias Exactas y Naturales, Buenos &hellip; <a href=\"https:\/\/eventos.cmm.uchile.cl\/emic2023\/programa\/\" class=\"more-link\">Seguir leyendo <span class=\"screen-reader-text\">Programa<\/span> <span class=\"meta-nav\">&rarr;<\/span><\/a><\/p>\n","protected":false},"author":2,"featured_media":0,"parent":0,"menu_order":2,"comment_status":"closed","ping_status":"closed","template":"","meta":{"inline_featured_image":false,"footnotes":""},"class_list":["post-20","page","type-page","status-publish","hentry"],"_links":{"self":[{"href":"https:\/\/eventos.cmm.uchile.cl\/emic2023\/wp-json\/wp\/v2\/pages\/20","targetHints":{"allow":["GET"]}}],"collection":[{"href":"https:\/\/eventos.cmm.uchile.cl\/emic2023\/wp-json\/wp\/v2\/pages"}],"about":[{"href":"https:\/\/eventos.cmm.uchile.cl\/emic2023\/wp-json\/wp\/v2\/types\/page"}],"author":[{"embeddable":true,"href":"https:\/\/eventos.cmm.uchile.cl\/emic2023\/wp-json\/wp\/v2\/users\/2"}],"replies":[{"embeddable":true,"href":"https:\/\/eventos.cmm.uchile.cl\/emic2023\/wp-json\/wp\/v2\/comments?post=20"}],"version-history":[{"count":52,"href":"https:\/\/eventos.cmm.uchile.cl\/emic2023\/wp-json\/wp\/v2\/pages\/20\/revisions"}],"predecessor-version":[{"id":200,"href":"https:\/\/eventos.cmm.uchile.cl\/emic2023\/wp-json\/wp\/v2\/pages\/20\/revisions\/200"}],"wp:attachment":[{"href":"https:\/\/eventos.cmm.uchile.cl\/emic2023\/wp-json\/wp\/v2\/media?parent=20"}],"curies":[{"name":"wp","href":"https:\/\/api.w.org\/{rel}","templated":true}]}}