{"id":66,"date":"2018-08-24T11:08:15","date_gmt":"2018-08-24T14:08:15","guid":{"rendered":"http:\/\/eventos.cmm.uchile.cl\/emic2023\/?page_id=66"},"modified":"2023-05-22T10:51:20","modified_gmt":"2023-05-22T14:51:20","slug":"invitados","status":"publish","type":"page","link":"https:\/\/eventos.cmm.uchile.cl\/emic2023\/invitados\/","title":{"rendered":"Invitados"},"content":{"rendered":"<p>Adem\u00e1s de presentaciones orales y posters de alumnos asistentes, habr\u00e1 conferencias plenarias dictadas por los siguientes acad\u00e9micos y profesionales invitados:<\/p>\n<p>Invitadas e invitados:<\/p>\n<ul>\n<li>Mar\u00eda Isabel Cortez<br \/>\n<a href=\"https:\/\/www.mat.uc.cl\/personas\/perfil\/maria.cortez\">P\u00e1gina personal<\/a><\/li>\n<li>Cristina Fernandes<br \/>\n<a href=\"https:\/\/www.ime.usp.br\/~cris\/\">P\u00e1gina personal<\/a><\/li>\n<li>Clara Fittipaldi<br \/>\n<a href=\"https:\/\/www.fciencias.unam.mx\/directorio\/92873\">P\u00e1gina personal<\/a><\/li>\n<li>Gabrielle Nornberg<br \/>\n<a href=\"https:\/\/sites.google.com\/view\/gabrielle-nornberg\/home\">P\u00e1gina personal<\/a><\/li>\n<li>Adriana Piazza<br \/>\n<a href=\"https:\/\/econ.uchile.cl\/es\/academico\/apiazza\">P\u00e1gina personal<\/a><\/li>\n<li>Julio Rossi<br \/>\n<a href=\"http:\/\/mate.dm.uba.ar\/~jrossi\/\">P\u00e1gina personal<\/a><\/li>\n<li>David Salas<br \/>\n<a href=\"https:\/\/www.uoh.cl\/investigacion\/academico\/david-salas-videla\/\">P\u00e1gina personal<\/a><\/li>\n<li>Jos\u00e9 Verschae<br \/>\n<a href=\"https:\/\/sites.google.com\/site\/jverschae\/home\">P\u00e1gina personal<\/a><\/li>\n<\/ul>\n<p>&nbsp;<\/p>\n<p>&nbsp;<\/p>\n<p>&nbsp;<\/p>\n","protected":false},"excerpt":{"rendered":"<p>Adem\u00e1s de presentaciones orales y posters de alumnos asistentes, habr\u00e1 conferencias plenarias dictadas por los siguientes acad\u00e9micos y profesionales invitados: Invitadas e invitados: Mar\u00eda Isabel Cortez P\u00e1gina personal Cristina Fernandes P\u00e1gina personal Clara Fittipaldi P\u00e1gina personal Gabrielle Nornberg P\u00e1gina personal Adriana Piazza P\u00e1gina personal Julio Rossi P\u00e1gina personal David Salas P\u00e1gina personal Jos\u00e9 Verschae P\u00e1gina &hellip; <a href=\"https:\/\/eventos.cmm.uchile.cl\/emic2023\/invitados\/\" class=\"more-link\">Seguir leyendo <span class=\"screen-reader-text\">Invitados<\/span> <span class=\"meta-nav\">&rarr;<\/span><\/a><\/p>\n","protected":false},"author":2,"featured_media":0,"parent":0,"menu_order":1,"comment_status":"closed","ping_status":"closed","template":"","meta":{"inline_featured_image":false,"footnotes":""},"class_list":["post-66","page","type-page","status-publish","hentry"],"_links":{"self":[{"href":"https:\/\/eventos.cmm.uchile.cl\/emic2023\/wp-json\/wp\/v2\/pages\/66","targetHints":{"allow":["GET"]}}],"collection":[{"href":"https:\/\/eventos.cmm.uchile.cl\/emic2023\/wp-json\/wp\/v2\/pages"}],"about":[{"href":"https:\/\/eventos.cmm.uchile.cl\/emic2023\/wp-json\/wp\/v2\/types\/page"}],"author":[{"embeddable":true,"href":"https:\/\/eventos.cmm.uchile.cl\/emic2023\/wp-json\/wp\/v2\/users\/2"}],"replies":[{"embeddable":true,"href":"https:\/\/eventos.cmm.uchile.cl\/emic2023\/wp-json\/wp\/v2\/comments?post=66"}],"version-history":[{"count":20,"href":"https:\/\/eventos.cmm.uchile.cl\/emic2023\/wp-json\/wp\/v2\/pages\/66\/revisions"}],"predecessor-version":[{"id":173,"href":"https:\/\/eventos.cmm.uchile.cl\/emic2023\/wp-json\/wp\/v2\/pages\/66\/revisions\/173"}],"wp:attachment":[{"href":"https:\/\/eventos.cmm.uchile.cl\/emic2023\/wp-json\/wp\/v2\/media?parent=66"}],"curies":[{"name":"wp","href":"https:\/\/api.w.org\/{rel}","templated":true}]}}