{"id":115,"date":"2017-07-10T10:46:32","date_gmt":"2017-07-10T14:46:32","guid":{"rendered":"http:\/\/eventos.cmm.uchile.cl\/enim2017\/?page_id=115"},"modified":"2017-10-11T15:34:19","modified_gmt":"2017-10-11T18:34:19","slug":"cursos","status":"publish","type":"page","link":"https:\/\/eventos.cmm.uchile.cl\/enim2017\/cursos\/","title":{"rendered":"Cursos"},"content":{"rendered":"<p style=\"text-align: justify\">Los cursos que se llevar\u00e1n a cabo en el ENIM 2017 tendr\u00e1n clases expositivas, en las que se abordar\u00e1 el tema del curso de manera te\u00f3rica y una sesi\u00f3n de laboratorio (salvo el curso indicado m\u00e1s adelante), en la que se trabajar\u00e1 con software pre-programado con el fin de realizar una experiencia num\u00e9rica para el problema del curso.<\/p>\n<p style=\"text-align: justify\">Los cursos se llevar\u00e1n a cabo en paralelo y, por lo tanto, deber\u00e1s elegir en cu\u00e1l quieres participar. Los cupos\u00a0<strong>son limitados<\/strong> para cada curso y se seleccionar\u00e1 por orden de inscripci\u00f3n. De todos formas,\u00a0<strong>toda persona que est\u00e9 inscrita tendr\u00e1 un cupo en alg\u00fan curso.<\/strong><\/p>\n<p>En esta oportunidad los cursos ser\u00e1n cuatro y se detallan a continuaci\u00f3n.<\/p>\n<h4><strong>Din\u00e1mica Compleja y Fractales<\/strong><\/h4>\n<table style=\"border-style: none !important\" width=\"400\">\n<tbody>\n<tr>\n<td style=\"border-left-style: none;border-right-style: none;color: white\"><img loading=\"lazy\" decoding=\"async\" class=\"aligncenter wp-image-210 size-thumbnail\" src=\"http:\/\/eventos.cmm.uchile.cl\/enim2017\/wp-content\/uploads\/sites\/45\/2017\/07\/coronel500x500-150x150.jpg\" alt=\"\" width=\"150\" height=\"150\" srcset=\"https:\/\/eventos.cmm.uchile.cl\/enim2017\/wp-content\/uploads\/sites\/45\/2017\/07\/coronel500x500-150x150.jpg 150w, https:\/\/eventos.cmm.uchile.cl\/enim2017\/wp-content\/uploads\/sites\/45\/2017\/07\/coronel500x500-300x300.jpg 300w, https:\/\/eventos.cmm.uchile.cl\/enim2017\/wp-content\/uploads\/sites\/45\/2017\/07\/coronel500x500.jpg 500w\" sizes=\"auto, (max-width: 150px) 100vw, 150px\" \/><\/td>\n<\/tr>\n<tr>\n<td style=\"border-left-style: none;border-right-style: none;text-align: justify\"><strong>Profesor:<\/strong> Daniel Coronel Soto.<\/p>\n<p>En este curso trataremos nociones b\u00e1sicas de din\u00e1mica compleja. Conjunto de Julia, conjunto de Fatou, conjunto de Mandelbrot y propiedades din\u00e1micas de dichos conjuntos. Calculabilidad y representaci\u00f3n gr\u00e1fica.<\/p>\n<p><strong>Conocimientos previos deseables:\u00a0<\/strong>Matlab, nociones de an\u00e1lisis y variable compleja.<\/td>\n<\/tr>\n<\/tbody>\n<\/table>\n<h4><strong>Problema Inverso aplicado a Tomograf\u00eda M\u00e9dica<\/strong><\/h4>\n<table style=\"border-style: none !important\" width=\"400\">\n<tbody>\n<tr>\n<td style=\"border-left-style: none;border-right-style: none;color: white\">\u00a0 \u00a0 \u00a0 \u00a0 \u00a0 \u00a0 \u00a0 \u00a0 \u00a0 \u00a0 \u00a0 \u00a0 \u00a0 \u00a0 \u00a0 \u00a0 \u00a0 \u00a0 \u00a0 \u00a0 \u00a0 \u00a0 \u00a0 \u00a0 \u00a0 \u00a0 \u00a0\u00a0<img loading=\"lazy\" decoding=\"async\" class=\"wp-image-196 size-thumbnail alignnone\" src=\"http:\/\/eventos.cmm.uchile.cl\/enim2017\/wp-content\/uploads\/sites\/45\/2017\/07\/axel500x500-150x150.jpg\" alt=\"\" width=\"150\" height=\"150\" srcset=\"https:\/\/eventos.cmm.uchile.cl\/enim2017\/wp-content\/uploads\/sites\/45\/2017\/07\/axel500x500-150x150.jpg 150w, https:\/\/eventos.cmm.uchile.cl\/enim2017\/wp-content\/uploads\/sites\/45\/2017\/07\/axel500x500-300x300.jpg 300w, https:\/\/eventos.cmm.uchile.cl\/enim2017\/wp-content\/uploads\/sites\/45\/2017\/07\/axel500x500.jpg 500w\" sizes=\"auto, (max-width: 150px) 100vw, 150px\" \/>\u00a0<img loading=\"lazy\" decoding=\"async\" class=\"alignnone wp-image-249 size-thumbnail\" src=\"http:\/\/eventos.cmm.uchile.cl\/enim2017\/wp-content\/uploads\/sites\/45\/2017\/07\/courdurier500x500-150x150.jpg\" alt=\"\" width=\"150\" height=\"150\" srcset=\"https:\/\/eventos.cmm.uchile.cl\/enim2017\/wp-content\/uploads\/sites\/45\/2017\/07\/courdurier500x500-150x150.jpg 150w, https:\/\/eventos.cmm.uchile.cl\/enim2017\/wp-content\/uploads\/sites\/45\/2017\/07\/courdurier500x500-300x300.jpg 300w, https:\/\/eventos.cmm.uchile.cl\/enim2017\/wp-content\/uploads\/sites\/45\/2017\/07\/courdurier500x500.jpg 500w\" sizes=\"auto, (max-width: 150px) 100vw, 150px\" \/><\/td>\n<\/tr>\n<tr>\n<td style=\"border-left-style: none;border-right-style: none;text-align: justify\"><strong>Profesores:\u00a0<\/strong>Axel Osses Alvarado (izquierda) y Mat\u00edas\u00a0Courdurier Bettancourt (derecha).<\/p>\n<p>Nociones b\u00e1sicas de ecuaciones en derivadas parciales y problema inverso, ejemplos habituales, transformada de Radon, modelo f\u00edsico para tomograf\u00eda, transferencia radiativa.<\/p>\n<p><strong>Conocimientos previos deseables:\u00a0<\/strong>Matlab, curso de ecuaciones diferenciales, nociones de an\u00e1lisis.<\/td>\n<\/tr>\n<\/tbody>\n<\/table>\n<h4><strong>Din\u00e1mica y aprendizaje adaptativo en juegos<\/strong><\/h4>\n<table style=\"border-style: none !important\" width=\"400\">\n<tbody>\n<tr>\n<td style=\"border-left-style: none;border-right-style: none;color: white\"><img loading=\"lazy\" decoding=\"async\" class=\"aligncenter wp-image-242 size-thumbnail\" src=\"http:\/\/eventos.cmm.uchile.cl\/enim2017\/wp-content\/uploads\/sites\/45\/2017\/07\/mBravo500x500-150x150.jpg\" alt=\"\" width=\"150\" height=\"150\" srcset=\"https:\/\/eventos.cmm.uchile.cl\/enim2017\/wp-content\/uploads\/sites\/45\/2017\/07\/mBravo500x500-150x150.jpg 150w, https:\/\/eventos.cmm.uchile.cl\/enim2017\/wp-content\/uploads\/sites\/45\/2017\/07\/mBravo500x500-300x300.jpg 300w, https:\/\/eventos.cmm.uchile.cl\/enim2017\/wp-content\/uploads\/sites\/45\/2017\/07\/mBravo500x500.jpg 500w\" sizes=\"auto, (max-width: 150px) 100vw, 150px\" \/><\/td>\n<\/tr>\n<tr>\n<td style=\"border-left-style: none;border-right-style: none;text-align: justify\"><strong>Profesor:<\/strong>\u00a0Mario Bravo Gonz\u00e1lez.<\/p>\n<p>En este minicurso estudiaremos algunas din\u00e1micas de aprendizaje adaptativo en juegos finitos. Definiremos la noci\u00f3n de algoritmo de aprendizaje bajo distintos contextos de informaci\u00f3n para los jugadores. Adem\u00e1s, esbozaremos algunas de las t\u00e9cnicas que permiten obtener resultados asint\u00f3ticos, destacando su conexi\u00f3n con los equilibrios del juego subyacente.<\/p>\n<p><strong>Conocimientos previos deseables:\u00a0<\/strong>Nociones de an\u00e1lisis y probabilidades.<\/td>\n<\/tr>\n<\/tbody>\n<\/table>\n<h4><strong>Planos Cortantes para Optimizaci\u00f3n Lineal Mixta<\/strong><\/h4>\n<table style=\"border-style: none !important\" width=\"400\">\n<tbody>\n<tr>\n<td style=\"border-left-style: none;border-right-style: none;color: white\"><img loading=\"lazy\" decoding=\"async\" class=\"aligncenter wp-image-131 size-thumbnail\" src=\"http:\/\/eventos.cmm.uchile.cl\/enim2017\/wp-content\/uploads\/sites\/45\/2017\/07\/GCorn-150x150.jpg\" alt=\" \" width=\"150\" height=\"150\" srcset=\"https:\/\/eventos.cmm.uchile.cl\/enim2017\/wp-content\/uploads\/sites\/45\/2017\/07\/GCorn-150x150.jpg 150w, https:\/\/eventos.cmm.uchile.cl\/enim2017\/wp-content\/uploads\/sites\/45\/2017\/07\/GCorn-300x297.jpg 300w\" sizes=\"auto, (max-width: 150px) 100vw, 150px\" \/><\/td>\n<\/tr>\n<tr>\n<td style=\"border-left-style: none;border-right-style: none;text-align: justify\"><strong>Profesor:<\/strong> G\u00e9rard Cornu\u00e9jols<\/p>\n<p>En este curso estudiaremos distintos cortes para problemas de optimizaci\u00f3n lineal entera y optimizaci\u00f3n lineal mixta. En particular profundizaremos sobre distintos tipos de cortes, conjuntos convexos de inter\u00e9s para estos problemas y funciones que generen estos cortes, comparando los resultados de las distintas formulaciones para estos problemas.<\/p>\n<p><strong>Conocimientos previos deseables:\u00a0<\/strong>Curso de optimizaci\u00f3n, nociones de optimizaci\u00f3n entera.<\/p>\n<p><strong>Este curso tendr\u00e1 tres sesiones te\u00f3ricas y ser\u00e1 impartido en ingl\u00e9s<\/strong>.<\/td>\n<\/tr>\n<\/tbody>\n<\/table>\n<h3><\/h3>\n","protected":false},"excerpt":{"rendered":"<p>Los cursos que se llevar\u00e1n a cabo en el ENIM 2017 tendr\u00e1n clases expositivas, en las que se abordar\u00e1 el tema del curso de manera te\u00f3rica y una sesi\u00f3n de laboratorio (salvo el curso indicado m\u00e1s adelante), en la que se trabajar\u00e1 con software pre-programado con el fin de realizar una experiencia num\u00e9rica para el &hellip; <a href=\"https:\/\/eventos.cmm.uchile.cl\/enim2017\/cursos\/\" class=\"more-link\">Contin\u00fae leyendo <span class=\"screen-reader-text\">Cursos<\/span> <span class=\"meta-nav\">&rarr;<\/span><\/a><\/p>\n","protected":false},"author":45,"featured_media":0,"parent":0,"menu_order":2,"comment_status":"closed","ping_status":"closed","template":"","meta":{"inline_featured_image":false,"footnotes":""},"class_list":["post-115","page","type-page","status-publish","hentry"],"_links":{"self":[{"href":"https:\/\/eventos.cmm.uchile.cl\/enim2017\/wp-json\/wp\/v2\/pages\/115","targetHints":{"allow":["GET"]}}],"collection":[{"href":"https:\/\/eventos.cmm.uchile.cl\/enim2017\/wp-json\/wp\/v2\/pages"}],"about":[{"href":"https:\/\/eventos.cmm.uchile.cl\/enim2017\/wp-json\/wp\/v2\/types\/page"}],"author":[{"embeddable":true,"href":"https:\/\/eventos.cmm.uchile.cl\/enim2017\/wp-json\/wp\/v2\/users\/45"}],"replies":[{"embeddable":true,"href":"https:\/\/eventos.cmm.uchile.cl\/enim2017\/wp-json\/wp\/v2\/comments?post=115"}],"version-history":[{"count":17,"href":"https:\/\/eventos.cmm.uchile.cl\/enim2017\/wp-json\/wp\/v2\/pages\/115\/revisions"}],"predecessor-version":[{"id":259,"href":"https:\/\/eventos.cmm.uchile.cl\/enim2017\/wp-json\/wp\/v2\/pages\/115\/revisions\/259"}],"wp:attachment":[{"href":"https:\/\/eventos.cmm.uchile.cl\/enim2017\/wp-json\/wp\/v2\/media?parent=115"}],"curies":[{"name":"wp","href":"https:\/\/api.w.org\/{rel}","templated":true}]}}