{"id":20,"date":"2017-07-12T16:30:45","date_gmt":"2017-07-12T20:30:45","guid":{"rendered":"http:\/\/eventos.cmm.uchile.cl\/enim2017\/?page_id=20"},"modified":"2017-10-11T15:33:26","modified_gmt":"2017-10-11T18:33:26","slug":"expositores","status":"publish","type":"page","link":"https:\/\/eventos.cmm.uchile.cl\/enim2017\/expositores\/","title":{"rendered":"Expositores"},"content":{"rendered":"<h3><strong>G\u00e9rard P. Cornu\u00e9jols<\/strong><\/h3>\n<table style=\"border-style: none !important\" width=\"400\">\n<tbody>\n<tr>\n<td style=\"border-left-style: none;border-right-style: none;color: white\"><img loading=\"lazy\" decoding=\"async\" class=\"aligncenter wp-image-131\" src=\"http:\/\/eventos.cmm.uchile.cl\/enim2017\/wp-content\/uploads\/sites\/45\/2017\/07\/GCorn.jpg\" alt=\" \" width=\"350\" height=\"346\" srcset=\"https:\/\/eventos.cmm.uchile.cl\/enim2017\/wp-content\/uploads\/sites\/45\/2017\/07\/GCorn.jpg 346w, https:\/\/eventos.cmm.uchile.cl\/enim2017\/wp-content\/uploads\/sites\/45\/2017\/07\/GCorn-300x297.jpg 300w\" sizes=\"auto, (max-width: 350px) 100vw, 350px\" \/><\/td>\n<\/tr>\n<tr>\n<td style=\"border-left-style: none;border-right-style: none;text-align: justify\">B.Sc. de la \u00c9cole des Ponts ParisTech y Ph.D en Cornell University. En el presente es profesor de investigaci\u00f3n de operaciones en la Tepper School of Business de la Carnegie Mellon University. Siendo un experto en el \u00e1rea de optimizaci\u00f3n, ha sido ganador de premios como el &#8220;John von Neumann Theory Prize&#8221; el a\u00f1o 2011, por sus contribuciones en optimizaci\u00f3n discreta, su investigaci\u00f3n en grafos perfectos y planos cortantes. Tambi\u00e9n fue ganador del \u201cGeorge B. Dantzig Prize\u201d otorgado por la Mathematical Optimization Society en 2008 por sus aportes en el \u00e1rea de optimizaci\u00f3n.<\/p>\n<p>Cuenta con cerca de 80 publicaciones, las m\u00e1s recientes tratan el tema de los planos cortantes. Ha publicado libros sobre optimizaci\u00f3n combinatorial y programaci\u00f3n entera. En el a\u00f1o 2016 fue electo como miembro de la National Academy of Engineering por sus contribuciones en la teor\u00eda y la aplicaci\u00f3n de la programaci\u00f3n entera.<\/td>\n<\/tr>\n<\/tbody>\n<\/table>\n<h3><strong>Alejandro Maass Sep\u00falveda<\/strong><\/h3>\n<table style=\"border-style: none !important\" width=\"400\">\n<tbody>\n<tr>\n<td style=\"border-left-style: none;border-right-style: none;color: white\"><img loading=\"lazy\" decoding=\"async\" class=\"aligncenter wp-image-238\" src=\"http:\/\/eventos.cmm.uchile.cl\/enim2017\/wp-content\/uploads\/sites\/45\/2017\/07\/maass2-500x500-300x300.jpg\" alt=\"\" width=\"350\" height=\"350\" srcset=\"https:\/\/eventos.cmm.uchile.cl\/enim2017\/wp-content\/uploads\/sites\/45\/2017\/07\/maass2-500x500-300x300.jpg 300w, https:\/\/eventos.cmm.uchile.cl\/enim2017\/wp-content\/uploads\/sites\/45\/2017\/07\/maass2-500x500-150x150.jpg 150w, https:\/\/eventos.cmm.uchile.cl\/enim2017\/wp-content\/uploads\/sites\/45\/2017\/07\/maass2-500x500.jpg 500w\" sizes=\"auto, (max-width: 350px) 100vw, 350px\" \/><\/td>\n<\/tr>\n<tr>\n<td style=\"border-left-style: none;border-right-style: none;text-align: justify\">Ingeniero Civil Matem\u00e1tico de la Universidad de Chile egresado en 1990, Ph.d. en Matem\u00e1ticas en Aix-Marseille University en 1994 y Habilitation \u201c\u00e0 diriger des recherches\u201d, Aix-Marseille University en 2000.<\/p>\n<p>Actualmente es director del Centro de Modelamiento Matem\u00e1tico, miembro de N\u00famero Academia de Ingenieros de Chile y ha recibido premios como el Premio Marcos Orrego Puelma, por el Instituto de Ingenieros de Chile y el Premio Reconocimiento UMALCA en el a\u00f1o 2009 por sus contribuciones cient\u00edficas a nivel mundial. Sus \u00e1reas de investigaci\u00f3n son los procesos estoc\u00e1sticos, teor\u00eda erg\u00f3dica, la modelaci\u00f3n estoc\u00e1stica la bioinform\u00e1tica y los sistemas biol\u00f3gicos. Son en estas \u00e1reas en las cuales posee sus principales publicaciones.<\/td>\n<\/tr>\n<\/tbody>\n<\/table>\n<h3><strong>Grigory Panasenko<\/strong><\/h3>\n<table style=\"border-style: none !important\" width=\"400\">\n<tbody>\n<tr>\n<td style=\"border-left-style: none;border-right-style: none;color: white\"><img loading=\"lazy\" decoding=\"async\" class=\"aligncenter wp-image-239\" src=\"http:\/\/eventos.cmm.uchile.cl\/enim2017\/wp-content\/uploads\/sites\/45\/2017\/07\/panasenko2-500x500-300x300.jpg\" alt=\"\" width=\"350\" height=\"350\" srcset=\"https:\/\/eventos.cmm.uchile.cl\/enim2017\/wp-content\/uploads\/sites\/45\/2017\/07\/panasenko2-500x500-300x300.jpg 300w, https:\/\/eventos.cmm.uchile.cl\/enim2017\/wp-content\/uploads\/sites\/45\/2017\/07\/panasenko2-500x500-150x150.jpg 150w, https:\/\/eventos.cmm.uchile.cl\/enim2017\/wp-content\/uploads\/sites\/45\/2017\/07\/panasenko2-500x500.jpg 500w\" sizes=\"auto, (max-width: 350px) 100vw, 350px\" \/><\/td>\n<\/tr>\n<tr>\n<td style=\"border-left-style: none;border-right-style: none;text-align: justify\">PhD en F\u00edsicas y Matem\u00e1ticas de la Moscow State University en 1989 con su tesis \u201cM\u00e9todos matem\u00e1ticos para estructuras peri\u00f3dicas\u201d.<\/p>\n<p>Actualmente es profesor en el Institute Camille Jordan de Francia. Ha trabajado como profesor en otras universidades como la Saint Etienne University Jean Monnet y en la misma universidad en la cual realiz\u00f3 su PhD. Ha impartido cursos sobre An\u00e1lisis Funcional, An\u00e1lisis Num\u00e9rico, Introducci\u00f3n al Modelamiento Matem\u00e1tico, M\u00e9todos Num\u00e9ricos, homogeneizaci\u00f3n entre otros. Sus \u00e1reas de inter\u00e9s son los problemas inversos, las ecuaciones diferenciales parciales y la biolog\u00eda. Es en los anteriores temas en los cuales cuenta con numerosas publicaciones. Uno de los \u00faltimos cursos que ha impartido trat\u00f3 sobre el modelado multiescalar en ingenier\u00eda y biolog\u00eda. En esta \u00e1rea ha aplicado la matem\u00e1tica para modelar diferentes fen\u00f3menos, como por ejemplo la circulaci\u00f3n de la sangre.<\/td>\n<\/tr>\n<\/tbody>\n<\/table>\n<h3><strong>Cristi\u00e1n Reyes<\/strong><\/h3>\n<table style=\"border-style: none !important\" width=\"400\">\n<tbody>\n<tr>\n<td style=\"border-left-style: none;border-right-style: none;color: white\"><img loading=\"lazy\" decoding=\"async\" class=\"aligncenter wp-image-221\" src=\"http:\/\/eventos.cmm.uchile.cl\/enim2017\/wp-content\/uploads\/sites\/45\/2017\/07\/reyes500x500-300x300.jpg\" alt=\"\" width=\"350\" height=\"350\" srcset=\"https:\/\/eventos.cmm.uchile.cl\/enim2017\/wp-content\/uploads\/sites\/45\/2017\/07\/reyes500x500-300x300.jpg 300w, https:\/\/eventos.cmm.uchile.cl\/enim2017\/wp-content\/uploads\/sites\/45\/2017\/07\/reyes500x500-150x150.jpg 150w, https:\/\/eventos.cmm.uchile.cl\/enim2017\/wp-content\/uploads\/sites\/45\/2017\/07\/reyes500x500.jpg 500w\" sizes=\"auto, (max-width: 350px) 100vw, 350px\" \/><\/td>\n<\/tr>\n<tr>\n<td style=\"border-left-style: none;border-right-style: none;text-align: justify\"><span style=\"font-family: inherit;font-size: inherit\">Licenciado en Ciencias, Menci\u00f3n Matem\u00e1tica de la Universidad de Chile, egresado el a\u00f1o 1995, Phd en Ciencias Menci\u00f3n Matem\u00e1tica en el a\u00f1o 2013 con la tesis doctoral \u201cTrain Algebras\u201d, en la cual estudi\u00f3 \u00e1lgebras que no cumplen la ley asociativa. <\/span><\/p>\n<p><span style=\"font-family: inherit;font-size: inherit\">Trabaj\u00f3 en el Centro de Modelamiento Matem\u00e1tico desde el a\u00f1o 2008 al a\u00f1o 2013, actualmente trabaja en el CIAE como investigador de educaci\u00f3n matem\u00e1tica. Es en esta l\u00ednea en la cual trabaja en un proyecto llamado ARPA, que tiene como uno de sus objetivos ense\u00f1ar a profesores c\u00f3mo llevar las actividades genuinas de matem\u00e1tica a las aulas, esto es, resolver problemas a trav\u00e9s de la conversaci\u00f3n y discusi\u00f3n grupal, dando ideas y pensando el problema, para luego comunicar una soluci\u00f3n con tal de discutir en grupo si la soluci\u00f3n es la correcta o no.<\/span><\/td>\n<\/tr>\n<\/tbody>\n<\/table>\n<h3><strong>Javier Bitar Hirmas<\/strong><\/h3>\n<table style=\"border-style: none !important\" width=\"400\">\n<tbody>\n<tr>\n<td style=\"border-left-style: none;border-right-style: none;color: white\"><img loading=\"lazy\" decoding=\"async\" class=\"aligncenter wp-image-176\" src=\"http:\/\/eventos.cmm.uchile.cl\/enim2017\/wp-content\/uploads\/sites\/45\/2017\/07\/bitar500x500-300x300.jpg\" alt=\"\" width=\"350\" height=\"350\" srcset=\"https:\/\/eventos.cmm.uchile.cl\/enim2017\/wp-content\/uploads\/sites\/45\/2017\/07\/bitar500x500-300x300.jpg 300w, https:\/\/eventos.cmm.uchile.cl\/enim2017\/wp-content\/uploads\/sites\/45\/2017\/07\/bitar500x500-150x150.jpg 150w, https:\/\/eventos.cmm.uchile.cl\/enim2017\/wp-content\/uploads\/sites\/45\/2017\/07\/bitar500x500.jpg 500w\" sizes=\"auto, (max-width: 350px) 100vw, 350px\" \/><\/td>\n<\/tr>\n<tr>\n<td style=\"border-left-style: none;border-right-style: none;text-align: justify\">Ingeniero Civil Matem\u00e1tico de la Universidad de Chile, graduado en el a\u00f1o 1988 con la tesis \u201cJuegos combinatoriales en redes aut\u00f3matas\u201d y Diplomado de la Universidad Adolfo Iba\u00f1ez. Empresario y consultor, es ex gerente general de la Sociedad Matriz SAAM.<\/p>\n<p>Actualmente es CEO de Empresas Transoce\u00e1nica, una compa\u00f1\u00eda de inversiones de capitales privados, en la cual busca fortalecer e internacionalizar sus \u00e1reas de negocios. Destacado por su liderazgo y sus estrategias empresariales. Especializado en consultor\u00edas internacionales, ha trabajado entregando consultor\u00edas en gran cantidad de rubros, como la inform\u00e1tica, la petroqu\u00edmica, el corretaje de seguros y los bancos. Sus \u00e1reas de inter\u00e9s son las inversiones y el desarrollo.<\/td>\n<\/tr>\n<\/tbody>\n<\/table>\n<h3><strong>Sebasti\u00e1n Court Benvenuto<\/strong><\/h3>\n<table style=\"border-style: none !important\" width=\"400\">\n<tbody>\n<tr>\n<td style=\"border-left-style: none;border-right-style: none;color: white\"><img loading=\"lazy\" decoding=\"async\" class=\"aligncenter wp-image-175\" src=\"http:\/\/eventos.cmm.uchile.cl\/enim2017\/wp-content\/uploads\/sites\/45\/2017\/07\/court500x500-300x300.jpg\" alt=\"\" width=\"350\" height=\"350\" srcset=\"https:\/\/eventos.cmm.uchile.cl\/enim2017\/wp-content\/uploads\/sites\/45\/2017\/07\/court500x500-300x300.jpg 300w, https:\/\/eventos.cmm.uchile.cl\/enim2017\/wp-content\/uploads\/sites\/45\/2017\/07\/court500x500-150x150.jpg 150w, https:\/\/eventos.cmm.uchile.cl\/enim2017\/wp-content\/uploads\/sites\/45\/2017\/07\/court500x500.jpg 500w\" sizes=\"auto, (max-width: 350px) 100vw, 350px\" \/><\/td>\n<\/tr>\n<tr>\n<td style=\"border-left-style: none;border-right-style: none;text-align: justify\">Ingeniero Civil Matem\u00e1tico de la Universidad de Chile graduado en el a\u00f1o 2007. Ha trabajado en Metro de Santiago desde 2008, empresa de la cual es actualmente Gerente Corporativo de Planificaci\u00f3n y Desarrollo.<\/p>\n<p>Participa en la ingenier\u00eda de proyectos relacionados con los trenes y sistemas para las nuevas lineas 6-3 del metro. Tambi\u00e9n colabora con la eficiencia energ\u00e9tica de la red actual adem\u00e1s de ser el responsable de la tarjeta Bip! Y su red de carga. Fue profesor de c\u00e1tedra en Estad\u00edstica durante 3 a\u00f1os desde el a\u00f1o 2007 en facultades de la Universidad de Chile, en la cual una de ellas es la Facultad de Ciencias F\u00edsicas y Matem\u00e1ticas .<\/td>\n<\/tr>\n<\/tbody>\n<\/table>\n<h3><strong>Nancy Silva Salas<\/strong><\/h3>\n<table style=\"border-style: none !important\" width=\"400\">\n<tbody>\n<tr>\n<td style=\"border-left-style: none;border-right-style: none;color: white\"><img loading=\"lazy\" decoding=\"async\" class=\"aligncenter wp-image-219\" src=\"http:\/\/eventos.cmm.uchile.cl\/enim2017\/wp-content\/uploads\/sites\/45\/2017\/07\/nsilva500x500-300x300.jpg\" alt=\"\" width=\"350\" height=\"350\" srcset=\"https:\/\/eventos.cmm.uchile.cl\/enim2017\/wp-content\/uploads\/sites\/45\/2017\/07\/nsilva500x500-300x300.jpg 300w, https:\/\/eventos.cmm.uchile.cl\/enim2017\/wp-content\/uploads\/sites\/45\/2017\/07\/nsilva500x500-150x150.jpg 150w, https:\/\/eventos.cmm.uchile.cl\/enim2017\/wp-content\/uploads\/sites\/45\/2017\/07\/nsilva500x500.jpg 500w\" sizes=\"auto, (max-width: 350px) 100vw, 350px\" \/><\/td>\n<\/tr>\n<tr>\n<td style=\"border-left-style: none;border-right-style: none;text-align: justify\">Ingeniera Civil Matem\u00e1tica de la Universidad de Chile, egresada en 1999, Master of Arts in Economics de la Universit\u00e9 Catholique de Louvian y PhD en Economia en The London School of Economics and Political Science.<\/p>\n<p>Trabaj\u00f3 en el Banco Central de Chile como Economista senior en regulaci\u00f3n bancaria, Gerencia Infraestructura y Regulaci\u00f3n Financiera, luego entr\u00f3 a la Divisi\u00f3n Pol\u00edtica Financiera. En la actualidad es Directora de Estudios en la Superintendencia de Bancos e Instituciones Financieras. Es la encargada del desarrollo de actividades de investigaci\u00f3n y regulaci\u00f3n de las industrias bajo supervisi\u00f3n y de las relaciones internacionales de la Superintendencia. Esto incluye a los Departamentos de Investigaci\u00f3n y Riesgos y Productos Financieros e Industria Bancaria. Sus intereses son la investigaci\u00f3n y regulaci\u00f3n en el an\u00e1lisis del sector bancario.<\/td>\n<\/tr>\n<\/tbody>\n<\/table>\n<h3><strong>Jos\u00e9 Vaisman Romero<\/strong><\/h3>\n<table style=\"border-style: none !important\" width=\"400\">\n<tbody>\n<tr>\n<td style=\"border-left-style: none;border-right-style: none;color: white\"><img loading=\"lazy\" decoding=\"async\" class=\"aligncenter wp-image-179\" src=\"http:\/\/eventos.cmm.uchile.cl\/enim2017\/wp-content\/uploads\/sites\/45\/2017\/07\/vaisman500x500-300x300.jpg\" alt=\"\" width=\"350\" height=\"350\" srcset=\"https:\/\/eventos.cmm.uchile.cl\/enim2017\/wp-content\/uploads\/sites\/45\/2017\/07\/vaisman500x500-300x300.jpg 300w, https:\/\/eventos.cmm.uchile.cl\/enim2017\/wp-content\/uploads\/sites\/45\/2017\/07\/vaisman500x500-150x150.jpg 150w, https:\/\/eventos.cmm.uchile.cl\/enim2017\/wp-content\/uploads\/sites\/45\/2017\/07\/vaisman500x500.jpg 500w\" sizes=\"auto, (max-width: 350px) 100vw, 350px\" \/><\/td>\n<\/tr>\n<tr>\n<td style=\"border-left-style: none;border-right-style: none;text-align: justify\">Ingeniero Civil Matem\u00e1tico de la Universidad de Chile, graduado en el a\u00f1o 2005.<\/p>\n<p>Tras graduarse, trabaj\u00f3 en el Banco Corpbanca hasta 2006. Ahora se desempe\u00f1a como Gerente de Investigaci\u00f3n en la empresa LVA \u00edndices, empresa de consultor\u00eda especializada en temas financieros. En el a\u00f1o 2014, public\u00f3 en conjunto \u201cOn the rate of convergence of Krasnosel&#8217;skiA-Mann iterations and their connection with sums of Bernoullis\u201d en la cual establece una estimaci\u00f3n de la tasa de convergencia de la iteraci\u00f3n de Krasnosel\u2019ski\u02c7\u0131\u2013Mann, estableciendo una conexi\u00f3n entre estas iteraciones y un proceso estoc\u00e1stico que implica sumas de ensayos no homog\u00e9neos de Bernoulli. Certificado como \u201cScrumMaster\u201d. Particip\u00f3 como juez en el a\u00f1o 2015 en Start-Up Chile, un programa creado por el Estado, que busca atraer a emprendedores con tal de posicionar a Chile como centro de innovaci\u00f3n y emprendimiento de Am\u00e9rica Latina.<\/td>\n<\/tr>\n<\/tbody>\n<\/table>\n","protected":false},"excerpt":{"rendered":"<p>G\u00e9rard P. Cornu\u00e9jols B.Sc. de la \u00c9cole des Ponts ParisTech y Ph.D en Cornell University. En el presente es profesor de investigaci\u00f3n de operaciones en la Tepper School of Business de la Carnegie Mellon University. Siendo un experto en el \u00e1rea de optimizaci\u00f3n, ha sido ganador de premios como el &#8220;John von Neumann Theory Prize&#8221; &hellip; <a href=\"https:\/\/eventos.cmm.uchile.cl\/enim2017\/expositores\/\" class=\"more-link\">Contin\u00fae leyendo <span class=\"screen-reader-text\">Expositores<\/span> <span class=\"meta-nav\">&rarr;<\/span><\/a><\/p>\n","protected":false},"author":45,"featured_media":0,"parent":0,"menu_order":1,"comment_status":"closed","ping_status":"closed","template":"","meta":{"inline_featured_image":false,"footnotes":""},"class_list":["post-20","page","type-page","status-publish","hentry"],"_links":{"self":[{"href":"https:\/\/eventos.cmm.uchile.cl\/enim2017\/wp-json\/wp\/v2\/pages\/20","targetHints":{"allow":["GET"]}}],"collection":[{"href":"https:\/\/eventos.cmm.uchile.cl\/enim2017\/wp-json\/wp\/v2\/pages"}],"about":[{"href":"https:\/\/eventos.cmm.uchile.cl\/enim2017\/wp-json\/wp\/v2\/types\/page"}],"author":[{"embeddable":true,"href":"https:\/\/eventos.cmm.uchile.cl\/enim2017\/wp-json\/wp\/v2\/users\/45"}],"replies":[{"embeddable":true,"href":"https:\/\/eventos.cmm.uchile.cl\/enim2017\/wp-json\/wp\/v2\/comments?post=20"}],"version-history":[{"count":32,"href":"https:\/\/eventos.cmm.uchile.cl\/enim2017\/wp-json\/wp\/v2\/pages\/20\/revisions"}],"predecessor-version":[{"id":258,"href":"https:\/\/eventos.cmm.uchile.cl\/enim2017\/wp-json\/wp\/v2\/pages\/20\/revisions\/258"}],"wp:attachment":[{"href":"https:\/\/eventos.cmm.uchile.cl\/enim2017\/wp-json\/wp\/v2\/media?parent=20"}],"curies":[{"name":"wp","href":"https:\/\/api.w.org\/{rel}","templated":true}]}}