{"id":22,"date":"2017-06-02T16:27:56","date_gmt":"2017-06-02T20:27:56","guid":{"rendered":"http:\/\/eventos.cmm.uchile.cl\/enim2017\/?page_id=22"},"modified":"2017-10-17T22:52:13","modified_gmt":"2017-10-18T01:52:13","slug":"programa","status":"publish","type":"page","link":"https:\/\/eventos.cmm.uchile.cl\/enim2017\/programa\/","title":{"rendered":"Programa"},"content":{"rendered":"<p>Programa preliminar de actividades del ENIM 2017.<\/p>\n<table style=\"border-collapse: collapse !important;border-style: none !important\" width=\"371\">\n<tbody>\n<tr>\n<td style=\"border-right-style: none;background-color: #f2f2f2\"><strong>Mi\u00e9rcoles 18<\/strong><\/td>\n<td style=\"border-right-style: none;border-left-style: none;background-color: #f2f2f2\"><strong>Actividad<\/strong><\/td>\n<td style=\"border-left-style: none;background-color: #f2f2f2\"><strong>Lugar<\/strong><\/td>\n<\/tr>\n<tr>\n<td>9:00 &#8211; 10:00<\/td>\n<td>Recepci\u00f3n<\/td>\n<td>Beauchef 851<\/td>\n<\/tr>\n<tr>\n<td>10:00 &#8211; 10:30<\/td>\n<td>Bienvenida<\/td>\n<td>Auditorio Enrique d&#8217;Etigny<\/td>\n<\/tr>\n<tr>\n<td>10:30 &#8211; 11:30<\/td>\n<td><strong>Cristi\u00e1n Reyes<\/strong><\/p>\n<p>&#8220;Matem\u00e1ticos en Educaci\u00f3n Matem\u00e1tica&#8221;<\/td>\n<td>Auditorio Enrique d&#8217;Etigny<\/td>\n<\/tr>\n<tr>\n<td>11:30- 11:45<\/td>\n<td>Coffe Break<\/td>\n<td><\/td>\n<\/tr>\n<tr>\n<td>11:45 &#8211; 12:45<\/td>\n<td>Programas de postgrado en Francia<\/td>\n<td>Auditorio Enrique d&#8217;Etigny<\/td>\n<\/tr>\n<tr>\n<td>12:45 &#8211; 14:15<\/td>\n<td>Almuerzo<\/td>\n<td><\/td>\n<\/tr>\n<tr>\n<td>14:15 &#8211; 15:15<\/td>\n<td>&#8220;Matem\u00e1ticos en la Industria&#8221;<\/p>\n<p><strong>Jos\u00e9 Vaisman &#8211;\u00a0Nancy Silva<\/strong><\/td>\n<td>Auditorio Enrique d&#8217;Etigny<\/td>\n<\/tr>\n<tr>\n<td>15:15 &#8211; 15:45<\/td>\n<td>Intermedio<\/td>\n<td><\/td>\n<\/tr>\n<tr>\n<td>15:45 &#8211; 17:00<\/td>\n<td>Curso &#8211; Sesi\u00f3n 1<\/td>\n<td>\u00a0Salas correspondientes a cada curso.<\/td>\n<\/tr>\n<tr>\n<td>17:00 &#8211; 17:30<\/td>\n<td>Intermedio<\/td>\n<td><\/td>\n<\/tr>\n<tr>\n<td>17:30 &#8211; 18:15<\/td>\n<td><strong>Jean Dolbeault<\/strong><\/p>\n<p>&#8220;On entropy methods in partial differential equations&#8221;<\/td>\n<td>Auditorio Enrique d&#8217;Etigny<\/td>\n<\/tr>\n<tr>\n<td>18:30 &#8211; 20:00<\/td>\n<td>Torneo de Juegos de Mesa<\/td>\n<td>Por confirmar<\/td>\n<\/tr>\n<tr>\n<td style=\"border-right-style: none;background-color: #f2f2f2\"><strong>Jueves 19<\/strong><\/td>\n<td style=\"border-right-style: none;border-left-style: none;background-color: #f2f2f2\"><strong>Actividad<\/strong><\/td>\n<td style=\"border-left-style: none;background-color: #f2f2f2\"><strong>Lugar<\/strong><\/td>\n<\/tr>\n<tr>\n<td>10:00 &#8211; 11:15<\/td>\n<td><strong>G\u00e9rard Cornu\u00e9jols<\/strong><\/p>\n<p>&#8220;From Estimation to Optimization via Shrinkage&#8221;<\/td>\n<td>Auditorio Enrique d&#8217;Etigny<\/td>\n<\/tr>\n<tr>\n<td>11:15 &#8211; 11:45<\/td>\n<td>Coffe Break<\/td>\n<td><\/td>\n<\/tr>\n<tr>\n<td>11:45 &#8211; 12:45<\/td>\n<td>Tesistas 1<\/td>\n<td>Auditorio Enrique d&#8217;Etigny<\/td>\n<\/tr>\n<tr>\n<td>12:45 &#8211; 14:15<\/td>\n<td>Almuerzo<\/td>\n<td><\/td>\n<\/tr>\n<tr>\n<td>14:15 &#8211; 15:15<\/td>\n<td><strong>&#8220;Matem\u00e1ticos en la Industria&#8221;<\/strong><\/p>\n<p>Javier Bitar &#8211; Sebasti\u00e1n Court<\/td>\n<td>Auditorio Enrique d&#8217;Etigny<\/td>\n<\/tr>\n<tr>\n<td>15:15 &#8211; 15:45<\/td>\n<td>Intermedio<\/td>\n<td><\/td>\n<\/tr>\n<tr>\n<td>15:45 &#8211; 17:00<\/td>\n<td>Curso &#8211; Sesi\u00f3n 2<\/td>\n<td><\/td>\n<\/tr>\n<tr>\n<td>17:00 &#8211; 17:30<\/td>\n<td>Intermedio<\/td>\n<td><\/td>\n<\/tr>\n<tr>\n<td>17:30 &#8211; 20:00<\/td>\n<td>Copa Ingemat<\/td>\n<td>Canchas Beauchef 850 y 851<\/td>\n<\/tr>\n<tr>\n<td style=\"border-right-style: none;background-color: #f2f2f2\"><strong>Viernes 20<\/strong><\/td>\n<td style=\"border-right-style: none;border-left-style: none;background-color: #f2f2f2\"><strong>Actividad<\/strong><\/td>\n<td style=\"border-left-style: none;background-color: #f2f2f2\"><strong>Lugar<\/strong><\/td>\n<\/tr>\n<tr>\n<td>10:00 &#8211; 11:15<\/td>\n<td><strong>Alejandro Maass<\/strong><\/p>\n<p>&#8220;Matem\u00e1tica en la era gen\u00f3mica&#8221;<\/td>\n<td>Auditorio Enrique d&#8217;Etigny<\/td>\n<\/tr>\n<tr>\n<td>11:15 &#8211; 11:45<\/td>\n<td>Coffe Break<\/td>\n<td><\/td>\n<\/tr>\n<tr>\n<td>11:45 &#8211; 12:45<\/td>\n<td>Tesistas 2<\/td>\n<td>Auditorio Enrique d&#8217;Etigny<\/td>\n<\/tr>\n<tr>\n<td>12:45 &#8211; 14:15<\/td>\n<td>Almuerzo<\/td>\n<td><\/td>\n<\/tr>\n<tr>\n<td>14:15 &#8211; 15:15<\/td>\n<td>Curso &#8211; Sesi\u00f3n 3<\/td>\n<td><\/td>\n<\/tr>\n<tr>\n<td>15:15 &#8211; 15:45<\/td>\n<td>Intermedio<\/td>\n<td><\/td>\n<\/tr>\n<tr>\n<td>15:45 &#8211; 17:00<\/td>\n<td><strong>Grigory Panasenko<\/strong><\/p>\n<p>&#8220;Mulriscale methods: some biological applications&#8221;<\/td>\n<td>Auditorio Enrique d&#8217;Etigny<\/td>\n<\/tr>\n<tr>\n<td>17:00 &#8211; 17:30<\/td>\n<td>Ceremonia de cierre<\/td>\n<td>Auditorio Enrique d&#8217;Etigny<\/td>\n<\/tr>\n<tr>\n<td>17:30 &#8211; 19:00<\/td>\n<td>Coctel de Cierre<\/td>\n<td><\/td>\n<\/tr>\n<\/tbody>\n<\/table>\n","protected":false},"excerpt":{"rendered":"<p>Programa preliminar de actividades del ENIM 2017. Mi\u00e9rcoles 18 Actividad Lugar 9:00 &#8211; 10:00 Recepci\u00f3n Beauchef 851 10:00 &#8211; 10:30 Bienvenida Auditorio Enrique d&#8217;Etigny 10:30 &#8211; 11:30 Cristi\u00e1n Reyes &#8220;Matem\u00e1ticos en Educaci\u00f3n Matem\u00e1tica&#8221; Auditorio Enrique d&#8217;Etigny 11:30- 11:45 Coffe Break 11:45 &#8211; 12:45 Programas de postgrado en Francia Auditorio Enrique d&#8217;Etigny 12:45 &#8211; 14:15 Almuerzo &hellip; <a href=\"https:\/\/eventos.cmm.uchile.cl\/enim2017\/programa\/\" class=\"more-link\">Contin\u00fae leyendo <span class=\"screen-reader-text\">Programa<\/span> <span class=\"meta-nav\">&rarr;<\/span><\/a><\/p>\n","protected":false},"author":45,"featured_media":0,"parent":0,"menu_order":3,"comment_status":"closed","ping_status":"closed","template":"","meta":{"inline_featured_image":false,"footnotes":""},"class_list":["post-22","page","type-page","status-publish","hentry"],"_links":{"self":[{"href":"https:\/\/eventos.cmm.uchile.cl\/enim2017\/wp-json\/wp\/v2\/pages\/22","targetHints":{"allow":["GET"]}}],"collection":[{"href":"https:\/\/eventos.cmm.uchile.cl\/enim2017\/wp-json\/wp\/v2\/pages"}],"about":[{"href":"https:\/\/eventos.cmm.uchile.cl\/enim2017\/wp-json\/wp\/v2\/types\/page"}],"author":[{"embeddable":true,"href":"https:\/\/eventos.cmm.uchile.cl\/enim2017\/wp-json\/wp\/v2\/users\/45"}],"replies":[{"embeddable":true,"href":"https:\/\/eventos.cmm.uchile.cl\/enim2017\/wp-json\/wp\/v2\/comments?post=22"}],"version-history":[{"count":33,"href":"https:\/\/eventos.cmm.uchile.cl\/enim2017\/wp-json\/wp\/v2\/pages\/22\/revisions"}],"predecessor-version":[{"id":269,"href":"https:\/\/eventos.cmm.uchile.cl\/enim2017\/wp-json\/wp\/v2\/pages\/22\/revisions\/269"}],"wp:attachment":[{"href":"https:\/\/eventos.cmm.uchile.cl\/enim2017\/wp-json\/wp\/v2\/media?parent=22"}],"curies":[{"name":"wp","href":"https:\/\/api.w.org\/{rel}","templated":true}]}}