{"id":261,"date":"2017-10-11T17:28:12","date_gmt":"2017-10-11T20:28:12","guid":{"rendered":"http:\/\/eventos.cmm.uchile.cl\/enim2017\/?page_id=261"},"modified":"2017-10-12T14:32:42","modified_gmt":"2017-10-12T17:32:42","slug":"copa-ingemat-enim-2017","status":"publish","type":"page","link":"https:\/\/eventos.cmm.uchile.cl\/enim2017\/copa-ingemat-enim-2017\/","title":{"rendered":"Copa IngeMat ENIM 2017"},"content":{"rendered":"<p style=\"text-align: justify\">En esta versi\u00f3n del Encuentro Nacional de Ingenier\u00eda Matem\u00e1tica, se disputar\u00e1 nuevamente la Copa IngeMat, dado el l\u00edmite de tiempo para los partidos, el torneo considerar\u00e1 hasta cuatro equipos, seleccionados procurando tener a lo m\u00e1s uno por universidad.<\/p>\n<p><strong>Las inscripciones deben ser enviadas al correo enim2017@dim.uchile.cl<\/strong><\/p>\n<p style=\"text-align: justify\">Cada equipo debe estar constituido por 7 a 10 personas inscritas en el ENIM, sin distinci\u00f3n de g\u00e9nero, e idealmente de la misma universidad.<\/p>\n<p style=\"text-align: justify\">En caso de que la cantidad de jugadores que desee participar en un equipo sea menor a siete, podr\u00e1n inscribirse de todas formas a los jugadores que tengan. La n\u00f3mina ser\u00e1 completada con jugadores que ser\u00e1n llamados de otras universidades con inscripciones m\u00e1s numerosas.<\/p>\n<p style=\"text-align: justify\">El torneo ser\u00e1 con las reglas usuales de baby f\u00fatbol, en partidos de 25 minutos por tiempo, la modalidad para determinar al ganador ser\u00e1 definida cuando est\u00e9n todos los equipos inscritos. El premio ser\u00e1 una copa que lo acreditar\u00e1 como campe\u00f3n de esta versi\u00f3n del torneo.<\/p>\n<p style=\"text-align: justify\">La organizaci\u00f3n proveer\u00e1 de petos, bal\u00f3n, \u00e1rbitro y cancha.<\/p>\n","protected":false},"excerpt":{"rendered":"<p>En esta versi\u00f3n del Encuentro Nacional de Ingenier\u00eda Matem\u00e1tica, se disputar\u00e1 nuevamente la Copa IngeMat, dado el l\u00edmite de tiempo para los partidos, el torneo considerar\u00e1 hasta cuatro equipos, seleccionados procurando tener a lo m\u00e1s uno por universidad. Las inscripciones deben ser enviadas al correo enim2017@dim.uchile.cl Cada equipo debe estar constituido por 7 a 10 &hellip; <a href=\"https:\/\/eventos.cmm.uchile.cl\/enim2017\/copa-ingemat-enim-2017\/\" class=\"more-link\">Contin\u00fae leyendo <span class=\"screen-reader-text\">Copa IngeMat ENIM 2017<\/span> <span class=\"meta-nav\">&rarr;<\/span><\/a><\/p>\n","protected":false},"author":45,"featured_media":267,"parent":0,"menu_order":5,"comment_status":"closed","ping_status":"closed","template":"","meta":{"inline_featured_image":false,"footnotes":""},"class_list":["post-261","page","type-page","status-publish","has-post-thumbnail","hentry"],"_links":{"self":[{"href":"https:\/\/eventos.cmm.uchile.cl\/enim2017\/wp-json\/wp\/v2\/pages\/261","targetHints":{"allow":["GET"]}}],"collection":[{"href":"https:\/\/eventos.cmm.uchile.cl\/enim2017\/wp-json\/wp\/v2\/pages"}],"about":[{"href":"https:\/\/eventos.cmm.uchile.cl\/enim2017\/wp-json\/wp\/v2\/types\/page"}],"author":[{"embeddable":true,"href":"https:\/\/eventos.cmm.uchile.cl\/enim2017\/wp-json\/wp\/v2\/users\/45"}],"replies":[{"embeddable":true,"href":"https:\/\/eventos.cmm.uchile.cl\/enim2017\/wp-json\/wp\/v2\/comments?post=261"}],"version-history":[{"count":3,"href":"https:\/\/eventos.cmm.uchile.cl\/enim2017\/wp-json\/wp\/v2\/pages\/261\/revisions"}],"predecessor-version":[{"id":265,"href":"https:\/\/eventos.cmm.uchile.cl\/enim2017\/wp-json\/wp\/v2\/pages\/261\/revisions\/265"}],"wp:featuredmedia":[{"embeddable":true,"href":"https:\/\/eventos.cmm.uchile.cl\/enim2017\/wp-json\/wp\/v2\/media\/267"}],"wp:attachment":[{"href":"https:\/\/eventos.cmm.uchile.cl\/enim2017\/wp-json\/wp\/v2\/media?parent=261"}],"curies":[{"name":"wp","href":"https:\/\/api.w.org\/{rel}","templated":true}]}}