{"id":6,"date":"2017-05-29T19:48:05","date_gmt":"2017-05-29T23:48:05","guid":{"rendered":"http:\/\/eventos.cmm.uchile.cl\/enim2017\/?page_id=6"},"modified":"2017-10-11T17:29:52","modified_gmt":"2017-10-11T20:29:52","slug":"enim-2017","status":"publish","type":"page","link":"https:\/\/eventos.cmm.uchile.cl\/enim2017\/","title":{"rendered":"ENIM 2017"},"content":{"rendered":"<h3 class=\"p1\" style=\"text-align: justify\"><strong>Encuentro Nacional de Ingenier\u00eda Matem\u00e1tica<\/strong><\/h3>\n<h4 class=\"p1\" style=\"text-align: justify\"><strong><span class=\"s1\">18, 19 y 20 de octubre 2017<\/span><\/strong><\/h4>\n<h3><a href=\"http:\/\/eventos.cmm.uchile.cl\/enim2017\/inscripciones\/\">\u00a1Per\u00edodo de Inscripciones <s>Abierto<\/s> Cerrado!<\/a><\/h3>\n<h3><a href=\"http:\/\/eventos.cmm.uchile.cl\/enim2017\/abstracts\/\">\u00a1Plazo para postular tu abstract hasta el 9 de septiembre!<\/a><\/h3>\n<p style=\"text-align: justify\">El Encuentro Nacional de Ingenier\u00eda Matem\u00e1tica es un evento que busca reunir no solo a la comunidad estudiantil y acad\u00e9mica que comparte el inter\u00e9s por la matem\u00e1tica aplicada, sino que tambi\u00e9n, a los interesados en el naciente y fruct\u00edfero desarrollo de estas herramientas en la industria nacional. El encuentro es tambi\u00e9n el principal evento de la comunidad estudiantil de Ingenier\u00eda Matem\u00e1tica a nivel pa\u00eds, considerando a seis universidades: la Universidad de Chile, la Pontificia Universidad Cat\u00f3lica de Chile (organizadora de la primera versi\u00f3n del encuentro), la Universidad de Concepci\u00f3n, la Universidad de la Frontera, la Universidad de Santiago de Chile y la Universidad T\u00e9cnica Federico Santa Mar\u00eda.<\/p>\n<h5 style=\"text-align: left\">Fechas importantes:<\/h5>\n<ul>\n<li class=\"p1\" style=\"text-align: left\"><span class=\"s1\"><strong>Per\u00edodo de Inscripciones<\/strong>: s\u00e1bado 15 de julio &#8211; viernes\u00a029 de septiembre.<\/span><\/li>\n<li class=\"p1\" style=\"text-align: left\"><span class=\"s1\"><strong>Recepci\u00f3n de trabajos:<\/strong> s\u00e1bado 15 de julio &#8211; <s>s\u00e1bado 2\u00a0de septiembre<\/s> s\u00e1bado 9\u00a0de septiembre.<\/span><\/li>\n<li class=\"p1\" style=\"text-align: left\"><span class=\"s1\"><strong>Resultados selecci\u00f3n de trabajos:<\/strong> s\u00e1bado 30 de septiembre.<\/span><\/li>\n<\/ul>\n<p>&nbsp;<\/p>\n","protected":false},"excerpt":{"rendered":"<p>Encuentro Nacional de Ingenier\u00eda Matem\u00e1tica 18, 19 y 20 de octubre 2017 \u00a1Per\u00edodo de Inscripciones Abierto Cerrado! \u00a1Plazo para postular tu abstract hasta el 9 de septiembre! El Encuentro Nacional de Ingenier\u00eda Matem\u00e1tica es un evento que busca reunir no solo a la comunidad estudiantil y acad\u00e9mica que comparte el inter\u00e9s por la matem\u00e1tica aplicada, &hellip; <a href=\"https:\/\/eventos.cmm.uchile.cl\/enim2017\/\" class=\"more-link\">Contin\u00fae leyendo <span class=\"screen-reader-text\">ENIM 2017<\/span> <span class=\"meta-nav\">&rarr;<\/span><\/a><\/p>\n","protected":false},"author":2,"featured_media":0,"parent":0,"menu_order":0,"comment_status":"closed","ping_status":"closed","template":"","meta":{"inline_featured_image":false,"footnotes":""},"class_list":["post-6","page","type-page","status-publish","hentry"],"_links":{"self":[{"href":"https:\/\/eventos.cmm.uchile.cl\/enim2017\/wp-json\/wp\/v2\/pages\/6","targetHints":{"allow":["GET"]}}],"collection":[{"href":"https:\/\/eventos.cmm.uchile.cl\/enim2017\/wp-json\/wp\/v2\/pages"}],"about":[{"href":"https:\/\/eventos.cmm.uchile.cl\/enim2017\/wp-json\/wp\/v2\/types\/page"}],"author":[{"embeddable":true,"href":"https:\/\/eventos.cmm.uchile.cl\/enim2017\/wp-json\/wp\/v2\/users\/2"}],"replies":[{"embeddable":true,"href":"https:\/\/eventos.cmm.uchile.cl\/enim2017\/wp-json\/wp\/v2\/comments?post=6"}],"version-history":[{"count":18,"href":"https:\/\/eventos.cmm.uchile.cl\/enim2017\/wp-json\/wp\/v2\/pages\/6\/revisions"}],"predecessor-version":[{"id":256,"href":"https:\/\/eventos.cmm.uchile.cl\/enim2017\/wp-json\/wp\/v2\/pages\/6\/revisions\/256"}],"wp:attachment":[{"href":"https:\/\/eventos.cmm.uchile.cl\/enim2017\/wp-json\/wp\/v2\/media?parent=6"}],"curies":[{"name":"wp","href":"https:\/\/api.w.org\/{rel}","templated":true}]}}