{"id":261,"date":"2017-10-11T17:28:12","date_gmt":"2017-10-11T20:28:12","guid":{"rendered":"http:\/\/eventos.cmm.uchile.cl\/enim2024\/?page_id=261"},"modified":"2024-12-14T23:10:14","modified_gmt":"2024-12-15T02:10:14","slug":"actividades","status":"publish","type":"page","link":"https:\/\/eventos.cmm.uchile.cl\/enim2024\/actividades\/","title":{"rendered":"Actividades Recreativas"},"content":{"rendered":"<h2><strong>Baby F\u00fatbol<\/strong><\/h2>\n<h6><strong>\ud83d\udccd <a href=\"https:\/\/eventos.cmm.uchile.cl\/enim2024\/cancha\/\">Cancha<\/a>\u00a0<span class=\"box\">| \ud83d\udcc5 Lunes 16 y Martes 17<\/span><\/strong><\/h6>\n<hr \/>\n<h2><strong>Tarde de Juegos de Mesa<\/strong><\/h2>\n<h6><strong>\ud83d\udccd <a href=\"https:\/\/eventos.cmm.uchile.cl\/enim2024\/biblioteca\/\">Biblioteca<\/a>\u00a0<span class=\"box\">| \ud83d\udcc5 Lunes 16 y Martes 17<\/span><\/strong><\/h6>\n<p>En esta actividad podr\u00e1s venir a jugar los distintos juegos que disponemos en la ludoteca de la facultad. Tenemos una amplia variedad de juegos, y dispondremos de demostradores que te podr\u00e1n ayudar a elegir y aprender el juego que quieras.<\/p>\n<hr \/>\n<div class=\"card\">\n<h2><strong>Ping-Pong<\/strong><\/h2>\n<h6><strong>\ud83d\udccd <a href=\"https:\/\/eventos.cmm.uchile.cl\/enim2024\/cancha\/\">Al lado de la cancha<\/a>\u00a0<span class=\"box\">| \ud83d\udcc5 Lunes 16 y Martes 17<\/span><\/strong><\/h6>\n<hr \/>\n<h2><strong>El teorema de Marguerite<\/strong><\/h2>\n<h6><strong>\ud83d\udccd <a href=\"https:\/\/eventos.cmm.uchile.cl\/enim2024\/cancha\/\">Auditorio D&#8217;Etigny<\/a>\u00a0<span class=\"box\">| \ud83d\udcc5 Martes 17 a las 18h00<\/span><\/strong><\/h6>\n<p>Marguerite es una brillante estudiante de matem\u00e1ticas de la prestigiosa Escuela Superior de Lyon. Siendo la \u00fanica mujer de su promoci\u00f3n, todo parece ir perfectamente mientras prepara la exposici\u00f3n de su tesis. En el d\u00eda clave, un peque\u00f1o error pone su situaci\u00f3n al borde del abismo. Marguerite entonces decide hacer borr\u00f3n y cuenta nueva, y empezar de cero.<\/p>\n<p>Se realizar\u00e1 una \u00fanica proyecci\u00f3n de esta pel\u00edcula, puedes revisar el <a href=\"https:\/\/www.youtube.com\/watch?v=kpIwfnHyNl0\">trailer aqu\u00ed.<\/a><\/p>\n<hr \/>\n<h2><strong>Smash Bros<\/strong><\/h2>\n<h6><strong>\ud83d\udccd <a href=\"https:\/\/eventos.cmm.uchile.cl\/enim2024\/cancha\/\">[<\/a>Lugar]\u00a0<span class=\"box\">| \ud83d\udcc5 Martes 17 y Mi\u00e9rcoles 18 a las 13h00<\/span><\/strong><\/h6>\n<p>Durante los d\u00edas martes y mi\u00e9rcoles, en horario de almuerzo, podr\u00e1s compartir con la comunidad U-Smash, mientras juegas a este famoso juego con amigos.<\/p>\n<\/div>\n","protected":false},"excerpt":{"rendered":"<p>Baby F\u00fatbol \ud83d\udccd Cancha\u00a0| \ud83d\udcc5 Lunes 16 y Martes 17 Tarde de Juegos de Mesa \ud83d\udccd Biblioteca\u00a0| \ud83d\udcc5 Lunes 16 y Martes 17 En esta actividad podr\u00e1s venir a jugar los distintos juegos que disponemos en la ludoteca de la facultad. Tenemos una amplia variedad de juegos, y dispondremos de demostradores que te podr\u00e1n ayudar &hellip; <a href=\"https:\/\/eventos.cmm.uchile.cl\/enim2024\/actividades\/\" class=\"more-link\">Contin\u00fae leyendo <span class=\"screen-reader-text\">Actividades Recreativas<\/span> <span class=\"meta-nav\">&rarr;<\/span><\/a><\/p>\n","protected":false},"author":45,"featured_media":0,"parent":0,"menu_order":5,"comment_status":"closed","ping_status":"closed","template":"","meta":{"inline_featured_image":false,"footnotes":""},"class_list":["post-261","page","type-page","status-publish","hentry"],"_links":{"self":[{"href":"https:\/\/eventos.cmm.uchile.cl\/enim2024\/wp-json\/wp\/v2\/pages\/261","targetHints":{"allow":["GET"]}}],"collection":[{"href":"https:\/\/eventos.cmm.uchile.cl\/enim2024\/wp-json\/wp\/v2\/pages"}],"about":[{"href":"https:\/\/eventos.cmm.uchile.cl\/enim2024\/wp-json\/wp\/v2\/types\/page"}],"author":[{"embeddable":true,"href":"https:\/\/eventos.cmm.uchile.cl\/enim2024\/wp-json\/wp\/v2\/users\/45"}],"replies":[{"embeddable":true,"href":"https:\/\/eventos.cmm.uchile.cl\/enim2024\/wp-json\/wp\/v2\/comments?post=261"}],"version-history":[{"count":14,"href":"https:\/\/eventos.cmm.uchile.cl\/enim2024\/wp-json\/wp\/v2\/pages\/261\/revisions"}],"predecessor-version":[{"id":721,"href":"https:\/\/eventos.cmm.uchile.cl\/enim2024\/wp-json\/wp\/v2\/pages\/261\/revisions\/721"}],"wp:attachment":[{"href":"https:\/\/eventos.cmm.uchile.cl\/enim2024\/wp-json\/wp\/v2\/media?parent=261"}],"curies":[{"name":"wp","href":"https:\/\/api.w.org\/{rel}","templated":true}]}}