{"id":617,"date":"2024-11-21T23:54:25","date_gmt":"2024-11-22T02:54:25","guid":{"rendered":"https:\/\/eventos.cmm.uchile.cl\/enim2024\/?page_id=617"},"modified":"2024-12-14T17:08:53","modified_gmt":"2024-12-14T20:08:53","slug":"organizacion","status":"publish","type":"page","link":"https:\/\/eventos.cmm.uchile.cl\/enim2024\/organizacion\/","title":{"rendered":"Organizaci\u00f3n"},"content":{"rendered":"<p>En esta p\u00e1gina encontrar\u00e1s informaci\u00f3n sobre la organizaci\u00f3n del evento, para consultas generales preferir contactar por medio de <a href=\"https:\/\/eventos.cmm.uchile.cl\/enim2024\/contacto\/\">nuestro mail.<\/a><\/p>\n<hr \/>\n<h3><img loading=\"lazy\" decoding=\"async\" class=\"alignleft wp-image-619 size-medium\" src=\"https:\/\/eventos.cmm.uchile.cl\/enim2024\/wp-content\/uploads\/sites\/206\/2024\/11\/WhatsApp-Image-2024-11-21-at-23.44.16-e1732245666320-221x300.jpeg\" alt=\"\" width=\"221\" height=\"300\" srcset=\"https:\/\/eventos.cmm.uchile.cl\/enim2024\/wp-content\/uploads\/sites\/206\/2024\/11\/WhatsApp-Image-2024-11-21-at-23.44.16-e1732245666320-221x300.jpeg 221w, https:\/\/eventos.cmm.uchile.cl\/enim2024\/wp-content\/uploads\/sites\/206\/2024\/11\/WhatsApp-Image-2024-11-21-at-23.44.16-e1732245666320-753x1024.jpeg 753w, https:\/\/eventos.cmm.uchile.cl\/enim2024\/wp-content\/uploads\/sites\/206\/2024\/11\/WhatsApp-Image-2024-11-21-at-23.44.16-e1732245666320-768x1044.jpeg 768w, https:\/\/eventos.cmm.uchile.cl\/enim2024\/wp-content\/uploads\/sites\/206\/2024\/11\/WhatsApp-Image-2024-11-21-at-23.44.16-e1732245666320.jpeg 900w\" sizes=\"auto, (max-width: 221px) 100vw, 221px\" \/><strong>Crist\u00f3bal Ramos Suzuki<\/strong><\/h3>\n<p><em><strong>Cris <\/strong><\/em>| Estudiante del Departamento de Ingenier\u00eda Matem\u00e1tica de la Universidad de Chile, Miembro del COMAT.<\/p>\n<p><em>Ponente en las palabras de apertura.<\/em><\/p>\n<h6><\/h6>\n<hr \/>\n<h3><img loading=\"lazy\" decoding=\"async\" class=\"alignleft wp-image-620 size-medium\" src=\"https:\/\/eventos.cmm.uchile.cl\/enim2024\/wp-content\/uploads\/sites\/206\/2024\/11\/WhatsApp-Image-2024-11-21-at-23.44.16-1-e1732245804685-220x300.jpeg\" alt=\"\" width=\"220\" height=\"300\" srcset=\"https:\/\/eventos.cmm.uchile.cl\/enim2024\/wp-content\/uploads\/sites\/206\/2024\/11\/WhatsApp-Image-2024-11-21-at-23.44.16-1-e1732245804685-220x300.jpeg 220w, https:\/\/eventos.cmm.uchile.cl\/enim2024\/wp-content\/uploads\/sites\/206\/2024\/11\/WhatsApp-Image-2024-11-21-at-23.44.16-1-e1732245804685-751x1024.jpeg 751w, https:\/\/eventos.cmm.uchile.cl\/enim2024\/wp-content\/uploads\/sites\/206\/2024\/11\/WhatsApp-Image-2024-11-21-at-23.44.16-1-e1732245804685-768x1047.jpeg 768w, https:\/\/eventos.cmm.uchile.cl\/enim2024\/wp-content\/uploads\/sites\/206\/2024\/11\/WhatsApp-Image-2024-11-21-at-23.44.16-1-e1732245804685.jpeg 900w\" sizes=\"auto, (max-width: 220px) 100vw, 220px\" \/><strong>Javiera Carrasco<\/strong><\/h3>\n<p><em><strong>Jaji <\/strong><\/em>| Estudiante del Departamento de Ingenier\u00eda Matem\u00e1tica de la Universidad de Chile, Miembro del COMAT.<\/p>\n<p><em>Ponente en las palabras de cierre.<\/em><\/p>\n<h6><\/h6>\n<hr \/>\n<h3><img loading=\"lazy\" decoding=\"async\" class=\"alignleft wp-image-618 size-medium\" src=\"https:\/\/eventos.cmm.uchile.cl\/enim2024\/wp-content\/uploads\/sites\/206\/2024\/11\/WhatsApp-Image-2024-11-21-at-23.44.15-e1732245869691-222x300.jpeg\" alt=\"\" width=\"222\" height=\"300\" srcset=\"https:\/\/eventos.cmm.uchile.cl\/enim2024\/wp-content\/uploads\/sites\/206\/2024\/11\/WhatsApp-Image-2024-11-21-at-23.44.15-e1732245869691-222x300.jpeg 222w, https:\/\/eventos.cmm.uchile.cl\/enim2024\/wp-content\/uploads\/sites\/206\/2024\/11\/WhatsApp-Image-2024-11-21-at-23.44.15-e1732245869691-756x1024.jpeg 756w, https:\/\/eventos.cmm.uchile.cl\/enim2024\/wp-content\/uploads\/sites\/206\/2024\/11\/WhatsApp-Image-2024-11-21-at-23.44.15-e1732245869691-768x1040.jpeg 768w, https:\/\/eventos.cmm.uchile.cl\/enim2024\/wp-content\/uploads\/sites\/206\/2024\/11\/WhatsApp-Image-2024-11-21-at-23.44.15-e1732245869691.jpeg 904w\" sizes=\"auto, (max-width: 222px) 100vw, 222px\" \/><strong>Ignacio Romero Orrego<\/strong><\/h3>\n<p><em><strong>Nachito <\/strong><\/em>| Estudiante del Departamento de Ingenier\u00eda Matem\u00e1tica de la Universidad de Chile, Presidente CEIMAT 2025.<\/p>\n<p><em>Ponente en las palabras de cierre.<\/em><\/p>\n<h6><\/h6>\n","protected":false},"excerpt":{"rendered":"<p>En esta p\u00e1gina encontrar\u00e1s informaci\u00f3n sobre la organizaci\u00f3n del evento, para consultas generales preferir contactar por medio de nuestro mail. Crist\u00f3bal Ramos Suzuki Cris | Estudiante del Departamento de Ingenier\u00eda Matem\u00e1tica de la Universidad de Chile, Miembro del COMAT. Ponente en las palabras de apertura. Javiera Carrasco Jaji | Estudiante del Departamento de Ingenier\u00eda Matem\u00e1tica &hellip; <a href=\"https:\/\/eventos.cmm.uchile.cl\/enim2024\/organizacion\/\" class=\"more-link\">Contin\u00fae leyendo <span class=\"screen-reader-text\">Organizaci\u00f3n<\/span> <span class=\"meta-nav\">&rarr;<\/span><\/a><\/p>\n","protected":false},"author":120,"featured_media":0,"parent":0,"menu_order":0,"comment_status":"closed","ping_status":"closed","template":"","meta":{"inline_featured_image":false,"footnotes":""},"class_list":["post-617","page","type-page","status-publish","hentry"],"_links":{"self":[{"href":"https:\/\/eventos.cmm.uchile.cl\/enim2024\/wp-json\/wp\/v2\/pages\/617","targetHints":{"allow":["GET"]}}],"collection":[{"href":"https:\/\/eventos.cmm.uchile.cl\/enim2024\/wp-json\/wp\/v2\/pages"}],"about":[{"href":"https:\/\/eventos.cmm.uchile.cl\/enim2024\/wp-json\/wp\/v2\/types\/page"}],"author":[{"embeddable":true,"href":"https:\/\/eventos.cmm.uchile.cl\/enim2024\/wp-json\/wp\/v2\/users\/120"}],"replies":[{"embeddable":true,"href":"https:\/\/eventos.cmm.uchile.cl\/enim2024\/wp-json\/wp\/v2\/comments?post=617"}],"version-history":[{"count":7,"href":"https:\/\/eventos.cmm.uchile.cl\/enim2024\/wp-json\/wp\/v2\/pages\/617\/revisions"}],"predecessor-version":[{"id":718,"href":"https:\/\/eventos.cmm.uchile.cl\/enim2024\/wp-json\/wp\/v2\/pages\/617\/revisions\/718"}],"wp:attachment":[{"href":"https:\/\/eventos.cmm.uchile.cl\/enim2024\/wp-json\/wp\/v2\/media?parent=617"}],"curies":[{"name":"wp","href":"https:\/\/api.w.org\/{rel}","templated":true}]}}