{"id":10,"date":"2024-07-12T21:04:11","date_gmt":"2024-07-12T19:04:11","guid":{"rendered":"https:\/\/eventos.cmm.uchile.cl\/epanum2024\/?page_id=10"},"modified":"2024-07-19T21:46:00","modified_gmt":"2024-07-19T19:46:00","slug":"escuela","status":"publish","type":"page","link":"https:\/\/eventos.cmm.uchile.cl\/epanum2024\/","title":{"rendered":"Bienvenida"},"content":{"rendered":"<p>La Escuela de Primavera en An\u00e1lisis Num\u00e9rico de Ecuaciones Diferenciales Parciales (EPANUM 2024) se llevar\u00e1 a cabo entre el 2 y el 9 de octubre de 2024 en Concepci\u00f3n.<\/p>\n<p>A trav\u00e9s de la EPANUM se desea dar a conocer a estudiantes chilenos y de otros pa\u00edses latinoamericanos los siguientes programas:<\/p>\n<ul>\n<li>Doctorado en Ciencias Aplicadas con menci\u00f3n en Ingenier\u00eda Matem\u00e1tica,<br \/>\nimpartido por el Departamento de Ingenier\u00eda Matem\u00e1tica perteneciente a la Facultad de Ciencias F\u00edsicas y Matem\u00e1ticas de la Universidad de Concepci\u00f3n<\/li>\n<li>Mag\u00edster en Matem\u00e1tica Aplicada impartido por los Departamentos de Matem\u00e1tica y Ciencias B\u00e1sicas de la Facultad de Ciencias de la Universidad del B\u00edo-B\u00edo<\/li>\n<li>Doctorado en Matem\u00e1tica Aplicada impartido por los Departamentos de Matem\u00e1tica y Ciencias B\u00e1sicas de la Facultad de Ciencias de la Universidad del B\u00edo-B\u00edo<\/li>\n<li>Mag\u00edster en Matem\u00e1tica Aplicada impartido por el Departamento de<br \/>\nMatem\u00e1tica y F\u00edsica Aplicadas, Facultad de Ingenier\u00eda, Universidad Cat\u00f3lica de la<br \/>\nSant\u00edsima Concepci\u00f3n<\/li>\n<\/ul>\n<ul class=\"introspons\">\n<li style=\"list-style-type: none\"><\/li>\n<\/ul>\n<p>&nbsp;<\/p>\n<h3>Comit\u00e9 organizador<\/h3>\n<div class=\"col-lg-6 mb-5\">\n<div class=\"row align-items-center\">\n<div class=\"col-sm-5\"><img decoding=\"async\" class=\"img-fluid mb-3 mb-sm-0\" src=\"https:\/\/www.ci2ma.udec.cl\/img\/investigadores\/20240328165445_RAIMUND.jpg\" alt=\"\" \/><\/div>\n<div class=\"col-sm-7\"><a href=\"https:\/\/www.ing-mat.udec.cl\/~rburger\/\">Dr. Raimund B\u00fcrger, CMM \/ Universidad de Concepci\u00f3n<\/a><\/div>\n<\/div>\n<\/div>\n<div class=\"col-lg-6 mb-5\">\n<div class=\"row align-items-center\">\n<div class=\"col-sm-5\"><img decoding=\"async\" class=\"img-fluid mb-3 mb-sm-0\" src=\"https:\/\/www.ci2ma.udec.cl\/img\/investigadores\/20230727175450_JESSIKA%20001.JPG\" alt=\"\" \/><\/div>\n<div class=\"col-sm-7\"><a href=\"https:\/\/www.ci2ma.udec.cl\/jcamano\/\">Dra. Jessika Cama\u00f1o, CMM \/ Universidad Cat\u00f3lica de la Sant\u00edsima Concepci\u00f3n<\/a><\/div>\n<\/div>\n<\/div>\n<div class=\"col-lg-6 mb-5\">\n<div class=\"row align-items-center\">\n<div class=\"col-sm-5\"><img decoding=\"async\" class=\"img-fluid mb-3 mb-sm-0\" src=\"https:\/\/www.ci2ma.udec.cl\/img\/investigadores\/20230727175735_DAVID%20001.jpg\" alt=\"\" \/><\/div>\n<div class=\"col-sm-7\"><a href=\"http:\/\/ciencias.ubiobio.cl\/dmora\/\">Dr. David Mora, CMM \/ Universidad del B\u00edo-B\u00edo<\/a><\/div>\n<\/div>\n<\/div>\n<div class=\"col-lg-6 mb-5\">\n<div class=\"row align-items-center\">\n<div class=\"col-sm-5\"><img decoding=\"async\" class=\"img-fluid mb-3 mb-sm-0\" src=\"https:\/\/www.ci2ma.udec.cl\/img\/investigadores\/20230727180154_MANUEL%20002.JPG\" alt=\"\" \/><\/div>\n<div class=\"col-sm-7\"><a href=\"https:\/\/www.ing-mat.udec.cl\/~msolano\/\">Dr. Manuel Solano, CMM \/ Universidad de Concepci\u00f3n<\/a><\/div>\n<\/div>\n<\/div>\n<p>&nbsp;<\/p>\n","protected":false},"excerpt":{"rendered":"<p>La Escuela de Primavera en An\u00e1lisis Num\u00e9rico de Ecuaciones Diferenciales Parciales (EPANUM 2024) se llevar\u00e1 a cabo entre el 2 y el 9 de octubre de 2024 en Concepci\u00f3n. A trav\u00e9s de la EPANUM se desea dar a conocer a estudiantes chilenos y de otros pa\u00edses latinoamericanos los siguientes programas: Doctorado en Ciencias Aplicadas con &hellip; <a href=\"https:\/\/eventos.cmm.uchile.cl\/epanum2024\/\" class=\"more-link\">Contin\u00fae leyendo <span class=\"screen-reader-text\">Bienvenida<\/span> <span class=\"meta-nav\">&rarr;<\/span><\/a><\/p>\n","protected":false},"author":2,"featured_media":0,"parent":0,"menu_order":0,"comment_status":"closed","ping_status":"closed","template":"","meta":{"inline_featured_image":false,"footnotes":""},"class_list":["post-10","page","type-page","status-publish","hentry"],"_links":{"self":[{"href":"https:\/\/eventos.cmm.uchile.cl\/epanum2024\/wp-json\/wp\/v2\/pages\/10","targetHints":{"allow":["GET"]}}],"collection":[{"href":"https:\/\/eventos.cmm.uchile.cl\/epanum2024\/wp-json\/wp\/v2\/pages"}],"about":[{"href":"https:\/\/eventos.cmm.uchile.cl\/epanum2024\/wp-json\/wp\/v2\/types\/page"}],"author":[{"embeddable":true,"href":"https:\/\/eventos.cmm.uchile.cl\/epanum2024\/wp-json\/wp\/v2\/users\/2"}],"replies":[{"embeddable":true,"href":"https:\/\/eventos.cmm.uchile.cl\/epanum2024\/wp-json\/wp\/v2\/comments?post=10"}],"version-history":[{"count":7,"href":"https:\/\/eventos.cmm.uchile.cl\/epanum2024\/wp-json\/wp\/v2\/pages\/10\/revisions"}],"predecessor-version":[{"id":59,"href":"https:\/\/eventos.cmm.uchile.cl\/epanum2024\/wp-json\/wp\/v2\/pages\/10\/revisions\/59"}],"wp:attachment":[{"href":"https:\/\/eventos.cmm.uchile.cl\/epanum2024\/wp-json\/wp\/v2\/media?parent=10"}],"curies":[{"name":"wp","href":"https:\/\/api.w.org\/{rel}","templated":true}]}}