{"id":19,"date":"2024-07-12T21:07:11","date_gmt":"2024-07-12T19:07:11","guid":{"rendered":"https:\/\/eventos.cmm.uchile.cl\/epanum2024\/?page_id=19"},"modified":"2024-07-30T00:47:56","modified_gmt":"2024-07-29T22:47:56","slug":"postulacion","status":"publish","type":"page","link":"https:\/\/eventos.cmm.uchile.cl\/epanum2024\/postulacion\/","title":{"rendered":"Postulaci\u00f3n"},"content":{"rendered":"<p>Para\u00a0<b>participar<\/b> en la Escuela de Primavera de An\u00e1lisis Num\u00e9rico 2024, los y las postulantes deben presentar los siguientes documentos:<\/p>\n<ul>\n<li>Curriculum vitae actualizado.<\/li>\n<li>Certificado de notas (incluir escala de notas y nota m\u00ednima de aprobaci\u00f3n en dicha escala).<\/li>\n<li>Una carta de intenciones (no m\u00e1s de una p\u00e1gina) que incluya, por ejemplo, motivaci\u00f3n de asistir a la escuela, \u00e1rea de estudio a la que pertenece y tem\u00e1ticas en las que le gustar\u00eda especializarse.<\/li>\n<li>Financiamiento disponible y solicitado para costear estad\u00eda y traslado.<\/li>\n<li>En caso de requerir pasaje a\u00e9reo, itinerario propuesto.<\/li>\n<\/ul>\n<p>Estos documentos deben ser enviados por correo electr\u00f3nico a <a href=\"mailto:EPANUM2024@cmm.uchile.cl\">EPANUM2024@cmm.uchile.cl<\/a><\/p>\n<p>Para postulantes aceptados, la inscripci\u00f3n a la escuela es\u00a0<b>gratuita<\/b>\u00a0e incluye\u00a0<b>material (apuntes)<\/b>\u00a0y\u00a0<i>coffee break<\/i>\u00a0para los d\u00edas h\u00e1biles, y un\u00a0<b>diploma<\/b>\u00a0de participaci\u00f3n con previo rendimiento de un examen el d\u00eda 09 de Octubre.<\/p>\n<p>* El plazo l\u00edmite para recibir las postulaciones es el d\u00eda\u00a0<b>Viernes 30 de Agosto de 2024<\/b><\/p>\n","protected":false},"excerpt":{"rendered":"<p>Para\u00a0participar en la Escuela de Primavera de An\u00e1lisis Num\u00e9rico 2024, los y las postulantes deben presentar los siguientes documentos: Curriculum vitae actualizado. Certificado de notas (incluir escala de notas y nota m\u00ednima de aprobaci\u00f3n en dicha escala). Una carta de intenciones (no m\u00e1s de una p\u00e1gina) que incluya, por ejemplo, motivaci\u00f3n de asistir a la &hellip; <a href=\"https:\/\/eventos.cmm.uchile.cl\/epanum2024\/postulacion\/\" class=\"more-link\">Contin\u00fae leyendo <span class=\"screen-reader-text\">Postulaci\u00f3n<\/span> <span class=\"meta-nav\">&rarr;<\/span><\/a><\/p>\n","protected":false},"author":2,"featured_media":0,"parent":0,"menu_order":4,"comment_status":"closed","ping_status":"closed","template":"","meta":{"inline_featured_image":false,"footnotes":""},"class_list":["post-19","page","type-page","status-publish","hentry"],"_links":{"self":[{"href":"https:\/\/eventos.cmm.uchile.cl\/epanum2024\/wp-json\/wp\/v2\/pages\/19","targetHints":{"allow":["GET"]}}],"collection":[{"href":"https:\/\/eventos.cmm.uchile.cl\/epanum2024\/wp-json\/wp\/v2\/pages"}],"about":[{"href":"https:\/\/eventos.cmm.uchile.cl\/epanum2024\/wp-json\/wp\/v2\/types\/page"}],"author":[{"embeddable":true,"href":"https:\/\/eventos.cmm.uchile.cl\/epanum2024\/wp-json\/wp\/v2\/users\/2"}],"replies":[{"embeddable":true,"href":"https:\/\/eventos.cmm.uchile.cl\/epanum2024\/wp-json\/wp\/v2\/comments?post=19"}],"version-history":[{"count":6,"href":"https:\/\/eventos.cmm.uchile.cl\/epanum2024\/wp-json\/wp\/v2\/pages\/19\/revisions"}],"predecessor-version":[{"id":63,"href":"https:\/\/eventos.cmm.uchile.cl\/epanum2024\/wp-json\/wp\/v2\/pages\/19\/revisions\/63"}],"wp:attachment":[{"href":"https:\/\/eventos.cmm.uchile.cl\/epanum2024\/wp-json\/wp\/v2\/media?parent=19"}],"curies":[{"name":"wp","href":"https:\/\/api.w.org\/{rel}","templated":true}]}}