{"id":34,"date":"2024-07-18T21:59:04","date_gmt":"2024-07-18T19:59:04","guid":{"rendered":"https:\/\/eventos.cmm.uchile.cl\/epanum2024\/?page_id=34"},"modified":"2024-07-30T00:48:26","modified_gmt":"2024-07-29T22:48:26","slug":"becas","status":"publish","type":"page","link":"https:\/\/eventos.cmm.uchile.cl\/epanum2024\/becas\/","title":{"rendered":"Becas"},"content":{"rendered":"<section id=\"scholarship\" class=\"two\">\n<div class=\"container-fluid pt-5\">\n<div class=\"container\">\n<p>A estudiantes interesados en participar, tanto nacionales como extranjeros, se les invita a postular a un\u00a0<b>n\u00famero limitado de becas<\/b>\u00a0que otorgan un\u00a0<b>vi\u00e1tico<\/b>\u00a0para el\u00a0<b>financiamiento parcial de los gastos de traslado y estad\u00eda<\/b>. Dicho beneficio ser\u00e1 entregado en pesos chilenos en el momento que cada participante becado se presente durante el primer d\u00eda del evento.<\/p>\n<p>Adem\u00e1s de lo requerido en\u00a0<a href=\"https:\/\/www.ci2ma.udec.cl\/epanum2024\/#postulacion\">Postulaci\u00f3n<\/a>, quienes postulen a beca deben adjuntar:<\/p>\n<ul>\n<li>Una carta de recomendaci\u00f3n.<\/li>\n<li>Pasaporte escaneado (extranjeros) o C\u00e9dula de identidad escaneada (nacionales).<\/li>\n<\/ul>\n<p>A su vez, deben indicar expl\u00edcitamente la necesidad de financiamiento (para qu\u00e9 y cu\u00e1nto), mencionando las eventuales contrapartes financieras, propias o institucionales, con las que cuentan. Todos los documentos deben ser enviados por correo electr\u00f3nico a <a href=\"mailto:EPANUM2024@cmm.uchile.cl\">EPANUM2024@cmm.uchile.cl<\/a>\u00a0hasta el d\u00eda\u00a0<b>Viernes 26 de julio de 2024, 12.00 horas de Chile continental.<\/b><\/p>\n<\/div>\n<\/div>\n<\/section>\n","protected":false},"excerpt":{"rendered":"<p>A estudiantes interesados en participar, tanto nacionales como extranjeros, se les invita a postular a un\u00a0n\u00famero limitado de becas\u00a0que otorgan un\u00a0vi\u00e1tico\u00a0para el\u00a0financiamiento parcial de los gastos de traslado y estad\u00eda. Dicho beneficio ser\u00e1 entregado en pesos chilenos en el momento que cada participante becado se presente durante el primer d\u00eda del evento. Adem\u00e1s de lo &hellip; <a href=\"https:\/\/eventos.cmm.uchile.cl\/epanum2024\/becas\/\" class=\"more-link\">Contin\u00fae leyendo <span class=\"screen-reader-text\">Becas<\/span> <span class=\"meta-nav\">&rarr;<\/span><\/a><\/p>\n","protected":false},"author":109,"featured_media":0,"parent":0,"menu_order":3,"comment_status":"closed","ping_status":"closed","template":"","meta":{"inline_featured_image":false,"footnotes":""},"class_list":["post-34","page","type-page","status-publish","hentry"],"_links":{"self":[{"href":"https:\/\/eventos.cmm.uchile.cl\/epanum2024\/wp-json\/wp\/v2\/pages\/34","targetHints":{"allow":["GET"]}}],"collection":[{"href":"https:\/\/eventos.cmm.uchile.cl\/epanum2024\/wp-json\/wp\/v2\/pages"}],"about":[{"href":"https:\/\/eventos.cmm.uchile.cl\/epanum2024\/wp-json\/wp\/v2\/types\/page"}],"author":[{"embeddable":true,"href":"https:\/\/eventos.cmm.uchile.cl\/epanum2024\/wp-json\/wp\/v2\/users\/109"}],"replies":[{"embeddable":true,"href":"https:\/\/eventos.cmm.uchile.cl\/epanum2024\/wp-json\/wp\/v2\/comments?post=34"}],"version-history":[{"count":2,"href":"https:\/\/eventos.cmm.uchile.cl\/epanum2024\/wp-json\/wp\/v2\/pages\/34\/revisions"}],"predecessor-version":[{"id":60,"href":"https:\/\/eventos.cmm.uchile.cl\/epanum2024\/wp-json\/wp\/v2\/pages\/34\/revisions\/60"}],"wp:attachment":[{"href":"https:\/\/eventos.cmm.uchile.cl\/epanum2024\/wp-json\/wp\/v2\/media?parent=34"}],"curies":[{"name":"wp","href":"https:\/\/api.w.org\/{rel}","templated":true}]}}