{"id":38,"date":"2024-07-18T22:01:29","date_gmt":"2024-07-18T20:01:29","guid":{"rendered":"https:\/\/eventos.cmm.uchile.cl\/epanum2024\/?page_id=38"},"modified":"2024-07-30T00:48:43","modified_gmt":"2024-07-29T22:48:43","slug":"informacion-practica","status":"publish","type":"page","link":"https:\/\/eventos.cmm.uchile.cl\/epanum2024\/informacion-practica\/","title":{"rendered":"Informaci\u00f3n Pr\u00e1ctica"},"content":{"rendered":"<div class=\"section-title\">\n<h1 class=\"display-4\"><span style=\"font-size: 22px\">Llegando a Chile<\/span><\/h1>\n<\/div>\n<p>Los vuelos internacionales llegan al Terminal Internacional (Terminal 2) del aeropuerto internacional\u00a0<b>Arturo Merino Ben\u00edtez<\/b>\u00a0(c\u00f3digo IATA: SCL) en Santiago. Los vuelos de conexi\u00f3n a Concepci\u00f3n parten de la misma terminal (Terminal 1). Tenga en cuenta que los pasajeros que llegan del extranjero deben\u00a0<b>recoger su equipaje<\/b>\u00a0al llegar a Santiago, pasar por la inspecci\u00f3n de aduanas, Servicio Agr\u00edcola y Ganadero (SAG), y deben volver a hacer check-in de su equipaje para el vuelo de conexi\u00f3n en el \u00e1rea de check-in (ubicado en el Terminal 1). Bajo ninguna circunstancia se puede revisar el equipaje directamente a Concepci\u00f3n desde el exterior. El aeropuerto de Concepci\u00f3n,\u00a0<b>Carriel Sur<\/b>\u00a0(c\u00f3digo IATA: CCP), se encuentra a 5 kil\u00f3metros al noroeste de la ciudad.<\/p>\n<h3>Del aeropuerto hacia Concepci\u00f3n<\/h3>\n<ul>\n<li>Vans (Furgones compartidos para 6 personas). Tarifa: cerca de 8000 CLP (pesos chilenos) por persona.<\/li>\n<li>Taxis al centro de la ciudad. Tarifa: unos 12000 CLP (pesos chilenos).<\/li>\n<\/ul>\n<p>Las tarifas se deben pagar en efectivo a los agentes ubicados en el \u00e1rea de reclamo de equipaje.<\/p>\n<h3>Electricidad<\/h3>\n<p>En Chile la corriente el\u00e9ctrica utilizada es de 220 voltios, 50 hercios.<\/p>\n<h3>Clima<\/h3>\n<p>La fecha de la Escuela corresponde al primer mes de la primavera. En general el clima es muy agradable aunque puede haber algunos dias nublados con algo de viento y chubascos leves.<br \/>\nTemperatura m\u00e1xima : 18.2\u00baC<br \/>\nTemperatura m\u00ednima : 6.4\u00baC<\/p>\n<h3>Hora<\/h3>\n<p><a href=\"https:\/\/www.horaoficial.cl\/\">https:\/\/www.horaoficial.cl\/<\/a><\/p>\n<h3>Comercio local<\/h3>\n<p>El comercio local en el centro de Concepci\u00f3n est\u00e1 abierto de 10:00 am a 8:00 pm. Las tarjetas de cr\u00e9dito m\u00e1s aceptadas son Visa y Master Card. Algunas tiendas aceptan tambi\u00e9n Diners y American Express.<\/p>\n<h3>Tipo de cambio<\/h3>\n<p>La moneda oficial de Chile es el peso($). 1US$(d\u00f3lar) es aproximadamente equivalente a $920 (el tipo de cambio fluct\u00faa). Las monedas extranjeras se pueden cambiar en bancos o casas de cambio, la mayor\u00eda de ellas ubicadas en el centro de Concepci\u00f3n.<br \/>\nPuede ser una buena idea obtener algunos pesos chilenos (para pagar la tarifa del taxi) en el aeropuerto Arturo Merino Ben\u00edtez en Santiago, ya que no hay casas de cambio en el aeropuerto Carriel Sur en Concepci\u00f3n.<\/p>\n<h3>Bancos<\/h3>\n<p>Hay varios bancos en el centro. En el campus de la Universidad hay una sucursal del banco Ita\u00fa ubicada debajo de la torre del reloj. Aqu\u00ed puedes encontrar un cajero autom\u00e1tico.<\/p>\n<h3>Casas de cambio de moneda<\/h3>\n<ul>\n<li>Afex, Barros Arana 565 Local 57, Concepci\u00f3n. Tel. +56 41 2239619<\/li>\n<li>Varex, Barros Arana 565 Local 54, Concepci\u00f3n. Tel. +56 41 2246623<\/li>\n<li>Fides, Barros Arana 565 Local 58, Concepci\u00f3n. Tel. +56 41 2259515<\/li>\n<\/ul>\n<h3><a href=\"https:\/\/www.google.com\/maps\/d\/u\/0\/viewer?mid=1xP4dx_HaaSU84bN9P0IHEWa9XE-7qbg&amp;femb=1&amp;ll=-36.82331176374306%2C-73.04128149963863&amp;z=15\">Mapa de Concepci\u00f3n<\/a><\/h3>\n<section id=\"pinformation\" class=\"two\">\n<div class=\"container-fluid pt-5\">\n<div class=\"container\"><\/div>\n<\/div>\n<\/section>\n","protected":false},"excerpt":{"rendered":"<p>Llegando a Chile Los vuelos internacionales llegan al Terminal Internacional (Terminal 2) del aeropuerto internacional\u00a0Arturo Merino Ben\u00edtez\u00a0(c\u00f3digo IATA: SCL) en Santiago. Los vuelos de conexi\u00f3n a Concepci\u00f3n parten de la misma terminal (Terminal 1). Tenga en cuenta que los pasajeros que llegan del extranjero deben\u00a0recoger su equipaje\u00a0al llegar a Santiago, pasar por la inspecci\u00f3n de &hellip; <a href=\"https:\/\/eventos.cmm.uchile.cl\/epanum2024\/informacion-practica\/\" class=\"more-link\">Contin\u00fae leyendo <span class=\"screen-reader-text\">Informaci\u00f3n Pr\u00e1ctica<\/span> <span class=\"meta-nav\">&rarr;<\/span><\/a><\/p>\n","protected":false},"author":109,"featured_media":0,"parent":0,"menu_order":1,"comment_status":"closed","ping_status":"closed","template":"","meta":{"inline_featured_image":false,"footnotes":""},"class_list":["post-38","page","type-page","status-publish","hentry"],"_links":{"self":[{"href":"https:\/\/eventos.cmm.uchile.cl\/epanum2024\/wp-json\/wp\/v2\/pages\/38","targetHints":{"allow":["GET"]}}],"collection":[{"href":"https:\/\/eventos.cmm.uchile.cl\/epanum2024\/wp-json\/wp\/v2\/pages"}],"about":[{"href":"https:\/\/eventos.cmm.uchile.cl\/epanum2024\/wp-json\/wp\/v2\/types\/page"}],"author":[{"embeddable":true,"href":"https:\/\/eventos.cmm.uchile.cl\/epanum2024\/wp-json\/wp\/v2\/users\/109"}],"replies":[{"embeddable":true,"href":"https:\/\/eventos.cmm.uchile.cl\/epanum2024\/wp-json\/wp\/v2\/comments?post=38"}],"version-history":[{"count":4,"href":"https:\/\/eventos.cmm.uchile.cl\/epanum2024\/wp-json\/wp\/v2\/pages\/38\/revisions"}],"predecessor-version":[{"id":66,"href":"https:\/\/eventos.cmm.uchile.cl\/epanum2024\/wp-json\/wp\/v2\/pages\/38\/revisions\/66"}],"wp:attachment":[{"href":"https:\/\/eventos.cmm.uchile.cl\/epanum2024\/wp-json\/wp\/v2\/media?parent=38"}],"curies":[{"name":"wp","href":"https:\/\/api.w.org\/{rel}","templated":true}]}}