{"id":7,"date":"2018-09-12T20:49:13","date_gmt":"2018-09-12T23:49:13","guid":{"rendered":"http:\/\/eventos.cmm.uchile.cl\/ercam2018\/?page_id=7"},"modified":"2018-11-08T15:30:09","modified_gmt":"2018-11-08T18:30:09","slug":"encuentro","status":"publish","type":"page","link":"https:\/\/eventos.cmm.uchile.cl\/ercam2018\/","title":{"rendered":""},"content":{"rendered":"<p><a href=\"http:\/\/eventos.cmm.uchile.cl\/ercam2018\/wp-content\/uploads\/sites\/66\/2018\/10\/ercam2018_poster_04.jpg\"><img loading=\"lazy\" decoding=\"async\" class=\"alignright size-full wp-image-64\" src=\"http:\/\/eventos.cmm.uchile.cl\/ercam2018\/wp-content\/uploads\/sites\/66\/2018\/10\/ercam2018_poster_04_thumb.jpg\" alt=\"\" width=\"246\" height=\"380\" srcset=\"https:\/\/eventos.cmm.uchile.cl\/ercam2018\/wp-content\/uploads\/sites\/66\/2018\/10\/ercam2018_poster_04_thumb.jpg 246w, https:\/\/eventos.cmm.uchile.cl\/ercam2018\/wp-content\/uploads\/sites\/66\/2018\/10\/ercam2018_poster_04_thumb-194x300.jpg 194w\" sizes=\"auto, (max-width: 246px) 100vw, 246px\" \/><\/a>El prop\u00f3sito de este encuentro es fortalecer la Red Cient\u00edfica Asociada al Modelamiento Matem\u00e1tico, identificando instancias de colaboraci\u00f3n en torno a posibles y futuros proyectos en conjunto. En esta ocasi\u00f3n participar\u00e1n investigadores de las siguientes instituciones:<\/p>\n<p>Universidad de Chile, Universidad\u00a0 de Concepci\u00f3n, U. Santa Mar\u00eda, U. Adolfo Ib\u00e1\u00f1ez, U. Andr\u00e9s Bello, y Universidad de O&#8217;Higgins.<\/p>\n<p>Fecha: Lunes 29 de Octubre 2018<br \/>\nHorario: de 13:30 a 19:00 hrs<br \/>\nLugar: <a href=\"http:\/\/eventos.cmm.uchile.cl\/ercam2018\/lugar\/\">Auditorio Enrique d\u2019Etigny<\/a>, FCFM, U. de Chile, Av. Beauchef 851, Santiago<\/p>\n<h3>Comit\u00e9 Organizador<\/h3>\n<ul>\n<li>H\u00e9ctor Ram\u00edrez &#8211; DIM\/CMM U. de Chile<\/li>\n<li>Axel Osses &#8211; DIM\/CMM U. de Chile<\/li>\n<\/ul>\n<p>Las presentaciones del Ercam 2018 est\u00e1n disponibles para descargar aqu\u00ed:<\/p>\n<div class=\"su-button-center\"><a href=\"http:\/\/eventos.cmm.uchile.cl\/ercam2018\/programa\/presentaciones\/\" class=\"su-button su-button-style-flat\" style=\"color:#FFFFFF;background-color:#863B76;border-color:#6c305f;border-radius:7px\" target=\"_self\"><span style=\"color:#FFFFFF;padding:7px 20px;font-size:16px;line-height:24px;border-color:#ab76a0;border-radius:7px;text-shadow:none\"><i class=\"sui sui-cloud-download\" style=\"font-size:16px;color:#FFFFFF\"><\/i> Presentaciones Ercam 2018<\/span><\/a><\/div>\n<h3>Contacto<\/h3>\n<p>Mar\u00eda In\u00e9s Rivera<br \/>\n(Secretar\u00eda Direcci\u00f3n CMM)<br \/>\n<span class=\"\"><a class=\"\" href=\"mailto:infocmm@dim.uchile.cl\">infocmm@dim.uchile.cl<\/a><\/span><\/p>\n<p>&nbsp;<\/p>\n<p><img loading=\"lazy\" decoding=\"async\" class=\"alignnone size-full wp-image-62\" src=\"http:\/\/eventos.cmm.uchile.cl\/ercam2018\/wp-content\/uploads\/sites\/66\/2018\/10\/ercam2018_sponsors_web04.png\" alt=\"\" width=\"604\" height=\"160\" srcset=\"https:\/\/eventos.cmm.uchile.cl\/ercam2018\/wp-content\/uploads\/sites\/66\/2018\/10\/ercam2018_sponsors_web04.png 604w, https:\/\/eventos.cmm.uchile.cl\/ercam2018\/wp-content\/uploads\/sites\/66\/2018\/10\/ercam2018_sponsors_web04-300x79.png 300w\" sizes=\"auto, (max-width: 604px) 100vw, 604px\" \/><\/p>\n","protected":false},"excerpt":{"rendered":"<p>El prop\u00f3sito de este encuentro es fortalecer la Red Cient\u00edfica Asociada al Modelamiento Matem\u00e1tico, identificando instancias de colaboraci\u00f3n en torno a posibles y futuros proyectos en conjunto. En esta ocasi\u00f3n participar\u00e1n investigadores de las siguientes instituciones: Universidad de Chile, Universidad\u00a0 de Concepci\u00f3n, U. Santa Mar\u00eda, U. Adolfo Ib\u00e1\u00f1ez, U. Andr\u00e9s Bello, y Universidad de O&#8217;Higgins. &hellip; <a href=\"https:\/\/eventos.cmm.uchile.cl\/ercam2018\/\" class=\"more-link\">Seguir leyendo <span class=\"screen-reader-text\"><\/span> <span class=\"meta-nav\">&rarr;<\/span><\/a><\/p>\n","protected":false},"author":2,"featured_media":0,"parent":0,"menu_order":0,"comment_status":"closed","ping_status":"closed","template":"","meta":{"inline_featured_image":false,"footnotes":""},"class_list":["post-7","page","type-page","status-publish","hentry"],"_links":{"self":[{"href":"https:\/\/eventos.cmm.uchile.cl\/ercam2018\/wp-json\/wp\/v2\/pages\/7","targetHints":{"allow":["GET"]}}],"collection":[{"href":"https:\/\/eventos.cmm.uchile.cl\/ercam2018\/wp-json\/wp\/v2\/pages"}],"about":[{"href":"https:\/\/eventos.cmm.uchile.cl\/ercam2018\/wp-json\/wp\/v2\/types\/page"}],"author":[{"embeddable":true,"href":"https:\/\/eventos.cmm.uchile.cl\/ercam2018\/wp-json\/wp\/v2\/users\/2"}],"replies":[{"embeddable":true,"href":"https:\/\/eventos.cmm.uchile.cl\/ercam2018\/wp-json\/wp\/v2\/comments?post=7"}],"version-history":[{"count":16,"href":"https:\/\/eventos.cmm.uchile.cl\/ercam2018\/wp-json\/wp\/v2\/pages\/7\/revisions"}],"predecessor-version":[{"id":82,"href":"https:\/\/eventos.cmm.uchile.cl\/ercam2018\/wp-json\/wp\/v2\/pages\/7\/revisions\/82"}],"wp:attachment":[{"href":"https:\/\/eventos.cmm.uchile.cl\/ercam2018\/wp-json\/wp\/v2\/media?parent=7"}],"curies":[{"name":"wp","href":"https:\/\/api.w.org\/{rel}","templated":true}]}}