{"id":16,"date":"2014-12-30T17:48:50","date_gmt":"2014-12-30T20:48:50","guid":{"rendered":"http:\/\/eventos.cmm.uchile.cl\/escuelappe2015\/?page_id=16"},"modified":"2015-01-06T09:38:32","modified_gmt":"2015-01-06T12:38:32","slug":"programa","status":"publish","type":"page","link":"https:\/\/eventos.cmm.uchile.cl\/escuelappe2015\/programa\/","title":{"rendered":"Programa"},"content":{"rendered":"<table width=\"260\">\n<tbody>\n<tr>\n<td width=\"65\"><\/td>\n<td width=\"65\"><strong>Lunes<\/strong><\/td>\n<td width=\"65\"><strong>Martes<\/strong><\/td>\n<td width=\"65\"><strong>Mi\u00e9rcoles<\/strong><\/td>\n<\/tr>\n<tr>\n<td>10:00-11:00<\/td>\n<td>Groisman<\/td>\n<td>Jara<\/td>\n<td>Jara<\/td>\n<\/tr>\n<tr>\n<td>11:00-11:30<\/td>\n<td>Coffee<\/td>\n<td>Coffee<\/td>\n<td>Coffee<\/td>\n<\/tr>\n<tr>\n<td>11:45-12:30<\/td>\n<td>Jara<\/td>\n<td>Sep\u00falveda<\/td>\n<td>Groisman<\/td>\n<\/tr>\n<tr>\n<td>12:30-15:00<\/td>\n<td>Almuerzo<\/td>\n<td>Almuerzo<\/td>\n<td>Almuerzo<\/td>\n<\/tr>\n<tr>\n<td>15:00-16:00<\/td>\n<td>Sep\u00falveda<\/td>\n<td>Groisman<\/td>\n<td>Sep\u00falveda<\/td>\n<\/tr>\n<tr>\n<td>16:00-16:30<\/td>\n<td>Coffee<\/td>\n<td>Coffee<\/td>\n<td>Coffee<\/td>\n<\/tr>\n<tr>\n<td>16:30-17:15<\/td>\n<td>Littin<\/td>\n<td>Duarte<\/td>\n<td>Cabezas<\/td>\n<\/tr>\n<\/tbody>\n<\/table>\n<h3>Mini-Cursos:<\/h3>\n<p><strong>Avelio Sep\u00falveda (ETH): <\/strong>Continuous Gaussian free field and local sets<\/p>\n<p><strong>Milton Jara (IMPA): <\/strong>Anomalous difussion in one-dimensional conservative systems<\/p>\n<p><strong>Pablo Groisman (UBA): <\/strong>Branching-selection particle systems, travelling waves and quasi-stationary distributions<\/p>\n<h3>Charlas invitadas:<\/h3>\n<p><strong>Jorge Littin (UCN): <\/strong>Approximation of QSDs when infinity is an entrance boundary<strong><br \/>\n<\/strong><\/p>\n<p><strong>Mauricio Duarte (UNAB): <\/strong>Heat kernels in multi-cone domains<\/p>\n<p><strong>Manuel Cabezas (PUC): <\/strong>Annihilating random walks with two types of particles<\/p>\n","protected":false},"excerpt":{"rendered":"<p>Lunes Martes Mi\u00e9rcoles 10:00-11:00 Groisman Jara Jara 11:00-11:30 Coffee Coffee Coffee 11:45-12:30 Jara Sep\u00falveda Groisman 12:30-15:00 Almuerzo Almuerzo Almuerzo 15:00-16:00 Sep\u00falveda Groisman Sep\u00falveda 16:00-16:30 Coffee Coffee Coffee 16:30-17:15 Littin Duarte Cabezas Mini-Cursos: Avelio Sep\u00falveda (ETH): Continuous Gaussian free field and local sets Milton Jara (IMPA): Anomalous difussion in one-dimensional conservative systems Pablo Groisman (UBA): Branching-selection &hellip; <a href=\"https:\/\/eventos.cmm.uchile.cl\/escuelappe2015\/programa\/\" class=\"more-link\">Seguir leyendo <span class=\"screen-reader-text\">Programa<\/span> <span class=\"meta-nav\">&rarr;<\/span><\/a><\/p>\n","protected":false},"author":2,"featured_media":0,"parent":0,"menu_order":1,"comment_status":"closed","ping_status":"closed","template":"","meta":{"inline_featured_image":false,"footnotes":""},"class_list":["post-16","page","type-page","status-publish","hentry"],"_links":{"self":[{"href":"https:\/\/eventos.cmm.uchile.cl\/escuelappe2015\/wp-json\/wp\/v2\/pages\/16","targetHints":{"allow":["GET"]}}],"collection":[{"href":"https:\/\/eventos.cmm.uchile.cl\/escuelappe2015\/wp-json\/wp\/v2\/pages"}],"about":[{"href":"https:\/\/eventos.cmm.uchile.cl\/escuelappe2015\/wp-json\/wp\/v2\/types\/page"}],"author":[{"embeddable":true,"href":"https:\/\/eventos.cmm.uchile.cl\/escuelappe2015\/wp-json\/wp\/v2\/users\/2"}],"replies":[{"embeddable":true,"href":"https:\/\/eventos.cmm.uchile.cl\/escuelappe2015\/wp-json\/wp\/v2\/comments?post=16"}],"version-history":[{"count":10,"href":"https:\/\/eventos.cmm.uchile.cl\/escuelappe2015\/wp-json\/wp\/v2\/pages\/16\/revisions"}],"predecessor-version":[{"id":30,"href":"https:\/\/eventos.cmm.uchile.cl\/escuelappe2015\/wp-json\/wp\/v2\/pages\/16\/revisions\/30"}],"wp:attachment":[{"href":"https:\/\/eventos.cmm.uchile.cl\/escuelappe2015\/wp-json\/wp\/v2\/media?parent=16"}],"curies":[{"name":"wp","href":"https:\/\/api.w.org\/{rel}","templated":true}]}}