{"id":8,"date":"2014-12-30T17:25:38","date_gmt":"2014-12-30T20:25:38","guid":{"rendered":"http:\/\/eventos.cmm.uchile.cl\/escuelappe2015\/?page_id=8"},"modified":"2015-01-21T16:59:09","modified_gmt":"2015-01-21T19:59:09","slug":"mini-escuela","status":"publish","type":"page","link":"https:\/\/eventos.cmm.uchile.cl\/escuelappe2015\/","title":{"rendered":"Mini Escuela"},"content":{"rendered":"<p>La Mini Escuela de Verano en Probabilidades y Procesos Estoc\u00e1sticos, organizada por el <a title=\"CMM\" href=\"http:\/\/www.cmm.uchile.cl\">Centro de Modelamiento Matem\u00e1tico<\/a> de la Universidad de Chile y el N\u00facleo Milenio \u00abModelos Estoc\u00e1sticos de Sistemas Complejos y Desordenados\u00bb, se realizar\u00e1 entre los d\u00edas 5 y 7 de enero de 2015.<\/p>\n<p>El objetivo de la <span class=\"il\">mini<\/span> <span class=\"il\">escuela<\/span> es dar a conocer tem\u00e1ticas de investigaci\u00f3n actual en probabilidades, en un nivel introductorio y un ambiente informal. A su vez, se espera generar un espacio de difusi\u00f3n y discusi\u00f3n e incentivar el desarrollo de nuevas interacciones cient\u00edficas en el pa\u00eds y la regi\u00f3n. De manera especial, se incentiva la participaci\u00f3n de investigadores j\u00f3venes y alumnos de regiones.<\/p>\n<p>Este encuentro tendr\u00e1 lugar en la sala de seminarios John Von Neumann del Centro de Modelamiento Matem\u00e1tico de la Universidad de Chile, en Beauchef 851, Torre Norte, 7\u00b0 piso, y contar\u00e1 con los siguientes minicursillos, de tres sesiones cada uno:<\/p>\n<ul>\n<li>Pablo Groisman (Universidad de Buenos Aires): \u00abBranching-selection particle systems, travelling waves and quasi-stationary distributions\u00bb<\/li>\n<li>Milton Jara (IMPA): \u00abAnomalous diffusion in one-dimensional conservative systems\u00bb<\/li>\n<li>Avelio Sep\u00falveda (ETH Zurich): \u00abContinuous Gaussian Free Field and Local Sets\u00bb<\/li>\n<\/ul>\n<p>Habr\u00e1 adem\u00e1s algunas charlas cortas invitadas. Interesados en dar una,\u00a0 contactar por favor a los organizadores (fontbona@dim.uchile.cl o dremenik@dim.uchile.cl).<\/p>\n<p><img loading=\"lazy\" decoding=\"async\" class=\"alignnone size-full wp-image-35\" src=\"http:\/\/eventos.cmm.uchile.cl\/escuelappe2015\/wp-content\/uploads\/sites\/20\/2014\/12\/escuelappe2015_web_logos03.png\" alt=\"escuelappe2015_web_logos03\" width=\"604\" height=\"120\" srcset=\"https:\/\/eventos.cmm.uchile.cl\/escuelappe2015\/wp-content\/uploads\/sites\/20\/2014\/12\/escuelappe2015_web_logos03.png 604w, https:\/\/eventos.cmm.uchile.cl\/escuelappe2015\/wp-content\/uploads\/sites\/20\/2014\/12\/escuelappe2015_web_logos03-300x59.png 300w\" sizes=\"auto, (max-width: 604px) 100vw, 604px\" \/><\/p>\n","protected":false},"excerpt":{"rendered":"<p>La Mini Escuela de Verano en Probabilidades y Procesos Estoc\u00e1sticos, organizada por el Centro de Modelamiento Matem\u00e1tico de la Universidad de Chile y el N\u00facleo Milenio \u00abModelos Estoc\u00e1sticos de Sistemas Complejos y Desordenados\u00bb, se realizar\u00e1 entre los d\u00edas 5 y 7 de enero de 2015. El objetivo de la mini escuela es dar a conocer &hellip; <a href=\"https:\/\/eventos.cmm.uchile.cl\/escuelappe2015\/\" class=\"more-link\">Seguir leyendo <span class=\"screen-reader-text\">Mini Escuela<\/span> <span class=\"meta-nav\">&rarr;<\/span><\/a><\/p>\n","protected":false},"author":2,"featured_media":0,"parent":0,"menu_order":0,"comment_status":"closed","ping_status":"closed","template":"","meta":{"inline_featured_image":false,"footnotes":""},"class_list":["post-8","page","type-page","status-publish","hentry"],"_links":{"self":[{"href":"https:\/\/eventos.cmm.uchile.cl\/escuelappe2015\/wp-json\/wp\/v2\/pages\/8","targetHints":{"allow":["GET"]}}],"collection":[{"href":"https:\/\/eventos.cmm.uchile.cl\/escuelappe2015\/wp-json\/wp\/v2\/pages"}],"about":[{"href":"https:\/\/eventos.cmm.uchile.cl\/escuelappe2015\/wp-json\/wp\/v2\/types\/page"}],"author":[{"embeddable":true,"href":"https:\/\/eventos.cmm.uchile.cl\/escuelappe2015\/wp-json\/wp\/v2\/users\/2"}],"replies":[{"embeddable":true,"href":"https:\/\/eventos.cmm.uchile.cl\/escuelappe2015\/wp-json\/wp\/v2\/comments?post=8"}],"version-history":[{"count":8,"href":"https:\/\/eventos.cmm.uchile.cl\/escuelappe2015\/wp-json\/wp\/v2\/pages\/8\/revisions"}],"predecessor-version":[{"id":36,"href":"https:\/\/eventos.cmm.uchile.cl\/escuelappe2015\/wp-json\/wp\/v2\/pages\/8\/revisions\/36"}],"wp:attachment":[{"href":"https:\/\/eventos.cmm.uchile.cl\/escuelappe2015\/wp-json\/wp\/v2\/media?parent=8"}],"curies":[{"name":"wp","href":"https:\/\/api.w.org\/{rel}","templated":true}]}}