{"id":13,"date":"2014-12-30T17:33:40","date_gmt":"2014-12-30T20:33:40","guid":{"rendered":"http:\/\/eventos.cmm.uchile.cl\/escuelappe2015\/?page_id=13"},"modified":"2022-12-30T15:37:43","modified_gmt":"2022-12-30T18:37:43","slug":"ubicacion","status":"publish","type":"page","link":"https:\/\/eventos.cmm.uchile.cl\/escuelappe2023\/ubicacion\/","title":{"rendered":"Ubicaci\u00f3n"},"content":{"rendered":"<p>Este encuentro tendr\u00e1 lugar en la sala B05 de la Facultad de Ciencias F\u00edsicas y Matem\u00e1ticas de la Universidad de Chile, en Beauchef 851.<\/p>\n<h3>C\u00f3mo llegar a la mini escuela<\/h3>\n<p>A continuaci\u00f3n se incluyen instrucciones para llegar a la <a title=\"Rese\u00f1a hist\u00f3rica FCFM\" href=\"https:\/\/ingenieria.uchile.cl\/su_historia\">Facultad de Ciencias F\u00edsicas y Matem\u00e1ticas<\/a> de la Universidad de Chile (que incluye el edificio de la m\u00e1s antigua Escuela de Ingenier\u00eda del pa\u00eds, fundada en 1853), del cual el <a title=\"CMM - Centro de Modelamiento Matem\u00e1tico\" href=\"https:\/\/www.cmm.uchile.cl\/\" target=\"_blank\" rel=\"noopener\">CMM \u2013 Centro de Modelamiento Matem\u00e1tico<\/a> y el <a title=\"Departamento de Ingenier\u00eda Matem\u00e1tica\" href=\"https:\/\/www.dim.uchile.cl\/\" target=\"_blank\" rel=\"noopener\">Departamento de Ingenier\u00eda Matem\u00e1tica<\/a> son parte.<\/p>\n<p>El medio m\u00e1s conveniente para llegar al campus Beauchef 851 es el metro (Metro de Santiago: <a title=\"Plano de red Metro\" href=\"http:\/\/static.cmm.uchile.cl\/descargas\/venue\/2017-plano-metro-red.pdf\" target=\"_blank\" rel=\"noopener\">plano del Metro<\/a>). Se recomienda tomar la L\u00ednea 1 hasta la estaci\u00f3n \u201cLos H\u00e9roes\u201d y combinar con la L\u00ednea 2 hasta la estaci\u00f3n \u201cToesca\u201d. Desde la estaci\u00f3n \u201cToesca\u201d a la Facultad es un trayecto de cerca de 10 minutos caminando (<a href=\"http:\/\/static.cmm.uchile.cl\/descargas\/venue\/uchile_cmm-dim_map03.pdf\" target=\"_blank\" rel=\"noopener\">ver mapa descargable<\/a>).<\/p>\n<p>La direcci\u00f3n de la FCFM es Avenida Beauchef 851, Santiago.<\/p>\n<p>Para cualquier consulta, favor contactar a:<\/p>\n<p>Joaqu\u00edn Fontbona &#8211; fontbona (arroba) dim.uchile.cl<br \/>\nDaniel Remenik &#8211; dremenik (arroba) dim.uchile.cl<br \/>\nAvelio Sep\u00falveda &#8211; aveliose (arroba) gmail.com<\/p>\n<p><a name=\"mapa\"><\/a><br \/>\n\n<!-- iframe plugin v.6.0 wordpress.org\/plugins\/iframe\/ -->\n<iframe loading=\"lazy\" src=\"https:\/\/mapsengine.google.com\/map\/u\/0\/embed?mid=zA4P8gjYU9Ww.kifNb90j55pE\" height=\"600\" width=\"100%\" frameborder=\"0\" marginwidth=\"0\" marginheight=\"0\" scrolling=\"no\" class=\"iframe-class\"><\/iframe>\n\n<small>Ver el <a style=\"text-align: left;\" href=\"https:\/\/www.google.com\/maps\/d\/edit?mid=zA4P8gjYU9Ww.kifNb90j55pE\">CMM<\/a> en un mapa m\u00e1s amplio<\/small><\/p>\n","protected":false},"excerpt":{"rendered":"<p>Este encuentro tendr\u00e1 lugar en la sala B05 de la Facultad de Ciencias F\u00edsicas y Matem\u00e1ticas de la Universidad de Chile, en Beauchef 851. C\u00f3mo llegar a la mini escuela A continuaci\u00f3n se incluyen instrucciones para llegar a la Facultad de Ciencias F\u00edsicas y Matem\u00e1ticas de la Universidad de Chile (que incluye el edificio de &hellip; <a href=\"https:\/\/eventos.cmm.uchile.cl\/escuelappe2023\/ubicacion\/\" class=\"more-link\">Seguir leyendo <span class=\"screen-reader-text\">Ubicaci\u00f3n<\/span> <span class=\"meta-nav\">&rarr;<\/span><\/a><\/p>\n","protected":false},"author":14,"featured_media":0,"parent":0,"menu_order":5,"comment_status":"closed","ping_status":"closed","template":"","meta":{"inline_featured_image":false,"footnotes":""},"class_list":["post-13","page","type-page","status-publish","hentry"],"_links":{"self":[{"href":"https:\/\/eventos.cmm.uchile.cl\/escuelappe2023\/wp-json\/wp\/v2\/pages\/13","targetHints":{"allow":["GET"]}}],"collection":[{"href":"https:\/\/eventos.cmm.uchile.cl\/escuelappe2023\/wp-json\/wp\/v2\/pages"}],"about":[{"href":"https:\/\/eventos.cmm.uchile.cl\/escuelappe2023\/wp-json\/wp\/v2\/types\/page"}],"author":[{"embeddable":true,"href":"https:\/\/eventos.cmm.uchile.cl\/escuelappe2023\/wp-json\/wp\/v2\/users\/14"}],"replies":[{"embeddable":true,"href":"https:\/\/eventos.cmm.uchile.cl\/escuelappe2023\/wp-json\/wp\/v2\/comments?post=13"}],"version-history":[{"count":11,"href":"https:\/\/eventos.cmm.uchile.cl\/escuelappe2023\/wp-json\/wp\/v2\/pages\/13\/revisions"}],"predecessor-version":[{"id":238,"href":"https:\/\/eventos.cmm.uchile.cl\/escuelappe2023\/wp-json\/wp\/v2\/pages\/13\/revisions\/238"}],"wp:attachment":[{"href":"https:\/\/eventos.cmm.uchile.cl\/escuelappe2023\/wp-json\/wp\/v2\/media?parent=13"}],"curies":[{"name":"wp","href":"https:\/\/api.w.org\/{rel}","templated":true}]}}